{"id":8968,"date":"2024-08-19T20:47:21","date_gmt":"2024-08-19T18:47:21","guid":{"rendered":"https:\/\/antcube.shop\/product\/wand-ameisenfarm-l-30x30-glas\/"},"modified":"2026-01-12T12:39:31","modified_gmt":"2026-01-12T11:39:31","slug":"duvar-karinca-ciftligi-l-30x30-cam","status":"publish","type":"product","link":"https:\/\/antcube.shop\/tr\/urun\/duvar-karinca-ciftligi-l-30x30-cam\/","title":{"rendered":"Duvar kar\u0131nca \u00e7iftli\u011fi - L - 30\u00d730 - Cam"},"content":{"rendered":"<p><strong>Boyutlar (LxH):<\/strong><br \/>\nArka duvar (6mm kal\u0131nl\u0131\u011f\u0131nda) : 400x293mm<\/p>\n<p>D\u0131\u015f (arka panel olmadan)<br \/>\n334x28x296mm<\/p>\n<p>\u0130\u00e7eride<br \/>\n284x20x290 mm<\/p>\n<p><strong>Malzeme:<\/strong><br \/>\nD\u00fcz cam<\/p>\n<p><strong>Renk:<\/strong><br \/>\nkristal berrakl\u0131\u011f\u0131nda<\/p>\n<p><strong>\u0130\u00e7indekiler:<\/strong><br \/>\n1x duvar kar\u0131nca \u00e7iftli\u011fi - L - 30\u00d730 - cam<br \/>\n1x \u00f6rt\u00fc kar\u0131nca \u00e7iftli\u011fi<br \/>\nKoruma olarak matkap delikleri i\u00e7in 4x kau\u00e7uk u\u00e7<br \/>\nMatkap delikleri i\u00e7in 4x rondela<br \/>\n4x fi\u015f ve vida<\/p>\n<p><strong>Ba\u011flant\u0131:<\/strong><br \/>\n2x 14\/16\/18\/20 x 20mm soket<\/p>\n<p>14\/10 hortum 14 mm sokete s\u0131k\u0131ca yerle\u015ftirilir<br \/>\n20\/16 hortum ilk 16 mm'lik basama\u011fa s\u0131k\u0131ca tak\u0131l\u0131r<\/p>\n<p><strong>A\u00e7\u0131klama:<\/strong><br \/>\nBu kar\u0131nca \u00e7iftli\u011fi duvara monte edilmek \u00fczere geli\u015ftirilmi\u015ftir ve ah\u015fap ve ta\u015f duvarlara kolayca monte edilebilir. Tamamen \u015feffaft\u0131r ve yuvaya iyi bir g\u00f6r\u00fc\u015f sa\u011flar. Kar\u0131ncalar i\u00e7in yuva malzemesi olarak kum ve kil ya da mantar veya Digfix'ten yap\u0131lm\u0131\u015f uygun yuva eklerimizden biri kullan\u0131labilir. Ayr\u0131ca, yan ba\u011flant\u0131 soketlerine bir hortum, \u015feffaf akrilik bir t\u00fcp veya \"kar\u0131nca merdiveni\" ba\u011flanabilir. Duvar kar\u0131nca \u00e7iftli\u011fine uymas\u0131 i\u00e7in 30\u00d715 veya 30\u00d730 boyutlar\u0131nda duvar kar\u0131nca arenalar\u0131 da sunuyoruz.<\/p>\n<p><strong>Kurulum talimatlar\u0131:<\/strong><br \/>\n<strong>Arka duvar olarak cam panel nedeniyle, alttaki duvar tamamen d\u00fcz olmal\u0131d\u0131r.<\/strong><br \/>\n4 adet \"S6\" d\u00fcbeli duvara sabitlemek i\u00e7in 6 mm matkap ucuna sahip bir matkaba ihtiyac\u0131n\u0131z vard\u0131r (malzemeye ba\u011fl\u0131 olarak ah\u015fap, ta\u015f veya metal).<br \/>\n6x30mm d\u00fcbelleri 4,5x40mm vidalarla hav\u015fa a\u00e7mak i\u00e7in duvarda 45mm derinli\u011finde delikler a\u00e7\u0131lmal\u0131d\u0131r.<br \/>\n<strong>Montaj i\u00e7in gereklidir:<\/strong><br \/>\n- su terazisi<br \/>\n- Alttaki duvar\u0131 i\u015faretlemek zorunda kalmamak i\u00e7in yap\u0131\u015fkan bant.<br \/>\n- Y\u0131ld\u0131z tornavida<br \/>\n- Duvara ba\u011fl\u0131 olarak matkap\/s\u00fcr\u00fcc\u00fc<br \/>\n- 6mm matkap ucu (y\u00fczeye ba\u011fl\u0131 olarak ah\u015fap, ta\u015f veya metal)<br \/>\n- Matkap delikleri i\u00e7in bir ka\u011f\u0131ttan bir \u015fablon yapmak da yararl\u0131d\u0131r. Bunu arka duvar\u0131n alt\u0131na yerle\u015ftirin ve delikleri i\u015faretleyin.<\/p>\n<p><strong>\u00dcretim hakk\u0131nda notlar<\/strong><br \/>\nCam DIN 1249'a g\u00f6re +\/- 1 mm toleransla kesilmi\u015ftir. Son derece k\u00fc\u00e7\u00fck kar\u0131nca t\u00fcrleri i\u00e7in ek ka\u00e7\u0131\u015f korumas\u0131 gereklidir.<br \/>\n\u00dcr\u00fcnlerimiz elle \u00fcretildi\u011finden, azami \u00f6zene ra\u011fmen minimum sapmalar meydana gelebilir.<\/p>\n<p><strong>\u00c7iftlik hakk\u0131nda not<\/strong><br \/>\nHortumlar\u0131 takarken veya \u00e7\u0131kar\u0131rken l\u00fctfen a\u015fa\u011f\u0131dakilere dikkat edin:<br \/>\nHortumun ba\u011flant\u0131 soketine oturtulmas\u0131 \u00e7ok zorsa, soket bir damla patlak koruma ya\u011f\u0131 veya tozuyla hafif\u00e7e ovulmal\u0131d\u0131r. Daha sonra hortum, yukar\u0131 ve a\u015fa\u011f\u0131 hareketlerle soketi zorlamadan b\u00fckme veya vidalama hareketleri kullan\u0131larak sokete itilmelidir. Ayn\u0131 durum hortumlar\u0131 \u00e7iftlik ba\u011flant\u0131 soketinden \u00e7\u0131kar\u0131rken de ge\u00e7erlidir. L\u00fctfen basit\u00e7e \u00e7ekip \u00e7\u0131karmay\u0131n!<\/p>","protected":false},"excerpt":{"rendered":"<p>Ba\u011flant\u0131: Soket 2x 14\/16 x 20mm; Plaka mesafesi: \u0130\u00e7 20mm<\/p>\n<p>Boyut: <span style=\"color: #0000ff;\"><strong>L<\/strong> <\/span><\/p>","protected":false},"featured_media":8997,"comment_status":"open","ping_status":"closed","template":"","meta":{"_acf_changed":false,"content-type":"","_monsterinsights_skip_tracking":false,"_monsterinsights_sitenote_active":false,"_monsterinsights_sitenote_note":"","_monsterinsights_sitenote_category":0},"product_brand":[],"product_cat":[257,80,83,86],"product_tag":[],"class_list":{"0":"post-8968","1":"product","2":"type-product","3":"status-publish","4":"has-post-thumbnail","6":"product_cat-new-innovatve-products","7":"product_cat-antfarms","8":"product_cat-antfarms-l","9":"product_cat-formicariums","11":"first","12":"instock","13":"taxable","14":"shipping-taxable","15":"purchasable","16":"product-type-simple"},"acf":[],"aioseo_notices":[],"jetpack_sharing_enabled":true,"_links":{"self":[{"href":"https:\/\/antcube.shop\/tr\/wp-json\/wp\/v2\/product\/8968","targetHints":{"allow":["GET"]}}],"collection":[{"href":"https:\/\/antcube.shop\/tr\/wp-json\/wp\/v2\/product"}],"about":[{"href":"https:\/\/antcube.shop\/tr\/wp-json\/wp\/v2\/types\/product"}],"replies":[{"embeddable":true,"href":"https:\/\/antcube.shop\/tr\/wp-json\/wp\/v2\/comments?post=8968"}],"wp:featuredmedia":[{"embeddable":true,"href":"https:\/\/antcube.shop\/tr\/wp-json\/wp\/v2\/media\/8997"}],"wp:attachment":[{"href":"https:\/\/antcube.shop\/tr\/wp-json\/wp\/v2\/media?parent=8968"}],"wp:term":[{"taxonomy":"product_brand","embeddable":true,"href":"https:\/\/antcube.shop\/tr\/wp-json\/wp\/v2\/product_brand?post=8968"},{"taxonomy":"product_cat","embeddable":true,"href":"https:\/\/antcube.shop\/tr\/wp-json\/wp\/v2\/product_cat?post=8968"},{"taxonomy":"product_tag","embeddable":true,"href":"https:\/\/antcube.shop\/tr\/wp-json\/wp\/v2\/product_tag?post=8968"}],"curies":[{"name":"wp","href":"https:\/\/api.w.org\/{rel}","templated":true}]}}