{"id":8967,"date":"2024-08-19T20:46:59","date_gmt":"2024-08-19T18:46:59","guid":{"rendered":"https:\/\/antcube.shop\/product\/wand-ameisenarena-30x15x15\/"},"modified":"2026-03-16T10:36:54","modified_gmt":"2026-03-16T09:36:54","slug":"duvar-karinca-arenasi-30x15x15","status":"publish","type":"product","link":"https:\/\/antcube.shop\/tr\/urun\/duvar-karinca-arenasi-30x15x15\/","title":{"rendered":"Duvar kar\u0131nca arenas\u0131 - 30x15x15"},"content":{"rendered":"<p><strong>Boyutlar (LxWxH):<\/strong><br \/>\nArka duvar (6mm): 400x150mm<\/p>\n<p>Arena (arka panel olmadan): 300x146x150mm<\/p>\n<p><strong>Malzeme:<\/strong><br \/>\nD\u00fcz cam<\/p>\n<p><strong>Renk:<\/strong><br \/>\nkristal berrakl\u0131\u011f\u0131nda<\/p>\n<p><strong>\u0130\u00e7indekiler:<\/strong><br \/>\n1x duvar kar\u0131nca arenas\u0131 - 30x15x15<br \/>\nKoruma olarak matkap delikleri i\u00e7in 4x kau\u00e7uk u\u00e7<br \/>\nMatkap delikleri i\u00e7in 4x rondela<br \/>\n4x fi\u015f ve vida<\/p>\n<p><strong>Ba\u011flant\u0131:<\/strong><br \/>\n<strong>D\u0130KKAT Yan 27 mm delikler i\u00e7in 2x tapa\/ \u0131zgara ekleri\/ konekt\u00f6rler (gerekti\u011fi gibi) teslimat kapsam\u0131na dahil de\u011fildir<\/strong><br \/>\n2x 27mm delik<\/p>\n<p><strong>A\u00e7\u0131klama:<\/strong><br \/>\nBu kar\u0131nca arenas\u0131 duvara montaj i\u00e7in geli\u015ftirilmi\u015ftir ve ah\u015fap ve ta\u015f duvarlara kolayca monte edilebilir. Ek kar\u0131nca \u00e7iftlikleri ve arenalar yan taraftaki 27 mm'lik delikler arac\u0131l\u0131\u011f\u0131yla ba\u011flanabilir. Ba\u011flant\u0131 olarak bir hortum, \u015feffaf akrilik bir t\u00fcp veya \"kar\u0131nca merdiveni\" kullan\u0131labilir. Duvar kar\u0131nca arenas\u0131na uygun bir duvar kar\u0131nca \u00e7iftli\u011fi de sunuyoruz.<br \/>\nE\u015fle\u015fen \u00fcr\u00fcnler Ant arena k\u0131l\u0131f\u0131 30\u00d715 ve Ant arena \u00e7er\u00e7evesi 30\u00d715 ayr\u0131ca sipari\u015f edilmelidir.<\/p>\n<p><strong>Kurulum talimatlar\u0131:<\/strong><br \/>\nArka duvar olarak cam panel nedeniyle, alttaki duvar tamamen d\u00fcz olmal\u0131d\u0131r.<br \/>\nDuvardaki 4 adet \"S6\" d\u00fcbeli sabitlemek i\u00e7in 6 mm matkap ucuna sahip bir matkaba (malzemeye ba\u011fl\u0131 olarak ah\u015fap, ta\u015f veya metal) ihtiyac\u0131n\u0131z olacakt\u0131r.<br \/>\n6x30mm d\u00fcbelleri 4,5x40mm vidalarla hav\u015fa a\u00e7mak i\u00e7in duvarda 40mm derinli\u011finde delikler a\u00e7\u0131lmal\u0131d\u0131r.<br \/>\nMontaj i\u00e7in gereklidir:<br \/>\n- Su terazisi<br \/>\n- Alttaki duvar\u0131 i\u015faretlemek zorunda kalmamak i\u00e7in yap\u0131\u015fkan bant.<br \/>\n- Y\u0131ld\u0131z tornavida<br \/>\n- Duvara ba\u011fl\u0131 olarak matkap\/s\u00fcr\u00fcc\u00fc<br \/>\n- 6mm matkap ucu (y\u00fczeye ba\u011fl\u0131 olarak ah\u015fap, ta\u015f veya metal)<br \/>\n- Matkap delikleri i\u00e7in bir ka\u011f\u0131ttan bir \u015fablon yapmak da yararl\u0131d\u0131r. Bunu arka duvar\u0131n alt\u0131na yerle\u015ftirin ve delikleri i\u015faretleyin.<\/p>\n<p><strong>\u00dcretim hakk\u0131nda notlar<\/strong><br \/>\nCam DIN 1249'a g\u00f6re +\/- 1 mm toleransla kesilmi\u015ftir. Son derece k\u00fc\u00e7\u00fck kar\u0131nca t\u00fcrleri i\u00e7in ek ka\u00e7\u0131\u015f korumas\u0131 gereklidir.<br \/>\n\u00dcr\u00fcnlerimiz elle \u00fcretildi\u011finden, azami \u00f6zene ra\u011fmen minimum sapmalar meydana gelebilir.<\/p>\n<p><strong>\u00c7iftlik hakk\u0131nda not<\/strong><br \/>\nHortumlar\u0131 takarken veya \u00e7\u0131kar\u0131rken l\u00fctfen a\u015fa\u011f\u0131dakilere dikkat edin:<br \/>\nHortumun ba\u011flant\u0131 soketine oturtulmas\u0131 \u00e7ok zorsa, soket bir damla patlak koruma ya\u011f\u0131 veya tozuyla hafif\u00e7e ovulmal\u0131d\u0131r. Daha sonra hortum, yukar\u0131 ve a\u015fa\u011f\u0131 hareketlerle soketi zorlamadan b\u00fckme veya vidalama hareketleri kullan\u0131larak sokete itilmelidir. Ayn\u0131 durum hortumlar\u0131 \u00e7iftlik ba\u011flant\u0131 soketinden \u00e7\u0131kar\u0131rken de ge\u00e7erlidir. L\u00fctfen basit\u00e7e \u00e7ekip \u00e7\u0131karmay\u0131n!<\/p>\n<p>&nbsp;<\/p>","protected":false},"excerpt":{"rendered":"<p>Ba\u011flant\u0131: Delik 2x 27 mm<\/p>","protected":false},"featured_media":8982,"comment_status":"open","ping_status":"closed","template":"","meta":{"_acf_changed":false,"content-type":"","_monsterinsights_skip_tracking":false,"_monsterinsights_sitenote_active":false,"_monsterinsights_sitenote_note":"","_monsterinsights_sitenote_category":0},"product_brand":[],"product_cat":[257,85,86],"product_tag":[],"class_list":{"0":"post-8967","1":"product","2":"type-product","3":"status-publish","4":"has-post-thumbnail","6":"product_cat-new-innovatve-products","7":"product_cat-ant-arenas","8":"product_cat-formicariums","10":"first","11":"instock","12":"taxable","13":"shipping-taxable","14":"purchasable","15":"product-type-simple"},"acf":[],"aioseo_notices":[],"jetpack_sharing_enabled":true,"_links":{"self":[{"href":"https:\/\/antcube.shop\/tr\/wp-json\/wp\/v2\/product\/8967","targetHints":{"allow":["GET"]}}],"collection":[{"href":"https:\/\/antcube.shop\/tr\/wp-json\/wp\/v2\/product"}],"about":[{"href":"https:\/\/antcube.shop\/tr\/wp-json\/wp\/v2\/types\/product"}],"replies":[{"embeddable":true,"href":"https:\/\/antcube.shop\/tr\/wp-json\/wp\/v2\/comments?post=8967"}],"wp:featuredmedia":[{"embeddable":true,"href":"https:\/\/antcube.shop\/tr\/wp-json\/wp\/v2\/media\/8982"}],"wp:attachment":[{"href":"https:\/\/antcube.shop\/tr\/wp-json\/wp\/v2\/media?parent=8967"}],"wp:term":[{"taxonomy":"product_brand","embeddable":true,"href":"https:\/\/antcube.shop\/tr\/wp-json\/wp\/v2\/product_brand?post=8967"},{"taxonomy":"product_cat","embeddable":true,"href":"https:\/\/antcube.shop\/tr\/wp-json\/wp\/v2\/product_cat?post=8967"},{"taxonomy":"product_tag","embeddable":true,"href":"https:\/\/antcube.shop\/tr\/wp-json\/wp\/v2\/product_tag?post=8967"}],"curies":[{"name":"wp","href":"https:\/\/api.w.org\/{rel}","templated":true}]}}