{"id":8854,"date":"2024-08-01T15:37:58","date_gmt":"2024-08-01T13:37:58","guid":{"rendered":"https:\/\/antcube.shop\/product\/bundle-offer-myrmica-rubra\/"},"modified":"2026-03-17T18:05:43","modified_gmt":"2026-03-17T17:05:43","slug":"paket-teklif-myrmica-rubra","status":"publish","type":"product","link":"https:\/\/antcube.shop\/tr\/urun\/paket-teklif-myrmica-rubra\/","title":{"rendered":"Paket Teklif - Myrmica rubra"},"content":{"rendered":"<p><span data-text-color=\"secondary\"><strong>Bir Myrmica rubra kar\u0131nca kolonisi (11-25 i\u015f\u00e7i + yavrulu krali\u00e7e) i\u00e7eren paket teklifi<\/strong><\/span><\/p>\n<p><span data-text-color=\"alert\"><strong>Sadece stoklar t\u00fckenene kadar.<\/strong><\/span><\/p>\n<p><strong>Bir Myrmica rubra kar\u0131nca kolonisi i\u00e7in ihtiyac\u0131n\u0131z olan her \u015fey:<\/strong><br \/>\nBu paket, bir Myrmica rubra kolonisinin ilk birka\u00e7 ay\u0131n\u0131 ba\u015far\u0131yla ge\u00e7irmesi i\u00e7in ihtiyac\u0131n\u0131z olan her \u015feyi i\u00e7erir. Esnek bir \u015fekilde geni\u015fletilebilir ve bu kar\u0131nca t\u00fcr\u00fcyle birka\u00e7 y\u0131l boyunca test edilmi\u015ftir.<\/p>\n<p><strong>Myrmica rubra kar\u0131nca t\u00fcr\u00fc - Avrupa ate\u015f kar\u0131ncas\u0131:<\/strong><br \/>\nMyrmica rubra Avrupa'da \u00e7ok yayg\u0131n bir kar\u0131nca t\u00fcr\u00fcd\u00fcr. K\u0131rm\u0131z\u0131 bah\u00e7e kar\u0131ncas\u0131 veya Avrupa ate\u015f kar\u0131ncas\u0131 olarak da bilinir. Nemli ve yar\u0131 g\u00f6lgeli yerleri sever, bu y\u00fczden \u00e7o\u011funlukla bah\u00e7elerde, \u00e7ay\u0131rlarda ve ormanlarda bulunur. Kanada ve ABD'nin baz\u0131 b\u00f6lgelerinde de bulunabilir, ancak buralarda istilac\u0131d\u0131r, yani yerli de\u011fildir. \u00c7o\u011fu istilac\u0131 kar\u0131nca t\u00fcr\u00fc gibi, 1900 civar\u0131nda bitkilerle birlikte oraya getirilmi\u015ftir.<\/p>\n<p>Myrmica rubra \u00e7ok e\u015fli bir t\u00fcrd\u00fcr, yani vah\u015fi do\u011fada genellikle birka\u00e7 krali\u00e7esi vard\u0131r. Hatta 600'e kadar krali\u00e7e ve yakla\u015f\u0131k 20.000 i\u015f\u00e7iden olu\u015fan s\u00fcper koloniler oldu\u011fu rapor edilmi\u015ftir. Myrmica rubra yuvas\u0131n\u0131 agresif bir \u015fekilde savunur ve savunma i\u00e7in bir i\u011fnesi vard\u0131r. Ancak zehri, alerjisi olanlar d\u0131\u015f\u0131nda zarars\u0131zd\u0131r.<\/p>\n<p>Myrmica rubra do\u011fada Ekim sonu ile Mart sonu aras\u0131nda yakla\u015f\u0131k 5-8\u00b0'de k\u0131\u015f uykusuna yatar.<\/p>\n<p><strong>Myrmica rubra i\u00e7in yuva:<\/strong><br \/>\nMyrmica rubra do\u011fada yosun yast\u0131klar\u0131n\u0131n alt\u0131nda, tarlalardaki ve \u00e7ay\u0131rlardaki ta\u015flarda, t\u00fcmsekler olu\u015fturduklar\u0131 toprakta ve hatta \u00e7\u00fcr\u00fcm\u00fc\u015f ah\u015fapta yuva yapar. Onlar i\u00e7in en \u00f6nemli \u015fey nemli bir yuva alan\u0131d\u0131r.<\/p>\n<p>Bu ba\u015flang\u0131\u00e7 setine yuva malzemesi olarak Digfix plakalar\u0131m\u0131zdan birini dahil ettik. Bu, do\u011fal bir toprak yuvay\u0131 taklit eder ve \u00e7ok nemli tutulabilir. Buna ek olarak, hayvanlar kazarken kar\u0131nca \u00e7iftli\u011finin pencerelerini kirletemezler, bu da odalara ve ge\u00e7itlere s\u00fcrekli olarak net bir g\u00f6r\u00fc\u015f sa\u011flar. Malzeme ayr\u0131ca bir kar\u0131nca \u00e7iftli\u011finde geleneksel kum\/kil kar\u0131\u015f\u0131m\u0131ndan \u00e7ok daha stabildir, bu da odalar\u0131n ve t\u00fcnellerin \u00e7\u00f6kmesini \u00f6nler.<\/p>\n<p><strong>Myrmica rubra i\u00e7in yiyecek:<\/strong><br \/>\nMyrmica rubra omnivordur ve vah\u015fi do\u011fada le\u015f, b\u00f6cek ve nektarla beslenir. \u00d6rne\u011fin Lasius niger gibi Myrmica rubra da yaprak biti kolonilerini tutar ve onlar\u0131 savunur.<\/p>\n<p>Bu sete yiyecek olarak b\u00fct\u00fcn beyazlat\u0131lm\u0131\u015f c\u0131rc\u0131r b\u00f6ceklerimizi ve bal \u00f6z\u00fcm\u00fcz\u00fc dahil ettik. Her ikisi de Myrmica rubra taraf\u0131ndan \u00e7ok iyi kabul edilir ve i\u00e7erdikleri besinler nedeniyle koloninin do\u011fal ve olumlu geli\u015fimini destekler.<\/p>\n<p><strong>Myrmica rubra i\u00e7in optimum iklim ko\u015fullar\u0131 a\u015fa\u011f\u0131daki gibidir:<\/strong><br \/>\nNem oran\u0131:<br \/>\nArena: 30 - 50% Yuva alan\u0131: 50 - 70%<br \/>\nS\u0131cakl\u0131k:<br \/>\nArena: 18 - 28\u00b0C Yuva alan\u0131: 21 - 24\u00b0C<\/p>\n<p><strong>\u0130\u00e7indekiler:<\/strong><\/p>\n<p>1x Myrmica rubra krali\u00e7e + 11-25 i\u015f\u00e7i ve yavru<br \/>\n1x Kriket Re\u00e7eli 25g<br \/>\n1x honeydew kar\u0131\u015f\u0131m\u0131 (HT) - dolum paketi 10ml<br \/>\n1x Formikaryum taban\u0131 - 20x20cm<br \/>\n1x formikaryum taban\u0131 - 20x6cm<\/p>\n<p>1x ANTCUBE - arena 20x20x10 - d\u00fcz<br \/>\n1x kar\u0131nca arenas\u0131 \u00e7er\u00e7evesi 20\u00d720<br \/>\n1x kar\u0131nca arenas\u0131 \u00f6rt\u00fcs\u00fc 20\u00d720<br \/>\nArena kapa\u011f\u0131 i\u00e7in 4x sabitleme noktas\u0131<br \/>\n2x ANTCUBE - Kar\u0131nca \u00e7iftli\u011fi - M - 20\u00d720 - dik<br \/>\n1x ANTCUBE - Digfix plaka 20\u00d720 - S<\/p>\n<p>1x 0,5m t\u00fcp \u015feffaf 14\/10 mm<br \/>\n1x ANTCUBE - K\u0131rm\u0131z\u0131 folyo 20\u00d720 - filtre<br \/>\n1x yap\u0131\u015fkanl\u0131 kelep\u00e7eler - \u015feffaf 2 adet.<br \/>\n1x substrat - kum-kil bej - 200g<\/p>\n<p>1x Grid cap &#8211; 10mm &#8211; stainless steel<br \/>\n2x Grid insert acrylic &#8211; 50 mm with sealing ring<br \/>\n1x Grid insert acrylic &#8211; 27 mm with sealing ring<\/p>\n<p>1x tank hortum ba\u011flant\u0131s\u0131 27-14,16,20 mm - \u015feffaf<br \/>\n1x Foil thermometer &#8211; farm<br \/>\n1x Foil thermometer Display<br \/>\n1x drinking clear 5ml &#8211; sponge<br \/>\n1x Feeding dish white rectangle &#8211; 3 compartments<br \/>\n1x Drinking trough 2ml &#8211; 360 Degrees<br \/>\n1x Kar\u0131nca ka\u00e7\u0131\u015f koruma ya\u011f\u0131 10ml<br \/>\n1x C\u0131mb\u0131z yay \u00e7eli\u011fi - geni\u015f - yumu\u015fak<br \/>\n1x C\u0131mb\u0131z plastik \u015feffaf<br \/>\n1x plastik pipet 3ml<br \/>\n1x el b\u00fcy\u00fcteci - 2x - 30mm<br \/>\n1x k\u00f6p\u00fck silecek 150x18x2,5mm<br \/>\n1x foto\u011fraf arkas\u0131 - \u00e7ay\u0131r - 20\u00d710<\/p>\n<p>&nbsp;<\/p>\n<p><strong>A\u00e7\u0131klama:<\/strong><br \/>\nMyrmica rubra i\u00e7in bu geni\u015fletilebilir ba\u015flang\u0131\u00e7 seti sadece en iyi \u015fekilde uyarlanm\u0131\u015f formikaryumu de\u011fil, ayn\u0131 zamanda bu kar\u0131nca t\u00fcr\u00fcn\u00fc tutmak i\u00e7in do\u011fru aksesuarlar\u0131 da i\u00e7erir. \"Suluk \u015feffaf 20ml - s\u00fcnger\" su i\u00e7in, \"suluk 2ml - 360 derece\" ise bal \u00f6z\u00fc kar\u0131\u015f\u0131m\u0131 i\u00e7in tasarlanm\u0131\u015ft\u0131r.<\/p>\n<p><span data-text-color=\"alert\"><strong>\u00d6nemli:<\/strong><\/span> L\u00fctfen kullanmadan \u00f6nce alt tabakay\u0131 nemlendirin, b\u00f6ylece kar\u0131\u015f\u0131m ba\u011flanabilir ve kar\u0131nca \u00e7iftli\u011finde sa\u011flam bir tutu\u015f geli\u015ftirebilir. Ayr\u0131ca, kuru ve tozlu bir alt tabaka kar\u0131ncalar\u0131n solunum yollar\u0131n\u0131n t\u0131kanmas\u0131na ve en k\u00f6t\u00fc durumda hayvanlar\u0131n bo\u011fulmas\u0131na neden olabilir.<\/p>\n<p><strong>\u00dcretim hakk\u0131nda notlar<\/strong><br \/>\nCam, DIN 1249'a uygun olarak +\/- 1 mm toleransla kesilir. Son derece k\u00fc\u00e7\u00fck kar\u0131nca t\u00fcrleri i\u00e7in ek kopma korumas\u0131 gereklidir.<\/p>\n<p><strong>Beyazlat\u0131lm\u0131\u015f c\u0131rc\u0131r b\u00f6cekleri hakk\u0131nda not:<\/strong><br \/>\nC\u0131rc\u0131r B\u00f6ce\u011fi Re\u00e7elimiz, canl\u0131 b\u00f6cek beslemek zorunda kalmadan kar\u0131ncalar\u0131n\u0131za taze korunmu\u015f proteinli g\u0131da sa\u011flaman\u0131n kolay bir yoludur. \u0130\u00e7erdi\u011fi c\u0131rc\u0131r b\u00f6cekleri (Acheta domesticus) besin de\u011ferlerinin, tat ve aroman\u0131n korunmas\u0131n\u0131 sa\u011flamak i\u00e7in nazik\u00e7e pi\u015firilmi\u015ftir. Ayr\u0131ca b\u00f6ceklerin kitinli kabu\u011fu da bu \u015fekilde yumu\u015fat\u0131larak daha kolay sindirilmesi sa\u011flanm\u0131\u015ft\u0131r. Kolajen proteinlerinin ba\u011flar\u0131 k\u0131r\u0131larak kar\u0131ncalar\u0131n bunlardan daha iyi faydalanmas\u0131 sa\u011flan\u0131r. Konserve Acheta domesticus canl\u0131 c\u0131rc\u0131r b\u00f6ce\u011fi ile ayn\u0131 besin de\u011ferine sahiptir, ancak sindirimi daha kolayd\u0131r.<\/p>\n<p>Beyazlat\u0131lm\u0131\u015f c\u0131rc\u0131r b\u00f6cekleri, canl\u0131 besin gerektiren kar\u0131nca t\u00fcrlerini avlamak i\u00e7in uygun de\u011fildir (\u00f6rne\u011fin Harpegnathos veya Odontomachus gibi ponerinler (b\u00fcy\u00fck kar\u0131ncalar))<\/p>\n<p><strong>Daha fazla avantaj:<\/strong><br \/>\nAkar i\u00e7ermeme garantisi<br \/>\nPorsiyonlanabilir<br \/>\nSterilize edilmi\u015f ve vakumlanm\u0131\u015f<br \/>\nKatk\u0131 maddesi olmadan<br \/>\nOrganik at\u0131klarla beslenen, s\u00fcrd\u00fcr\u00fclebilir, tamamen organik yeti\u015ftiricilikten elde edilen c\u0131rc\u0131r b\u00f6cekleri<\/p>\n<p><strong>L\u00fctfen unutmay\u0131n:<\/strong><br \/>\nA\u00e7\u0131ld\u0131ktan sonra yakla\u015f\u0131k d\u00f6rt g\u00fcn buzdolab\u0131nda saklanabilir. Dondurulursa daha uzun raf \u00f6mr\u00fc.<\/p>\n<p><strong>Honeydew hakk\u0131nda not:<\/strong><br \/>\n\u0130\u00e7indekiler 10 ml<br \/>\nBu, laboratuvar\u0131m\u0131zda kapsaml\u0131 testlerden sonra rafine etti\u011fimiz ve kar\u0131ncalar taraf\u0131ndan \u00e7ok iyi kabul edilen bir g\u0131da haline getirdi\u011fimiz do\u011fal bir \u00fcr\u00fcnd\u00fcr. Bunun nedeni, i\u015flenmemi\u015f bal \u00f6z\u00fcn\u00fcn konsantre orijinal haliyle kar\u0131ncalar ve metabolizmalar\u0131 taraf\u0131ndan iyi kabul edilmemesidir.<br \/>\nBal \u00f6z\u00fcm\u00fcz Bulgaristan'\u0131n kirlenmemi\u015f vah\u015fi da\u011f ormanlar\u0131ndan toplanm\u0131\u015ft\u0131r. Bal \u00f6z\u00fc sadece yaz aylar\u0131nda yakla\u015f\u0131k iki ay gibi \u00e7ok s\u0131n\u0131rl\u0131 bir s\u00fcre i\u00e7in \u00fcretilir. Bu nedenle \u00e7ok nadir bulunur. Ormanlar\u0131n kendine \u00f6zg\u00fc toprak \u00f6zellikleri ve iklim nedeniyle, temel besinler a\u011fa\u00e7lar\u0131n yapraklar\u0131nda depolan\u0131r ve bunlar yaprak bitleri taraf\u0131ndan emilir. Bu bal \u00f6z\u00fc kar\u0131\u015f\u0131m\u0131n\u0131 kar\u0131ncalar i\u00e7in bu kadar cazip k\u0131lan da budur.<\/p>\n<p><strong>Uygulama:<\/strong><br \/>\nG\u0131da miktar\u0131 yakla\u015f\u0131k 3 g\u00fcn i\u00e7inde t\u00fcketilmelidir.<\/p>\n<p><strong>A\u00e7\u0131klama:<\/strong><br \/>\nBal \u00f6z\u00fc, \u00e7i\u00e7ek bal\u0131ndan farkl\u0131 olarak yaprak bitleri gibi bitkileri emen b\u00f6ceklerin salg\u0131lar\u0131ndan elde edilir. Bal \u00f6z\u00fc, kar\u0131ncalar, ar\u0131lar ve bombus ar\u0131lar\u0131 gibi bir\u00e7ok b\u00f6cek i\u00e7in pop\u00fcler bir besin kayna\u011f\u0131d\u0131r. Ar\u0131lar ve yaban ar\u0131lar\u0131 \u00e7e\u015fitli a\u011fa\u00e7lar\u0131n yapraklar\u0131ndan ya da i\u011fnelerinden bal \u00f6z\u00fcn\u00fc yalarlar. Lasius niger gibi kar\u0131ncalar yaprak bitlerini tam anlam\u0131yla tutar. Hatta onlar\u0131 y\u0131rt\u0131c\u0131lara kar\u015f\u0131 savunur ve taze filizlere ta\u015f\u0131rlar.<\/p>\n<p>Bal \u00f6z\u00fc, biraz farkl\u0131 bile\u015fenleri nedeniyle kar\u0131ncalar aras\u0131nda \u00f6zellikle pop\u00fclerdir. Bal \u00f6z\u00fcndeki ana \u015fekerler sakaroz ve fruktozdur, ancak daha az miktarda maltoz, trehaloz, melezitoz, rafinoz ve di\u011fer oligosakkaritler de bulunur. \u015eeker ve suya ek olarak, bal \u00f6z\u00fc ayr\u0131ca temel amino asitler, mineraller, eser elementler, adenozinler, fosfatlar ve vitaminler gibi di\u011fer bile\u015fenleri de i\u00e7erir.<\/p>\n<p><strong>Kullan:<\/strong><br \/>\nBal yiyen kar\u0131nca t\u00fcrleri (Meliphagidae) i\u00e7in<br \/>\nBu bir ek yemdir<br \/>\nHayvanlara tedarik edildi\u011fi \u015fekilde sunulabilir. \u015eeker konsantrasyonu nem nedeniyle azald\u0131\u011f\u0131ndan ve bir fermantasyon s\u00fcreci ba\u015flad\u0131\u011f\u0131ndan, mama her 3 g\u00fcnde bir de\u011fi\u015ftirilmelidir. Tekrar kullanmadan \u00f6nce besleme kab\u0131n\u0131\/t\u00fcp\u00fcn\u00fc iyice temizleyin.<br \/>\nBir paket a\u00e7\u0131ld\u0131ktan sonra, son kullanma tarihine kadar s\u0131k\u0131ca kapal\u0131 tutulmal\u0131d\u0131r.<\/p>\n<p><strong>Beslenme bilgileri 100 g ba\u015f\u0131na:<\/strong><br \/>\nyakla\u015f\u0131k 2,7 % ya\u011f<br \/>\nbunun yakla\u015f\u0131k 0,45 %'si doymu\u015ftur.<br \/>\nyakla\u015f\u0131k 95 % karbonhidrat<br \/>\nbunun yakla\u015f\u0131k 'i \u015feker<br \/>\nyakla\u015f\u0131k 2.85% protein<\/p>\n<p>Mineraller (potasyum, kalsiyum, bak\u0131r, demir, sodyum, magnezyum, fosfor, \u00e7inko ve di\u011fer eser elementler) Amino asitler (prolin, l\u00f6sin, fenilalanin, alanin, histidin, izol\u00f6sin, glutamik asit, arginin, aspartik asit vb.) Organik asitler Enzimler (fermentler) Aromalar \u0130nhibinler (antibakteriyel maddeler) \u00c7i\u00e7ekler Polen<\/p>\n<p><strong>Depolama:<\/strong><br \/>\nYemin kalitesinden emin olmak i\u00e7in yem karanl\u0131k ve kuru bir yerde saklanmal\u0131d\u0131r.<\/p>\n<p><strong>Not:<\/strong><br \/>\nBal yiyen kar\u0131ncalar i\u00e7in ek yem.<br \/>\nBile\u015fim, analitik bile\u015fenler, son kullanma tarihi ve parti numaras\u0131 i\u00e7in l\u00fctfen prospekt\u00fcse bak\u0131n\u0131z.<\/p>\n<p>Bilgi hatt\u0131 +49 30 439703870<\/p>\n<p><strong>Sorumlu veterinerlik ve g\u0131da m\u00fcfetti\u015fli\u011fi:<\/strong><br \/>\nSteglitz Veterinerlik Ofisi<br \/>\nK\u00f6nigin-Luise-Str. 92<br \/>\n14195 Berlin<\/p>","protected":false},"excerpt":{"rendered":"<p>Set 34 par\u00e7adan olu\u015fmaktad\u0131r<\/p>","protected":false},"featured_media":8856,"comment_status":"open","ping_status":"closed","template":"","meta":{"_acf_changed":false,"content-type":"","_monsterinsights_skip_tracking":false,"_monsterinsights_sitenote_active":false,"_monsterinsights_sitenote_note":"","_monsterinsights_sitenote_category":0},"product_brand":[],"product_cat":[355,73],"product_tag":[],"class_list":{"0":"post-8854","1":"product","2":"type-product","3":"status-publish","4":"has-post-thumbnail","6":"product_cat-bundle-offers","7":"product_cat-starter-sets","9":"first","10":"instock","11":"taxable","12":"shipping-taxable","13":"purchasable","14":"product-type-simple"},"acf":[],"aioseo_notices":[],"jetpack_sharing_enabled":true,"_links":{"self":[{"href":"https:\/\/antcube.shop\/tr\/wp-json\/wp\/v2\/product\/8854","targetHints":{"allow":["GET"]}}],"collection":[{"href":"https:\/\/antcube.shop\/tr\/wp-json\/wp\/v2\/product"}],"about":[{"href":"https:\/\/antcube.shop\/tr\/wp-json\/wp\/v2\/types\/product"}],"replies":[{"embeddable":true,"href":"https:\/\/antcube.shop\/tr\/wp-json\/wp\/v2\/comments?post=8854"}],"wp:featuredmedia":[{"embeddable":true,"href":"https:\/\/antcube.shop\/tr\/wp-json\/wp\/v2\/media\/8856"}],"wp:attachment":[{"href":"https:\/\/antcube.shop\/tr\/wp-json\/wp\/v2\/media?parent=8854"}],"wp:term":[{"taxonomy":"product_brand","embeddable":true,"href":"https:\/\/antcube.shop\/tr\/wp-json\/wp\/v2\/product_brand?post=8854"},{"taxonomy":"product_cat","embeddable":true,"href":"https:\/\/antcube.shop\/tr\/wp-json\/wp\/v2\/product_cat?post=8854"},{"taxonomy":"product_tag","embeddable":true,"href":"https:\/\/antcube.shop\/tr\/wp-json\/wp\/v2\/product_tag?post=8854"}],"curies":[{"name":"wp","href":"https:\/\/api.w.org\/{rel}","templated":true}]}}