{"id":8718,"date":"2024-07-22T15:43:52","date_gmt":"2024-07-22T13:43:52","guid":{"rendered":"https:\/\/antcube.shop\/product\/bonsai-tree-deko\/"},"modified":"2026-01-20T18:00:36","modified_gmt":"2026-01-20T17:00:36","slug":"bonsai-agaci-deko","status":"publish","type":"product","link":"https:\/\/antcube.shop\/tr\/urun\/bonsai-agaci-deko\/","title":{"rendered":"Bonsai A\u011fac\u0131"},"content":{"rendered":"<p>Boyut \/ y\u00fckseklik 20 cm ila 28 cm<br \/>\n\u00c7ap ~ 10 cm -20 cm, 30x30x30 cm ve daha y\u00fcksek arenalar i\u00e7in idealdir.<br \/>\nA\u011f\u0131rl\u0131k 250 ile 400 gram aras\u0131nda de\u011fi\u015fmektedir<\/p>\n<p>Bonsai A\u011fac\u0131m\u0131z, formikaryumunuz i\u00e7in ideal bir dekorasyondur. Hem serbest duran bir akvaryumda hem de do\u011fal olarak dikilmi\u015f vivaryumlarda kullan\u0131labilir. Kar\u0131ncalar bonsainin alt\u0131na veya i\u00e7ine saklanabilece\u011finden, onu yaln\u0131zca kar\u0131nca koloniniz yuvas\u0131na ta\u015f\u0131nd\u0131ktan sonra kullanman\u0131z\u0131 \u00f6neririz. Aksi takdirde, yuvalama alan\u0131 olarak buray\u0131 tercih edebilirler ve yuvay\u0131 g\u00f6zden kaybedebilirsiniz.<\/p>\n<p><strong>D\u0130KKAT:<\/strong> L\u00fctfen \u00e7ok nemli formikaryalara (60% \u00fczeri nem) yerle\u015ftirmeyin. Bonsai k\u00fcflenmeye ba\u015flayabilir. \u00c7ok iyi havaland\u0131rma ile bonsai daha nemli formikaryalara da yerle\u015ftirilebilir.<\/p>\n<p><span data-text-color=\"alert\"><strong>MAKALE HAKKINDA \u00d6NEMLI\u0307 NOT:<\/strong><\/span><br \/>\nBu do\u011fal bir \u00fcr\u00fcn \/ benzersiz oldu\u011fundan, buradaki resimler alaca\u011f\u0131n\u0131z \u00fcr\u00fcnle tamamen ayn\u0131 de\u011fildir. Mini a\u011fac\u0131n boyutu, \u015fekli ve renginin yan\u0131 s\u0131ra ta\u015f oca\u011f\u0131 kayrak taban plakas\u0131nda da farkl\u0131l\u0131klar olacakt\u0131r. Sadece \u00fcr\u00fcn\u00fcn maksimum y\u00fcksekli\u011fini garanti ediyoruz.<\/p>\n<p>Bu \u00fcr\u00fcn\u00fc sipari\u015f ederek, sat\u0131n alma s\u0131ras\u0131nda \u00fcr\u00fcn\u00fcn boyut, \u015fekil ve renk a\u00e7\u0131s\u0131ndan yukar\u0131daki olas\u0131 varyasyonlar\u0131n\u0131 kabul etmi\u015f ve onaylam\u0131\u015f olursunuz.<\/p>","protected":false},"excerpt":{"rendered":"<p>Boyutlar: 20-28 cm y\u00fcksekli\u011finde<\/p>","protected":false},"featured_media":8721,"comment_status":"open","ping_status":"closed","template":"","meta":{"_acf_changed":false,"content-type":"","_monsterinsights_skip_tracking":false,"_monsterinsights_sitenote_active":false,"_monsterinsights_sitenote_note":"","_monsterinsights_sitenote_category":0},"product_brand":[],"product_cat":[95,98],"product_tag":[],"class_list":{"0":"post-8718","1":"product","2":"type-product","3":"status-publish","4":"has-post-thumbnail","6":"product_cat-accessories-for-ants","7":"product_cat-decoration","9":"first","10":"outofstock","11":"taxable","12":"shipping-taxable","13":"purchasable","14":"product-type-simple"},"acf":[],"aioseo_notices":[],"jetpack_sharing_enabled":true,"_links":{"self":[{"href":"https:\/\/antcube.shop\/tr\/wp-json\/wp\/v2\/product\/8718","targetHints":{"allow":["GET"]}}],"collection":[{"href":"https:\/\/antcube.shop\/tr\/wp-json\/wp\/v2\/product"}],"about":[{"href":"https:\/\/antcube.shop\/tr\/wp-json\/wp\/v2\/types\/product"}],"replies":[{"embeddable":true,"href":"https:\/\/antcube.shop\/tr\/wp-json\/wp\/v2\/comments?post=8718"}],"wp:featuredmedia":[{"embeddable":true,"href":"https:\/\/antcube.shop\/tr\/wp-json\/wp\/v2\/media\/8721"}],"wp:attachment":[{"href":"https:\/\/antcube.shop\/tr\/wp-json\/wp\/v2\/media?parent=8718"}],"wp:term":[{"taxonomy":"product_brand","embeddable":true,"href":"https:\/\/antcube.shop\/tr\/wp-json\/wp\/v2\/product_brand?post=8718"},{"taxonomy":"product_cat","embeddable":true,"href":"https:\/\/antcube.shop\/tr\/wp-json\/wp\/v2\/product_cat?post=8718"},{"taxonomy":"product_tag","embeddable":true,"href":"https:\/\/antcube.shop\/tr\/wp-json\/wp\/v2\/product_tag?post=8718"}],"curies":[{"name":"wp","href":"https:\/\/api.w.org\/{rel}","templated":true}]}}