{"id":8717,"date":"2024-07-22T15:37:55","date_gmt":"2024-07-22T13:37:55","guid":{"rendered":"https:\/\/antcube.shop\/product\/bundle-offer-harpegnathos-venator\/"},"modified":"2026-03-04T16:55:50","modified_gmt":"2026-03-04T15:55:50","slug":"paket-tekli%cc%87fi%cc%87-harpegnathos-venator","status":"publish","type":"product","link":"https:\/\/antcube.shop\/tr\/urun\/paket-tekli%cc%87fi%cc%87-harpegnathos-venator\/","title":{"rendered":"Paket Teklif - Harpegnathos venator"},"content":{"rendered":"<p><span data-text-color=\"secondary\"><strong>Bir Harpegnathos venator kar\u0131nca kolonisi (11-25 i\u015f\u00e7i + yavrulu krali\u00e7e) i\u00e7eren paket teklifi<\/strong><\/span><\/p>\n<p><span data-text-color=\"alert\"><strong>Sadece stoklar t\u00fckenene kadar. <\/strong><\/span><\/p>\n<p><span data-text-color=\"alert\"><strong>Nakliye sadece Almanya i\u00e7inde GO! ile m\u00fcmk\u00fcnd\u00fcr.<\/strong><\/span><\/p>\n<p>1x Harpegnathos venator krali\u00e7e + 11-25 i\u015f\u00e7i + kulu\u00e7ka<\/p>\n<p>1x Ytong yuvas\u0131 - 40\u00d720 arena ile<br \/>\n1x cam k\u00fcvet 40\u00d720<br \/>\n1x formikaryum pedi - 40x20cm<br \/>\n1x k\u0131rm\u0131z\u0131 kapak plakas\u0131 20\u00d720 - yatay<\/p>\n<p>1x Kil rengi - bej - 100ml<br \/>\n1x substrat - ya\u011fmur orman\u0131 - 1kg<br \/>\n1x Formicarium gran\u00fcl 200 ml - siyah<br \/>\n1x foto\u011fraf arka paneli - ya\u011fmur orman\u0131 - 20\u00d710<\/p>\n<p>2x Grid insert acrylic &#8211; 50 mm with sealing ring<br \/>\n1x Grid insert acrylic &#8211; 27 mm with sealing ring<\/p>\n<p>1x Kriket Re\u00e7eli 25g<br \/>\n1x Honeydew Mix (HT) - dolum paketi 10ml<\/p>\n<p>1x drinking clear 5ml &#8211; sponge<br \/>\n1x Feeding dish white rectangle &#8211; 3 compartments<br \/>\n1x Drinking trough 2ml &#8211; 360 Degrees<\/p>\n<p>1x Foil thermometer Display<\/p>\n<p>1x Kar\u0131nca koruma ya\u011f\u0131 10ml<br \/>\n1x C\u0131mb\u0131z yay \u00e7eli\u011fi - geni\u015f - yumu\u015fak<br \/>\n1x C\u0131mb\u0131z plastik \u015feffaf<br \/>\n1x plastik pipet 3ml<br \/>\n1x el b\u00fcy\u00fcteci - 2x - 30mm<br \/>\n1x k\u00f6p\u00fck silecek 150x18x2,5mm<\/p>\n<p><strong>Kar\u0131nca t\u00fcr\u00fc Harpegnathos venator:<\/strong><br \/>\nHarpegnathos venator G\u00fcneydo\u011fu Asya'dan \u00e7ok g\u00fczel ve \u00e7ok b\u00fcy\u00fck bir kar\u0131nca t\u00fcr\u00fcd\u00fcr. \u00c7o\u011funlukla geceleri aktiftirler, ancak evdeki genellikle daha d\u00fc\u015f\u00fck \u0131\u015f\u0131k yo\u011funlu\u011fu nedeniyle g\u00fcnd\u00fczleri de aktiftirler. Bu kar\u0131nca t\u00fcr\u00fc yakla\u015f\u0131k 8 - 10 cm z\u0131playabilir, geriye do\u011fru y\u00fcr\u00fcyebilir ve \u00e7ok iyi g\u00f6rme yetene\u011fine sahiptir. Profilden bak\u0131ld\u0131\u011f\u0131nda alt \u00e7eneleri k\u0131l\u0131\u00e7 di\u015fi \u015feklindedir. Avlan\u0131rken sald\u0131rmadan \u00f6nce gasterlerini oynatarak ilgin\u00e7 bir davran\u0131\u015f sergilerler.<\/p>\n<p>Onlar\u0131 \u015feker-bal \u00e7\u00f6zeltisi, bal ve protein yemi veya tercihen c\u0131rc\u0131r b\u00f6ce\u011fi ve meyve sine\u011fi gibi k\u00fc\u00e7\u00fck canl\u0131 b\u00f6ceklerle besleyebilirsiniz. Harpegnathos venator \u00e7ok belirgin bir avlanma davran\u0131\u015f\u0131na sahiptir ve bu nedenle canl\u0131 yiyecekleri \u00e7ok daha iyi kabul eder.<\/p>\n<p>Arenadaki nem ve s\u0131cakl\u0131k en fazla biraz art\u0131r\u0131lmal\u0131d\u0131r, ancak yuva her zaman nemli olmal\u0131d\u0131r. Hayvanlar yuvada farkl\u0131 nemli alanlar\u0131 tercih eder.<\/p>\n<p>Prefabrik odalar ve ge\u00e7itler do\u011frudan koloni taraf\u0131ndan kullan\u0131labilir. Ytong yuvas\u0131, birlikte verilen tepsi kullan\u0131larak kolayca nemlendirilebilir. Tepsiye biraz su d\u00f6k\u00fcn ve Ytong ta\u015f\u0131 suyu kendi kendine emene kadar bekleyin.<\/p>\n<p><strong>Arena ile Ytong yuvas\u0131 hakk\u0131nda bilgi:<\/strong><br \/>\n\u0130\u00e7indekiler:<br \/>\nMalzeme: gaz beton, cam, PMMA plastik ve PVC<\/p>\n<p><strong>Ba\u011flant\u0131:<\/strong> 1x 14mm a\u00e7\u0131kl\u0131k; 1x 27mm a\u00e7\u0131kl\u0131k<\/p>\n<p><strong>\u0130\u00e7indekiler:<\/strong><br \/>\n1x gaz beton blok 40x20x5 cm, 20 mm derinli\u011finde odac\u0131kl\u0131.<br \/>\n1x 50 mm a\u00e7\u0131kl\u0131\u011fa sahip 40\u00d720 cm cam plaka ve 20\u00d720 cm arena<br \/>\n1x kar\u0131nca arenas\u0131 \u00e7er\u00e7evesi 20\u00d720<br \/>\n1x kar\u0131nca arenas\u0131 \u00f6rt\u00fcs\u00fc 20\u00d720<br \/>\n27mm a\u00e7\u0131kl\u0131\u011fa sahip 1x 50mm halka<br \/>\n1x formikaryum tapas\u0131 13mm<br \/>\n2x formikaryum tapalar\u0131 27mm<br \/>\n2x 50mm formikaryum tapalar\u0131<\/p>\n<p>Su tutma \u00f6zelli\u011fi nedeniyle, malzeme kar\u0131ncalar\u0131 tutmak i\u00e7in \u00e7ok uygundur. Hem kuru hem de nemli habitatlardan \u00e7ok say\u0131da toprak yuva t\u00fcr\u00fcn\u00fc tutmak i\u00e7in kullan\u0131labilir. Kar\u0131nca t\u00fcr\u00fcne ba\u011fl\u0131 olarak, odalar\u0131n taban\u0131n\u0131n kil boya ve toprak alt tabaka ile kaplanmas\u0131 tavsiye edilir. Baz\u0131 t\u00fcrler bu \u015fekilde kendilerini daha rahat hisseder ve \u00f6rne\u011fin Ponerinae t\u00fcrleri larvalar\u0131n\u0131n d\u00fczg\u00fcn bir \u015fekilde pupa olabilmesi i\u00e7in topra\u011fa ihtiya\u00e7 duyar. Bu yuva zaten bir arena i\u00e7erdi\u011finden, tam bir formikaryum sistemi olarak kullan\u0131labilir.<\/p>\n<p><strong>Not:<\/strong><br \/>\nYuva alan\u0131n\u0131 nemlendirdikten sonra suyun Ytong'dan d\u0131\u015far\u0131 s\u0131zmas\u0131n\u0131 ve alt\u0131ndaki mobilya y\u00fczeyinde birikmesini veya p\u00fcr\u00fczl\u00fc malzemenin y\u00fczeyleri \u00e7izmesini \u00f6nlemek i\u00e7in, Ytong yuvalar\u0131m\u0131z i\u00e7in uyumlu cam tepsilerimizden birini \u00f6neririz. Bunlar su ge\u00e7irmezdir ve alt\u0131ndaki y\u00fczeyleri su ve \u00e7izik hasar\u0131na kar\u015f\u0131 etkili bir \u015fekilde korur.<\/p>\n<p><strong>Kullan:<\/strong><br \/>\nM - L b\u00fcy\u00fckl\u00fc\u011f\u00fcndeki kar\u0131nca t\u00fcrleri i\u00e7in<br \/>\nGaz beton \u00e7ok k\u0131r\u0131lgan ve hassas bir malzemedir. Bu nedenle \u00fcretim s\u0131ras\u0131nda k\u00f6\u015felerin ve kenarlar\u0131n k\u0131r\u0131lmas\u0131n\u0131 ve hafif p\u00fcr\u00fczl\u00fc hale gelmesini \u00f6nlemek m\u00fcmk\u00fcn de\u011fildir. Bu nedenle, Ytong yuvalar\u0131 S boyutundaki \u00e7ok k\u00fc\u00e7\u00fck kar\u0131nca t\u00fcrleri i\u00e7in uygun de\u011fildir, \u00e7\u00fcnk\u00fc bu t\u00fcrler kolayca k\u0131r\u0131labilir.<\/p>\n<p><span data-text-color=\"alert\"><strong>\u00d6nemli:<\/strong><\/span> L\u00fctfen kullanmadan \u00f6nce alt tabakay\u0131 nemlendirin, b\u00f6ylece kar\u0131\u015f\u0131m kar\u0131nca \u00e7iftli\u011fine yap\u0131\u015fabilir ve sa\u011flam bir tutunma sa\u011flayabilir. Alt tabaka \u00e7ok kuru ve tozluysa, kar\u0131ncalar\u0131n solunum yollar\u0131n\u0131 t\u0131kayabilir ve en k\u00f6t\u00fc durumda bo\u011fulmalar\u0131na neden olabilir.<\/p>\n<p><strong>\u00d6neri:<\/strong> Hayvanlar\u0131n arenaya yuva yapamamalar\u0131 ve bunun yerine bu ama\u00e7la sa\u011flanan \u00e7iftli\u011fi kullanmalar\u0131 i\u00e7in 2 mm y\u00fcksekli\u011finde bir alt tabaka tabakas\u0131 \u00f6neriyoruz. Ayr\u0131ca \u00e7iftlikteki yuvalama malzemesinin (kum\/kil, Digfix, vb.) hayvanlar\u0131n kazmas\u0131n\u0131 kolayla\u015ft\u0131rmak i\u00e7in bir yerden hafif\u00e7e delinmesini tavsiye ederiz.<\/p>\n<p><strong>\u00dcretim hakk\u0131nda notlar<\/strong><br \/>\nCam, DIN 1249'a uygun olarak +\/- 1 mm toleransla kesilir. Son derece k\u00fc\u00e7\u00fck kar\u0131nca t\u00fcrleri i\u00e7in ek kopma korumas\u0131 gereklidir.<\/p>\n<p><strong>Not Kil boyas\u0131:<\/strong><\/p>\n<p><strong>A\u00e7\u0131klama:<\/strong> Bu kar\u0131\u015f\u0131m toksik de\u011fildir ve s\u0131va ve beton \u00fczerinde nispeten suya dayan\u0131kl\u0131d\u0131r, ancak bunun d\u0131\u015f\u0131nda suda \u00e7\u00f6z\u00fcn\u00fcr.<\/p>\n<p><strong>Kullan\u0131m talimatlar\u0131:<\/strong><br \/>\nBu kar\u0131\u015f\u0131m kullan\u0131ma haz\u0131rd\u0131r ve bir f\u0131r\u00e7a ile s\u0131va veya gazbeton \u00fczerine hemen uygulanabilir.<br \/>\nYakla\u015f\u0131k 1\/4m\u00b2 gaz beton veya 1\/2m\u00b2 s\u0131va i\u00e7in 100ml yeterlidir.<br \/>\nIslakken, daha da do\u011fal bir g\u00f6r\u00fcn\u00fcm elde etmek i\u00e7in y\u00fczeye \u00f6rne\u011fin kum serpilebilir.<\/p>","protected":false},"excerpt":{"rendered":"<p>Ba\u011flant\u0131: 1x14mm 1x27mm<br \/>\nBoyut: <strong><span style=\"color: #339966;\">M<\/span><\/strong><strong> &#8211; <span style=\"color: #0000ff;\">L<\/span><\/strong><\/p>","protected":false},"featured_media":8720,"comment_status":"open","ping_status":"closed","template":"","meta":{"_acf_changed":false,"content-type":"","_monsterinsights_skip_tracking":false,"_monsterinsights_sitenote_active":false,"_monsterinsights_sitenote_note":"","_monsterinsights_sitenote_category":0},"product_brand":[],"product_cat":[355,73],"product_tag":[],"class_list":{"0":"post-8717","1":"product","2":"type-product","3":"status-publish","4":"has-post-thumbnail","6":"product_cat-bundle-offers","7":"product_cat-starter-sets","8":"product_shipping_class-germany-only","10":"first","11":"outofstock","12":"taxable","13":"shipping-taxable","14":"purchasable","15":"product-type-simple"},"acf":[],"aioseo_notices":[],"jetpack_sharing_enabled":true,"_links":{"self":[{"href":"https:\/\/antcube.shop\/tr\/wp-json\/wp\/v2\/product\/8717","targetHints":{"allow":["GET"]}}],"collection":[{"href":"https:\/\/antcube.shop\/tr\/wp-json\/wp\/v2\/product"}],"about":[{"href":"https:\/\/antcube.shop\/tr\/wp-json\/wp\/v2\/types\/product"}],"replies":[{"embeddable":true,"href":"https:\/\/antcube.shop\/tr\/wp-json\/wp\/v2\/comments?post=8717"}],"wp:featuredmedia":[{"embeddable":true,"href":"https:\/\/antcube.shop\/tr\/wp-json\/wp\/v2\/media\/8720"}],"wp:attachment":[{"href":"https:\/\/antcube.shop\/tr\/wp-json\/wp\/v2\/media?parent=8717"}],"wp:term":[{"taxonomy":"product_brand","embeddable":true,"href":"https:\/\/antcube.shop\/tr\/wp-json\/wp\/v2\/product_brand?post=8717"},{"taxonomy":"product_cat","embeddable":true,"href":"https:\/\/antcube.shop\/tr\/wp-json\/wp\/v2\/product_cat?post=8717"},{"taxonomy":"product_tag","embeddable":true,"href":"https:\/\/antcube.shop\/tr\/wp-json\/wp\/v2\/product_tag?post=8717"}],"curies":[{"name":"wp","href":"https:\/\/api.w.org\/{rel}","templated":true}]}}