{"id":8518,"date":"2024-06-10T10:41:37","date_gmt":"2024-06-10T08:41:37","guid":{"rendered":"https:\/\/antcube.shop\/product\/poster\/"},"modified":"2025-09-30T10:22:23","modified_gmt":"2025-09-30T08:22:23","slug":"poster-anatomisi","status":"publish","type":"product","link":"https:\/\/antcube.shop\/tr\/urun\/poster-anatomisi\/","title":{"rendered":"Poster Anatomisi"},"content":{"rendered":"<p>Kal\u0131n mat ka\u011f\u0131t \u00fczerine yap\u0131lm\u0131\u015f m\u00fcze kalitesinde posterler. Her ortam\u0131 ayd\u0131nlataca\u011f\u0131 kesin olan bu posterlerle odan\u0131za ve ofisinize harika bir vurgu kat\u0131n.<\/p>\n<p>- Ka\u011f\u0131t kal\u0131nl\u0131\u011f\u0131: 10,3 mil<br \/>\n- Ka\u011f\u0131t a\u011f\u0131rl\u0131\u011f\u0131: 189 g\/m\u00b2<br \/>\n- Opakl\u0131k: 94%<br \/>\n- ISO parlakl\u0131\u011f\u0131: 104%<br \/>\n- Ka\u011f\u0131t Japonya'dan temin edilmi\u015ftir<\/p>\n<p>Bu \u00fcr\u00fcn, sipari\u015f verdi\u011finiz anda sizin i\u00e7in \u00f6zel olarak \u00fcretilmektedir, bu nedenle size ula\u015ft\u0131rmam\u0131z biraz daha uzun s\u00fcrmektedir. \u00dcr\u00fcnleri toplu olarak \u00fcretmek yerine talep \u00fczerine \u00fcretmek fazla \u00fcretimi azaltmaya yard\u0131mc\u0131 olur, bu nedenle d\u00fc\u015f\u00fcnceli sat\u0131n alma kararlar\u0131 verdi\u011finiz i\u00e7in te\u015fekk\u00fcr ederiz!<\/p>","protected":false},"excerpt":{"rendered":"<p>Kal\u0131n mat ka\u011f\u0131t \u00fczerine yap\u0131lm\u0131\u015f m\u00fcze kalitesinde posterler. Her ortam\u0131 ayd\u0131nlataca\u011f\u0131 kesin olan bu posterlerle odan\u0131za ve ofisinize harika bir vurgu kat\u0131n. - Ka\u011f\u0131t kal\u0131nl\u0131\u011f\u0131: 10,3 mil - Ka\u011f\u0131t a\u011f\u0131rl\u0131\u011f\u0131: 189 g\/m\u00b2 - Opakl\u0131k: 94% - ISO parlakl\u0131\u011f\u0131: 104% - Ka\u011f\u0131t Japonya'dan temin edilmi\u015ftir Bu \u00fcr\u00fcn \u00f6zellikle [...]","protected":false},"featured_media":8523,"comment_status":"open","ping_status":"closed","template":"","meta":{"_acf_changed":false,"content-type":"","_monsterinsights_skip_tracking":false,"_monsterinsights_sitenote_active":false,"_monsterinsights_sitenote_note":"","_monsterinsights_sitenote_category":0},"product_brand":[],"product_cat":[245],"product_tag":[],"class_list":{"0":"post-8518","1":"product","2":"type-product","3":"status-publish","4":"has-post-thumbnail","6":"product_cat-merchandise","8":"first","9":"instock","10":"taxable","11":"shipping-taxable","12":"purchasable","13":"product-type-variable"},"acf":[],"aioseo_notices":[],"jetpack_sharing_enabled":true,"_links":{"self":[{"href":"https:\/\/antcube.shop\/tr\/wp-json\/wp\/v2\/product\/8518","targetHints":{"allow":["GET"]}}],"collection":[{"href":"https:\/\/antcube.shop\/tr\/wp-json\/wp\/v2\/product"}],"about":[{"href":"https:\/\/antcube.shop\/tr\/wp-json\/wp\/v2\/types\/product"}],"replies":[{"embeddable":true,"href":"https:\/\/antcube.shop\/tr\/wp-json\/wp\/v2\/comments?post=8518"}],"wp:featuredmedia":[{"embeddable":true,"href":"https:\/\/antcube.shop\/tr\/wp-json\/wp\/v2\/media\/8523"}],"wp:attachment":[{"href":"https:\/\/antcube.shop\/tr\/wp-json\/wp\/v2\/media?parent=8518"}],"wp:term":[{"taxonomy":"product_brand","embeddable":true,"href":"https:\/\/antcube.shop\/tr\/wp-json\/wp\/v2\/product_brand?post=8518"},{"taxonomy":"product_cat","embeddable":true,"href":"https:\/\/antcube.shop\/tr\/wp-json\/wp\/v2\/product_cat?post=8518"},{"taxonomy":"product_tag","embeddable":true,"href":"https:\/\/antcube.shop\/tr\/wp-json\/wp\/v2\/product_tag?post=8518"}],"curies":[{"name":"wp","href":"https:\/\/api.w.org\/{rel}","templated":true}]}}