{"id":8505,"date":"2024-06-10T10:40:55","date_gmt":"2024-06-10T08:40:55","guid":{"rendered":"https:\/\/antcube.shop\/product\/sports-water-bottle\/"},"modified":"2025-12-03T21:47:07","modified_gmt":"2025-12-03T20:47:07","slug":"spor-su-si%cc%87sesi%cc%87","status":"publish","type":"product","link":"https:\/\/antcube.shop\/tr\/urun\/spor-su-si%cc%87sesi%cc%87\/","title":{"rendered":"Spor su \u015fi\u015fesi"},"content":{"rendered":"<p>\u015e\u0131k bir \u015fekilde susuz kalmamak i\u00e7in 50% geri d\u00f6n\u00fc\u015ft\u00fcr\u00fclm\u00fc\u015f plastikten yap\u0131lm\u0131\u015f ki\u015fiselle\u015ftirilmi\u015f ve spor su \u015fi\u015fesi edinin. Lekelere, k\u0131r\u0131lmaya ve kokulara kar\u015f\u0131 dayan\u0131kl\u0131 olan bu \u015fi\u015fe, i\u00e7eceklerinizi taze tutar ve d\u00f6k\u00fclmeye kar\u015f\u0131 dayan\u0131kl\u0131 kapak ve \u0131s\u0131rma valfi s\u0131z\u0131nt\u0131lar\u0131 \u00f6nler. Bu \u015fi\u015fenin ekstra b\u00fcy\u00fck boyutu, uzun spor salonu, i\u015f veya \u00e7al\u0131\u015fma seanslar\u0131 i\u00e7in de uygundur! - 25 [...]<\/p>\n<p>- 25 oz (739 ml) <br \/>\n- Boyutlar: 10\u2033 \u00d7 3\u2033 (25,4 \u00d7 7,62 cm)<br \/>\n- BPA i\u00e7ermeyen Eastman Tritan\u2122 Renew 50% geri d\u00f6n\u00fc\u015ft\u00fcr\u00fclm\u00fc\u015f malzeme <br \/>\n- Leke, k\u0131r\u0131lma ve kokuya dayan\u0131kl\u0131<br \/>\n- Is\u0131rma valfli d\u00f6k\u00fclmeye dayan\u0131kl\u0131 vidal\u0131 kapak<br \/>\n- Tek parmakl\u0131 ta\u015f\u0131ma kolu<\/p>","protected":false},"excerpt":{"rendered":"<p>\u015e\u0131k bir \u015fekilde susuz kalmamak i\u00e7in 50% geri d\u00f6n\u00fc\u015ft\u00fcr\u00fclm\u00fc\u015f plastikten yap\u0131lm\u0131\u015f ki\u015fiselle\u015ftirilmi\u015f ve spor su \u015fi\u015fesi edinin. Lekelere, k\u0131r\u0131lmaya ve kokulara kar\u015f\u0131 dayan\u0131kl\u0131 olan bu \u015fi\u015fe, i\u00e7eceklerinizi taze tutar ve d\u00f6k\u00fclmeye kar\u015f\u0131 dayan\u0131kl\u0131 kapak ve \u0131s\u0131rma valfi s\u0131z\u0131nt\u0131lar\u0131 \u00f6nler. Bu \u015fi\u015fenin ekstra b\u00fcy\u00fck boyutu, uzun spor salonu, i\u015f veya \u00e7al\u0131\u015fma seanslar\u0131 i\u00e7in de uygundur! - 25 [...]","protected":false},"featured_media":0,"comment_status":"open","ping_status":"closed","template":"","meta":{"_acf_changed":false,"content-type":"","_monsterinsights_skip_tracking":false,"_monsterinsights_sitenote_active":false,"_monsterinsights_sitenote_note":"","_monsterinsights_sitenote_category":0},"product_brand":[],"product_cat":[245],"product_tag":[],"class_list":{"0":"post-8505","1":"product","2":"type-product","3":"status-publish","5":"product_cat-merchandise","7":"first","8":"outofstock","9":"taxable","10":"shipping-taxable","11":"product-type-variable"},"acf":[],"aioseo_notices":[],"jetpack_sharing_enabled":true,"_links":{"self":[{"href":"https:\/\/antcube.shop\/tr\/wp-json\/wp\/v2\/product\/8505","targetHints":{"allow":["GET"]}}],"collection":[{"href":"https:\/\/antcube.shop\/tr\/wp-json\/wp\/v2\/product"}],"about":[{"href":"https:\/\/antcube.shop\/tr\/wp-json\/wp\/v2\/types\/product"}],"replies":[{"embeddable":true,"href":"https:\/\/antcube.shop\/tr\/wp-json\/wp\/v2\/comments?post=8505"}],"wp:attachment":[{"href":"https:\/\/antcube.shop\/tr\/wp-json\/wp\/v2\/media?parent=8505"}],"wp:term":[{"taxonomy":"product_brand","embeddable":true,"href":"https:\/\/antcube.shop\/tr\/wp-json\/wp\/v2\/product_brand?post=8505"},{"taxonomy":"product_cat","embeddable":true,"href":"https:\/\/antcube.shop\/tr\/wp-json\/wp\/v2\/product_cat?post=8505"},{"taxonomy":"product_tag","embeddable":true,"href":"https:\/\/antcube.shop\/tr\/wp-json\/wp\/v2\/product_tag?post=8505"}],"curies":[{"name":"wp","href":"https:\/\/api.w.org\/{rel}","templated":true}]}}