{"id":8185,"date":"2024-06-10T10:28:06","date_gmt":"2024-06-10T08:28:06","guid":{"rendered":"https:\/\/antcube.shop\/product\/boxer-briefs\/"},"modified":"2024-12-12T11:08:38","modified_gmt":"2024-12-12T10:08:38","slug":"boxer-kulotlar","status":"publish","type":"product","link":"https:\/\/antcube.shop\/tr\/urun\/boxer-kulotlar\/","title":{"rendered":"Boxer K\u00fclotlar"},"content":{"rendered":"<p>Bu boxer k\u00fclotlar, g\u00fcn boyunca rahatl\u0131k sa\u011flayan yumu\u015fak ve esnek bir malzemeden \u00fcretilmi\u015ftir. Boxer k\u00fclotun arka diki\u015fi yoktur ve ekstra konfor ve destek i\u00e7in astarl\u0131 bir \u00f6n keseye sahiptir. <\/p>\n<p>- 95% polyester, 5% elastan (kuma\u015f bile\u015fimi 1%'ye g\u00f6re de\u011fi\u015febilir)<br \/>\n- Orta katl\u0131<br \/>\n- Ek destek i\u00e7in astarl\u0131 \u00f6n kese<br \/>\n- 4 cm geni\u015fli\u011finde kuma\u015f kapl\u0131 elastik bel band\u0131<br \/>\n- Kas\u0131k paneli <br \/>\n- Overlok ve kapak diki\u015fi <br \/>\n- Ekstra konfor i\u00e7in arka diki\u015f yok<br \/>\n- AB'de Litvanya kaynakl\u0131 bo\u015f \u00fcr\u00fcn bile\u015fenleri<br \/>\n- Meksika'da ABD ve \u00c7in'den temin edilen bo\u015f \u00fcr\u00fcn bile\u015fenleri<\/p>","protected":false},"excerpt":{"rendered":"<p>Bu boxer k\u00fclotlar, g\u00fcn boyunca rahatl\u0131k sa\u011flayan yumu\u015fak ve esnek bir malzemeden \u00fcretilmi\u015ftir. Boxer k\u00fclotun arka diki\u015fi yoktur ve ekstra konfor ve destek i\u00e7in astarl\u0131 bir \u00f6n keseye sahiptir. - 95% polyester, 5% elastan (kuma\u015f bile\u015fimi 1%'ye g\u00f6re de\u011fi\u015febilir) - Orta kesim - Ekstra destek i\u00e7in astarl\u0131 \u00f6n kese [...]","protected":false},"featured_media":8195,"comment_status":"open","ping_status":"closed","template":"","meta":{"_acf_changed":false,"content-type":"","_monsterinsights_skip_tracking":false,"_monsterinsights_sitenote_active":false,"_monsterinsights_sitenote_note":"","_monsterinsights_sitenote_category":0},"product_brand":[],"product_cat":[245],"product_tag":[],"class_list":{"0":"post-8185","1":"product","2":"type-product","3":"status-publish","4":"has-post-thumbnail","6":"product_cat-merchandise","8":"first","9":"instock","10":"taxable","11":"shipping-taxable","12":"purchasable","13":"product-type-variable"},"acf":[],"aioseo_notices":[],"jetpack_sharing_enabled":true,"_links":{"self":[{"href":"https:\/\/antcube.shop\/tr\/wp-json\/wp\/v2\/product\/8185","targetHints":{"allow":["GET"]}}],"collection":[{"href":"https:\/\/antcube.shop\/tr\/wp-json\/wp\/v2\/product"}],"about":[{"href":"https:\/\/antcube.shop\/tr\/wp-json\/wp\/v2\/types\/product"}],"replies":[{"embeddable":true,"href":"https:\/\/antcube.shop\/tr\/wp-json\/wp\/v2\/comments?post=8185"}],"wp:featuredmedia":[{"embeddable":true,"href":"https:\/\/antcube.shop\/tr\/wp-json\/wp\/v2\/media\/8195"}],"wp:attachment":[{"href":"https:\/\/antcube.shop\/tr\/wp-json\/wp\/v2\/media?parent=8185"}],"wp:term":[{"taxonomy":"product_brand","embeddable":true,"href":"https:\/\/antcube.shop\/tr\/wp-json\/wp\/v2\/product_brand?post=8185"},{"taxonomy":"product_cat","embeddable":true,"href":"https:\/\/antcube.shop\/tr\/wp-json\/wp\/v2\/product_cat?post=8185"},{"taxonomy":"product_tag","embeddable":true,"href":"https:\/\/antcube.shop\/tr\/wp-json\/wp\/v2\/product_tag?post=8185"}],"curies":[{"name":"wp","href":"https:\/\/api.w.org\/{rel}","templated":true}]}}