{"id":8070,"date":"2024-06-07T18:24:40","date_gmt":"2024-06-07T16:24:40","guid":{"rendered":"https:\/\/antcube.shop\/product\/unisex-t-shirt\/"},"modified":"2024-12-12T11:08:49","modified_gmt":"2024-12-12T10:08:49","slug":"unisex-tisort","status":"publish","type":"product","link":"https:\/\/antcube.shop\/tr\/urun\/unisex-tisort\/","title":{"rendered":"Unisex ti\u015f\u00f6rt"},"content":{"rendered":"<p>Bu ti\u015f\u00f6rt hayal etti\u011finiz her \u015fey ve daha fazlas\u0131. Do\u011fru miktarda stre\u00e7 ile yumu\u015fak ve hafif bir his verir. Herkes i\u00e7in rahat ve gurur verici. <\/p>\n<p>- 100% penye ve ring iplik pamuk (Funda renkleri polyester i\u00e7erir)<br \/>\n- Kuma\u015f a\u011f\u0131rl\u0131\u011f\u0131: 4,2 oz.\/yd.\u00b2 (142 g\/m\u00b2)<br \/>\n- \u00d6nceden \u00e7ektirilmi\u015f kuma\u015f<br \/>\n- Yandan diki\u015fli yap\u0131<br \/>\n- Omuzdan omuza bantlama<br \/>\n- Nikaragua, Meksika, Honduras veya ABD men\u015feli bo\u015f \u00fcr\u00fcn<\/p>\n<p>Bu \u00fcr\u00fcn, sipari\u015f verdi\u011finiz anda sizin i\u00e7in \u00f6zel olarak \u00fcretilmektedir, bu nedenle size ula\u015ft\u0131rmam\u0131z biraz daha uzun s\u00fcrmektedir. \u00dcr\u00fcnleri toplu olarak \u00fcretmek yerine talep \u00fczerine \u00fcretmek fazla \u00fcretimi azaltmaya yard\u0131mc\u0131 olur, bu nedenle d\u00fc\u015f\u00fcnceli sat\u0131n alma kararlar\u0131 verdi\u011finiz i\u00e7in te\u015fekk\u00fcr ederiz!<\/p>","protected":false},"excerpt":{"rendered":"<p>Bu ti\u015f\u00f6rt hayal etti\u011finiz her \u015fey ve daha fazlas\u0131. Do\u011fru miktarda stre\u00e7 ile yumu\u015fak ve hafif bir his verir. Herkes i\u00e7in rahat ve gurur vericidir. - 100% penye ve ring b\u00fck\u00fclm\u00fc\u015f pamuk (Funda renkleri polyester i\u00e7erir) - Kuma\u015f a\u011f\u0131rl\u0131\u011f\u0131: 4,2 oz.\/yd.\u00b2 (142 g\/m\u00b2) - \u00d6nceden \u00e7ektirilmi\u015f kuma\u015f - Yandan diki\u015fli yap\u0131 - Omuzdan omuza bantlama - Bo\u015f \u00fcr\u00fcn","protected":false},"featured_media":8150,"comment_status":"open","ping_status":"closed","template":"","meta":{"_acf_changed":false,"content-type":"","_monsterinsights_skip_tracking":false,"_monsterinsights_sitenote_active":false,"_monsterinsights_sitenote_note":"","_monsterinsights_sitenote_category":0},"product_brand":[],"product_cat":[245],"product_tag":[],"class_list":{"0":"post-8070","1":"product","2":"type-product","3":"status-publish","4":"has-post-thumbnail","6":"product_cat-merchandise","8":"first","9":"instock","10":"taxable","11":"shipping-taxable","12":"purchasable","13":"product-type-variable"},"acf":[],"aioseo_notices":[],"jetpack_sharing_enabled":true,"_links":{"self":[{"href":"https:\/\/antcube.shop\/tr\/wp-json\/wp\/v2\/product\/8070","targetHints":{"allow":["GET"]}}],"collection":[{"href":"https:\/\/antcube.shop\/tr\/wp-json\/wp\/v2\/product"}],"about":[{"href":"https:\/\/antcube.shop\/tr\/wp-json\/wp\/v2\/types\/product"}],"replies":[{"embeddable":true,"href":"https:\/\/antcube.shop\/tr\/wp-json\/wp\/v2\/comments?post=8070"}],"wp:featuredmedia":[{"embeddable":true,"href":"https:\/\/antcube.shop\/tr\/wp-json\/wp\/v2\/media\/8150"}],"wp:attachment":[{"href":"https:\/\/antcube.shop\/tr\/wp-json\/wp\/v2\/media?parent=8070"}],"wp:term":[{"taxonomy":"product_brand","embeddable":true,"href":"https:\/\/antcube.shop\/tr\/wp-json\/wp\/v2\/product_brand?post=8070"},{"taxonomy":"product_cat","embeddable":true,"href":"https:\/\/antcube.shop\/tr\/wp-json\/wp\/v2\/product_cat?post=8070"},{"taxonomy":"product_tag","embeddable":true,"href":"https:\/\/antcube.shop\/tr\/wp-json\/wp\/v2\/product_tag?post=8070"}],"curies":[{"name":"wp","href":"https:\/\/api.w.org\/{rel}","templated":true}]}}