{"id":7997,"date":"2024-06-07T18:17:29","date_gmt":"2024-06-07T16:17:29","guid":{"rendered":"https:\/\/antcube.shop\/product\/unisex-hoodie\/"},"modified":"2024-12-12T11:08:58","modified_gmt":"2024-12-12T10:08:58","slug":"unisex-kapusonlu-sweatshirt","status":"publish","type":"product","link":"https:\/\/antcube.shop\/tr\/urun\/unisex-kapusonlu-sweatshirt\/","title":{"rendered":"Unisex Kap\u00fc\u015fonlu"},"content":{"rendered":"<p>Herkesin k\u0131vr\u0131l\u0131p yataca\u011f\u0131 rahat bir kap\u00fc\u015fonluya ihtiyac\u0131 vard\u0131r, bu y\u00fczden yumu\u015fak, p\u00fcr\u00fczs\u00fcz ve \u015f\u0131k bir kap\u00fc\u015fonlu tercih edin. Serin ak\u015famlar i\u00e7in m\u00fckemmel bir se\u00e7im!<\/p>\n<p>- 50% \u00f6nceden \u00e7ektirilmi\u015f pamuk, 50% polyester<br \/>\n- Kuma\u015f a\u011f\u0131rl\u0131\u011f\u0131: 8,0 oz\/yd\u00b2 (271,25 g\/m\u00b2)<br \/>\n- Yumu\u015fak bir his veren ve boncuklanmay\u0131 azaltan hava jetli e\u011firilmi\u015f iplik<br \/>\n- E\u015fle\u015fen kordonlu \u00e7ift astarl\u0131 kap\u00fc\u015fon<br \/>\n- Ortadaki k\u0131r\u0131\u015f\u0131kl\u0131\u011f\u0131 \u00f6nlemek i\u00e7in \u00e7eyrek d\u00f6n\u00fc\u015fl\u00fc g\u00f6vde<br \/>\n- 1 \u00d7 1 atletik ribana \u00f6rg\u00fcl\u00fc man\u015fetler ve spandeksli bel band\u0131<br \/>\n- \u00d6n kese cebi<br \/>\n- \u00c7ift i\u011fne diki\u015fli yaka, omuzlar, kol a\u011f\u0131zlar\u0131, man\u015fetler ve etek ucu<br \/>\n- Banglade\u015f, Nikaragua, Honduras veya El Salvador'dan temin edilen bo\u015f \u00fcr\u00fcn<\/p>\n<p>Bu \u00fcr\u00fcn, sipari\u015f verdi\u011finiz anda sizin i\u00e7in \u00f6zel olarak \u00fcretilmektedir, bu nedenle size ula\u015ft\u0131rmam\u0131z biraz daha uzun s\u00fcrmektedir. \u00dcr\u00fcnleri toplu olarak \u00fcretmek yerine talep \u00fczerine \u00fcretmek fazla \u00fcretimi azaltmaya yard\u0131mc\u0131 olur, bu nedenle d\u00fc\u015f\u00fcnceli sat\u0131n alma kararlar\u0131 verdi\u011finiz i\u00e7in te\u015fekk\u00fcr ederiz!<\/p>","protected":false},"excerpt":{"rendered":"<p>Herkesin k\u0131vr\u0131l\u0131p yataca\u011f\u0131 rahat bir kap\u00fc\u015fonluya ihtiyac\u0131 vard\u0131r, bu y\u00fczden yumu\u015fak, p\u00fcr\u00fczs\u00fcz ve \u015f\u0131k bir kap\u00fc\u015fonlu tercih edin. Serin ak\u015famlar i\u00e7in m\u00fckemmel bir se\u00e7im! - 50% \u00f6nceden \u00e7ektirilmi\u015f pamuk, 50% polyester - Kuma\u015f a\u011f\u0131rl\u0131\u011f\u0131: 8,0 oz\/yd\u00b2 (271,25 g\/m\u00b2) - Yumu\u015fak bir his veren ve boncuklanmay\u0131 azaltan hava jetli iplik - E\u015fle\u015fen \u00e7ift astarl\u0131 kap\u00fc\u015fon","protected":false},"featured_media":8060,"comment_status":"open","ping_status":"closed","template":"","meta":{"_acf_changed":false,"content-type":"","_monsterinsights_skip_tracking":false,"_monsterinsights_sitenote_active":false,"_monsterinsights_sitenote_note":"","_monsterinsights_sitenote_category":0},"product_brand":[],"product_cat":[245],"product_tag":[],"class_list":{"0":"post-7997","1":"product","2":"type-product","3":"status-publish","4":"has-post-thumbnail","6":"product_cat-merchandise","8":"first","9":"instock","10":"taxable","11":"shipping-taxable","12":"purchasable","13":"product-type-variable"},"acf":[],"aioseo_notices":[],"jetpack_sharing_enabled":true,"_links":{"self":[{"href":"https:\/\/antcube.shop\/tr\/wp-json\/wp\/v2\/product\/7997","targetHints":{"allow":["GET"]}}],"collection":[{"href":"https:\/\/antcube.shop\/tr\/wp-json\/wp\/v2\/product"}],"about":[{"href":"https:\/\/antcube.shop\/tr\/wp-json\/wp\/v2\/types\/product"}],"replies":[{"embeddable":true,"href":"https:\/\/antcube.shop\/tr\/wp-json\/wp\/v2\/comments?post=7997"}],"wp:featuredmedia":[{"embeddable":true,"href":"https:\/\/antcube.shop\/tr\/wp-json\/wp\/v2\/media\/8060"}],"wp:attachment":[{"href":"https:\/\/antcube.shop\/tr\/wp-json\/wp\/v2\/media?parent=7997"}],"wp:term":[{"taxonomy":"product_brand","embeddable":true,"href":"https:\/\/antcube.shop\/tr\/wp-json\/wp\/v2\/product_brand?post=7997"},{"taxonomy":"product_cat","embeddable":true,"href":"https:\/\/antcube.shop\/tr\/wp-json\/wp\/v2\/product_cat?post=7997"},{"taxonomy":"product_tag","embeddable":true,"href":"https:\/\/antcube.shop\/tr\/wp-json\/wp\/v2\/product_tag?post=7997"}],"curies":[{"name":"wp","href":"https:\/\/api.w.org\/{rel}","templated":true}]}}