{"id":7942,"date":"2024-05-29T15:42:05","date_gmt":"2024-05-29T13:42:05","guid":{"rendered":"https:\/\/antcube.shop\/product\/rote-abdeckplatte-20x20-liegend\/"},"modified":"2026-04-24T17:51:18","modified_gmt":"2026-04-24T15:51:18","slug":"kirmizi-kapak-plakasi-20x20","status":"publish","type":"product","link":"https:\/\/antcube.shop\/tr\/urun\/kirmizi-kapak-plakasi-20x20\/","title":{"rendered":"K\u0131rm\u0131z\u0131 kapak plakas\u0131 20\u00d720 - yatay"},"content":{"rendered":"<p><strong>Boyutlar:<\/strong> 180 x 180 mm,<br \/>\n<strong>Kal\u0131nl\u0131k:<\/strong> 3 mm<br \/>\n56 mm delik halkas\u0131 d\u0131\u015f boyutu - 33 mm delik i\u00e7 boyutu<\/p>\n<p><strong>Malzeme:<\/strong> PMMA<\/p>\n<p><strong>Renk:<\/strong> koyu k\u0131rm\u0131z\u0131, \u015feffaf<\/p>\n<p><strong>\u0130\u00e7erik:<\/strong> 1 adet.<\/p>\n<p><strong>A\u00e7\u0131klama:<\/strong> K\u0131rm\u0131z\u0131 \u015feffaf kapak plakas\u0131 - yatay, kar\u0131ncalara yeralt\u0131 hissi vermek i\u00e7in kullan\u0131l\u0131r. Bu nedenle bu \u00fcr\u00fcn\u00fc en az\u0131ndan k\u0131smen yuva alan\u0131nda kullanman\u0131z\u0131 \u00f6neririz. Yuvadaki kar\u0131ncalar\u0131 kapaktan bile g\u00f6rebilirsiniz.<\/p>","protected":false},"excerpt":{"rendered":"<p>Boyutlar: 180 x 180 mm, Kal\u0131nl\u0131k: 3 mm 56mm delik halkas\u0131 d\u0131\u015f boyutu - 33mm delik i\u00e7 boyutu Malzeme: PMMA Renk: koyu k\u0131rm\u0131z\u0131, \u015feffaf \u0130\u00e7erik: 1 adet A\u00e7\u0131klama: K\u0131rm\u0131z\u0131 \u015feffaf kapak plakas\u0131 - yatay, kar\u0131ncalara yeralt\u0131 hissi vermek i\u00e7in kullan\u0131l\u0131r. Bu nedenle, bu \u00fcr\u00fcn\u00fc en az\u0131ndan k\u0131smen yeralt\u0131nda kullanman\u0131z\u0131 \u00f6neririz.","protected":false},"featured_media":7945,"comment_status":"open","ping_status":"closed","template":"","meta":{"_acf_changed":false,"content-type":"","_monsterinsights_skip_tracking":false,"_monsterinsights_sitenote_active":false,"_monsterinsights_sitenote_note":"","_monsterinsights_sitenote_category":0},"product_brand":[],"product_cat":[119,239],"product_tag":[],"class_list":{"0":"post-7942","1":"product","2":"type-product","3":"status-publish","4":"has-post-thumbnail","6":"product_cat-formicarium-components","7":"product_cat-useful-additions","9":"first","10":"instock","11":"taxable","12":"shipping-taxable","13":"purchasable","14":"product-type-simple"},"acf":[],"aioseo_notices":[],"jetpack_sharing_enabled":true,"_links":{"self":[{"href":"https:\/\/antcube.shop\/tr\/wp-json\/wp\/v2\/product\/7942","targetHints":{"allow":["GET"]}}],"collection":[{"href":"https:\/\/antcube.shop\/tr\/wp-json\/wp\/v2\/product"}],"about":[{"href":"https:\/\/antcube.shop\/tr\/wp-json\/wp\/v2\/types\/product"}],"replies":[{"embeddable":true,"href":"https:\/\/antcube.shop\/tr\/wp-json\/wp\/v2\/comments?post=7942"}],"wp:featuredmedia":[{"embeddable":true,"href":"https:\/\/antcube.shop\/tr\/wp-json\/wp\/v2\/media\/7945"}],"wp:attachment":[{"href":"https:\/\/antcube.shop\/tr\/wp-json\/wp\/v2\/media?parent=7942"}],"wp:term":[{"taxonomy":"product_brand","embeddable":true,"href":"https:\/\/antcube.shop\/tr\/wp-json\/wp\/v2\/product_brand?post=7942"},{"taxonomy":"product_cat","embeddable":true,"href":"https:\/\/antcube.shop\/tr\/wp-json\/wp\/v2\/product_cat?post=7942"},{"taxonomy":"product_tag","embeddable":true,"href":"https:\/\/antcube.shop\/tr\/wp-json\/wp\/v2\/product_tag?post=7942"}],"curies":[{"name":"wp","href":"https:\/\/api.w.org\/{rel}","templated":true}]}}