{"id":7590,"date":"2024-04-04T16:24:13","date_gmt":"2024-04-04T14:24:13","guid":{"rendered":"https:\/\/antcube.shop\/product\/thermo-hygrometer-analog-display-43mm-hangend\/"},"modified":"2026-01-15T16:08:58","modified_gmt":"2026-01-15T15:08:58","slug":"termo-higrometre-analog-ekran-43mm-asili","status":"publish","type":"product","link":"https:\/\/antcube.shop\/tr\/urun\/termo-higrometre-analog-ekran-43mm-asili\/","title":{"rendered":"Termo-higrometre analog - ekran - 43mm - as\u0131l\u0131"},"content":{"rendered":"<p><strong>Boyutlar:<\/strong> 73mm x 63mm, 20mm derinlik<\/p>\n<p><strong>Malzeme:<\/strong> metal \/ akri\u0307li\u0307k<\/p>\n<p><strong>Renk:<\/strong> metal, g\u00fcm\u00fc\u015f \/ \u015feffaf<\/p>\n<p><strong>\u0130\u00e7erik:<\/strong> 1x termo-higrometre analog metal - 43mm, 1x \u00f6l\u00e7\u00fcm cihaz\u0131 i\u00e7in girintili akrilik cam tutucu - 73x59mm, 1x akrilik cam taban - 73x20mm, 2x \u015feffaf yap\u0131\u015fkan ped - 30x20mm<\/p>\n<p><strong>A\u00e7\u0131klama:<\/strong><br \/>\nSet, akrilik bir cam plakaya (73x59mm) yerle\u015ftirilmi\u015f metalden (43mm) yap\u0131lm\u0131\u015f analog termometre ve higrometreden olu\u015fur. Ekran, taban\u0131 (73x20mm) arena kapaklar\u0131na veya \u00e7er\u00e7evelere tutturmak i\u00e7in kullan\u0131labilen iki \u015feffaf yap\u0131\u015fkan ped kullan\u0131larak tutturulmu\u015ftur.<\/p>\n<p><strong>\u00d6nemli:<\/strong><br \/>\nG\u00f6stergenin arkas\u0131 temiz tutulmal\u0131d\u0131r, aksi takdirde \u00f6l\u00e7\u00fcm hatalar\u0131 meydana gelebilir.<\/p>\n<p><strong>Do\u011fruluk Termometresi:<\/strong> +\/- 2\u00b0C , +\/- 4\u00b0F<br \/>\n<strong>Do\u011fruluk higrometresi:<\/strong> +\/- 5%<\/p>","protected":false},"excerpt":{"rendered":"<p>Akrilik cam plaka (73x63mm) i\u00e7ine yerle\u015ftirilmi\u015f metalden (43mm) termometre ve higrometre seti<\/p>","protected":false},"featured_media":7580,"comment_status":"open","ping_status":"closed","template":"","meta":{"_acf_changed":false,"content-type":"","_monsterinsights_skip_tracking":false,"_monsterinsights_sitenote_active":false,"_monsterinsights_sitenote_note":"","_monsterinsights_sitenote_category":0},"product_brand":[],"product_cat":[359,119],"product_tag":[],"class_list":{"0":"post-7590","1":"product","2":"type-product","3":"status-publish","4":"has-post-thumbnail","6":"product_cat-light-heat-humidity","7":"product_cat-formicarium-components","9":"first","10":"instock","11":"taxable","12":"shipping-taxable","13":"purchasable","14":"product-type-simple"},"acf":[],"aioseo_notices":[],"jetpack_sharing_enabled":true,"_links":{"self":[{"href":"https:\/\/antcube.shop\/tr\/wp-json\/wp\/v2\/product\/7590","targetHints":{"allow":["GET"]}}],"collection":[{"href":"https:\/\/antcube.shop\/tr\/wp-json\/wp\/v2\/product"}],"about":[{"href":"https:\/\/antcube.shop\/tr\/wp-json\/wp\/v2\/types\/product"}],"replies":[{"embeddable":true,"href":"https:\/\/antcube.shop\/tr\/wp-json\/wp\/v2\/comments?post=7590"}],"wp:featuredmedia":[{"embeddable":true,"href":"https:\/\/antcube.shop\/tr\/wp-json\/wp\/v2\/media\/7580"}],"wp:attachment":[{"href":"https:\/\/antcube.shop\/tr\/wp-json\/wp\/v2\/media?parent=7590"}],"wp:term":[{"taxonomy":"product_brand","embeddable":true,"href":"https:\/\/antcube.shop\/tr\/wp-json\/wp\/v2\/product_brand?post=7590"},{"taxonomy":"product_cat","embeddable":true,"href":"https:\/\/antcube.shop\/tr\/wp-json\/wp\/v2\/product_cat?post=7590"},{"taxonomy":"product_tag","embeddable":true,"href":"https:\/\/antcube.shop\/tr\/wp-json\/wp\/v2\/product_tag?post=7590"}],"curies":[{"name":"wp","href":"https:\/\/api.w.org\/{rel}","templated":true}]}}