{"id":7589,"date":"2024-04-04T16:24:06","date_gmt":"2024-04-04T14:24:06","guid":{"rendered":"https:\/\/antcube.shop\/product\/mini-thermo-hygrometer-analog-metall-43mm\/"},"modified":"2026-04-15T09:42:42","modified_gmt":"2026-04-15T07:42:42","slug":"mini-termo-higrometre-analog-metal-43mm","status":"publish","type":"product","link":"https:\/\/antcube.shop\/tr\/urun\/mini-termo-higrometre-analog-metal-43mm\/","title":{"rendered":"Mini termo-higrometre analog metal - 43mm"},"content":{"rendered":"<p><strong>Boyut:<\/strong> 43mm (40mm delik i\u00e7in)<\/p>\n<p><strong>Malzeme \/ Renk:<\/strong> metal, g\u00fcm\u00fc\u015f<\/p>\n<p><strong>\u00d6l\u00e7\u00fcyorum:<\/strong><\/p>\n<p><strong>Termometre:<\/strong> -20 ila +50\u00b0C \/ -10 ila +130\u00b0F<br \/>\n<strong>Do\u011fruluk:<\/strong> +\/- 2\u00b0C , +\/- 4\u00b0F<\/p>\n<p><strong>Higrometre:<\/strong> 0 ila 100%<br \/>\n<strong>Do\u011fruluk:<\/strong> +\/- 5%<\/p>\n<p><strong>A\u00e7\u0131klama:<\/strong><br \/>\n\u00d6zellikle \u00e7ok k\u00fc\u00e7\u00fck formikaryalar i\u00e7in uygun olan analog termo\/higrometre.<\/p>\n<p><strong>Not:<\/strong><br \/>\nArka taraftaki \u00f6l\u00e7\u00fcm aletleri serbest kalmal\u0131d\u0131r, aksi takdirde \u00f6l\u00e7\u00fcm hatalar\u0131 meydana gelebilir.<\/p>","protected":false},"excerpt":{"rendered":"<p>Boyut: 43mm (40mm delik i\u00e7in) Malzeme \/ Renk: metal, g\u00fcm\u00fc\u015f \u00d6l\u00e7\u00fcm: Termometre: -20 ila +50\u00b0C \/ -10 ila +130\u00b0F Do\u011fruluk: +\/- 2\u00b0C, +\/- 4\u00b0F Higrometre: 0 ila 100% Do\u011fruluk: +\/- 5% A\u00e7\u0131klama: \u00d6zellikle \u00e7ok k\u00fc\u00e7\u00fck formikaryalar i\u00e7in uygun olan analog termo\/higrometre. Not: Arka taraftaki \u00f6l\u00e7\u00fcm aletleri serbest kalmal\u0131d\u0131r, aksi takdirde \u00f6l\u00e7\u00fcm","protected":false},"featured_media":7581,"comment_status":"open","ping_status":"closed","template":"","meta":{"_acf_changed":false,"content-type":"","_monsterinsights_skip_tracking":false,"_monsterinsights_sitenote_active":false,"_monsterinsights_sitenote_note":"","_monsterinsights_sitenote_category":0},"product_brand":[],"product_cat":[359,119],"product_tag":[],"class_list":{"0":"post-7589","1":"product","2":"type-product","3":"status-publish","4":"has-post-thumbnail","6":"product_cat-light-heat-humidity","7":"product_cat-formicarium-components","9":"first","10":"instock","11":"taxable","12":"shipping-taxable","13":"purchasable","14":"product-type-simple"},"acf":[],"aioseo_notices":[],"jetpack_sharing_enabled":true,"_links":{"self":[{"href":"https:\/\/antcube.shop\/tr\/wp-json\/wp\/v2\/product\/7589","targetHints":{"allow":["GET"]}}],"collection":[{"href":"https:\/\/antcube.shop\/tr\/wp-json\/wp\/v2\/product"}],"about":[{"href":"https:\/\/antcube.shop\/tr\/wp-json\/wp\/v2\/types\/product"}],"replies":[{"embeddable":true,"href":"https:\/\/antcube.shop\/tr\/wp-json\/wp\/v2\/comments?post=7589"}],"wp:featuredmedia":[{"embeddable":true,"href":"https:\/\/antcube.shop\/tr\/wp-json\/wp\/v2\/media\/7581"}],"wp:attachment":[{"href":"https:\/\/antcube.shop\/tr\/wp-json\/wp\/v2\/media?parent=7589"}],"wp:term":[{"taxonomy":"product_brand","embeddable":true,"href":"https:\/\/antcube.shop\/tr\/wp-json\/wp\/v2\/product_brand?post=7589"},{"taxonomy":"product_cat","embeddable":true,"href":"https:\/\/antcube.shop\/tr\/wp-json\/wp\/v2\/product_cat?post=7589"},{"taxonomy":"product_tag","embeddable":true,"href":"https:\/\/antcube.shop\/tr\/wp-json\/wp\/v2\/product_tag?post=7589"}],"curies":[{"name":"wp","href":"https:\/\/api.w.org\/{rel}","templated":true}]}}