{"id":7588,"date":"2024-04-04T16:18:04","date_gmt":"2024-04-04T14:18:04","guid":{"rendered":"https:\/\/antcube.shop\/product\/saugnapfhalter-16mm-2-stk\/"},"modified":"2026-04-13T09:29:41","modified_gmt":"2026-04-13T07:29:41","slug":"vantuz-tutucu-16mm","status":"publish","type":"product","link":"https:\/\/antcube.shop\/tr\/urun\/vantuz-tutucu-16mm\/","title":{"rendered":"Vantuz tutucu 16mm - 2 adet."},"content":{"rendered":"<p><strong>\u0130\u00e7indekiler:<\/strong><br \/>\n2x vantuz montaj\u0131 16mm<\/p>\n<p><strong>A\u00e7\u0131klama:<\/strong><br \/>\n16mm ve 18mm test t\u00fcpleri i\u00e7in pens tutucu.<br \/>\nYuva t\u00fcplerini \/ test t\u00fcplerini formikarya cam\u0131na tutturmak veya uygun boyuttaki hortumlar\u0131 sabitlemek i\u00e7in kullan\u0131labilir.<\/p>","protected":false},"excerpt":{"rendered":"<p>\u0130\u00e7indekiler: 2x vantuz montaj 16mm A\u00e7\u0131klama: 16mm ve 18mm test t\u00fcpleri i\u00e7in kelep\u00e7e tutucu. Yuva t\u00fcplerini \/ test t\u00fcplerini formikarya cam\u0131na tutturmak veya uygun boyuttaki hortumlar\u0131 sabitlemek i\u00e7in kullan\u0131labilir.<\/p>","protected":false},"featured_media":7585,"comment_status":"open","ping_status":"closed","template":"","meta":{"_acf_changed":false,"content-type":"","_monsterinsights_skip_tracking":false,"_monsterinsights_sitenote_active":false,"_monsterinsights_sitenote_note":"","_monsterinsights_sitenote_category":0},"product_brand":[],"product_cat":[119,239,237],"product_tag":[],"class_list":{"0":"post-7588","1":"product","2":"type-product","3":"status-publish","4":"has-post-thumbnail","6":"product_cat-formicarium-components","7":"product_cat-useful-additions","8":"product_cat-tools","10":"first","11":"instock","12":"taxable","13":"shipping-taxable","14":"purchasable","15":"product-type-simple"},"acf":[],"aioseo_notices":[],"jetpack_sharing_enabled":true,"_links":{"self":[{"href":"https:\/\/antcube.shop\/tr\/wp-json\/wp\/v2\/product\/7588","targetHints":{"allow":["GET"]}}],"collection":[{"href":"https:\/\/antcube.shop\/tr\/wp-json\/wp\/v2\/product"}],"about":[{"href":"https:\/\/antcube.shop\/tr\/wp-json\/wp\/v2\/types\/product"}],"replies":[{"embeddable":true,"href":"https:\/\/antcube.shop\/tr\/wp-json\/wp\/v2\/comments?post=7588"}],"wp:featuredmedia":[{"embeddable":true,"href":"https:\/\/antcube.shop\/tr\/wp-json\/wp\/v2\/media\/7585"}],"wp:attachment":[{"href":"https:\/\/antcube.shop\/tr\/wp-json\/wp\/v2\/media?parent=7588"}],"wp:term":[{"taxonomy":"product_brand","embeddable":true,"href":"https:\/\/antcube.shop\/tr\/wp-json\/wp\/v2\/product_brand?post=7588"},{"taxonomy":"product_cat","embeddable":true,"href":"https:\/\/antcube.shop\/tr\/wp-json\/wp\/v2\/product_cat?post=7588"},{"taxonomy":"product_tag","embeddable":true,"href":"https:\/\/antcube.shop\/tr\/wp-json\/wp\/v2\/product_tag?post=7588"}],"curies":[{"name":"wp","href":"https:\/\/api.w.org\/{rel}","templated":true}]}}