{"id":7502,"date":"2024-04-04T11:27:29","date_gmt":"2024-04-04T09:27:29","guid":{"rendered":"https:\/\/antcube.shop\/product\/folien-thermometer-arena\/"},"modified":"2026-04-02T09:54:51","modified_gmt":"2026-04-02T07:54:51","slug":"folyo-termometre-arena","status":"publish","type":"product","link":"https:\/\/antcube.shop\/tr\/urun\/folyo-termometre-arena\/","title":{"rendered":"Folyo termometre - arena"},"content":{"rendered":"<p><strong>Boyut:<\/strong> 30mm x 36,5mm<\/p>\n<p><strong>\u00d6l\u00e7\u00fcm aral\u0131\u011f\u0131:<\/strong> +12\u00b0C ila +34\u00b0C<\/p>\n<p><strong>Do\u011fruluk:<\/strong> +\/- 1\u00b0C<\/p>\n<p><strong>A\u00e7\u0131klama:<\/strong><br \/>\nKar\u0131nca arenas\u0131n\u0131n\/formikaryumunun cam\u0131na i\u00e7eriden tak\u0131labilen folyo termometre. Arka taraftaki folyonun alt\u0131nda yap\u0131\u015fkan y\u00fczey.<\/p>\n<p><strong>S\u0131cakl\u0131\u011f\u0131 okumak i\u00e7in:<\/strong><br \/>\nYe\u015fil alan mevcut s\u0131cakl\u0131\u011f\u0131 g\u00f6sterir.<br \/>\nK\u0131rm\u0131z\u0131 alan a\u00e7\u0131k\u00e7a g\u00f6r\u00fclebiliyorsa, 0,5\u00b0C \u00e7\u0131kar\u0131n<br \/>\nMavi alan a\u00e7\u0131k\u00e7a g\u00f6r\u00fclebiliyorsa 0,5\u00b0C ekleyin<\/p>","protected":false},"excerpt":{"rendered":"<p>\u00d6l\u00e7\u00fcm aral\u0131\u011f\u0131: +12\u00b0C ila +34\u00b0C<\/p>","protected":false},"featured_media":7592,"comment_status":"open","ping_status":"closed","template":"","meta":{"_acf_changed":false,"content-type":"","_monsterinsights_skip_tracking":false,"_monsterinsights_sitenote_active":false,"_monsterinsights_sitenote_note":"","_monsterinsights_sitenote_category":0},"product_brand":[],"product_cat":[359,119,239],"product_tag":[],"class_list":{"0":"post-7502","1":"product","2":"type-product","3":"status-publish","4":"has-post-thumbnail","6":"product_cat-light-heat-humidity","7":"product_cat-formicarium-components","8":"product_cat-useful-additions","10":"first","11":"instock","12":"taxable","13":"shipping-taxable","14":"purchasable","15":"product-type-simple"},"acf":[],"aioseo_notices":[],"jetpack_sharing_enabled":true,"_links":{"self":[{"href":"https:\/\/antcube.shop\/tr\/wp-json\/wp\/v2\/product\/7502","targetHints":{"allow":["GET"]}}],"collection":[{"href":"https:\/\/antcube.shop\/tr\/wp-json\/wp\/v2\/product"}],"about":[{"href":"https:\/\/antcube.shop\/tr\/wp-json\/wp\/v2\/types\/product"}],"replies":[{"embeddable":true,"href":"https:\/\/antcube.shop\/tr\/wp-json\/wp\/v2\/comments?post=7502"}],"wp:featuredmedia":[{"embeddable":true,"href":"https:\/\/antcube.shop\/tr\/wp-json\/wp\/v2\/media\/7592"}],"wp:attachment":[{"href":"https:\/\/antcube.shop\/tr\/wp-json\/wp\/v2\/media?parent=7502"}],"wp:term":[{"taxonomy":"product_brand","embeddable":true,"href":"https:\/\/antcube.shop\/tr\/wp-json\/wp\/v2\/product_brand?post=7502"},{"taxonomy":"product_cat","embeddable":true,"href":"https:\/\/antcube.shop\/tr\/wp-json\/wp\/v2\/product_cat?post=7502"},{"taxonomy":"product_tag","embeddable":true,"href":"https:\/\/antcube.shop\/tr\/wp-json\/wp\/v2\/product_tag?post=7502"}],"curies":[{"name":"wp","href":"https:\/\/api.w.org\/{rel}","templated":true}]}}