{"id":7500,"date":"2024-04-04T11:27:17","date_gmt":"2024-04-04T09:27:17","guid":{"rendered":"https:\/\/antcube.shop\/product\/ant-maze-20x20-m\/"},"modified":"2026-01-12T12:39:35","modified_gmt":"2026-01-12T11:39:35","slug":"karinca-labirenti-20x20-m","status":"publish","type":"product","link":"https:\/\/antcube.shop\/tr\/urun\/karinca-labirenti-20x20-m\/","title":{"rendered":"Kar\u0131nca Labirenti 20\u00d720 - M"},"content":{"rendered":"<p><strong>Boyutlar:<\/strong><br \/>\n190x220x23mm; <strong>yol y\u00fcksekli\u011fi<\/strong> 10mm <strong>yol geni\u015fli\u011fi<\/strong> 10-19mm<br \/>\n5x kayar ge\u00e7it kontrol\u00f6r\u00fc<\/p>\n<p><strong>Malzeme:<\/strong> akri\u0307li\u0307k cam<\/p>\n<p><strong>Renk:<\/strong> kristal berrakl\u0131\u011f\u0131nda, \u015feffaf<\/p>\n<p><strong>\u0130\u00e7indekiler:<\/strong><br \/>\n1x Kar\u0131nca Labirenti M, 5x s\u00fcrg\u00fcl\u00fc kumanda ile<\/p>\n<p><strong>Ba\u011flant\u0131:<\/strong> 14\/10mm t\u00fcp i\u00e7in 2x ba\u011flant\u0131 soketi 10mm<\/p>\n<p><strong>A\u00e7\u0131klama:<\/strong> Birka\u00e7 katmanl\u0131 panelden olu\u015fan kar\u0131nca labirenti d\u00fcz formikaryum. Kar\u0131nca Labirenti hortumlarla uzat\u0131labilir veya entegre ba\u011flant\u0131 soketleri kullan\u0131larak bir kar\u0131nca arenas\u0131na ba\u011flanabilir. Be\u015f yerle\u015fik kayd\u0131r\u0131c\u0131, kar\u0131ncalar\u0131n labirentte farkl\u0131 yollar a\u00e7mas\u0131na veya kapatmas\u0131na olanak tan\u0131r. Bu, \u00f6rne\u011fin E\u011fitim kurumlar\u0131nda deneyler i\u00e7in veya kar\u0131ncalar\u0131n yollar\u0131n\u0131 nas\u0131l bulduklar\u0131n\u0131 ve beslenme alanlar\u0131 gibi aniden de\u011fi\u015fen rotalara nas\u0131l uyum sa\u011flad\u0131klar\u0131n\u0131 g\u00f6zlemlemek i\u00e7in evde kullan\u0131labilir.<\/p>\n<p><strong>Not:<\/strong> 0,5 mm'lik bo\u015fluklar olu\u015fabilir.<\/p>\n<p><strong>Ba\u011flant\u0131 soketleri hakk\u0131nda not<\/strong><br \/>\nHortumlar\u0131 takarken veya \u00e7\u0131kar\u0131rken l\u00fctfen a\u015fa\u011f\u0131dakilere dikkat edin:<br \/>\nHortumun ba\u011flant\u0131 soketine oturtulmas\u0131 \u00e7ok zorsa, soket bir damla patlak koruma ya\u011f\u0131 veya tozuyla hafif\u00e7e ovulmal\u0131d\u0131r. Daha sonra hortum, yukar\u0131 ve a\u015fa\u011f\u0131 hareketlerle soketi zorlamadan b\u00fckme veya vidalama hareketleri kullan\u0131larak sokete itilmelidir. Ayn\u0131 durum hortumlar\u0131 \u00e7iftlik ba\u011flant\u0131 soketinden \u00e7\u0131kar\u0131rken de ge\u00e7erlidir. L\u00fctfen basit\u00e7e \u00e7ekip \u00e7\u0131karmay\u0131n!<\/p>","protected":false},"excerpt":{"rendered":"<p>Ba\u011flant\u0131: Soket 2x 10mm<\/p>","protected":false},"featured_media":7600,"comment_status":"open","ping_status":"closed","template":"","meta":{"_acf_changed":false,"content-type":"","_monsterinsights_skip_tracking":false,"_monsterinsights_sitenote_active":false,"_monsterinsights_sitenote_note":"","_monsterinsights_sitenote_category":0},"product_brand":[],"product_cat":[257,119,239,91],"product_tag":[],"class_list":{"0":"post-7500","1":"product","2":"type-product","3":"status-publish","4":"has-post-thumbnail","6":"product_cat-new-innovatve-products","7":"product_cat-formicarium-components","8":"product_cat-useful-additions","9":"product_cat-formicarium-modules","11":"first","12":"instock","13":"taxable","14":"shipping-taxable","15":"purchasable","16":"product-type-simple"},"acf":[],"aioseo_notices":[],"jetpack_sharing_enabled":true,"_links":{"self":[{"href":"https:\/\/antcube.shop\/tr\/wp-json\/wp\/v2\/product\/7500","targetHints":{"allow":["GET"]}}],"collection":[{"href":"https:\/\/antcube.shop\/tr\/wp-json\/wp\/v2\/product"}],"about":[{"href":"https:\/\/antcube.shop\/tr\/wp-json\/wp\/v2\/types\/product"}],"replies":[{"embeddable":true,"href":"https:\/\/antcube.shop\/tr\/wp-json\/wp\/v2\/comments?post=7500"}],"wp:featuredmedia":[{"embeddable":true,"href":"https:\/\/antcube.shop\/tr\/wp-json\/wp\/v2\/media\/7600"}],"wp:attachment":[{"href":"https:\/\/antcube.shop\/tr\/wp-json\/wp\/v2\/media?parent=7500"}],"wp:term":[{"taxonomy":"product_brand","embeddable":true,"href":"https:\/\/antcube.shop\/tr\/wp-json\/wp\/v2\/product_brand?post=7500"},{"taxonomy":"product_cat","embeddable":true,"href":"https:\/\/antcube.shop\/tr\/wp-json\/wp\/v2\/product_cat?post=7500"},{"taxonomy":"product_tag","embeddable":true,"href":"https:\/\/antcube.shop\/tr\/wp-json\/wp\/v2\/product_tag?post=7500"}],"curies":[{"name":"wp","href":"https:\/\/api.w.org\/{rel}","templated":true}]}}