{"id":7497,"date":"2024-04-04T11:21:20","date_gmt":"2024-04-04T09:21:20","guid":{"rendered":"https:\/\/antcube.shop\/product\/beckenverbinder-1-1-2-zu-50mm-glasklar\/"},"modified":"2026-04-20T09:58:12","modified_gmt":"2026-04-20T07:58:12","slug":"lavabo-konektoru-1-1-2-ila-50-mm-cam-seffaf","status":"publish","type":"product","link":"https:\/\/antcube.shop\/tr\/urun\/lavabo-konektoru-1-1-2-ila-50-mm-cam-seffaf\/","title":{"rendered":"Lavabo ba\u011flant\u0131s\u0131 1 1\/2\u2033 ila 50mm - cam \u015feffaf"},"content":{"rendered":"<p><span data-text-color=\"alert\"><strong>Dikkat:<\/strong> <\/span>sabitleme i\u00e7in gerekli somun ayr\u0131ca sipari\u015f edilmelidir<\/p>\n<p><strong>Miktar:<\/strong> 1 adet<\/p>\n<p><strong>Renk:<\/strong> glasclear<\/p>\n<p><strong>Malzeme:<\/strong> Plastik<\/p>\n<p><strong>A\u00e7\u0131klama:<\/strong> Bu lavabo borusu konekt\u00f6r\u00fc 1 1\/2 \"50 mm'lik bir deli\u011fe ve 50 mm'lik bir boru d\u0131\u015f \u00e7ap\u0131na uyar.<\/p>","protected":false},"excerpt":{"rendered":"<p>Dikkat: Sabitleme i\u00e7in gerekli somun ayr\u0131ca sipari\u015f edilmelidir Miktar: 1 adet Renk: glasclear Malzeme: Plastik A\u00e7\u0131klama: Bu lavabo borusu konekt\u00f6r\u00fc 1 1\/2 \"50 mm'lik bir deli\u011fe ve 50 mm'lik bir boru d\u0131\u015f \u00e7ap\u0131na uyar.<\/p>","protected":false},"featured_media":7512,"comment_status":"open","ping_status":"closed","template":"","meta":{"_acf_changed":false,"content-type":"","_monsterinsights_skip_tracking":false,"_monsterinsights_sitenote_active":false,"_monsterinsights_sitenote_note":"","_monsterinsights_sitenote_category":0},"product_brand":[],"product_cat":[257,345,119,121],"product_tag":[],"class_list":{"0":"post-7497","1":"product","2":"type-product","3":"status-publish","4":"has-post-thumbnail","6":"product_cat-new-innovatve-products","7":"product_cat-pipe-connectors","8":"product_cat-formicarium-components","9":"product_cat-connectors","11":"first","12":"instock","13":"taxable","14":"shipping-taxable","15":"purchasable","16":"product-type-simple"},"acf":[],"aioseo_notices":[],"jetpack_sharing_enabled":true,"_links":{"self":[{"href":"https:\/\/antcube.shop\/tr\/wp-json\/wp\/v2\/product\/7497","targetHints":{"allow":["GET"]}}],"collection":[{"href":"https:\/\/antcube.shop\/tr\/wp-json\/wp\/v2\/product"}],"about":[{"href":"https:\/\/antcube.shop\/tr\/wp-json\/wp\/v2\/types\/product"}],"replies":[{"embeddable":true,"href":"https:\/\/antcube.shop\/tr\/wp-json\/wp\/v2\/comments?post=7497"}],"wp:featuredmedia":[{"embeddable":true,"href":"https:\/\/antcube.shop\/tr\/wp-json\/wp\/v2\/media\/7512"}],"wp:attachment":[{"href":"https:\/\/antcube.shop\/tr\/wp-json\/wp\/v2\/media?parent=7497"}],"wp:term":[{"taxonomy":"product_brand","embeddable":true,"href":"https:\/\/antcube.shop\/tr\/wp-json\/wp\/v2\/product_brand?post=7497"},{"taxonomy":"product_cat","embeddable":true,"href":"https:\/\/antcube.shop\/tr\/wp-json\/wp\/v2\/product_cat?post=7497"},{"taxonomy":"product_tag","embeddable":true,"href":"https:\/\/antcube.shop\/tr\/wp-json\/wp\/v2\/product_tag?post=7497"}],"curies":[{"name":"wp","href":"https:\/\/api.w.org\/{rel}","templated":true}]}}