{"id":6739,"date":"2023-12-12T15:09:04","date_gmt":"2023-12-12T14:09:04","guid":{"rendered":"https:\/\/antcube.shop\/product\/ameisenarena-abdeckung-60x30\/"},"modified":"2026-04-04T06:34:10","modified_gmt":"2026-04-04T04:34:10","slug":"60x30-karinca-arenasi-kaplamasi","status":"publish","type":"product","link":"https:\/\/antcube.shop\/tr\/urun\/60x30-karinca-arenasi-kaplamasi\/","title":{"rendered":"60\u00d730 \u00f6l\u00e7\u00fclerinde kar\u0131nca arenas\u0131"},"content":{"rendered":"<p><strong>Boyutlar (LxWxH):<\/strong> 60x30x0,4 cm<\/p>\n<p><strong>Malzeme:<\/strong> D\u00fcz cam<\/p>\n<p><strong>Renk:<\/strong> a\u00e7\u0131k \/ \u015feffaf<\/p>\n<p><strong>\u0130\u00e7erik:<\/strong><br \/>\n1x Kar\u0131nca arenas\u0131 kapa\u011f\u0131<br \/>\n1x sabitleme noktas\u0131 4 adet.<\/p>\n<p><strong>A\u00e7\u0131klama:<\/strong><br \/>\nKa\u00e7\u0131\u015f korumas\u0131 olarak kar\u0131nca arenas\u0131 i\u00e7in cam kapak<\/p>\n<p><strong>Nas\u0131l kullan\u0131l\u0131r?<\/strong><br \/>\nCamdan yap\u0131lm\u0131\u015f kar\u0131nca arenas\u0131 \u00f6rt\u00fcs\u00fc, ka\u00e7\u0131\u015f korumas\u0131 olarak ve iklimi d\u00fczenlemek i\u00e7in bir kar\u0131nca arenas\u0131na yerle\u015ftirilebilir.<br \/>\nHavaland\u0131rma \u0131zgaralar\u0131, ayd\u0131nlatma veya nemlendirme gibi iklim kontrol\u00fc i\u00e7in \u00e7e\u015fitli mod\u00fcller 50 mm'lik a\u00e7\u0131kl\u0131klara yerle\u015ftirilebilir.<br \/>\nKar\u0131ncalar\u0131n a\u00e7\u0131kl\u0131klardan ka\u00e7mas\u0131n\u0131 \u00f6nlemek i\u00e7in, deliklerin etraf\u0131ndaki alt tarafa bir kopma korumas\u0131 (ya\u011f, toz veya vernik) uygulanmal\u0131d\u0131r.<\/p>\n<p><strong>Not:<\/strong><br \/>\nE\u015fya camdan yap\u0131ld\u0131\u011f\u0131 ve bu nedenle k\u0131r\u0131lgan oldu\u011fu i\u00e7in \u00e7ok dikkatli kullan\u0131lmal\u0131d\u0131r.<\/p>","protected":false},"excerpt":{"rendered":"<p>Ka\u00e7\u0131\u015f korumas\u0131 olarak kar\u0131nca arenas\u0131 i\u00e7in cam kapak\/kapak<\/p>","protected":false},"featured_media":6730,"comment_status":"open","ping_status":"closed","template":"","meta":{"_acf_changed":false,"content-type":"","_monsterinsights_skip_tracking":false,"_monsterinsights_sitenote_active":false,"_monsterinsights_sitenote_note":"","_monsterinsights_sitenote_category":0},"product_brand":[],"product_cat":[91,92],"product_tag":[],"class_list":{"0":"post-6739","1":"product","2":"type-product","3":"status-publish","4":"has-post-thumbnail","6":"product_cat-formicarium-modules","7":"product_cat-arena-cover","9":"first","10":"instock","11":"taxable","12":"shipping-taxable","13":"purchasable","14":"product-type-simple"},"acf":[],"aioseo_notices":[],"jetpack_sharing_enabled":true,"_links":{"self":[{"href":"https:\/\/antcube.shop\/tr\/wp-json\/wp\/v2\/product\/6739","targetHints":{"allow":["GET"]}}],"collection":[{"href":"https:\/\/antcube.shop\/tr\/wp-json\/wp\/v2\/product"}],"about":[{"href":"https:\/\/antcube.shop\/tr\/wp-json\/wp\/v2\/types\/product"}],"replies":[{"embeddable":true,"href":"https:\/\/antcube.shop\/tr\/wp-json\/wp\/v2\/comments?post=6739"}],"wp:featuredmedia":[{"embeddable":true,"href":"https:\/\/antcube.shop\/tr\/wp-json\/wp\/v2\/media\/6730"}],"wp:attachment":[{"href":"https:\/\/antcube.shop\/tr\/wp-json\/wp\/v2\/media?parent=6739"}],"wp:term":[{"taxonomy":"product_brand","embeddable":true,"href":"https:\/\/antcube.shop\/tr\/wp-json\/wp\/v2\/product_brand?post=6739"},{"taxonomy":"product_cat","embeddable":true,"href":"https:\/\/antcube.shop\/tr\/wp-json\/wp\/v2\/product_cat?post=6739"},{"taxonomy":"product_tag","embeddable":true,"href":"https:\/\/antcube.shop\/tr\/wp-json\/wp\/v2\/product_tag?post=6739"}],"curies":[{"name":"wp","href":"https:\/\/api.w.org\/{rel}","templated":true}]}}