{"id":6738,"date":"2023-12-12T15:03:31","date_gmt":"2023-12-12T14:03:31","guid":{"rendered":"https:\/\/antcube.shop\/product\/rahmen-fur-schiebetur\/"},"modified":"2026-04-15T13:37:53","modified_gmt":"2026-04-15T11:37:53","slug":"surgulu-kapi-icin-cerceve","status":"publish","type":"product","link":"https:\/\/antcube.shop\/tr\/urun\/surgulu-kapi-icin-cerceve\/","title":{"rendered":"S\u00fcrg\u00fcl\u00fc kap\u0131 i\u00e7in \u00e7er\u00e7eve"},"content":{"rendered":"<p><strong>Boyutlar:<\/strong> 250x 270x 20mm<\/p>\n<p><strong>Malzeme:<\/strong> PMMA<\/p>\n<p><strong>\u0130\u00e7indekiler:<\/strong><br \/>\n1x \u00e7er\u00e7eve<br \/>\n4x kenar \u00e7ubu\u011fu<br \/>\n4x hav\u015fa ba\u015fl\u0131 vida M4 20mm<\/p>\n<p><strong>Renk:<\/strong> Kristal berrakl\u0131\u011f\u0131nda<\/p>\n<p><strong>A\u00e7\u0131klama:<\/strong><br \/>\n30x30x60 s\u00fcrg\u00fcl\u00fc kap\u0131 formikaryumlar\u0131m\u0131z i\u00e7in tam oturan kopma koruma \u00e7er\u00e7evesi.<\/p>\n<p><strong>Ek:<\/strong><br \/>\nS\u00fcrg\u00fcl\u00fc kap\u0131 formikaryumunda zaten mevcut olan vidaya do\u011frudan tak\u0131labilir.<\/p>","protected":false},"excerpt":{"rendered":"<p>ANTCUBE s\u00fcrg\u00fcl\u00fc kap\u0131 Formicarium i\u00e7in salg\u0131n korumas\u0131 olarak Akrilik \u00c7er\u00e7eve<\/p>","protected":false},"featured_media":6716,"comment_status":"open","ping_status":"closed","template":"","meta":{"_acf_changed":false,"content-type":"","_monsterinsights_skip_tracking":false,"_monsterinsights_sitenote_active":false,"_monsterinsights_sitenote_note":"","_monsterinsights_sitenote_category":0},"product_brand":[],"product_cat":[91,93],"product_tag":[],"class_list":{"0":"post-6738","1":"product","2":"type-product","3":"status-publish","4":"has-post-thumbnail","6":"product_cat-formicarium-modules","7":"product_cat-arena-frame","9":"first","10":"outofstock","11":"taxable","12":"shipping-taxable","13":"purchasable","14":"product-type-simple"},"acf":[],"aioseo_notices":[],"jetpack_sharing_enabled":true,"_links":{"self":[{"href":"https:\/\/antcube.shop\/tr\/wp-json\/wp\/v2\/product\/6738","targetHints":{"allow":["GET"]}}],"collection":[{"href":"https:\/\/antcube.shop\/tr\/wp-json\/wp\/v2\/product"}],"about":[{"href":"https:\/\/antcube.shop\/tr\/wp-json\/wp\/v2\/types\/product"}],"replies":[{"embeddable":true,"href":"https:\/\/antcube.shop\/tr\/wp-json\/wp\/v2\/comments?post=6738"}],"wp:featuredmedia":[{"embeddable":true,"href":"https:\/\/antcube.shop\/tr\/wp-json\/wp\/v2\/media\/6716"}],"wp:attachment":[{"href":"https:\/\/antcube.shop\/tr\/wp-json\/wp\/v2\/media?parent=6738"}],"wp:term":[{"taxonomy":"product_brand","embeddable":true,"href":"https:\/\/antcube.shop\/tr\/wp-json\/wp\/v2\/product_brand?post=6738"},{"taxonomy":"product_cat","embeddable":true,"href":"https:\/\/antcube.shop\/tr\/wp-json\/wp\/v2\/product_cat?post=6738"},{"taxonomy":"product_tag","embeddable":true,"href":"https:\/\/antcube.shop\/tr\/wp-json\/wp\/v2\/product_tag?post=6738"}],"curies":[{"name":"wp","href":"https:\/\/api.w.org\/{rel}","templated":true}]}}