{"id":6737,"date":"2023-12-12T15:03:25","date_gmt":"2023-12-12T14:03:25","guid":{"rendered":"https:\/\/antcube.shop\/product\/antcube-starter-set-fur-weberameisen-gros\/"},"modified":"2026-04-15T13:37:57","modified_gmt":"2026-04-15T11:37:57","slug":"dokumaci-karincalar-icin-baslangic-seti-buyuk","status":"publish","type":"product","link":"https:\/\/antcube.shop\/tr\/urun\/dokumaci-karincalar-icin-baslangic-seti-buyuk\/","title":{"rendered":"ANTCUBE - Dokumac\u0131 kar\u0131ncalar i\u00e7in ba\u015flang\u0131\u00e7 seti - b\u00fcy\u00fck"},"content":{"rendered":"<p><span data-text-color=\"alert\"><strong>Nakliye sadece palet \u00fczerinde y\u00f6nlendirme ile m\u00fcmk\u00fcnd\u00fcr.<\/strong><\/span><\/p>\n<p><strong>\u0130\u00e7indekiler:<\/strong><br \/>\n1x ANTCUBE Arena 30x30x60, s\u00fcrg\u00fcl\u00fc kap\u0131l\u0131<br \/>\n1x kar\u0131nca arenas\u0131 \u00e7er\u00e7evesi 30\u00d730<br \/>\n1x kar\u0131nca arenas\u0131 \u00f6rt\u00fcs\u00fc 30\u00d730<br \/>\n1x arena kapa\u011f\u0131 i\u00e7in sabitleme noktas\u0131 (4 adet)<\/p>\n<p>1x s\u00fcrg\u00fcl\u00fc kap\u0131 i\u00e7in \u00e7er\u00e7eve<br \/>\nSprey \u015fi\u015fesi p\u00fcsk\u00fcrt\u00fcc\u00fc 0,5 litre - pirin\u00e7 nozul<br \/>\n1x Foto\u011fraf arka duvar\u0131 - ya\u011fmur orman\u0131 - 30\u00d760 - y\u00fcksek<br \/>\n1x Formikaryum taban\u0131 30\u00d730 cm<br \/>\n1x substrat ya\u011fmur orman\u0131 1 kg<\/p>\n<p>7x Grid insert acrylic &#8211; 50 mm with sealing ring<br \/>\n1x drinking clear 5ml &#8211; sponge<br \/>\n1x Feeding dish white rectangle &#8211; 3 compartments<br \/>\n1x Drinking trough 2ml &#8211; 360 Degrees<br \/>\n1x yay \u00e7eli\u011fi c\u0131mb\u0131z geni\u015f - yumu\u015fak<br \/>\n1x Standart plastik c\u0131mb\u0131z<br \/>\n1x Kar\u0131nca salg\u0131n\u0131 koruma ya\u011f\u0131<br \/>\n1x el b\u00fcy\u00fcteci - 2x - 30mm<br \/>\n1x k\u00f6p\u00fck silecek 150x18x2,5mm<\/p>\n<p><strong>Can be ordered with shipping by forwarding agent on pallet in our second store ANTCUBE:<\/strong><\/p>\n<blockquote class=\"wp-embedded-content\" data-secret=\"ej6pTCxvgs\"><p><a href=\"https:\/\/antcube.shop\/product\/starter-set-for-weaver-ants-large\/\">ANTCUBE - Dokumac\u0131 kar\u0131ncalar i\u00e7in ba\u015flang\u0131\u00e7 seti - b\u00fcy\u00fck<\/a><\/p><\/blockquote>\n<p><iframe loading=\"lazy\" class=\"wp-embedded-content\" sandbox=\"allow-scripts\" security=\"restricted\" style=\"position: absolute; visibility: hidden;\" title=\"&#8222;ANTCUBE &#8211; Starter set for weaver ants &#8211; large&#8220; &#8211; ANTCUBE\" src=\"https:\/\/antcube.shop\/product\/starter-set-for-weaver-ants-large\/embed\/#?secret=8EE7Sy4tG2#?secret=ej6pTCxvgs\" data-secret=\"ej6pTCxvgs\" width=\"600\" height=\"338\" frameborder=\"0\" marginwidth=\"0\" marginheight=\"0\" scrolling=\"no\"><\/iframe><\/p>\n<p><strong>A\u00e7\u0131klama:<\/strong><br \/>\nBu geni\u015fletilebilir ba\u015flang\u0131\u00e7 seti, \u00f6zellikle Polyrhachis spec. veya Oecophylla spec. gibi \u00e7e\u015fitli dokumac\u0131 kar\u0131nca t\u00fcrleri i\u00e7in sadece optimum \u015fekilde uyarlanm\u0131\u015f formikaryumu de\u011fil, ayn\u0131 zamanda bu kar\u0131nca t\u00fcrlerini tutmak i\u00e7in uygun aksesuarlar\u0131 da i\u00e7erir.<\/p>\n<p>The sliding door in the front (opening 150x200mm) facilitates the work in the formicarium, even with large colonies or planting of the formicarium with a host plant for example Oecophylla smaragdina. Additional formicariums can be connected via the two 50mm holes on the side. The stainless steel grid inserts provide good ventilation and are robust against mechanical impact. If necessary, the humidity can be increased with the spray bottle. The drinker clear 5ml &#8211; sponge is intended for the supply of fresh water, the drinker 2ml &#8211; 360 degrees for honey or sugar solution.<\/p>\n<p><strong>\u00d6nemli: <\/strong>L\u00fctfen kullanmadan \u00f6nce alt tabakay\u0131 nemlendirin, b\u00f6ylece kar\u0131\u015f\u0131m kar\u0131nca \u00e7iftli\u011finde birle\u015febilir ve sa\u011flam bir tutu\u015f geli\u015ftirebilir. Ayr\u0131ca, \u00e7ok kuru ve tozlu substrat kar\u0131ncalar\u0131n solunum yollar\u0131n\u0131n t\u0131kanmas\u0131na ve en k\u00f6t\u00fc durumda hayvanlar\u0131n bo\u011fulmas\u0131na neden olabilir.<\/p>\n<p><strong>S\u00fcrg\u00fcl\u00fc kap\u0131 \u00e7er\u00e7evesi hakk\u0131nda \u00f6nemli not:<\/strong><br \/>\n\u00c7er\u00e7eve, s\u00fcrg\u00fcl\u00fc kap\u0131n\u0131n raylar\u0131na tak\u0131l\u0131 vidalara kolayca tak\u0131labilir. Bunu yapmak i\u00e7in, dikkatlice gev\u015fetin <strong>sadece<\/strong> i\u00e7indeki somunlar. K\u00fc\u00e7\u00fck bir y\u0131ld\u0131z tornavida (\u00e7apraz u\u00e7lu tornavida) gereklidir. \u00c7er\u00e7eveyi bir araya getirin ve vidalar\u0131n \u00fczerine as\u0131n. Ard\u0131ndan somunlar\u0131 dikkatlice yeniden tak\u0131n ve <strong>under no circumstances turn too tightly<\/strong>, otherwise the glass may be damaged.<\/p>\n<p><u><strong>\u00dcretim hakk\u0131nda notlar<\/strong><\/u><br \/>\nCam DIN 1249'a g\u00f6re +\/- 1 mm toleransla kesilmi\u015ftir. \u00c7ok k\u00fc\u00e7\u00fck kar\u0131nca t\u00fcrleri i\u00e7in ek kopma korumas\u0131 gereklidir.<\/p>","protected":false},"excerpt":{"rendered":"<p>The set consists of 22 parts.<br \/>\nBoyut: <span style=\"color: #ed1c24;\"><strong>XL<\/strong><\/span><\/p>","protected":false},"featured_media":6710,"comment_status":"open","ping_status":"closed","template":"","meta":{"_acf_changed":false,"content-type":"","_monsterinsights_skip_tracking":false,"_monsterinsights_sitenote_active":false,"_monsterinsights_sitenote_note":"","_monsterinsights_sitenote_category":0},"product_brand":[],"product_cat":[354,73],"product_tag":[],"class_list":{"0":"post-6737","1":"product","2":"type-product","3":"status-publish","4":"has-post-thumbnail","6":"product_cat-starter-sets-for-weaver-ants","7":"product_cat-starter-sets","8":"product_shipping_class-forwarding-on-pallet","10":"first","11":"instock","12":"taxable","13":"shipping-taxable","14":"purchasable","15":"product-type-simple"},"acf":[],"aioseo_notices":[],"jetpack_sharing_enabled":true,"_links":{"self":[{"href":"https:\/\/antcube.shop\/tr\/wp-json\/wp\/v2\/product\/6737","targetHints":{"allow":["GET"]}}],"collection":[{"href":"https:\/\/antcube.shop\/tr\/wp-json\/wp\/v2\/product"}],"about":[{"href":"https:\/\/antcube.shop\/tr\/wp-json\/wp\/v2\/types\/product"}],"replies":[{"embeddable":true,"href":"https:\/\/antcube.shop\/tr\/wp-json\/wp\/v2\/comments?post=6737"}],"wp:featuredmedia":[{"embeddable":true,"href":"https:\/\/antcube.shop\/tr\/wp-json\/wp\/v2\/media\/6710"}],"wp:attachment":[{"href":"https:\/\/antcube.shop\/tr\/wp-json\/wp\/v2\/media?parent=6737"}],"wp:term":[{"taxonomy":"product_brand","embeddable":true,"href":"https:\/\/antcube.shop\/tr\/wp-json\/wp\/v2\/product_brand?post=6737"},{"taxonomy":"product_cat","embeddable":true,"href":"https:\/\/antcube.shop\/tr\/wp-json\/wp\/v2\/product_cat?post=6737"},{"taxonomy":"product_tag","embeddable":true,"href":"https:\/\/antcube.shop\/tr\/wp-json\/wp\/v2\/product_tag?post=6737"}],"curies":[{"name":"wp","href":"https:\/\/api.w.org\/{rel}","templated":true}]}}