{"id":6736,"date":"2023-12-12T15:03:19","date_gmt":"2023-12-12T14:03:19","guid":{"rendered":"https:\/\/antcube.shop\/product\/antcube-arena-30x30x60-mit-schiebetur\/"},"modified":"2026-03-17T08:11:00","modified_gmt":"2026-03-17T07:11:00","slug":"antcube-arena-30x30x60-surgulu-kapili","status":"publish","type":"product","link":"https:\/\/antcube.shop\/tr\/urun\/antcube-arena-30x30x60-surgulu-kapili\/","title":{"rendered":"ANTCUBE Arena 30x30x60, s\u00fcrg\u00fcl\u00fc kap\u0131l\u0131"},"content":{"rendered":"<p><span data-text-color=\"alert\"><strong>Nakliye sadece palet \u00fczerinde y\u00f6nlendirme ile m\u00fcmk\u00fcnd\u00fcr.<\/strong><\/span><\/p>\n<p>ANTCUBE Arena 30x30x60 cm, s\u00fcrg\u00fcl\u00fc kap\u0131l\u0131 ve 2x 50mm delikli.<\/p>\n<p><strong>Boyutlar:<\/strong> 300 x 300 x 600 mm; 4mm cam kal\u0131nl\u0131\u011f\u0131.<br \/>\n<strong>Malzeme:<\/strong> d\u00fcz cam<br \/>\n<strong>Ba\u011flant\u0131:<\/strong> 2x delik 50 mm<\/p>\n<p><strong>\u00d6n a\u00e7\u0131kl\u0131k (s\u00fcrg\u00fcl\u00fc kap\u0131):<\/strong> 150\u00d7200 mm<\/p>\n<p><strong>A\u00e7\u0131klama:<\/strong> S\u00fcrg\u00fcl\u00fc kap\u0131l\u0131 ANTCUBE Arena 30x30x60, tam formikaryumlarda bile rahat\u00e7a \u00e7al\u0131\u015facak \u015fekilde tasarlanm\u0131\u015ft\u0131r. \u00d6zellikle dokumac\u0131 kar\u0131ncalar (Polyrhachis ve Oeacophylla) i\u00e7in bir formikaryum olarak kullan\u0131\u015fl\u0131d\u0131r, \u00e7\u00fcnk\u00fc y\u00fcksekte birikmeyi severler veya bir konak\u00e7\u0131 bitkiye ihtiya\u00e7 duyarlar. Normal 30x30x60 arenalar\u0131m\u0131zda, \u00f6rne\u011fin formikaryumun dibindeki hayvanlar\u0131n at\u0131klar\u0131n\u0131 \u00e7\u0131karmak zor olabilir. Bu \u00f6zel olarak uyarlanm\u0131\u015f le\u011fende bu art\u0131k bir sorun de\u011fil. Ayr\u0131ca yaprak kesen kar\u0131ncalar Acromyrmex veya Atta'n\u0131n beslenme havuzlar\u0131 i\u00e7in s\u00fcrg\u00fcl\u00fc kap\u0131 \u00e7ok pratiktir, \u00e7\u00fcnk\u00fc bitki kal\u0131nt\u0131lar\u0131 ve di\u011fer at\u0131klar rahat\u00e7a at\u0131labilir. Ayr\u0131ca, ayr\u0131 olarak temin edilebilen s\u00fcrg\u00fcl\u00fc kap\u0131 \u00e7er\u00e7evesi (Art. No. 1005648), \u00e7al\u0131\u015fma s\u0131ras\u0131nda hayvanlar\u0131n ka\u00e7mas\u0131n\u0131 \u00f6nlemek i\u00e7in kullan\u0131labilir. Normal \u00fcst a\u00e7\u0131kl\u0131k i\u00e7in, kopma koruma \u00e7er\u00e7evesi 30\u00d730 ve arena kapa\u011f\u0131 30\u00d730 ayr\u0131ca mevcuttur.<\/p>\n<p><strong>Not:<\/strong> Cam DIN 1249'a g\u00f6re +\/- 1 mm toleransla kesilmi\u015ftir. Son derece k\u00fc\u00e7\u00fck kar\u0131nca t\u00fcrleri i\u00e7in ek kopma korumas\u0131 gereklidir.<\/p>","protected":false},"excerpt":{"rendered":"<p><strong>Ba\u011flant\u0131:<\/strong> 2x delik 50 mm<\/p>","protected":false},"featured_media":6727,"comment_status":"open","ping_status":"closed","template":"","meta":{"_acf_changed":false,"content-type":"","_monsterinsights_skip_tracking":false,"_monsterinsights_sitenote_active":false,"_monsterinsights_sitenote_note":"","_monsterinsights_sitenote_category":0},"product_brand":[],"product_cat":[85,86],"product_tag":[],"class_list":{"0":"post-6736","1":"product","2":"type-product","3":"status-publish","4":"has-post-thumbnail","6":"product_cat-ant-arenas","7":"product_cat-formicariums","8":"product_shipping_class-forwarding-on-pallet","10":"first","11":"instock","12":"taxable","13":"shipping-taxable","14":"purchasable","15":"product-type-simple"},"acf":[],"aioseo_notices":[],"jetpack_sharing_enabled":true,"_links":{"self":[{"href":"https:\/\/antcube.shop\/tr\/wp-json\/wp\/v2\/product\/6736","targetHints":{"allow":["GET"]}}],"collection":[{"href":"https:\/\/antcube.shop\/tr\/wp-json\/wp\/v2\/product"}],"about":[{"href":"https:\/\/antcube.shop\/tr\/wp-json\/wp\/v2\/types\/product"}],"replies":[{"embeddable":true,"href":"https:\/\/antcube.shop\/tr\/wp-json\/wp\/v2\/comments?post=6736"}],"wp:featuredmedia":[{"embeddable":true,"href":"https:\/\/antcube.shop\/tr\/wp-json\/wp\/v2\/media\/6727"}],"wp:attachment":[{"href":"https:\/\/antcube.shop\/tr\/wp-json\/wp\/v2\/media?parent=6736"}],"wp:term":[{"taxonomy":"product_brand","embeddable":true,"href":"https:\/\/antcube.shop\/tr\/wp-json\/wp\/v2\/product_brand?post=6736"},{"taxonomy":"product_cat","embeddable":true,"href":"https:\/\/antcube.shop\/tr\/wp-json\/wp\/v2\/product_cat?post=6736"},{"taxonomy":"product_tag","embeddable":true,"href":"https:\/\/antcube.shop\/tr\/wp-json\/wp\/v2\/product_tag?post=6736"}],"curies":[{"name":"wp","href":"https:\/\/api.w.org\/{rel}","templated":true}]}}