{"id":6735,"date":"2023-12-12T15:03:13","date_gmt":"2023-12-12T14:03:13","guid":{"rendered":"https:\/\/antcube.shop\/product\/antcube-vivarium-30x30x60-tower\/"},"modified":"2026-03-31T12:05:11","modified_gmt":"2026-03-31T10:05:11","slug":"plantcube-vivarium-30x30x60-konservatoryum","status":"publish","type":"product","link":"https:\/\/antcube.shop\/tr\/urun\/plantcube-vivarium-30x30x60-konservatoryum\/","title":{"rendered":"PLANTCUBE - Vivarium 30x30x60 Konservatoryum"},"content":{"rendered":"<p><span data-text-color=\"alert\"><strong>Nakliye sadece Almanya i\u00e7inde GO! ile veya Avrupa i\u00e7inde palet ile m\u00fcmk\u00fcnd\u00fcr (adalar hari\u00e7)<\/strong><\/span><\/p>\n<p><strong>EVINIZ I\u00c7IN DO\u011eADAN BIR PAR\u00c7A ALIN<\/strong><\/p>\n<p><strong>\u0130\u00e7indekiler:<\/strong><br \/>\n1x PLANTCUBE Vivarium 30x30x60 Konservatoryum<br \/>\n10 mm delik i\u00e7in 2x tapa<\/p>\n<p>30x30x60cm cam k\u00fcp, 2x taraf\u0131 50mm delikli ve 2x taraf\u0131 10mm delikli<br \/>\n50 mm'lik delik (orta nokta) 15 cm y\u00fcksekliktedir. Deli\u011fin alt kenar\u0131 ~12,5 cm.<\/p>\n<p><strong>Boyutlar:<\/strong> 300 x 300 x 600 mm; 4 mm cam kal\u0131nl\u0131\u011f\u0131<\/p>\n<p><strong>Malzeme:<\/strong> d\u00fcz cam<\/p>\n<p><strong>Yan a\u00e7\u0131kl\u0131klar:<\/strong><br \/>\n2x delik 50mm<br \/>\n2x delik 10mm<\/p>\n<p>PLANTCUBE Vivariumlar\u0131m\u0131z ile oturma odan\u0131z i\u00e7in kendi canl\u0131 sanat eserinizi tasarlayabilirsiniz. PLANTCUBE'da k\u00fc\u00e7\u00fck hayvanlar da besleyebilirsiniz, b\u00f6ylece yarat\u0131c\u0131l\u0131\u011f\u0131n\u0131z\u0131n s\u0131n\u0131r\u0131 yoktur.<\/p>\n<p><strong>PLANTCUBE'\u0131n\u0131z\u0131 kendinizin veya bitki ve hayvanlar\u0131n\u0131z\u0131n ihtiya\u00e7lar\u0131na g\u00f6re \u00f6zelle\u015ftirin:<\/strong><br \/>\nYan tarafta, alttan 2 cm y\u00fckseklikte (ortada) bulunan iki adet 10 mm'lik delik, fazla suyu bo\u015faltmak i\u00e7indir. \u00d6rne\u011fin, suyu bo\u015faltmak i\u00e7in \u015feffaf 10\/06 mm hortumumuzu kullanabilirsiniz. \u0130ki adet 50 mm'lik delik, birlikte verilen tapalarla kapat\u0131labilir veya \u0131zgara ekleriyle donat\u0131ld\u0131\u011f\u0131nda ek havaland\u0131rma g\u00f6revi g\u00f6rebilir. Hatta akrilik bir t\u00fcp arac\u0131l\u0131\u011f\u0131yla iki kurulumu buraya ba\u011flayabilirsiniz. Bu \u015fekilde, hayvanlar\u0131 Vivarium'unuzun i\u00e7inde tutarsan\u0131z, bir kurulumdan di\u011ferine serbest\u00e7e dola\u015fabilirler.<\/p>\n<p><strong>PLANTCUBE'\u0131n\u0131z\u0131 biyoaktif bir ekosisteme nas\u0131l d\u00f6n\u00fc\u015ft\u00fcrebilirsiniz?<\/strong><br \/>\n<strong>Bir drenaj katman\u0131 olu\u015fturun:<\/strong><br \/>\nBitkilerinizi desteklemek i\u00e7in \u00f6nce Vivarium'unuzun i\u00e7inde bir drenaj tabakas\u0131 olu\u015fturmal\u0131s\u0131n\u0131z. Hafif olduklar\u0131 i\u00e7in 2-3 cm kil gran\u00fclleri (4-8 mm) kullanman\u0131z\u0131 \u00f6neririz. Tozdan ar\u0131nd\u0131rmak i\u00e7in koymadan \u00f6nce akan su alt\u0131nda y\u0131kad\u0131\u011f\u0131n\u0131zdan emin olun.<\/p>\n<p>Drenaj\u0131 alt tabakadan ay\u0131rmak i\u00e7in kil gran\u00fcllerinin \u00fczerine bir drenaj ke\u00e7esi yerle\u015ftirebilirsiniz.<\/p>\n<p><strong>Hangi bitkiler ve toprak kullan\u0131lmal\u0131?<\/strong><br \/>\nBunlar\u0131n hepsi olu\u015fturmak istedi\u011finiz \"Ekosistem\" t\u00fcr\u00fcne ba\u011fl\u0131d\u0131r. E\u011fer bir \u00e7\u00f6l veya olduk\u00e7a kuru bir Vivarium in\u015fa etmek istiyorsan\u0131z, o iklimde geli\u015fen bitkilere ihtiyac\u0131n\u0131z olacak ve b\u00fcy\u00fcmeyi sevdikleri uygun topra\u011f\u0131 kullanacaks\u0131n\u0131z. Tropikal akvaryumlar i\u00e7in de durum elbette ayn\u0131d\u0131r. Benzer b\u00f6lgelerden ve\/veya iklimlerden bitkiler kullanmaya \u00e7al\u0131\u015f\u0131n, b\u00f6ylece hepsi ayn\u0131 t\u00fcr toprak ve iklimde iyi sonu\u00e7 verecektir. \u0130yi bir bitki ma\u011fazas\u0131 her zaman satt\u0131\u011f\u0131 bitkiler i\u00e7in uygun iklim ve toprak hakk\u0131nda bilgi sahibi olmal\u0131d\u0131r.<\/p>\n<p><strong>\u00d6nemli:<\/strong> Bitkileri ve hayvanlar\u0131 bir arada tutmak istiyorsan\u0131z, g\u00fcbre veya b\u00f6cek ilac\u0131 ile temas edip etmedi\u011fini bilmedi\u011finiz bitkileri asla kullanmamal\u0131s\u0131n\u0131z. Sadece teraryum ma\u011fazalar\u0131ndan veya benzeri yerlerden temin edilen ve tamamen b\u00f6cek ilac\u0131 ve g\u00fcbre i\u00e7ermedi\u011fi garanti edilen bitkileri kullan\u0131n. Aksi takdirde bunlar hayvanlar\u0131n\u0131z\u0131n \u00f6l\u00fcm\u00fcne yol a\u00e7abilir.<\/p>\n<p><strong>Vivaryumunuzu Biyoaktif hale getirmek i\u00e7in bir \"Temizlik Ekibi\" kurun<\/strong><br \/>\n<strong>Biyoaktif nedir?<\/strong> Biyoaktif nedir? Bu, kendi kendini idame ettiren bir kuruluma en yak\u0131n olan \u015feydir. Bu tamamen mikrofloran\u0131n olu\u015fmas\u0131 i\u00e7in uygun toprak kar\u0131\u015f\u0131m\u0131 ve organik materyalin yan\u0131 s\u0131ra Vivariumunuzda bir besin d\u00f6ng\u00fcs\u00fc olu\u015fturmak i\u00e7in gerekli mikrofaunan\u0131n eklenmesiyle ilgilidir.<\/p>\n<p>Tavsiyemiz: Her zaman yay kuyruklar ve izopodlar gibi k\u00fc\u00e7\u00fck canl\u0131lar ekleyin. E\u011fer akvaryumunuzda ba\u015fka hayvanlar da beslemek istiyorsan\u0131z, bu canl\u0131lar sadece kendileri i\u00e7in \"hi\u00e7 bitmeyen\" iyi bir besin kayna\u011f\u0131 de\u011fildir. \u00d6zellikle y\u00fcksek nem nedeniyle olu\u015fabilecek k\u00fcflerle beslenirler ve topra\u011f\u0131 besinlerle zenginle\u015ftirerek bitkilerin sa\u011fl\u0131kl\u0131 bir \u015fekilde b\u00fcy\u00fcmesini sa\u011flarlar.<\/p>\n<p>Topra\u011f\u0131n\u0131za mikroplar\u0131n kolonile\u015fmesine yard\u0131mc\u0131 olacak bir miktar odun k\u00f6m\u00fcr\u00fc ekleyin. Yaprak \u00e7\u00f6p\u00fcne ek olarak yosun ve mantar kabu\u011fu veya beyaz \u00e7\u00fcr\u00fcm\u00fc\u015f odun sadece kurulumunuzda do\u011fal g\u00f6r\u00fcnmekle kalmaz, ayn\u0131 zamanda \"temizlik ekibinizi\" besler, onlar i\u00e7in saklanma ve \u00fcreme noktalar\u0131 sa\u011flar ve bitkileriniz i\u00e7in besin maddelerine ayr\u0131lmas\u0131 kolayd\u0131r.<\/p>\n<p><strong>Do\u011fada her \u015fey dengeyle ilgilidir<\/strong><br \/>\nBununla birlikte, belirli izopod t\u00fcrlerini onlar\u0131 avlayan herhangi bir \u015fey eklemeden kullanman\u0131z tavsiye edilmez, \u00e7\u00fcnk\u00fc \u00f6rne\u011fin kar\u0131ncalar gibi avc\u0131lar\u0131 olmayan bir izopod pop\u00fclasyonu kontrolden \u00e7\u0131kmay\u0131 sever ve Vivarium'unuzdaki bitkiler h\u0131zla istenmeyen bir besin kayna\u011f\u0131 haline gelir. Do\u011fada her \u015fey dengeyle ilgilidir.<\/p>\n<p><strong>Daha fazla bilgi i\u00e7in:<\/strong><br \/>\nCam DIN 1249'a g\u00f6re +\/- 1 mm toleransla kesilmi\u015ftir. \u00c7ok k\u00fc\u00e7\u00fck kar\u0131nca t\u00fcrleri i\u00e7in ek kopma korumas\u0131 gereklidir.<\/p>\n<div class=\"row\"  id=\"row-396134940\">\n\n\t<div id=\"col-1759576775\" class=\"col small-12 large-12\"  >\n\t\t\t\t<div class=\"col-inner\"  >\n\t\t\t\n\t\t\t\n\t<div id=\"text-3583699810\" class=\"text\">\n\t\t\n<h2>A\u015fa\u011f\u0131da tavsiye edebilece\u011fimiz baz\u0131 ma\u011fazalar\u0131 ve benzersiz ve biyoaktif bir PLANTCUBE'\u0131n nas\u0131l olu\u015fturulaca\u011f\u0131 hakk\u0131nda daha fazla bilgi bulabilirsiniz:<\/h2>\n\t\t\n<style>\n#text-3583699810 {\n  font-size: 1rem;\n  text-align: center;\n}\n<\/style>\n\t<\/div>\n\t\n\t<div id=\"gap-1966747246\" class=\"gap-element clearfix\" style=\"display:block; height:auto;\">\n\t\t\n<style>\n#gap-1966747246 {\n  padding-top: 40px;\n}\n<\/style>\n\t<\/div>\n\t\n\t\t<\/div>\n\t\t\t\t\n<style>\n#col-1759576775 > .col-inner {\n  padding: 30px 0px 0px 0px;\n}\n<\/style>\n\t<\/div>\n\n\t\n\n\t<div id=\"col-247020247\" class=\"col medium-6 small-12 large-6\"  >\n\t\t\t\t<div class=\"col-inner\"  >\n\t\t\t\n\t\t\t\n\n\t<section class=\"section\" id=\"section_1171069702\">\n\t\t<div class=\"section-bg fill\" >\n\t\t\t<img data-recalc-dims=\"1\" loading=\"lazy\" decoding=\"async\" width=\"1020\" height=\"574\" src=\"https:\/\/i0.wp.com\/antcube.shop\/wp-content\/uploads\/2024\/10\/2560x1440_youtube-Banner-2.png?resize=1020%2C574&#038;ssl=1\" class=\"bg attachment- size-\" alt=\"\" \/>\t\t\t\t\t\t\n\t\t\t\n\n\t\t<\/div>\n\n\t\t\n\n\t\t<div class=\"section-content relative\">\n\t\t\t\n<div class=\"row align-center\"  id=\"row-817988168\">\n\n\t<div id=\"col-1960178401\" class=\"col medium-10 small-12 large-10\"  >\n\t\t\t\t<div class=\"col-inner text-center\"  >\n\t\t\t\n\t\t\t\n<h2 class=\"uppercase\">Blogumuzda ad\u0131m ad\u0131m k\u0131lavuz<\/h2>\n<a href=\"https:\/\/antcube.shop\/en\/2024\/10\/22\/how-to-create-your-bioactive-vivarium\/\" class=\"button primary\" >\n\t\t<span>BLOG<\/span>\n\t<\/a>\n\n\t\t<\/div>\n\t\t\t\t\n<style>\n#col-1960178401 > .col-inner {\n  margin: -150px 0px 0px 0px;\n}\n@media (min-width:550px) {\n  #col-1960178401 > .col-inner {\n    margin: -200px 0px 0px 0px;\n  }\n}\n<\/style>\n\t<\/div>\n\n\t\n<\/div>\n\t\t<\/div>\n\n\t\t\n<style>\n#section_1171069702 {\n  padding-top: 60px;\n  padding-bottom: 60px;\n  min-height: 300px;\n  background-color: rgb(255,255,255);\n}\n#section_1171069702 .section-bg img {\n  object-position: 50% 0%;\n}\n<\/style>\n\t<\/section>\n\t\n\t\t<\/div>\n\t\t\t\t\t<\/div>\n\n\t\n\n\t<div id=\"col-1456631632\" class=\"col medium-6 small-12 large-6\"  >\n\t\t\t\t<div class=\"col-inner\"  >\n\t\t\t\n\t\t\t\n\n\t<section class=\"section\" id=\"section_1918673715\">\n\t\t<div class=\"section-bg fill\" >\n\t\t\t<img data-recalc-dims=\"1\" loading=\"lazy\" decoding=\"async\" width=\"1020\" height=\"680\" src=\"https:\/\/i0.wp.com\/antcube.shop\/wp-content\/uploads\/2024\/10\/Collage_FULL-HD_-2-scaled.jpg?resize=1020%2C680&#038;ssl=1\" class=\"bg attachment-original size-original\" alt=\"\" \/>\t\t\t\t\t\t\n\t\t\t\n\n\t\t<\/div>\n\n\t\t\n\n\t\t<div class=\"section-content relative\">\n\t\t\t\n<div class=\"row align-center\"  id=\"row-203087284\">\n\n\t<div id=\"col-1833934100\" class=\"col medium-10 small-12 large-10\"  >\n\t\t\t\t<div class=\"col-inner text-center\"  >\n\t\t\t\n\t\t\t\n<h2 class=\"uppercase\">plantcube HAKKINDA DAHA FAZLA B\u0130LG\u0130<\/h2>\n<a href=\"https:\/\/antcube.shop\/en\/plantcube\/\" class=\"button primary\" >\n\t\t<span>plantcube<\/span>\n\t<\/a>\n\n\t\t<\/div>\n\t\t\t\t\n<style>\n#col-1833934100 > .col-inner {\n  margin: -150px 0px 0px 0px;\n}\n@media (min-width:550px) {\n  #col-1833934100 > .col-inner {\n    margin: -200px 0px 0px 0px;\n  }\n}\n<\/style>\n\t<\/div>\n\n\t\n<\/div>\n\t\t<\/div>\n\n\t\t\n<style>\n#section_1918673715 {\n  padding-top: 60px;\n  padding-bottom: 60px;\n  min-height: 300px;\n}\n#section_1918673715 .section-bg img {\n  object-position: 51% 0%;\n}\n<\/style>\n\t<\/section>\n\t\n\t\t<\/div>\n\t\t\t\t\t<\/div>\n\n\t\n<\/div>","protected":false},"excerpt":{"rendered":"<p><b>Sadece cam lavabo<\/b><\/p>","protected":false},"featured_media":9898,"comment_status":"open","ping_status":"closed","template":"","meta":{"_acf_changed":false,"content-type":"","_monsterinsights_skip_tracking":false,"_monsterinsights_sitenote_active":false,"_monsterinsights_sitenote_note":"","_monsterinsights_sitenote_category":0},"product_brand":[],"product_cat":[341],"product_tag":[],"class_list":{"0":"post-6735","1":"product","2":"type-product","3":"status-publish","4":"has-post-thumbnail","6":"product_cat-vivariums","8":"first","9":"instock","10":"taxable","11":"shipping-taxable","12":"purchasable","13":"product-type-simple"},"acf":[],"aioseo_notices":[],"jetpack_sharing_enabled":true,"_links":{"self":[{"href":"https:\/\/antcube.shop\/tr\/wp-json\/wp\/v2\/product\/6735","targetHints":{"allow":["GET"]}}],"collection":[{"href":"https:\/\/antcube.shop\/tr\/wp-json\/wp\/v2\/product"}],"about":[{"href":"https:\/\/antcube.shop\/tr\/wp-json\/wp\/v2\/types\/product"}],"replies":[{"embeddable":true,"href":"https:\/\/antcube.shop\/tr\/wp-json\/wp\/v2\/comments?post=6735"}],"wp:featuredmedia":[{"embeddable":true,"href":"https:\/\/antcube.shop\/tr\/wp-json\/wp\/v2\/media\/9898"}],"wp:attachment":[{"href":"https:\/\/antcube.shop\/tr\/wp-json\/wp\/v2\/media?parent=6735"}],"wp:term":[{"taxonomy":"product_brand","embeddable":true,"href":"https:\/\/antcube.shop\/tr\/wp-json\/wp\/v2\/product_brand?post=6735"},{"taxonomy":"product_cat","embeddable":true,"href":"https:\/\/antcube.shop\/tr\/wp-json\/wp\/v2\/product_cat?post=6735"},{"taxonomy":"product_tag","embeddable":true,"href":"https:\/\/antcube.shop\/tr\/wp-json\/wp\/v2\/product_tag?post=6735"}],"curies":[{"name":"wp","href":"https:\/\/api.w.org\/{rel}","templated":true}]}}