{"id":6668,"date":"2023-12-05T14:03:20","date_gmt":"2023-12-05T13:03:20","guid":{"rendered":"https:\/\/antcube.shop\/product\/arena-hochstand-20x20cm\/"},"modified":"2026-04-20T09:57:46","modified_gmt":"2026-04-20T07:57:46","slug":"arena-yuksek-stand-20x20cm","status":"publish","type":"product","link":"https:\/\/antcube.shop\/tr\/urun\/arena-yuksek-stand-20x20cm\/","title":{"rendered":"Arena y\u00fcksek stand 20x20cm"},"content":{"rendered":"<div class=\"tab-body active\">\n<p><strong>Boyutlar:<\/strong> 20x20x10<\/p>\n<p><strong>Malzeme: <\/strong>PMMA<\/p>\n<p><strong>Renk: <\/strong>kristal berrakl\u0131\u011f\u0131nda, yar\u0131 saydam, \u015feffaf<\/p>\n<p><strong>\u0130\u00e7indekiler:<\/strong><br \/>\n4x y\u00fcksek stand taban\u0131<br \/>\n2x \u00f6n ve arka logolu<br \/>\nLogosuz 2x yan par\u00e7a<\/p>\n<p><strong>Not:<\/strong> Par\u00e7alar bir kit veya tak\u0131labilir sistem olarak tedarik edilir. Yap\u0131\u015ft\u0131rmaya gerek yoktur.<\/p>\n<p><span data-text-color=\"alert\"><strong>D\u0130KKAT:<\/strong><\/span> Baz\u0131 ba\u011flant\u0131lar hassas oldu\u011fundan l\u00fctfen par\u00e7alar\u0131 dikkatli bir \u015fekilde monte edin.<\/p>\n<p><strong>A\u00e7\u0131klama:<\/strong> Kar\u0131nca arenas\u0131 y\u00fcksek stand\u0131, ANTCUBE kar\u0131nca arenalar\u0131n\u0131n kar\u0131nca \u00e7iftliklerinin ba\u011flant\u0131 y\u00fcksekli\u011fine uygun bir y\u00fcksekli\u011fe yerle\u015ftirilmesini sa\u011flamak i\u00e7in geli\u015ftirilmi\u015ftir. Bu, kar\u0131nca \u00e7iftli\u011fi ile kar\u0131nca arenas\u0131 aras\u0131nda ba\u011flant\u0131 olarak daha k\u0131sa bir boru par\u00e7as\u0131 ile \u00e7ok daha az yer kaplayan bir \u015fekilde bir formikaryum kullan\u0131lmas\u0131n\u0131 m\u00fcmk\u00fcn k\u0131lar. Ayr\u0131ca, dirseklerle \u00e7al\u0131\u015fmak zorunda kalmadan kristal berrakl\u0131\u011f\u0131ndaki akrilik kar\u0131nca t\u00fcplerimizi ba\u011flant\u0131 olarak kullanmay\u0131 m\u00fcmk\u00fcn k\u0131lar.<\/p>\n<p><strong>Uygulama:<\/strong> ile kar\u0131nca arenas\u0131 i\u00e7in <strong>taban alan\u0131 20x20cm<\/strong><\/p>\n<\/div>","protected":false},"excerpt":{"rendered":"<p>20x20cm taban alan\u0131na sahip kar\u0131nca arenas\u0131 i\u00e7in<\/p>","protected":false},"featured_media":6586,"comment_status":"open","ping_status":"closed","template":"","meta":{"_acf_changed":false,"content-type":"","_monsterinsights_skip_tracking":false,"_monsterinsights_sitenote_active":false,"_monsterinsights_sitenote_note":"","_monsterinsights_sitenote_category":0},"product_brand":[],"product_cat":[119,239],"product_tag":[],"class_list":{"0":"post-6668","1":"product","2":"type-product","3":"status-publish","4":"has-post-thumbnail","6":"product_cat-formicarium-components","7":"product_cat-useful-additions","9":"first","10":"instock","11":"taxable","12":"shipping-taxable","13":"purchasable","14":"product-type-simple"},"acf":[],"aioseo_notices":[],"jetpack_sharing_enabled":true,"_links":{"self":[{"href":"https:\/\/antcube.shop\/tr\/wp-json\/wp\/v2\/product\/6668","targetHints":{"allow":["GET"]}}],"collection":[{"href":"https:\/\/antcube.shop\/tr\/wp-json\/wp\/v2\/product"}],"about":[{"href":"https:\/\/antcube.shop\/tr\/wp-json\/wp\/v2\/types\/product"}],"replies":[{"embeddable":true,"href":"https:\/\/antcube.shop\/tr\/wp-json\/wp\/v2\/comments?post=6668"}],"wp:featuredmedia":[{"embeddable":true,"href":"https:\/\/antcube.shop\/tr\/wp-json\/wp\/v2\/media\/6586"}],"wp:attachment":[{"href":"https:\/\/antcube.shop\/tr\/wp-json\/wp\/v2\/media?parent=6668"}],"wp:term":[{"taxonomy":"product_brand","embeddable":true,"href":"https:\/\/antcube.shop\/tr\/wp-json\/wp\/v2\/product_brand?post=6668"},{"taxonomy":"product_cat","embeddable":true,"href":"https:\/\/antcube.shop\/tr\/wp-json\/wp\/v2\/product_cat?post=6668"},{"taxonomy":"product_tag","embeddable":true,"href":"https:\/\/antcube.shop\/tr\/wp-json\/wp\/v2\/product_tag?post=6668"}],"curies":[{"name":"wp","href":"https:\/\/api.w.org\/{rel}","templated":true}]}}