{"id":6663,"date":"2023-12-05T13:39:04","date_gmt":"2023-12-05T12:39:04","guid":{"rendered":"https:\/\/antcube.shop\/product\/transparente-klebe-pads-3x2cm-8st\/"},"modified":"2026-03-20T13:42:48","modified_gmt":"2026-03-20T12:42:48","slug":"seffaf-yapiskan-pedler-3x2cm","status":"publish","type":"product","link":"https:\/\/antcube.shop\/tr\/urun\/seffaf-yapiskan-pedler-3x2cm\/","title":{"rendered":"\u015eeffaf yap\u0131\u015fkan pedler 4 adet."},"content":{"rendered":"<p><strong>Boyutlar:<\/strong> 5,2 x1,5 mm<\/p>\n<p><strong>Renk:<\/strong> \u015feffaf \/ s\u00fctl\u00fc<\/p>\n<p><strong>Malzeme:<\/strong> PVC<\/p>\n<p><strong>M\u00fclkiyet:<\/strong> her iki tarafta g\u00fc\u00e7l\u00fc yap\u0131\u015fkan<\/p>\n<p><strong>A\u00e7\u0131klama:<\/strong> Formicarium'da p\u00fcr\u00fczs\u00fcz y\u00fczeyli nesneleri sabitlemek i\u00e7in idealdir. \u00d6rne\u011fin. Termo higrometre, dekorasyon, platformlar vb.<\/p>","protected":false},"excerpt":{"rendered":"<p>Boyutlar: 5,2 x1,5 mm Renk: \u015feffaf \/ s\u00fctl\u00fc Malzeme: PVC \u00d6zellik: her iki tarafta g\u00fc\u00e7l\u00fc yap\u0131\u015fkan A\u00e7\u0131klama: Formicarium'da p\u00fcr\u00fczs\u00fcz y\u00fczeyli nesneleri sabitlemek i\u00e7in idealdir. \u00d6rne\u011fin. Termo higrometre, dekorasyon, platformlar vb.<\/p>","protected":false},"featured_media":6667,"comment_status":"open","ping_status":"closed","template":"","meta":{"_acf_changed":false,"content-type":"","_monsterinsights_skip_tracking":false,"_monsterinsights_sitenote_active":false,"_monsterinsights_sitenote_note":"","_monsterinsights_sitenote_category":0},"product_brand":[],"product_cat":[359,119],"product_tag":[],"class_list":{"0":"post-6663","1":"product","2":"type-product","3":"status-publish","4":"has-post-thumbnail","6":"product_cat-light-heat-humidity","7":"product_cat-formicarium-components","9":"first","10":"instock","11":"taxable","12":"shipping-taxable","13":"purchasable","14":"product-type-simple"},"acf":[],"aioseo_notices":[],"jetpack_sharing_enabled":true,"_links":{"self":[{"href":"https:\/\/antcube.shop\/tr\/wp-json\/wp\/v2\/product\/6663","targetHints":{"allow":["GET"]}}],"collection":[{"href":"https:\/\/antcube.shop\/tr\/wp-json\/wp\/v2\/product"}],"about":[{"href":"https:\/\/antcube.shop\/tr\/wp-json\/wp\/v2\/types\/product"}],"replies":[{"embeddable":true,"href":"https:\/\/antcube.shop\/tr\/wp-json\/wp\/v2\/comments?post=6663"}],"wp:featuredmedia":[{"embeddable":true,"href":"https:\/\/antcube.shop\/tr\/wp-json\/wp\/v2\/media\/6667"}],"wp:attachment":[{"href":"https:\/\/antcube.shop\/tr\/wp-json\/wp\/v2\/media?parent=6663"}],"wp:term":[{"taxonomy":"product_brand","embeddable":true,"href":"https:\/\/antcube.shop\/tr\/wp-json\/wp\/v2\/product_brand?post=6663"},{"taxonomy":"product_cat","embeddable":true,"href":"https:\/\/antcube.shop\/tr\/wp-json\/wp\/v2\/product_cat?post=6663"},{"taxonomy":"product_tag","embeddable":true,"href":"https:\/\/antcube.shop\/tr\/wp-json\/wp\/v2\/product_tag?post=6663"}],"curies":[{"name":"wp","href":"https:\/\/api.w.org\/{rel}","templated":true}]}}