{"id":6631,"date":"2023-12-04T15:12:05","date_gmt":"2023-12-04T14:12:05","guid":{"rendered":"https:\/\/antcube.shop\/product\/klebeklammern-transparent-2-stk\/"},"modified":"2026-04-15T21:10:18","modified_gmt":"2026-04-15T19:10:18","slug":"yapiskanli-klips-seffaf-2-adet","status":"publish","type":"product","link":"https:\/\/antcube.shop\/tr\/urun\/yapiskanli-klips-seffaf-2-adet\/","title":{"rendered":"Yap\u0131\u015fkan klipsler - \u015feffaf 2 adet."},"content":{"rendered":"<p><strong>Boyutlar:<\/strong> 24 x 13 mm<br \/>\n<strong>Malzeme:<\/strong> Akrilik<br \/>\n<strong>Miktar:<\/strong> 2 adet<\/p>\n<p><strong>A\u00e7\u0131klama:<\/strong> Yap\u0131\u015fkan y\u00fczeyli \u015feffaf plastik klipsler. K\u0131rm\u0131z\u0131 folyolar\u0131m\u0131z\u0131 ve \u0131s\u0131tma matlar\u0131m\u0131z\u0131 kar\u0131nca \u00e7iftliklerimizin \u00f6n\u00fcne veya arkas\u0131na takmak i\u00e7in m\u00fckemmeldir. B\u00f6ylece \u0131s\u0131tma matlar\u0131n\u0131n kar\u0131nca \u00e7iftli\u011finin arkas\u0131na s\u0131k\u0131ca yap\u0131\u015ft\u0131r\u0131lmas\u0131 gerekmez ve gerekti\u011finde tak\u0131labilir. \u015eeffaf malzeme sayesinde optik bozulmamaktad\u0131r.<\/p>\n<p><strong>Renk:<\/strong> \u015feffaf<\/p>","protected":false},"excerpt":{"rendered":"<p>Boyutlar: 24 x 13 mm Malzeme: Akrilik Miktar: 2 adet A\u00e7\u0131klama: Yap\u0131\u015fkan y\u00fczeyli \u015feffaf plastik klipsler. K\u0131rm\u0131z\u0131 folyolar\u0131m\u0131z\u0131 ve \u0131s\u0131tma matlar\u0131m\u0131z\u0131 kar\u0131nca \u00e7iftliklerimizin \u00f6n\u00fcne veya arkas\u0131na takmak i\u00e7in m\u00fckemmeldir. Is\u0131tma matlar\u0131n\u0131n b\u00f6ylece kar\u0131nca \u00e7iftli\u011finin arkas\u0131na s\u0131k\u0131ca yap\u0131\u015ft\u0131r\u0131lmas\u0131 gerekmez ve","protected":false},"featured_media":6628,"comment_status":"open","ping_status":"closed","template":"","meta":{"_acf_changed":false,"content-type":"","_monsterinsights_skip_tracking":false,"_monsterinsights_sitenote_active":false,"_monsterinsights_sitenote_note":"","_monsterinsights_sitenote_category":0},"product_brand":[],"product_cat":[359,119,239],"product_tag":[],"class_list":{"0":"post-6631","1":"product","2":"type-product","3":"status-publish","4":"has-post-thumbnail","6":"product_cat-light-heat-humidity","7":"product_cat-formicarium-components","8":"product_cat-useful-additions","10":"first","11":"instock","12":"taxable","13":"shipping-taxable","14":"purchasable","15":"product-type-simple"},"acf":[],"aioseo_notices":[],"jetpack_sharing_enabled":true,"_links":{"self":[{"href":"https:\/\/antcube.shop\/tr\/wp-json\/wp\/v2\/product\/6631","targetHints":{"allow":["GET"]}}],"collection":[{"href":"https:\/\/antcube.shop\/tr\/wp-json\/wp\/v2\/product"}],"about":[{"href":"https:\/\/antcube.shop\/tr\/wp-json\/wp\/v2\/types\/product"}],"replies":[{"embeddable":true,"href":"https:\/\/antcube.shop\/tr\/wp-json\/wp\/v2\/comments?post=6631"}],"wp:featuredmedia":[{"embeddable":true,"href":"https:\/\/antcube.shop\/tr\/wp-json\/wp\/v2\/media\/6628"}],"wp:attachment":[{"href":"https:\/\/antcube.shop\/tr\/wp-json\/wp\/v2\/media?parent=6631"}],"wp:term":[{"taxonomy":"product_brand","embeddable":true,"href":"https:\/\/antcube.shop\/tr\/wp-json\/wp\/v2\/product_brand?post=6631"},{"taxonomy":"product_cat","embeddable":true,"href":"https:\/\/antcube.shop\/tr\/wp-json\/wp\/v2\/product_cat?post=6631"},{"taxonomy":"product_tag","embeddable":true,"href":"https:\/\/antcube.shop\/tr\/wp-json\/wp\/v2\/product_tag?post=6631"}],"curies":[{"name":"wp","href":"https:\/\/api.w.org\/{rel}","templated":true}]}}