{"id":6581,"date":"2023-12-04T13:54:37","date_gmt":"2023-12-04T12:54:37","guid":{"rendered":"https:\/\/antcube.shop\/product\/humidity-control-ii-timer\/"},"modified":"2026-04-02T12:12:11","modified_gmt":"2026-04-02T10:12:11","slug":"nem-kontrolu-ii-zamanlayici","status":"publish","type":"product","link":"https:\/\/antcube.shop\/tr\/urun\/nem-kontrolu-ii-zamanlayici\/","title":{"rendered":"Nem Kontrol\u00fc II + Zamanlay\u0131c\u0131"},"content":{"rendered":"<p><strong>A\u00e7\u0131klama:<\/strong> Humidity Control 2, e\u015fi benzeri g\u00f6r\u00fclmemi\u015f bir fiyatla arzulanan hi\u00e7bir \u015feyi b\u0131rakmayan dijital bir higrostatt\u0131r.<br \/>\nG\u00fcnd\u00fcz ve gece i\u00e7in farkl\u0131 ayarlara izin veren iki devresi vard\u0131r. Cihaza ger\u00e7ek zamanl\u0131 bir saat entegre edilmi\u015ftir, b\u00f6ylece g\u00fcnd\u00fcz ve gece aras\u0131nda ge\u00e7i\u015f saat \u00fczerinden esnek bir \u015fekilde yap\u0131l\u0131r. Ayr\u0131ca, saat \u00fczerinden iki A\u00c7MA\/KAPAMA zaman\u0131 ayarlaman\u0131za olanak tan\u0131yan bir zamanlay\u0131c\u0131 da entegre edilmi\u015ftir. En k\u00fc\u00e7\u00fck zaman aral\u0131\u011f\u0131 bir dakikad\u0131r.<br \/>\nDi\u011fer fonksiyonlar aras\u0131nda bir alarm fonksiyonu (g\u00f6rsel ve sesli), \u00f6rne\u011fin fanlarla kullan\u0131m i\u00e7in nemlendirici modundan nem alma moduna ge\u00e7me se\u00e7ene\u011fi ve higrostat\u0131n anahtarlama modunu etkileme se\u00e7ene\u011fi bulunur. Higrostat\u0131n ge\u00e7i\u015f yapaca\u011f\u0131 sapmay\u0131 tan\u0131mlayabilirsiniz. \u00d6rne\u011fin, burada 15 de\u011ferini se\u00e7ebilirsiniz, yani nemlendirici yaln\u0131zca \u00f6l\u00e7\u00fclen nem ayar noktas\u0131n\u0131n 15% alt\u0131nda oldu\u011funda a\u00e7\u0131l\u0131r. Bu, nem de do\u011fada dalgaland\u0131\u011f\u0131 i\u00e7in nemlendiricinin s\u00fcrekli olarak a\u00e7\u0131l\u0131p kapanmas\u0131n\u0131 \u00f6nlemek i\u00e7in yararl\u0131 olabilir.<br \/>\nCihazlar Schuko kaplinler ile ba\u011flan\u0131r. Maksimum anahtarlama kapasitesi 1000W't\u0131r. Ekran s\u00fcrekli olarak \u00f6l\u00e7\u00fclen nemi g\u00f6sterir. Aral\u0131k 1 ila 99%'dir.<\/p>\n<p>- Gece ve g\u00fcnd\u00fcz farkl\u0131 nem ayarlar\u0131 i\u00e7in iki devre<br \/>\n- Ger\u00e7ek zamanl\u0131 saat, g\u00fcn\u00fcn saatleri zamana g\u00f6re tan\u0131mlan\u0131r<br \/>\n- Entegre zamanlay\u0131c\u0131<br \/>\n- Kal\u0131c\u0131 nem g\u00f6stergesi<br \/>\n- Cihaz nemlendirme ve nem alma aras\u0131nda de\u011fi\u015ftirilebilir<br \/>\n- Sapma durumunda alarm fonksiyonu (1% ile 50% ba\u011f\u0131l nem aras\u0131nda ayarlanabilir)<br \/>\n- Hassas uzaktan kumanda sens\u00f6r\u00fc<br \/>\n- Toprakl\u0131 prizler<br \/>\n- Maksimum anahtarlama kapasitesi. 1000<\/p>","protected":false},"excerpt":{"rendered":"<p>A\u00e7\u0131klama: Nem Kontrol\u00fc 2, benzeri g\u00f6r\u00fclmemi\u015f bir fiyatla arzulanan hi\u00e7bir \u015feyi b\u0131rakmayan dijital bir higrostatt\u0131r. G\u00fcnd\u00fcz ve gece i\u00e7in farkl\u0131 ayarlara izin veren iki devresi vard\u0131r. Cihaza ger\u00e7ek zamanl\u0131 bir saat entegre edilmi\u015ftir, b\u00f6ylece g\u00fcnd\u00fcz ve gece aras\u0131nda ge\u00e7i\u015f saat \u00fczerinden esnek bir \u015fekilde yap\u0131l\u0131r. Bir zamanlay\u0131c\u0131","protected":false},"featured_media":6602,"comment_status":"open","ping_status":"closed","template":"","meta":{"_acf_changed":false,"content-type":"","_monsterinsights_skip_tracking":false,"_monsterinsights_sitenote_active":false,"_monsterinsights_sitenote_note":"","_monsterinsights_sitenote_category":0},"product_brand":[],"product_cat":[359,119],"product_tag":[],"class_list":{"0":"post-6581","1":"product","2":"type-product","3":"status-publish","4":"has-post-thumbnail","6":"product_cat-light-heat-humidity","7":"product_cat-formicarium-components","9":"first","10":"instock","11":"taxable","12":"shipping-taxable","13":"purchasable","14":"product-type-simple"},"acf":[],"aioseo_notices":[],"jetpack_sharing_enabled":true,"_links":{"self":[{"href":"https:\/\/antcube.shop\/tr\/wp-json\/wp\/v2\/product\/6581","targetHints":{"allow":["GET"]}}],"collection":[{"href":"https:\/\/antcube.shop\/tr\/wp-json\/wp\/v2\/product"}],"about":[{"href":"https:\/\/antcube.shop\/tr\/wp-json\/wp\/v2\/types\/product"}],"replies":[{"embeddable":true,"href":"https:\/\/antcube.shop\/tr\/wp-json\/wp\/v2\/comments?post=6581"}],"wp:featuredmedia":[{"embeddable":true,"href":"https:\/\/antcube.shop\/tr\/wp-json\/wp\/v2\/media\/6602"}],"wp:attachment":[{"href":"https:\/\/antcube.shop\/tr\/wp-json\/wp\/v2\/media?parent=6581"}],"wp:term":[{"taxonomy":"product_brand","embeddable":true,"href":"https:\/\/antcube.shop\/tr\/wp-json\/wp\/v2\/product_brand?post=6581"},{"taxonomy":"product_cat","embeddable":true,"href":"https:\/\/antcube.shop\/tr\/wp-json\/wp\/v2\/product_cat?post=6581"},{"taxonomy":"product_tag","embeddable":true,"href":"https:\/\/antcube.shop\/tr\/wp-json\/wp\/v2\/product_tag?post=6581"}],"curies":[{"name":"wp","href":"https:\/\/api.w.org\/{rel}","templated":true}]}}