{"id":6580,"date":"2023-12-04T13:54:31","date_gmt":"2023-12-04T12:54:31","guid":{"rendered":"https:\/\/antcube.shop\/product\/thermo-control-pro-ii\/"},"modified":"2026-04-14T09:35:30","modified_gmt":"2026-04-14T07:35:30","slug":"termo-kontrol-pro-ii","status":"publish","type":"product","link":"https:\/\/antcube.shop\/tr\/urun\/termo-kontrol-pro-ii\/","title":{"rendered":"Thermo Control Pro II"},"content":{"rendered":"<p><strong>A\u00e7\u0131klama:<\/strong> Thermo Control PRO II, Thermo Control II'nin daha da geli\u015ftirilmi\u015f halidir. Temel farklar ger\u00e7ek zamanl\u0131 bir saat ve iki s\u0131cakl\u0131k devresidir, b\u00f6ylece g\u00fcnd\u00fcz ve gece i\u00e7in farkl\u0131 s\u0131cakl\u0131klar ayarlanabilir. G\u00fcnd\u00fcz\/gece \u00e7al\u0131\u015fmas\u0131 aras\u0131ndaki ge\u00e7i\u015f zaman kontroll\u00fcd\u00fcr.<br \/>\nThermo Control II'nin aksine, bu modeldeki zamanlay\u0131c\u0131 i\u00e7in zaman dakika birimi olarak ayarlanabilir. \u0130ki olas\u0131 A\u00c7MA\/KAPAMA s\u00fcresi vard\u0131r.<br \/>\nAyr\u0131ca cihaz, \u00f6rne\u011fin fanlar\u0131 \u00e7al\u0131\u015ft\u0131rmak i\u00e7in \u0131s\u0131tma ve so\u011futma modu aras\u0131nda de\u011fi\u015ftirilebilir. Ayarlanan s\u0131cakl\u0131\u011fa ula\u015f\u0131ld\u0131\u011f\u0131nda termostat kapanmak yerine a\u00e7\u0131l\u0131r.<br \/>\nMaksimum anahtarlama kapasitesi 1000W't\u0131r. S\u0131cakl\u0131k aral\u0131\u011f\u0131 0-50\u00b0C aras\u0131ndad\u0131r.<\/p>\n<p>- Farkl\u0131 g\u00fcnd\u00fcz ve gece ayarlar\u0131 i\u00e7in iki anahtarlama devresi<br \/>\n- Ger\u00e7ek zamanl\u0131 saat, g\u00fcn\u00fcn saatleri zamana g\u00f6re tan\u0131mlan\u0131r<br \/>\n- Entegre zamanlay\u0131c\u0131<br \/>\n- Kal\u0131c\u0131 s\u0131cakl\u0131k g\u00f6stergesi<br \/>\n- Is\u0131tma ve so\u011futma modu aras\u0131nda de\u011fi\u015ftirilebilir<br \/>\n- Sapma durumunda alarm fonksiyonu (1\u00b0C ile 15\u00b0C aras\u0131nda ayarlanabilir)<br \/>\n- 2m uzunlu\u011funda uzaktan kumanda sens\u00f6r\u00fc, akvaryumlar i\u00e7in de uygundur<br \/>\n- Toprakl\u0131 prizler<br \/>\n- Maksimum anahtarlama kapasitesi. 1000 watt<\/p>\n<p>- Teraryumda a\u015f\u0131r\u0131 \u0131s\u0131nmay\u0131 \u00f6nlemek i\u00e7in \u0131s\u0131tma matlar\u0131, \u0131s\u0131tma kablolar\u0131, \u0131s\u0131tma ta\u015flar\u0131 ve seramik radyant \u0131s\u0131t\u0131c\u0131lar ile kullan\u0131lmas\u0131 \u00f6nerilir.<\/p>\n<p><strong>Web ba\u011flant\u0131s\u0131:<\/strong> http:\/\/www.antstore.net\/viewtopic.php?f=18&amp;p=108893<\/p>","protected":false},"excerpt":{"rendered":"<p>A\u00e7\u0131klama Thermo Control PRO II, Thermo Control II'nin daha da geli\u015ftirilmi\u015f halidir. Temel farklar ger\u00e7ek zamanl\u0131 bir saat ve iki s\u0131cakl\u0131k devresidir, b\u00f6ylece g\u00fcnd\u00fcz ve gece i\u00e7in farkl\u0131 s\u0131cakl\u0131klar ayarlanabilir. G\u00fcnd\u00fcz\/gece \u00e7al\u0131\u015fmas\u0131 aras\u0131ndaki ge\u00e7i\u015f zaman kontroll\u00fcd\u00fcr. Thermo Control II'nin aksine, zaman ayarlanabilir","protected":false},"featured_media":6600,"comment_status":"open","ping_status":"closed","template":"","meta":{"_acf_changed":false,"content-type":"","_monsterinsights_skip_tracking":false,"_monsterinsights_sitenote_active":false,"_monsterinsights_sitenote_note":"","_monsterinsights_sitenote_category":0},"product_brand":[],"product_cat":[359,119],"product_tag":[],"class_list":{"0":"post-6580","1":"product","2":"type-product","3":"status-publish","4":"has-post-thumbnail","6":"product_cat-light-heat-humidity","7":"product_cat-formicarium-components","9":"first","10":"instock","11":"taxable","12":"shipping-taxable","13":"purchasable","14":"product-type-simple"},"acf":[],"aioseo_notices":[],"jetpack_sharing_enabled":true,"_links":{"self":[{"href":"https:\/\/antcube.shop\/tr\/wp-json\/wp\/v2\/product\/6580","targetHints":{"allow":["GET"]}}],"collection":[{"href":"https:\/\/antcube.shop\/tr\/wp-json\/wp\/v2\/product"}],"about":[{"href":"https:\/\/antcube.shop\/tr\/wp-json\/wp\/v2\/types\/product"}],"replies":[{"embeddable":true,"href":"https:\/\/antcube.shop\/tr\/wp-json\/wp\/v2\/comments?post=6580"}],"wp:featuredmedia":[{"embeddable":true,"href":"https:\/\/antcube.shop\/tr\/wp-json\/wp\/v2\/media\/6600"}],"wp:attachment":[{"href":"https:\/\/antcube.shop\/tr\/wp-json\/wp\/v2\/media?parent=6580"}],"wp:term":[{"taxonomy":"product_brand","embeddable":true,"href":"https:\/\/antcube.shop\/tr\/wp-json\/wp\/v2\/product_brand?post=6580"},{"taxonomy":"product_cat","embeddable":true,"href":"https:\/\/antcube.shop\/tr\/wp-json\/wp\/v2\/product_cat?post=6580"},{"taxonomy":"product_tag","embeddable":true,"href":"https:\/\/antcube.shop\/tr\/wp-json\/wp\/v2\/product_tag?post=6580"}],"curies":[{"name":"wp","href":"https:\/\/api.w.org\/{rel}","templated":true}]}}