{"id":6579,"date":"2023-12-04T13:54:25","date_gmt":"2023-12-04T12:54:25","guid":{"rendered":"https:\/\/antcube.shop\/product\/thermo-control-ii-timer\/"},"modified":"2026-04-09T15:04:50","modified_gmt":"2026-04-09T13:04:50","slug":"termo-kontrol-ii-zamanlayici","status":"publish","type":"product","link":"https:\/\/antcube.shop\/tr\/urun\/termo-kontrol-ii-zamanlayici\/","title":{"rendered":"Termo Kontrol II + Zamanlay\u0131c\u0131"},"content":{"rendered":"<p><strong>A\u00e7\u0131klama:<\/strong> Pop\u00fcler Thermo Control termostatlar\u0131n halefi olan modelde, sadece fiyat giri\u015f seviyesi bir modeli an\u0131msat\u0131yor.<br \/>\nThermo Control 2, 0-50\u00b0C s\u0131cakl\u0131k aral\u0131\u011f\u0131na sahip dijital bir termostatt\u0131r. Sabit s\u0131cakl\u0131k g\u00f6stergesi sayesinde termometre olarak da i\u015flev g\u00f6r\u00fcr.<br \/>\nMaksimum 1200W toplam \u00e7\u0131k\u0131\u015fa sahip \u0131s\u0131t\u0131c\u0131lar bir Schuko kaplin \u00fczerinden ba\u011flanabilir. Ba\u015fka bir Schuko kaplin, \u00f6rne\u011fin ayd\u0131nlatma veya fanlar\u0131n \u00e7al\u0131\u015fma s\u00fcrelerini ayarlamak i\u00e7in kullan\u0131labilen entegre bir zamanlay\u0131c\u0131 i\u015flevi ile kontrol edilir. Sens\u00f6r hava ve sudaki \u00f6l\u00e7\u00fcmler i\u00e7in uygundur ve t\u0131pk\u0131 kaplin ve g\u00fc\u00e7 kayna\u011f\u0131 \u00fcnitesi gibi bir kablo arac\u0131l\u0131\u011f\u0131yla termostata ba\u011flan\u0131r.<br \/>\nAyr\u0131ca Thermo Control 2, s\u0131cakl\u0131\u011f\u0131n istenen s\u0131cakl\u0131\u011f\u0131 a\u015fmas\u0131 veya alt\u0131na d\u00fc\u015fmesi durumunda g\u00f6rsel ve sesli uyar\u0131 veren bir alarm fonksiyonuna sahiptir (de\u011ferler 1\u00b0C ile 5\u00b0C aras\u0131nda ayarlanabilir).<br \/>\nHi\u00e7bir teraryumun onsuz olmamas\u0131 gereken bir cihaz!<\/p>\n<p>- Ayr\u0131 olarak kullan\u0131labilen zamanlay\u0131c\u0131 ile, \u00f6rne\u011fin ayd\u0131nlatma veya havaland\u0131rma i\u00e7in<br \/>\n- S\u0131cakl\u0131k sapmas\u0131 durumunda alarm fonksiyonu (1\u00b0C ile 5\u00b0C aras\u0131nda ayarlanabilir)<br \/>\n- \u00d6l\u00e7\u00fclen s\u0131cakl\u0131\u011f\u0131n g\u00f6sterilmesi<br \/>\n- 2m uzunlu\u011funda uzaktan kumanda sens\u00f6r\u00fc, akvaryumlar i\u00e7in de uygundur<br \/>\n- Toprakl\u0131 prizler<br \/>\n- 1200 watt anahtarlama kapasitesi<\/p>\n<p>- Teraryumda a\u015f\u0131r\u0131 \u0131s\u0131nmay\u0131 \u00f6nlemek i\u00e7in \u0131s\u0131tma matlar\u0131, \u0131s\u0131tma kablolar\u0131, \u0131s\u0131tma ta\u015flar\u0131 ve seramik radyant \u0131s\u0131t\u0131c\u0131lar ile kullan\u0131lmas\u0131 \u00f6nerilir.<\/p>\n<p><strong>Web ba\u011flant\u0131s\u0131:<\/strong> http:\/\/www.antstore.net\/viewtopic.php?f=18&amp;p=108893<\/p>","protected":false},"excerpt":{"rendered":"<p>A\u00e7\u0131klama: Pop\u00fcler Thermo Control termostatlar\u0131n halefi olan bu modelde, sadece fiyat giri\u015f seviyesi bir modeli an\u0131msat\u0131yor. Thermo Control 2, 0-50\u00b0C s\u0131cakl\u0131k aral\u0131\u011f\u0131na sahip dijital bir termostatt\u0131r. Sabit s\u0131cakl\u0131k g\u00f6stergesi sayesinde termometre olarak da i\u015flev g\u00f6r\u00fcr. Maksimum 1200W toplam \u00e7\u0131k\u0131\u015fa sahip \u0131s\u0131t\u0131c\u0131lar","protected":false},"featured_media":6598,"comment_status":"open","ping_status":"closed","template":"","meta":{"_acf_changed":false,"content-type":"","_monsterinsights_skip_tracking":false,"_monsterinsights_sitenote_active":false,"_monsterinsights_sitenote_note":"","_monsterinsights_sitenote_category":0},"product_brand":[],"product_cat":[359,119],"product_tag":[],"class_list":{"0":"post-6579","1":"product","2":"type-product","3":"status-publish","4":"has-post-thumbnail","6":"product_cat-light-heat-humidity","7":"product_cat-formicarium-components","9":"first","10":"instock","11":"taxable","12":"shipping-taxable","13":"purchasable","14":"product-type-simple"},"acf":[],"aioseo_notices":[],"jetpack_sharing_enabled":true,"_links":{"self":[{"href":"https:\/\/antcube.shop\/tr\/wp-json\/wp\/v2\/product\/6579","targetHints":{"allow":["GET"]}}],"collection":[{"href":"https:\/\/antcube.shop\/tr\/wp-json\/wp\/v2\/product"}],"about":[{"href":"https:\/\/antcube.shop\/tr\/wp-json\/wp\/v2\/types\/product"}],"replies":[{"embeddable":true,"href":"https:\/\/antcube.shop\/tr\/wp-json\/wp\/v2\/comments?post=6579"}],"wp:featuredmedia":[{"embeddable":true,"href":"https:\/\/antcube.shop\/tr\/wp-json\/wp\/v2\/media\/6598"}],"wp:attachment":[{"href":"https:\/\/antcube.shop\/tr\/wp-json\/wp\/v2\/media?parent=6579"}],"wp:term":[{"taxonomy":"product_brand","embeddable":true,"href":"https:\/\/antcube.shop\/tr\/wp-json\/wp\/v2\/product_brand?post=6579"},{"taxonomy":"product_cat","embeddable":true,"href":"https:\/\/antcube.shop\/tr\/wp-json\/wp\/v2\/product_cat?post=6579"},{"taxonomy":"product_tag","embeddable":true,"href":"https:\/\/antcube.shop\/tr\/wp-json\/wp\/v2\/product_tag?post=6579"}],"curies":[{"name":"wp","href":"https:\/\/api.w.org\/{rel}","templated":true}]}}