{"id":6578,"date":"2023-12-04T13:54:19","date_gmt":"2023-12-04T12:54:19","guid":{"rendered":"https:\/\/antcube.shop\/product\/mini-thermo-hygrometer-digital-weis-selbstklebend\/"},"modified":"2026-04-17T10:05:22","modified_gmt":"2026-04-17T08:05:22","slug":"mini-termo-higrometre-dijital-beyaz-kendinden-yapiskanli","status":"publish","type":"product","link":"https:\/\/antcube.shop\/tr\/urun\/mini-termo-higrometre-dijital-beyaz-kendinden-yapiskanli\/","title":{"rendered":"Mini termo-higrometre dijital - beyaz - kendinden yap\u0131\u015fkanl\u0131"},"content":{"rendered":"<p><strong>\u00d6l\u00e7\u00fcm aral\u0131\u011f\u0131:<\/strong> -10 ila +60\u00b0C \/ 10% ila 99%<\/p>\n<p><strong>Boyutlar:<\/strong> 52 x39x15 mm<\/p>\n<p><strong>A\u00e7\u0131klama:<\/strong><br \/>\nMax\/mini fonksiyonlu, standl\u0131, LR 44 d\u00fc\u011fme pil dahil.<\/p>\n<p><strong>Not:<\/strong><br \/>\nM\u00fcmk\u00fcn olan en do\u011fru \u00f6l\u00e7\u00fcm sonucunu elde etmek i\u00e7in, arka havaland\u0131rma deliklerinin montaj taraf\u0131ndan engellenmemesi \u00f6nemlidir!<br \/>\nCihaz\u0131 takarken, uygun ka\u00e7\u0131\u015f korumas\u0131 ile hayvanlar\u0131n cihaza veya yap\u0131\u015fkan ba\u011flant\u0131ya ula\u015famayaca\u011f\u0131ndan emin olun.<br \/>\nBununla birlikte, bunun ger\u00e7ekle\u015fme riski varsa, sabitleme i\u00e7in \u015feffaf yap\u0131\u015fkan pedlerimiz (art. no. 1002314) kullan\u0131lmal\u0131d\u0131r.<\/p>\n<p><strong>WEEE Reg:<\/strong> DE 78184127<\/p>\n<p><strong>Bertaraf i\u00e7in ak\u00fc y\u00f6netmeliklerine bak\u0131n:<\/strong><\/p>\n<p><a href=\"https:\/\/www.antstore.net\/shop\/de\/info\/Batterieverordnung.html\" target=\"_blank\" rel=\"noopener\">https:\/\/www.antstore.net\/shop\/de\/info\/Batterieverordnung.html<\/a><\/p>","protected":false},"excerpt":{"rendered":"<p>\u00d6l\u00e7\u00fcm aral\u0131\u011f\u0131: -10 ila +60\u00b0C \/ 10 ila 99%, Boyutlar: 52 x 39 x 15 mm<\/p>","protected":false},"featured_media":6620,"comment_status":"open","ping_status":"closed","template":"","meta":{"_acf_changed":false,"content-type":"","_monsterinsights_skip_tracking":false,"_monsterinsights_sitenote_active":false,"_monsterinsights_sitenote_note":"","_monsterinsights_sitenote_category":0},"product_brand":[],"product_cat":[359,119,239],"product_tag":[],"class_list":{"0":"post-6578","1":"product","2":"type-product","3":"status-publish","4":"has-post-thumbnail","6":"product_cat-light-heat-humidity","7":"product_cat-formicarium-components","8":"product_cat-useful-additions","10":"first","11":"instock","12":"taxable","13":"shipping-taxable","14":"purchasable","15":"product-type-simple"},"acf":[],"aioseo_notices":[],"jetpack_sharing_enabled":true,"_links":{"self":[{"href":"https:\/\/antcube.shop\/tr\/wp-json\/wp\/v2\/product\/6578","targetHints":{"allow":["GET"]}}],"collection":[{"href":"https:\/\/antcube.shop\/tr\/wp-json\/wp\/v2\/product"}],"about":[{"href":"https:\/\/antcube.shop\/tr\/wp-json\/wp\/v2\/types\/product"}],"replies":[{"embeddable":true,"href":"https:\/\/antcube.shop\/tr\/wp-json\/wp\/v2\/comments?post=6578"}],"wp:featuredmedia":[{"embeddable":true,"href":"https:\/\/antcube.shop\/tr\/wp-json\/wp\/v2\/media\/6620"}],"wp:attachment":[{"href":"https:\/\/antcube.shop\/tr\/wp-json\/wp\/v2\/media?parent=6578"}],"wp:term":[{"taxonomy":"product_brand","embeddable":true,"href":"https:\/\/antcube.shop\/tr\/wp-json\/wp\/v2\/product_brand?post=6578"},{"taxonomy":"product_cat","embeddable":true,"href":"https:\/\/antcube.shop\/tr\/wp-json\/wp\/v2\/product_cat?post=6578"},{"taxonomy":"product_tag","embeddable":true,"href":"https:\/\/antcube.shop\/tr\/wp-json\/wp\/v2\/product_tag?post=6578"}],"curies":[{"name":"wp","href":"https:\/\/api.w.org\/{rel}","templated":true}]}}