{"id":6577,"date":"2023-12-04T13:54:13","date_gmt":"2023-12-04T12:54:13","guid":{"rendered":"https:\/\/antcube.shop\/product\/ameisenarena-nebler-gros\/"},"modified":"2026-04-02T12:12:13","modified_gmt":"2026-04-02T10:12:13","slug":"karinca-arena-sisleyici-buyuk","status":"publish","type":"product","link":"https:\/\/antcube.shop\/tr\/urun\/karinca-arena-sisleyici-buyuk\/","title":{"rendered":"Kar\u0131nca arenas\u0131 - sisleyici - b\u00fcy\u00fck"},"content":{"rendered":"<p><strong>\u0130\u00e7indekiler:<\/strong><br \/>\n- Sisleyici<br \/>\n- Hortumu kar\u0131nca arenas\u0131 kapa\u011f\u0131na takmak i\u00e7in delikli uygun tapa<br \/>\n- Uzat\u0131labilir hortum<\/p>\n<p><strong>Malzeme:<\/strong> plastik<\/p>\n<p><strong>Renk:<\/strong> siyah<\/p>\n<p>Teknik detaylar:<br \/>\nVoltaj: AC 120-240 V - 50\/60 Hz<br \/>\nKablo uzunlu\u011fu: 1,20 m<br \/>\nSu tank\u0131 kapasitesi: 4L<br \/>\nHortum uzunlu\u011fu: 40 ila 160 cm aras\u0131nda ayr\u0131 ayr\u0131 uzat\u0131labilir<br \/>\nSis \u00fcretimi: 150-300 ml\/saat<br \/>\nMaksimum sisleme y\u00fcksekli\u011fi: Hortum ile 2 m<br \/>\ng\u00fcr\u00fclt\u00fcs\u00fcz<\/p>\n<p>A\u00e7\u0131klama:<br \/>\nBir kar\u0131nca arenas\u0131n\u0131 nemlendirmek i\u00e7in bu sisleme cihaz\u0131 do\u011frudan kar\u0131nca arenas\u0131 kapa\u011f\u0131na tak\u0131labilir.<\/p>\n<p>&nbsp;<\/p>\n<p>&nbsp;<\/p>\n<p>Not: 20.01.2025 \u00dcr\u00fcn g\u00fcncellemesi - yeni model<\/p>","protected":false},"excerpt":{"rendered":"<p>\u0130\u00e7indekiler - Sisleyici - Hortumu kar\u0131nca arenas\u0131 kapa\u011f\u0131na takmak i\u00e7in 22 mm delikli uygun fi\u015f - Uzat\u0131labilir hortum Malzeme: plastik Renk: siyah Teknik detaylar: Voltaj: AC 120-240 V - 50\/60 Hz Kablo uzunlu\u011fu: 1,20 m Su tank\u0131 kapasitesi: 4L Hortum uzunlu\u011fu: 40 ila 160 cm aras\u0131nda ayr\u0131 ayr\u0131 uzat\u0131labilir Sis \u00fcretimi: 150-300 ml\/saat Maksimum [...]","protected":false},"featured_media":10944,"comment_status":"open","ping_status":"closed","template":"","meta":{"_acf_changed":false,"content-type":"","_monsterinsights_skip_tracking":false,"_monsterinsights_sitenote_active":false,"_monsterinsights_sitenote_note":"","_monsterinsights_sitenote_category":0},"product_brand":[],"product_cat":[359,119,239],"product_tag":[],"class_list":{"0":"post-6577","1":"product","2":"type-product","3":"status-publish","4":"has-post-thumbnail","6":"product_cat-light-heat-humidity","7":"product_cat-formicarium-components","8":"product_cat-useful-additions","10":"first","11":"instock","12":"taxable","13":"shipping-taxable","14":"purchasable","15":"product-type-simple"},"acf":[],"aioseo_notices":[],"jetpack_sharing_enabled":true,"_links":{"self":[{"href":"https:\/\/antcube.shop\/tr\/wp-json\/wp\/v2\/product\/6577","targetHints":{"allow":["GET"]}}],"collection":[{"href":"https:\/\/antcube.shop\/tr\/wp-json\/wp\/v2\/product"}],"about":[{"href":"https:\/\/antcube.shop\/tr\/wp-json\/wp\/v2\/types\/product"}],"replies":[{"embeddable":true,"href":"https:\/\/antcube.shop\/tr\/wp-json\/wp\/v2\/comments?post=6577"}],"wp:featuredmedia":[{"embeddable":true,"href":"https:\/\/antcube.shop\/tr\/wp-json\/wp\/v2\/media\/10944"}],"wp:attachment":[{"href":"https:\/\/antcube.shop\/tr\/wp-json\/wp\/v2\/media?parent=6577"}],"wp:term":[{"taxonomy":"product_brand","embeddable":true,"href":"https:\/\/antcube.shop\/tr\/wp-json\/wp\/v2\/product_brand?post=6577"},{"taxonomy":"product_cat","embeddable":true,"href":"https:\/\/antcube.shop\/tr\/wp-json\/wp\/v2\/product_cat?post=6577"},{"taxonomy":"product_tag","embeddable":true,"href":"https:\/\/antcube.shop\/tr\/wp-json\/wp\/v2\/product_tag?post=6577"}],"curies":[{"name":"wp","href":"https:\/\/api.w.org\/{rel}","templated":true}]}}