{"id":6576,"date":"2023-12-04T13:54:06","date_gmt":"2023-12-04T12:54:06","guid":{"rendered":"https:\/\/antcube.shop\/product\/ameisenarena-nebler-klein\/"},"modified":"2026-04-17T10:11:12","modified_gmt":"2026-04-17T08:11:12","slug":"karinca-arena-sisleyici-kucuk","status":"publish","type":"product","link":"https:\/\/antcube.shop\/tr\/urun\/karinca-arena-sisleyici-kucuk\/","title":{"rendered":"Kar\u0131nca arenas\u0131 - sisleyici - k\u00fc\u00e7\u00fck"},"content":{"rendered":"<p><strong>\u0130\u00e7indekiler:<\/strong><br \/>\n- Sisleyici<br \/>\n- Hortumu kar\u0131nca arenas\u0131 kapa\u011f\u0131na takmak i\u00e7in delikli uygun tapa<br \/>\n- Uzat\u0131labilir hortum<\/p>\n<p><strong>Malzeme:<\/strong> plastik<\/p>\n<p><strong>Renk:<\/strong> siyah\/beyaz<\/p>\n<p><strong>Teknik \u00f6zellikler:<\/strong><br \/>\nGerilim: 230V<br \/>\nG\u00fc\u00e7: 15W (30ml\/saat)<br \/>\nKablo uzunlu\u011fu: 1,40 m<br \/>\nSu tank\u0131 kapasitesi: 360ml<br \/>\nBa\u011flant\u0131 Euro fi\u015f<br \/>\nHortum uzunlu\u011fu: 60 cm -&gt; uzat\u0131labilir<\/p>\n<p><strong>A\u00e7\u0131klama:<\/strong><br \/>\nBir kar\u0131nca arenas\u0131n\u0131 nemlendirmek i\u00e7in, bu sisleyici do\u011frudan kar\u0131nca arenas\u0131 kapa\u011f\u0131na yerle\u015ftirilebilir.<br \/>\nK\u00fc\u00e7\u00fck Ameisenarena sisleyici, k\u00fc\u00e7\u00fck teraryumlar\u0131 nemlendirmek i\u00e7in tasarlanm\u0131\u015ft\u0131r. Bu modelde teknoloji \u00e7ok daha basit hale getirilmi\u015ftir, bu da \u00e7ok daha sorunsuz bir \u00e7al\u0131\u015fma sa\u011flar. Su, bir ke\u00e7e kartu\u015fun k\u0131lcal hareketi ile \u00e7\u0131kar\u0131l\u0131r. Bu, hijyenik nedenlerle d\u00fczenli olarak yap\u0131lmas\u0131 gereken birka\u00e7 basit ad\u0131mda de\u011fi\u015ftirilebilir. \u00dcretilen bu\u011fu, ekstra bir fana gerek kalmadan, ustaca tasarlanm\u0131\u015f bir nozul taraf\u0131ndan otomatik olarak hortum boyunca y\u00f6nlendirilir. Bu da hata olas\u0131l\u0131\u011f\u0131n\u0131 \u00f6nemli \u00f6l\u00e7\u00fcde azalt\u0131r. Sisleme kapasitesi yakla\u015f\u0131k 30 ml\/saattir. Depo maksimum 360 ml kapasiteye sahiptir. Super Fog Nano II bir zamanlay\u0131c\u0131 veya higrostat arac\u0131l\u0131\u011f\u0131yla kontrol edilebilir. Hareketli ve uzat\u0131labilir hortum sayesinde Super Fog Nano II herhangi bir teraryuma adapte edilebilir. Yeni bir \u00f6zellik de membran\u0131n art\u0131k son kullan\u0131c\u0131 taraf\u0131ndan sadece birka\u00e7 basit ad\u0131mda de\u011fi\u015ftirilebilmesidir. Di\u011fer t\u00fcm par\u00e7alar da yedek par\u00e7a olarak mevcuttur ve Super Fog Nano II'yi s\u00fcrd\u00fcr\u00fclebilir bir cihaz haline getirir.<\/p>\n<p><strong>Hack:<\/strong><br \/>\nDaha uzun bir hortum gerekiyorsa, 20\/16mm hortumumuz (Art. 1000107) sisleme cihaz\u0131na tak\u0131labilir. Ayr\u0131ca 50 mm i\u00e7in 20 mm delikli formikaryum tapalar\u0131na da ihtiyac\u0131n\u0131z olacakt\u0131r (Art. 1005033 + 20 mm). Bununla birlikte, hortum ne kadar uzun olursa, formikaryuma o kadar az sis ula\u015faca\u011f\u0131n\u0131 l\u00fctfen unutmay\u0131n.<\/p>\n<p>&nbsp;<\/p>","protected":false},"excerpt":{"rendered":"<p>\u0130\u00e7indekiler - Sisleyici - Hortumu kar\u0131nca arenas\u0131 kapa\u011f\u0131na takmak i\u00e7in delikli uygun tapa - Uzat\u0131labilir hortum Malzeme: plastik Renk: siyah\/beyaz Teknik \u00f6zellikler: Voltaj: 230V G\u00fc\u00e7: 15W (30ml\/h) Kablo uzunlu\u011fu: 1,40 m Su tank\u0131 kapasitesi: 360ml Ba\u011flant\u0131: Euro fi\u015f Hortum uzunlu\u011fu: 60 cm -&gt; uzat\u0131labilir A\u00e7\u0131klama: Bir kar\u0131ncay\u0131 nemlendirmek i\u00e7in [...]","protected":false},"featured_media":6603,"comment_status":"open","ping_status":"closed","template":"","meta":{"_acf_changed":false,"content-type":"","_monsterinsights_skip_tracking":false,"_monsterinsights_sitenote_active":false,"_monsterinsights_sitenote_note":"","_monsterinsights_sitenote_category":0},"product_brand":[],"product_cat":[359,119],"product_tag":[],"class_list":{"0":"post-6576","1":"product","2":"type-product","3":"status-publish","4":"has-post-thumbnail","6":"product_cat-light-heat-humidity","7":"product_cat-formicarium-components","9":"first","10":"instock","11":"taxable","12":"shipping-taxable","13":"purchasable","14":"product-type-simple"},"acf":[],"aioseo_notices":[],"jetpack_sharing_enabled":true,"_links":{"self":[{"href":"https:\/\/antcube.shop\/tr\/wp-json\/wp\/v2\/product\/6576","targetHints":{"allow":["GET"]}}],"collection":[{"href":"https:\/\/antcube.shop\/tr\/wp-json\/wp\/v2\/product"}],"about":[{"href":"https:\/\/antcube.shop\/tr\/wp-json\/wp\/v2\/types\/product"}],"replies":[{"embeddable":true,"href":"https:\/\/antcube.shop\/tr\/wp-json\/wp\/v2\/comments?post=6576"}],"wp:featuredmedia":[{"embeddable":true,"href":"https:\/\/antcube.shop\/tr\/wp-json\/wp\/v2\/media\/6603"}],"wp:attachment":[{"href":"https:\/\/antcube.shop\/tr\/wp-json\/wp\/v2\/media?parent=6576"}],"wp:term":[{"taxonomy":"product_brand","embeddable":true,"href":"https:\/\/antcube.shop\/tr\/wp-json\/wp\/v2\/product_brand?post=6576"},{"taxonomy":"product_cat","embeddable":true,"href":"https:\/\/antcube.shop\/tr\/wp-json\/wp\/v2\/product_cat?post=6576"},{"taxonomy":"product_tag","embeddable":true,"href":"https:\/\/antcube.shop\/tr\/wp-json\/wp\/v2\/product_tag?post=6576"}],"curies":[{"name":"wp","href":"https:\/\/api.w.org\/{rel}","templated":true}]}}