{"id":6573,"date":"2023-12-04T11:34:55","date_gmt":"2023-12-04T10:34:55","guid":{"rendered":"https:\/\/antcube.shop\/product\/arena-vase-10x20cm-aus-glas\/"},"modified":"2026-04-13T18:24:05","modified_gmt":"2026-04-13T16:24:05","slug":"arena-vazo-10x20cm-camdan-yapilmistir","status":"publish","type":"product","link":"https:\/\/antcube.shop\/tr\/urun\/arena-vazo-10x20cm-camdan-yapilmistir\/","title":{"rendered":"Arena vazo 10x20cm camdan yap\u0131lm\u0131\u015ft\u0131r"},"content":{"rendered":"<p><strong>Boyutlar:<\/strong> 10\u00d720.4cm<\/p>\n<p><strong>Malzeme:<\/strong> cam, PMMA<\/p>\n<p><strong>Renk:<\/strong> kristal berrakl\u0131\u011f\u0131nda, yar\u0131 saydam, \u015feffaf<\/p>\n<p><strong>\u0130\u00e7indekiler:<\/strong><br \/>\n1x cam vazo 10x20cm<br \/>\n1x kapak 10\u00d70.4cm<\/p>\n<p><strong>A\u00e7\u0131klama:<\/strong> Arena Vazo, Atta veya Acromyrmex cinsi yaprak kesen kar\u0131nca kolonilerini beslemek i\u00e7in geli\u015ftirilmi\u015ftir. Yem bitkilerinin dallar\u0131n\u0131 d\u00fczenlemek ve tutmak i\u00e7in delikleri ve yuvalar\u0131 olan \u00e7\u0131kar\u0131labilir akrilik kapak basit\u00e7e vazonun \u00fczerine yerle\u015ftirilir. Vazo, besin bitkilerinin daha uzun s\u00fcre taze kalmas\u0131na yard\u0131mc\u0131 olur ve ayn\u0131 zamanda rezervuardaki suyun s\u00fcrekli buharla\u015fmas\u0131 yoluyla formikaryumdaki nemi art\u0131r\u0131r.<\/p>","protected":false},"excerpt":{"rendered":"<p>Boyutlar: 10x10.4cm Malzeme: cam, PMMA Renk: kristal berrakl\u0131\u011f\u0131nda, yar\u0131 saydam, \u015feffaf \u0130\u00e7indekiler: 1x cam vazo 10x10cm 1x kapak 10x0.4cm A\u00e7\u0131klama: Arena Vazo, Atta veya Acromyrmex cinsi yaprak kesen kar\u0131nca kolonilerini beslemek i\u00e7in geli\u015ftirilmi\u015ftir. Yem bitkilerinin dallar\u0131n\u0131 d\u00fczenlemek ve tutmak i\u00e7in delikleri ve yuvalar\u0131 olan \u00e7\u0131kar\u0131labilir akrilik kapak basit\u00e7e yerle\u015ftirilir","protected":false},"featured_media":6590,"comment_status":"open","ping_status":"closed","template":"","meta":{"_acf_changed":false,"content-type":"","_monsterinsights_skip_tracking":false,"_monsterinsights_sitenote_active":false,"_monsterinsights_sitenote_note":"","_monsterinsights_sitenote_category":0},"product_brand":[],"product_cat":[115,118],"product_tag":[],"class_list":{"0":"post-6573","1":"product","2":"type-product","3":"status-publish","4":"has-post-thumbnail","6":"product_cat-food-and-feeding","7":"product_cat-feeding-bowls","9":"first","10":"instock","11":"taxable","12":"shipping-taxable","13":"purchasable","14":"product-type-simple"},"acf":[],"aioseo_notices":[],"jetpack_sharing_enabled":true,"_links":{"self":[{"href":"https:\/\/antcube.shop\/tr\/wp-json\/wp\/v2\/product\/6573","targetHints":{"allow":["GET"]}}],"collection":[{"href":"https:\/\/antcube.shop\/tr\/wp-json\/wp\/v2\/product"}],"about":[{"href":"https:\/\/antcube.shop\/tr\/wp-json\/wp\/v2\/types\/product"}],"replies":[{"embeddable":true,"href":"https:\/\/antcube.shop\/tr\/wp-json\/wp\/v2\/comments?post=6573"}],"wp:featuredmedia":[{"embeddable":true,"href":"https:\/\/antcube.shop\/tr\/wp-json\/wp\/v2\/media\/6590"}],"wp:attachment":[{"href":"https:\/\/antcube.shop\/tr\/wp-json\/wp\/v2\/media?parent=6573"}],"wp:term":[{"taxonomy":"product_brand","embeddable":true,"href":"https:\/\/antcube.shop\/tr\/wp-json\/wp\/v2\/product_brand?post=6573"},{"taxonomy":"product_cat","embeddable":true,"href":"https:\/\/antcube.shop\/tr\/wp-json\/wp\/v2\/product_cat?post=6573"},{"taxonomy":"product_tag","embeddable":true,"href":"https:\/\/antcube.shop\/tr\/wp-json\/wp\/v2\/product_tag?post=6573"}],"curies":[{"name":"wp","href":"https:\/\/api.w.org\/{rel}","templated":true}]}}