{"id":6570,"date":"2023-12-04T11:34:35","date_gmt":"2023-12-04T10:34:35","guid":{"rendered":"https:\/\/antcube.shop\/product\/ameisen-treppenhaus-30cm\/"},"modified":"2026-03-16T11:29:00","modified_gmt":"2026-03-16T10:29:00","slug":"karinca-merdiveni-30cm","status":"publish","type":"product","link":"https:\/\/antcube.shop\/tr\/urun\/karinca-merdiveni-30cm\/","title":{"rendered":"Kar\u0131nca merdiveni 30cm"},"content":{"rendered":"<p><strong>Boyutlar:<\/strong> 5x5x30cm<\/p>\n<p><strong>Malzeme:<\/strong> PMMA<\/p>\n<p><strong>Renk:<\/strong> kristal berrakl\u0131\u011f\u0131nda, yar\u0131 saydam, \u015feffaf<\/p>\n<p><strong>\u0130\u00e7indekiler:<\/strong><br \/>\n1x kar\u0131nca merdiveni 30cm<br \/>\n\u0130ste\u011fe ba\u011fl\u0131 duvara montaj i\u00e7in 2x akrilik plaka<\/p>\n<p>Kar\u0131nca merdiveni i\u00e7in 1x ped<\/p>\n<p><strong>Not: <\/strong>Par\u00e7alar tamamen monte edilmi\u015f bir \u00fcr\u00fcn olarak tedarik edilir. Duvar montaj\u0131n\u0131 takmak i\u00e7in \u00fcst ve alt k\u0131s\u0131mdaki akrilik vidalar\u0131 gev\u015fetin ve taban\u0131 \u00e7\u0131kar\u0131n. \u0130ki akrilik plakay\u0131 1x \u00fcstte ve 1x altta bulunan vidalarla yeniden tak\u0131n.<\/p>\n<p><strong>Ba\u011flant\u0131:<\/strong> 2x hortum 20\/16 mm (d\u0131\u015f) veya hortum 14\/10 mm (i\u00e7) veya 24\/20 (d\u0131\u015f 2. ba\u011flant\u0131 a\u015famas\u0131)<\/p>\n<p><strong>A\u00e7\u0131klama:<\/strong> Kar\u0131nca merdiveni, arena ile kar\u0131nca \u00e7iftli\u011fi aras\u0131ndaki y\u00fcksekli\u011fi kapatmak i\u00e7in kullan\u0131l\u0131r.<\/p>\n<p><strong>Uygulama:<\/strong> kar\u0131nca \u00e7iftlikleri i\u00e7in <strong>30x30cm veya 60x30cm \u00f6l\u00e7\u00fclerinde<\/strong><\/p>\n<p><span data-text-color=\"alert\"><strong>Akrilik t\u00fcplerle kullan\u0131m i\u00e7in \u00f6nemlidir:<\/strong><\/span><br \/>\nY\u00fckseklik bizim i\u00e7in uygun de\u011fil <strong>XL kar\u0131nca \u00e7iftlikleri boyutunda.<\/strong><br \/>\n\u0130\u00e7in<strong> akrilik t\u00fcplerle kullan\u0131m<\/strong> (\u00f6rn. kar\u0131nca t\u00fcp\u00fc - kristal berrakl\u0131\u011f\u0131nda 20mm - 1m art. no. 1000320) hortumlar yerine, toplam<strong> 3x \"20 mm i\u00e7in kristal berrakl\u0131\u011f\u0131nda t\u00fcp konekt\u00f6r\u00fc - I\"<\/strong> (art. no. 1005624). Kar\u0131nca \u00e7iftli\u011fi soketi i\u00e7in 1x ve iki merdiven bo\u015flu\u011fu soketi i\u00e7in 2x. Ayr\u0131ca, eski kar\u0131nca \u00e7iftlikleri i\u00e7in (t\u00fcm\u00fc 12\/2023 tarihinden \u00f6nce sat\u0131n al\u0131nm\u0131\u015ft\u0131r), kar\u0131nca \u00e7iftli\u011fi soketine bir \"\u015feffaf esnek s\u0131zd\u0131rmazl\u0131k halkas\u0131\" (\u00fcr\u00fcn no. 1001437) tak\u0131lmal\u0131d\u0131r. Aksi takdirde \"20mm - I i\u00e7in kristal berrakl\u0131\u011f\u0131nda boru ba\u011flant\u0131s\u0131\" (\u00fcr\u00fcn no. 1005624) kar\u0131nca \u00e7iftli\u011fi soketine \u00e7ok gev\u015fek oturur. Ayr\u0131ca, e\u011fer bir <strong>formicarium ped <\/strong>kar\u0131nca \u00e7iftli\u011fi veya arenas\u0131 i\u00e7in kullan\u0131l\u0131yorsa, merdiven i\u00e7in de bir tane kullan\u0131lmal\u0131d\u0131r, aksi takdirde merdiven soketi ile kar\u0131nca \u00e7iftli\u011fi ve kar\u0131nca arenas\u0131ndaki ba\u011flant\u0131lar aras\u0131nda hafif bir y\u00fckseklik fark\u0131 olacakt\u0131r.<\/p>","protected":false},"excerpt":{"rendered":"<p>30x30cm veya 60x30cm \u00f6l\u00e7\u00fclerindeki kar\u0131nca \u00e7iftlikleri i\u00e7in<\/p>","protected":false},"featured_media":6585,"comment_status":"open","ping_status":"closed","template":"","meta":{"_acf_changed":false,"content-type":"","_monsterinsights_skip_tracking":false,"_monsterinsights_sitenote_active":false,"_monsterinsights_sitenote_note":"","_monsterinsights_sitenote_category":0},"product_brand":[],"product_cat":[345,119,121,120,239],"product_tag":[],"class_list":{"0":"post-6570","1":"product","2":"type-product","3":"status-publish","4":"has-post-thumbnail","6":"product_cat-pipe-connectors","7":"product_cat-formicarium-components","8":"product_cat-connectors","9":"product_cat-hoses","10":"product_cat-useful-additions","12":"first","13":"instock","14":"taxable","15":"shipping-taxable","16":"purchasable","17":"product-type-simple"},"acf":[],"aioseo_notices":[],"jetpack_sharing_enabled":true,"_links":{"self":[{"href":"https:\/\/antcube.shop\/tr\/wp-json\/wp\/v2\/product\/6570","targetHints":{"allow":["GET"]}}],"collection":[{"href":"https:\/\/antcube.shop\/tr\/wp-json\/wp\/v2\/product"}],"about":[{"href":"https:\/\/antcube.shop\/tr\/wp-json\/wp\/v2\/types\/product"}],"replies":[{"embeddable":true,"href":"https:\/\/antcube.shop\/tr\/wp-json\/wp\/v2\/comments?post=6570"}],"wp:featuredmedia":[{"embeddable":true,"href":"https:\/\/antcube.shop\/tr\/wp-json\/wp\/v2\/media\/6585"}],"wp:attachment":[{"href":"https:\/\/antcube.shop\/tr\/wp-json\/wp\/v2\/media?parent=6570"}],"wp:term":[{"taxonomy":"product_brand","embeddable":true,"href":"https:\/\/antcube.shop\/tr\/wp-json\/wp\/v2\/product_brand?post=6570"},{"taxonomy":"product_cat","embeddable":true,"href":"https:\/\/antcube.shop\/tr\/wp-json\/wp\/v2\/product_cat?post=6570"},{"taxonomy":"product_tag","embeddable":true,"href":"https:\/\/antcube.shop\/tr\/wp-json\/wp\/v2\/product_tag?post=6570"}],"curies":[{"name":"wp","href":"https:\/\/api.w.org\/{rel}","templated":true}]}}