{"id":6567,"date":"2023-12-04T11:34:15","date_gmt":"2023-12-04T10:34:15","guid":{"rendered":"https:\/\/antcube.shop\/product\/kornerfutter-media-100g\/"},"modified":"2026-04-13T09:29:47","modified_gmt":"2026-04-13T07:29:47","slug":"tahil-yem-ortami-100g","status":"publish","type":"product","link":"https:\/\/antcube.shop\/tr\/urun\/tahil-yem-ortami-100g\/","title":{"rendered":"Tah\u0131l yem ortam\u0131 100g"},"content":{"rendered":"<div class=\"tab-body active\">\n<p><strong>\u0130\u00e7erik:<\/strong> 100g<\/p>\n<p><span id=\"result_box\" class=\"long_text\" lang=\"en\"><strong>A\u00e7\u0131klama:<\/strong> <\/span>Messor, Pogonomyrmex ve Pheidole gibi granivor kar\u0131ncalar\u0131n kolonilerini b\u00fcy\u00fctmek i\u00e7in orta tah\u0131l ve tohum kar\u0131\u015f\u0131m\u0131.<br \/>\nBu orta boy tohum kar\u0131\u015f\u0131m\u0131n\u0131n yard\u0131m\u0131yla b\u00fcy\u00fcme desteklenir.<br \/>\nYapay katk\u0131 maddesi i\u00e7ermeyen saf do\u011fal \u00fcr\u00fcn. Pestisit i\u00e7ermez.<\/p>\n<p><strong>Not:<\/strong><br \/>\nBesleme t\u00fcp\u00fcn\u00fc kullanmak i\u00e7in burada bulabilirsiniz: <a href=\"https:\/\/www.antstore.net\/shop\/images\/documents\/Anleitung-Ameisenfutterroehrchen.pdf\">Ba\u011flant\u0131<\/a><br \/>\nTah\u0131l yiyen kar\u0131ncalar i\u00e7in yem takviyesi.<br \/>\nBile\u015fim, analitik bile\u015fenler, son kullanma tarihi ve lot numaras\u0131 i\u00e7in l\u00fctfen prospekt\u00fcse bak\u0131n\u0131z.<\/p>\n<p>Bilgi Hatt\u0131 +49 30 439703870<\/p>\n<p>Yetkili Veterinerlik ve G\u0131da Kontrol\u00fc:<br \/>\nVeterin\u00e4ramt Steglitz<br \/>\nK\u00f6nigin-Luise-Str. 92<br \/>\n14195 Berlin<\/p>\n<\/div>","protected":false},"excerpt":{"rendered":"<p>Ek yem<\/p>","protected":false},"featured_media":6625,"comment_status":"open","ping_status":"closed","template":"","meta":{"_acf_changed":false,"content-type":"","_monsterinsights_skip_tracking":false,"_monsterinsights_sitenote_active":false,"_monsterinsights_sitenote_note":"","_monsterinsights_sitenote_category":0},"product_brand":[],"product_cat":[115,116],"product_tag":[],"class_list":{"0":"post-6567","1":"product","2":"type-product","3":"status-publish","4":"has-post-thumbnail","6":"product_cat-food-and-feeding","7":"product_cat-food","9":"first","10":"instock","11":"taxable","12":"shipping-taxable","13":"purchasable","14":"product-type-simple"},"acf":[],"aioseo_notices":[],"jetpack_sharing_enabled":true,"_links":{"self":[{"href":"https:\/\/antcube.shop\/tr\/wp-json\/wp\/v2\/product\/6567","targetHints":{"allow":["GET"]}}],"collection":[{"href":"https:\/\/antcube.shop\/tr\/wp-json\/wp\/v2\/product"}],"about":[{"href":"https:\/\/antcube.shop\/tr\/wp-json\/wp\/v2\/types\/product"}],"replies":[{"embeddable":true,"href":"https:\/\/antcube.shop\/tr\/wp-json\/wp\/v2\/comments?post=6567"}],"wp:featuredmedia":[{"embeddable":true,"href":"https:\/\/antcube.shop\/tr\/wp-json\/wp\/v2\/media\/6625"}],"wp:attachment":[{"href":"https:\/\/antcube.shop\/tr\/wp-json\/wp\/v2\/media?parent=6567"}],"wp:term":[{"taxonomy":"product_brand","embeddable":true,"href":"https:\/\/antcube.shop\/tr\/wp-json\/wp\/v2\/product_brand?post=6567"},{"taxonomy":"product_cat","embeddable":true,"href":"https:\/\/antcube.shop\/tr\/wp-json\/wp\/v2\/product_cat?post=6567"},{"taxonomy":"product_tag","embeddable":true,"href":"https:\/\/antcube.shop\/tr\/wp-json\/wp\/v2\/product_tag?post=6567"}],"curies":[{"name":"wp","href":"https:\/\/api.w.org\/{rel}","templated":true}]}}