{"id":6564,"date":"2023-12-04T11:33:56","date_gmt":"2023-12-04T10:33:56","guid":{"rendered":"https:\/\/antcube.shop\/product\/schraub-adapter-50-auf-27-mm-bohrung\/"},"modified":"2026-04-16T09:54:54","modified_gmt":"2026-04-16T07:54:54","slug":"vida-adaptoru-50-ila-27-mm-delik","status":"publish","type":"product","link":"https:\/\/antcube.shop\/tr\/urun\/vida-adaptoru-50-ila-27-mm-delik\/","title":{"rendered":"Vida adapt\u00f6r\u00fc 50 ila 27 mm delik"},"content":{"rendered":"<p><strong>\u0130\u00e7erik:<\/strong><br \/>\n2x akrilik disk 59 x 2mm, 32 mm delikli<br \/>\n1x 27 mm delikli 49 x 4 mm akrilik disk<br \/>\n2x \u015eeffaf plastik vida M4<br \/>\n2x \u015eeffaf somun M4<\/p>\n<p><strong>\u00dcr\u00fcn boyutlar\u0131:<\/strong> 59 x 8 mm<\/p>\n<p><strong>Malzeme:<\/strong> PMMA<\/p>\n<p><strong>Renk:<\/strong> \u015feffaf \/ kristal berrakl\u0131\u011f\u0131nda<\/p>\n<p><span data-text-color=\"alert\"><strong>D\u0130KKAT:<\/strong><\/span> sadece havza hortum ba\u011flant\u0131lar\u0131m\u0131z i\u00e7in 27mm - 14, 20, 24mm - \u015feffaf<\/p>\n<p><strong>A\u00e7\u0131klama:<\/strong> \u00c7ap\u0131 27 mm olan elemanlar\u0131n 50 mm'lik deliklere sabitlenmesi i\u00e7in adapt\u00f6r. 27 mm'lik tapalar\u0131m\u0131z da adapt\u00f6re uyar.<\/p>\n<p>B\u00f6ylece borular\u0131n, hortumlar\u0131n veya di\u011fer ba\u011flant\u0131 elemanlar\u0131n\u0131n g\u00fcvenli, sa\u011flam ve g\u00f6rsel olarak \u00e7ekici bir \u015fekilde ba\u011flanmas\u0131n\u0131 sa\u011flar.<\/p>\n<p><strong>Not:<\/strong> Ayr\u0131 par\u00e7alar halinde tedarik edilir ve bir y\u0131ld\u0131z tornavida ile sabitlenmelidir.<\/p>","protected":false},"excerpt":{"rendered":"<p>\u0130\u00e7erik: 2x Akrilik disk 59 x 2mm, 32 mm delikli 1x Akrilik disk 49 x 4mm, 27 mm delikli 2x \u015eeffaf plastik vida M4 2x \u015eeffaf somun M4 \u00dcr\u00fcn boyutlar\u0131: 59 x 8 mm Malzeme: PMMA Renk: \u015feffaf \/ kristal berrakl\u0131\u011f\u0131nda D\u0130KKAT: sadece havza hortum ba\u011flant\u0131lar\u0131m\u0131z i\u00e7in 27mm - 14, 20, 24mm","protected":false},"featured_media":6593,"comment_status":"open","ping_status":"closed","template":"","meta":{"_acf_changed":false,"content-type":"","_monsterinsights_skip_tracking":false,"_monsterinsights_sitenote_active":false,"_monsterinsights_sitenote_note":"","_monsterinsights_sitenote_category":0},"product_brand":[],"product_cat":[345,119,121,120],"product_tag":[],"class_list":{"0":"post-6564","1":"product","2":"type-product","3":"status-publish","4":"has-post-thumbnail","6":"product_cat-pipe-connectors","7":"product_cat-formicarium-components","8":"product_cat-connectors","9":"product_cat-hoses","11":"first","12":"instock","13":"taxable","14":"shipping-taxable","15":"purchasable","16":"product-type-simple"},"acf":[],"aioseo_notices":[],"jetpack_sharing_enabled":true,"_links":{"self":[{"href":"https:\/\/antcube.shop\/tr\/wp-json\/wp\/v2\/product\/6564","targetHints":{"allow":["GET"]}}],"collection":[{"href":"https:\/\/antcube.shop\/tr\/wp-json\/wp\/v2\/product"}],"about":[{"href":"https:\/\/antcube.shop\/tr\/wp-json\/wp\/v2\/types\/product"}],"replies":[{"embeddable":true,"href":"https:\/\/antcube.shop\/tr\/wp-json\/wp\/v2\/comments?post=6564"}],"wp:featuredmedia":[{"embeddable":true,"href":"https:\/\/antcube.shop\/tr\/wp-json\/wp\/v2\/media\/6593"}],"wp:attachment":[{"href":"https:\/\/antcube.shop\/tr\/wp-json\/wp\/v2\/media?parent=6564"}],"wp:term":[{"taxonomy":"product_brand","embeddable":true,"href":"https:\/\/antcube.shop\/tr\/wp-json\/wp\/v2\/product_brand?post=6564"},{"taxonomy":"product_cat","embeddable":true,"href":"https:\/\/antcube.shop\/tr\/wp-json\/wp\/v2\/product_cat?post=6564"},{"taxonomy":"product_tag","embeddable":true,"href":"https:\/\/antcube.shop\/tr\/wp-json\/wp\/v2\/product_tag?post=6564"}],"curies":[{"name":"wp","href":"https:\/\/api.w.org\/{rel}","templated":true}]}}