{"id":6562,"date":"2023-12-04T11:33:43","date_gmt":"2023-12-04T10:33:43","guid":{"rendered":"https:\/\/antcube.shop\/product\/bundle-offer-messor-structor\/"},"modified":"2026-03-04T17:11:29","modified_gmt":"2026-03-04T16:11:29","slug":"paket-teklif-mesajci-yapici","status":"publish","type":"product","link":"https:\/\/antcube.shop\/tr\/urun\/paket-teklif-mesajci-yapici\/","title":{"rendered":"Bundle Teklifi - Messor structor"},"content":{"rendered":"<p><span data-text-color=\"secondary\"><strong>Messor structor kar\u0131nca kolonisi (11-25 i\u015f\u00e7i + kulu\u00e7ka ile krali\u00e7e), 20\u00d720 M ikinci bir kar\u0131nca \u00e7iftli\u011fi ile bir ba\u015flang\u0131\u00e7 seti Habitat Desert M, 3x formicarium pedleri ve \u00f6zel b\u00fct\u00fcn beyazlat\u0131lm\u0131\u015f c\u0131rc\u0131r b\u00f6ce\u011fi 10g (nemli protein) kavanozu i\u00e7eren paket teklifi.<\/strong><\/span><\/p>\n<p><span data-text-color=\"alert\"><strong>Sadece stoklar t\u00fckenene kadar.<\/strong><\/span><\/p>\n<p><strong>Bir Messor yap\u0131c\u0131 kar\u0131nca kolonisi i\u00e7in ihtiyac\u0131n\u0131z olan her \u015fey<\/strong><br \/>\nBu paket, bir Messor barbarus kolonisini ilk birka\u00e7 ay boyunca ba\u015far\u0131yla b\u00fcy\u00fctmek i\u00e7in ihtiyac\u0131n\u0131z olan her \u015feyi i\u00e7erir. Esnek bir \u015fekilde geni\u015fletilebilir ve kar\u0131nca beslemeye yeni ba\u015flayanlar i\u00e7in a\u00e7\u0131k\u00e7a uygundur.<\/p>\n<p><strong>Messor structor kar\u0131nca t\u00fcrleri<\/strong><br \/>\nMessor structor granivor (tah\u0131l yiyen) bir kar\u0131nca t\u00fcr\u00fcd\u00fcr. Esas olarak g\u00fcney Avrupa ve Akdeniz b\u00f6lgesinde bulunur, ancak ayn\u0131 zamanda orta Avrupa'da da bulunur ve da\u011f\u0131l\u0131m alan\u0131 \u0130ran ve g\u00fcney Rusya'ya kadar uzan\u0131r. Ayn\u0131 zamanda Almanya'da bulunan tek Messor t\u00fcr\u00fcd\u00fcr. \u0130\u015f\u00e7iler Messor barbarus'unkilerden biraz daha k\u00fc\u00e7\u00fckt\u00fcr, ancak Messor structor b\u00fcy\u00fck i\u015f\u00e7iler (en b\u00fcy\u00fck i\u015f\u00e7i kast\u0131) olarak adland\u0131r\u0131lan i\u015f\u00e7ileri daha erken \u00fcretir.<\/p>\n<p>Messor structor \u00e7o\u011funlukla bozk\u0131rlarda bulunsa da, baz\u0131 \u00fclkelerde da\u011fl\u0131k b\u00f6lgelerde ve hatta kar\u0131\u015f\u0131k ormanlarda daha rahat ya\u015fayan pop\u00fclasyonlar da vard\u0131r. Bu, bu t\u00fcr\u00fcn b\u00fcy\u00fck uyum yetene\u011fini g\u00f6stermektedir. Messor structor genellikle \u00e7ok e\u015fli koloniler olu\u015fturur (bir kolonide birka\u00e7 krali\u00e7e), ancak tek e\u015fli olarak da g\u00f6r\u00fcl\u00fcr (koloni ba\u015f\u0131na yaln\u0131zca bir krali\u00e7e).<\/p>\n<p>Bilim insanlar\u0131 bir s\u00fcredir farkl\u0131 kolonilerin genetik materyalini analiz ederek Messor structor'un farkl\u0131 b\u00f6lgelerde ortaya \u00e7\u0131kan birka\u00e7 alt t\u00fcr geli\u015ftirip geli\u015ftirmedi\u011fini bulmaya \u00e7al\u0131\u015f\u0131yorlar. Ancak bu durum hen\u00fcz kesin olarak a\u00e7\u0131kl\u0131\u011fa kavu\u015fturulamam\u0131\u015ft\u0131r.<\/p>\n<p><strong>Messor yap\u0131c\u0131s\u0131 i\u00e7in yuva<\/strong><br \/>\nMessor structor kumlu topraklarda yuva yapmay\u0131 tercih eder. Bununla birlikte, di\u011fer Messor t\u00fcrlerinin aksine, nispeten esnektir ve bazen ta\u015flar\u0131n alt\u0131nda veya daha toprakl\u0131 topraklarda g\u00f6lgeli yerlerde yuva yaparken bulunabilir.<\/p>\n<p><strong>Messor yap\u0131c\u0131 i\u00e7in yiyecek<\/strong><br \/>\nT\u00fcm Messor t\u00fcrleri gibi Messor structor da esas olarak toplanan, depolanan ve i\u015flenerek kar\u0131nca ekme\u011fi haline getirilen tohumlarla beslenir; bu tohumlar daha uzun bir raf \u00f6mr\u00fcne sahiptir ve kolonilerin do\u011fada daha az tohum bulundu\u011fu d\u00f6nemlerden ge\u00e7mesini sa\u011flar. Protein hem \u00f6l\u00fc hem de canl\u0131 olarak kabul edilir. Vah\u015fi do\u011fada k\u00fc\u00e7\u00fck b\u00f6cekleri \u00f6ld\u00fcr\u00fcr ve yavrular\u0131n\u0131 beslemek i\u00e7in kullan\u0131rlar. \u015eeker \u00e7\u00f6zeltisi veya bal, yaln\u0131zca koloninin nem ihtiyac\u0131n\u0131 kar\u015f\u0131layacak kadar tatl\u0131 suyu yoksa kabul edilir.<\/p>\n<p><strong>Messor structor i\u00e7in optimum iklim ko\u015fullar\u0131 a\u015fa\u011f\u0131daki gibidir:<\/strong><br \/>\n<strong>Nem oran\u0131:<\/strong><br \/>\nArena: 30 - 50% Yuva alan\u0131: 50 - 70%<br \/>\n<strong>S\u0131cakl\u0131k:<\/strong><br \/>\nArena: 22 - 30\u00b0C Yuva alan\u0131: 21- 27\u00b0C<\/p>\n<p><strong>\u0130\u00e7indekiler:<\/strong><\/p>\n<p>1x Messor structor kar\u0131nca kolonisi (krali\u00e7e + 11-25 i\u015f\u00e7i + yavru)<br \/>\n1x Kriket Re\u00e7eli 25g<br \/>\n1x tah\u0131l mamas\u0131 min\u00f6r 100g<br \/>\n1x Formicarium ped - 20x20cm<br \/>\n2x Formicarium ped - 20x6cm<\/p>\n<p>1x ANTCUBE - arena 20x20x10 - d\u00fcz<br \/>\n1x kar\u0131nca arenas\u0131 \u00e7er\u00e7evesi 20\u00d720<br \/>\n1x kar\u0131nca arenas\u0131 \u00f6rt\u00fcs\u00fc 20\u00d720<br \/>\nArena kapa\u011f\u0131 i\u00e7in 4x sabitleme noktas\u0131<br \/>\n2x ANTCUBE - kar\u0131nca \u00e7iftli\u011fi - M - 20\u00d720 - ayakta<\/p>\n<p>1x 1m t\u00fcp \u015feffaf 14\/10 mm<br \/>\n2x ANTCUBE - K\u0131rm\u0131z\u0131 folyo 20\u00d720 - filtre<br \/>\n2x yap\u0131\u015fkanl\u0131 klips - \u015feffaf 2 adet.<br \/>\n1x substrat - \u00e7\u00f6l - 1kg<br \/>\n1x Formicarium gran\u00fcl 200ml - bej<\/p>\n<p>1x Grid cap &#8211; 10mm &#8211; stainless steel<br \/>\n2x Grid insert acrylic &#8211; 50 mm with sealing ring<br \/>\n1x Grid insert acrylic &#8211; 27 mm with sealing ring<\/p>\n<p>1x tank hortum ba\u011flant\u0131s\u0131 27-14,16,20 mm - \u015feffaf<br \/>\n2x Foil thermometer &#8211; farm<br \/>\n1x Foil thermometer Display<br \/>\n1x drinking clear 5ml &#8211; sponge<br \/>\n1x Feeding dish white rectangle &#8211; 3 compartments<br \/>\n1x Kar\u0131nca ka\u00e7\u0131\u015f koruma ya\u011f\u0131 10ml<br \/>\n1x C\u0131mb\u0131z yay \u00e7eli\u011fi - geni\u015f - yumu\u015fak<br \/>\n1x C\u0131mb\u0131z plastik \u015feffaf<br \/>\n1x plastik pipet 3ml<br \/>\n1x el b\u00fcy\u00fcteci - 2x - 30mm<br \/>\n1x k\u00f6p\u00fck silecek 150x18x2,5mm<br \/>\n1x foto\u011fraf arkas\u0131 - \u00e7\u00f6l - 20\u00d710<\/p>\n<p>&nbsp;<\/p>\n<p><strong>A\u00e7\u0131klama:<\/strong><br \/>\nBu \u00c7\u00f6l Ba\u015flang\u0131\u00e7 Seti, \u00e7\u00f6llerde, bozk\u0131rlarda veya Akdeniz iklimlerinde ya\u015fayan Messor cinsinin t\u00fcm t\u00fcrleri i\u00e7in uygundur. \u0130ki \u00e7iftlikten biri tohumlar\u0131 ve kar\u0131nca ekme\u011fini depolamak i\u00e7in tasarlanm\u0131\u015ft\u0131r ve bu nedenle kar\u0131ncalar taraf\u0131ndan depolanan tohumlar\u0131n \/ tah\u0131llar\u0131n \u00e7imlenmesini veya k\u00fcflenmesini \u00f6nlemek i\u00e7in tamamen kuru tutulmal\u0131d\u0131r.<\/p>\n<p>Tamamen \u015feffaf \u00e7iftlikte (yuva), \u00e7iftli\u011fi doldurmak i\u00e7in \"substrat - \u00e7\u00f6l\" kullan\u0131l\u0131r. Gerekirse, kapaktaki 50 mm'lik delikler arac\u0131l\u0131\u011f\u0131yla ek mod\u00fcller ba\u011flanabilir, \u00f6rne\u011fin ayr\u0131 olarak temin edilebilen sisleyiciler, fanlar veya \u0131\u015f\u0131klar. Alternatif olarak, a\u00e7\u0131kl\u0131klar\u0131 kapatmak i\u00e7in uygun formikaryum tapalar\u0131 dahildir. \u0130stenirse, \u00e7\u0131kar\u0131labilir \u00e7er\u00e7eve \u00fcste yerle\u015ftirilerek ve kar\u0131nca ka\u00e7\u0131\u015f koruma ya\u011f\u0131 kenara uygulanarak formikaryum a\u00e7\u0131k olarak da \u00e7al\u0131\u015ft\u0131r\u0131labilir. \"\u015eeffaf 20 ml i\u00e7me yala\u011f\u0131 - s\u00fcnger\" su i\u00e7in, \"2 ml yiyecek da\u011f\u0131t\u0131c\u0131s\u0131 - dozlanabilir\" tah\u0131l yemi i\u00e7in tasarlanm\u0131\u015ft\u0131r.<\/p>\n<p><strong>\u00d6nemli:<\/strong> L\u00fctfen kullanmadan \u00f6nce alt tabakay\u0131 nemlendirin, b\u00f6ylece kar\u0131\u015f\u0131m kar\u0131nca \u00e7iftli\u011finde yap\u0131\u015fabilir ve sa\u011flam bir tutu\u015f geli\u015ftirebilir. Ayr\u0131ca, alt tabaka \u00e7ok kuru ve tozluysa, kar\u0131ncalar\u0131n solunum yollar\u0131 t\u0131kanabilir ve en k\u00f6t\u00fc durumda hayvanlar bo\u011fulabilir.<\/p>\n<p><strong>\u00d6neri:<\/strong> Hayvanlar\u0131n arenaya yuva yapamamalar\u0131 ve bunun yerine bu ama\u00e7la sa\u011flanan \u00e7iftli\u011fi kullanmalar\u0131 i\u00e7in 2 mm y\u00fcksekli\u011finde bir alt tabaka tabakas\u0131 \u00f6neriyoruz. Ayr\u0131ca \u00e7iftlikteki yuvalama malzemesinin (kum\/kil, Digfix, vb.) hayvanlar\u0131n kazmas\u0131n\u0131 kolayla\u015ft\u0131rmak i\u00e7in bir yerden hafif\u00e7e delinmesini tavsiye ederiz.<\/p>\n<p><strong>\u00dcretim hakk\u0131nda notlar<\/strong><br \/>\nCam, DIN 1249'a g\u00f6re +\/- 1 mm toleransla \u00f6l\u00e7\u00fcye g\u00f6re kesilir. \u00c7ok k\u00fc\u00e7\u00fck kar\u0131nca t\u00fcrleri i\u00e7in ek kopma korumas\u0131 gereklidir.<\/p>\n<p><strong>\u00c7iftlik hakk\u0131nda notlar<\/strong><br \/>\nHortumlar\u0131 takarken veya \u00e7\u0131kar\u0131rken l\u00fctfen a\u015fa\u011f\u0131dakilere dikkat edin:<br \/>\nHortumun ba\u011flant\u0131 soketine oturtulmas\u0131 \u00e7ok zorsa, soket bir damla patlak koruma ya\u011f\u0131 veya tozuyla hafif\u00e7e ovulmal\u0131d\u0131r. Daha sonra hortum, yukar\u0131 ve a\u015fa\u011f\u0131 hareketlerle soketi zorlamadan b\u00fckme veya vidalama hareketleri kullan\u0131larak sokete itilmelidir. Ayn\u0131 durum hortumlar\u0131 \u00e7iftlik ba\u011flant\u0131 soketinden \u00e7\u0131kar\u0131rken de ge\u00e7erlidir. L\u00fctfen basit\u00e7e \u00e7ekip \u00e7\u0131karmay\u0131n!<\/p>\n<p><strong>Kriket Re\u00e7eli \u00dczerine Notlar:<\/strong><br \/>\nC\u0131rc\u0131r B\u00f6ce\u011fi Re\u00e7elimiz, canl\u0131 b\u00f6cek beslemek zorunda kalmadan kar\u0131ncalar\u0131n\u0131za taze korunmu\u015f proteinli g\u0131da sa\u011flaman\u0131n kolay bir yoludur. \u0130\u00e7erdi\u011fi c\u0131rc\u0131r b\u00f6cekleri (Acheta domesticus) besin de\u011ferlerinin, tat ve aroman\u0131n korunmas\u0131n\u0131 sa\u011flamak i\u00e7in nazik\u00e7e pi\u015firilmi\u015ftir. Ayr\u0131ca b\u00f6ceklerin kitinli kabu\u011fu da bu \u015fekilde yumu\u015fat\u0131larak daha kolay sindirilmesi sa\u011flanm\u0131\u015ft\u0131r. Kolajen proteinlerinin ba\u011flar\u0131 k\u0131r\u0131larak kar\u0131ncalar\u0131n bunlardan daha iyi faydalanmas\u0131 sa\u011flan\u0131r. Konserve Acheta domesticus canl\u0131 c\u0131rc\u0131r b\u00f6ce\u011fi ile ayn\u0131 besin de\u011ferine sahiptir, ancak sindirimi daha kolayd\u0131r.<\/p>\n<p>Cricket Jam, canl\u0131 yiyecek gerektiren kar\u0131nca t\u00fcrlerini avlamak i\u00e7in uygun de\u011fildir (\u00f6rne\u011fin Harpegnathos veya Odontomachus gibi ponerinler (b\u00fcy\u00fck kar\u0131ncalar))<\/p>\n<p><strong>Daha fazla avantaj:<\/strong><br \/>\nAkar i\u00e7ermeme garantisi<br \/>\nPorsiyonlanabilir ve su ile seyreltilebilir<br \/>\nSterilize edilmi\u015f ve vakumlu paketlenmi\u015f<br \/>\nKatk\u0131 maddesi olmadan<br \/>\nOrganik at\u0131klarla beslenen, s\u00fcrd\u00fcr\u00fclebilir, tamamen organik yeti\u015ftiricilikten elde edilen c\u0131rc\u0131r b\u00f6cekleri<\/p>\n<p><strong>Not:<\/strong><br \/>\nA\u00e7\u0131ld\u0131ktan sonra yakla\u015f\u0131k d\u00f6rt g\u00fcn buzdolab\u0131nda saklanabilir. Dondurulursa daha uzun raf \u00f6mr\u00fc.<br \/>\nDikkat: \u00d6nce porsiyonlay\u0131n, sonra dondurun.<\/p>","protected":false},"excerpt":{"rendered":"<p>Set 38 par\u00e7adan olu\u015fmaktad\u0131r<\/p>\n<p>Boyut: <strong>M<\/strong><\/p>","protected":false},"featured_media":7134,"comment_status":"open","ping_status":"closed","template":"","meta":{"_acf_changed":false,"content-type":"","_monsterinsights_skip_tracking":false,"_monsterinsights_sitenote_active":false,"_monsterinsights_sitenote_note":"","_monsterinsights_sitenote_category":0},"product_brand":[],"product_cat":[355,353,73],"product_tag":[],"class_list":{"0":"post-6562","1":"product","2":"type-product","3":"status-publish","4":"has-post-thumbnail","6":"product_cat-bundle-offers","7":"product_cat-starter-sets-for-harvester-ants","8":"product_cat-starter-sets","10":"first","11":"instock","12":"taxable","13":"shipping-taxable","14":"purchasable","15":"product-type-simple"},"acf":[],"aioseo_notices":[],"jetpack_sharing_enabled":true,"_links":{"self":[{"href":"https:\/\/antcube.shop\/tr\/wp-json\/wp\/v2\/product\/6562","targetHints":{"allow":["GET"]}}],"collection":[{"href":"https:\/\/antcube.shop\/tr\/wp-json\/wp\/v2\/product"}],"about":[{"href":"https:\/\/antcube.shop\/tr\/wp-json\/wp\/v2\/types\/product"}],"replies":[{"embeddable":true,"href":"https:\/\/antcube.shop\/tr\/wp-json\/wp\/v2\/comments?post=6562"}],"wp:featuredmedia":[{"embeddable":true,"href":"https:\/\/antcube.shop\/tr\/wp-json\/wp\/v2\/media\/7134"}],"wp:attachment":[{"href":"https:\/\/antcube.shop\/tr\/wp-json\/wp\/v2\/media?parent=6562"}],"wp:term":[{"taxonomy":"product_brand","embeddable":true,"href":"https:\/\/antcube.shop\/tr\/wp-json\/wp\/v2\/product_brand?post=6562"},{"taxonomy":"product_cat","embeddable":true,"href":"https:\/\/antcube.shop\/tr\/wp-json\/wp\/v2\/product_cat?post=6562"},{"taxonomy":"product_tag","embeddable":true,"href":"https:\/\/antcube.shop\/tr\/wp-json\/wp\/v2\/product_tag?post=6562"}],"curies":[{"name":"wp","href":"https:\/\/api.w.org\/{rel}","templated":true}]}}