{"id":6558,"date":"2023-12-04T11:33:16","date_gmt":"2023-12-04T10:33:16","guid":{"rendered":"https:\/\/antcube.shop\/product\/heizmatte-13x28cm-7w\/"},"modified":"2026-04-02T09:54:08","modified_gmt":"2026-04-02T07:54:08","slug":"isitma-mati-13x28cm-7w","status":"publish","type":"product","link":"https:\/\/antcube.shop\/tr\/urun\/isitma-mati-13x28cm-7w\/","title":{"rendered":"Is\u0131t\u0131c\u0131 Paspas 13x28cm - 7W"},"content":{"rendered":"<p><strong>Boyutlar:<\/strong> 13 x 28 cm<\/p>\n<p><strong>G\u00fc\u00e7:<\/strong> 7 watt<\/p>\n<p><strong>Y\u00fczey s\u0131cakl\u0131\u011f\u0131:<\/strong> 28-32 \u00b0C<\/p>\n<p><strong>A\u00e7\u0131klama:<\/strong> Formikaryum i\u00e7in \u0131s\u0131tma mat\u0131 - \u00f6zellikle s\u0131cak \u00fclkelerden gelen t\u00fcrler i\u00e7in uygundur. Is\u0131tma matlar\u0131, seramik radyant \u0131s\u0131t\u0131c\u0131lara benzer \u015fekilde k\u0131z\u0131l\u00f6tesi radyant \u0131s\u0131 yayar. I\u015f\u0131nlar, hava s\u0131cakl\u0131\u011f\u0131n\u0131 \u00f6nemli \u00f6l\u00e7\u00fcde art\u0131rmadan nesneleri ve hayvanlar\u0131 \u0131s\u0131t\u0131r. Bu nedenle \"g\u00fcne\u015flenme\" yerleri sa\u011flamak i\u00e7in idealdirler. B\u00f6ylece, formikaryumdaki gerekli herhangi bir s\u0131cakl\u0131k gradyan\u0131 daha iyi elde edilebilir ve kontrol edilebilir. Bu \u0131s\u0131tma matlar\u0131 kendinden yap\u0131\u015fkanl\u0131d\u0131r ve bu nedenle formikaryuma kolayca tak\u0131labilir.<\/p>\n<p><strong>Not:<\/strong> Is\u0131tma elemanlar\u0131n\u0131 asla do\u011frudan bir formikaryumun alt\u0131na yerle\u015ftirmeyin, \u0131s\u0131 birikimini veya formikaryumun zarar g\u00f6rmesini \u00f6nlemek i\u00e7in \u0131s\u0131n\u0131n her zaman da\u011f\u0131t\u0131labilece\u011finden emin olunmal\u0131d\u0131r.<\/p>","protected":false},"excerpt":{"rendered":"<p><strong>Boyutlar:<\/strong> 13 x 28 cm \/ 230 volt i\u00e7in Euro fi\u015f<\/p>","protected":false},"featured_media":6619,"comment_status":"open","ping_status":"closed","template":"","meta":{"_acf_changed":false,"content-type":"","_monsterinsights_skip_tracking":false,"_monsterinsights_sitenote_active":false,"_monsterinsights_sitenote_note":"","_monsterinsights_sitenote_category":0},"product_brand":[],"product_cat":[359,119],"product_tag":[],"class_list":{"0":"post-6558","1":"product","2":"type-product","3":"status-publish","4":"has-post-thumbnail","6":"product_cat-light-heat-humidity","7":"product_cat-formicarium-components","9":"first","10":"instock","11":"taxable","12":"shipping-taxable","13":"purchasable","14":"product-type-simple"},"acf":[],"aioseo_notices":[],"jetpack_sharing_enabled":true,"_links":{"self":[{"href":"https:\/\/antcube.shop\/tr\/wp-json\/wp\/v2\/product\/6558","targetHints":{"allow":["GET"]}}],"collection":[{"href":"https:\/\/antcube.shop\/tr\/wp-json\/wp\/v2\/product"}],"about":[{"href":"https:\/\/antcube.shop\/tr\/wp-json\/wp\/v2\/types\/product"}],"replies":[{"embeddable":true,"href":"https:\/\/antcube.shop\/tr\/wp-json\/wp\/v2\/comments?post=6558"}],"wp:featuredmedia":[{"embeddable":true,"href":"https:\/\/antcube.shop\/tr\/wp-json\/wp\/v2\/media\/6619"}],"wp:attachment":[{"href":"https:\/\/antcube.shop\/tr\/wp-json\/wp\/v2\/media?parent=6558"}],"wp:term":[{"taxonomy":"product_brand","embeddable":true,"href":"https:\/\/antcube.shop\/tr\/wp-json\/wp\/v2\/product_brand?post=6558"},{"taxonomy":"product_cat","embeddable":true,"href":"https:\/\/antcube.shop\/tr\/wp-json\/wp\/v2\/product_cat?post=6558"},{"taxonomy":"product_tag","embeddable":true,"href":"https:\/\/antcube.shop\/tr\/wp-json\/wp\/v2\/product_tag?post=6558"}],"curies":[{"name":"wp","href":"https:\/\/api.w.org\/{rel}","templated":true}]}}