{"id":6555,"date":"2023-12-04T11:27:26","date_gmt":"2023-12-04T10:27:26","guid":{"rendered":"https:\/\/antcube.shop\/product\/ameisenarena-lampenfassung-e27\/"},"modified":"2026-03-31T09:51:44","modified_gmt":"2026-03-31T07:51:44","slug":"ant-arena-lamba-soketi-e27","status":"publish","type":"product","link":"https:\/\/antcube.shop\/tr\/urun\/ant-arena-lamba-soketi-e27\/","title":{"rendered":"Ant Arena - Lamba soketi - E27"},"content":{"rendered":"<p><strong>\u0130\u00e7indekiler:<\/strong><br \/>\n- E27 plastik duy, \u015febeke kablosu ve anahtar ile<br \/>\n- 50mm deliklere sabitlemek i\u00e7in \u015feffaf akrilik halka<\/p>\n<p><strong>Malzeme:<\/strong> soket (plastik); tutucu (plastik); kablo (plastik k\u0131l\u0131fl\u0131 bak\u0131r); PMMA halka (50 mm deliklere sabitlemek i\u00e7in)<\/p>\n<p><strong>Renk:<\/strong> a\u00e7\u0131k gri<\/p>\n<p><strong>Teknik \u00f6zellikler:<\/strong><br \/>\nSoket boyutlar\u0131: 4,5\u00d74,5\u00d76 cm<br \/>\nKablo uzunlu\u011fu: 3,5 m<br \/>\nG\u00fc\u00e7: maksimum 60W<br \/>\nSoket: E27<\/p>\n<p><strong>D\u0130KKAT: <\/strong>Hibrit Kapaklar\u0131m\u0131z ve 5 cm geni\u015fli\u011findeki Arena \u00e7er\u00e7evelerimizle kullan\u0131ld\u0131\u011f\u0131nda bu Lamba tutucu uymayacakt\u0131r. Hibrit kapak i\u00e7in 3 cm geni\u015fli\u011finde bir \u00e7er\u00e7eveye ihtiyac\u0131n\u0131z olacakt\u0131r.<\/p>\n<p><strong>A\u00e7\u0131klama:<\/strong><br \/>\nBir kar\u0131nca arenas\u0131n\u0131 ayd\u0131nlatmak i\u00e7in bu soket do\u011frudan kar\u0131nca arenas\u0131 kapa\u011f\u0131na tak\u0131labilir.<\/p>\n<p>&nbsp;<\/p>","protected":false},"excerpt":{"rendered":"<p>\u0130\u00e7indekiler: - \u015eebeke kablosu ve anahtarl\u0131 E27 plastik duy - 50 mm deliklere sabitlemek i\u00e7in \u015feffaf akrilik halka Malzeme: soket (plastik); duy (plastik); kablo (plastik k\u0131l\u0131fl\u0131 bak\u0131r); PMMA halka (50 mm deliklere sabitlemek i\u00e7in) Renk: a\u00e7\u0131k gri Teknik \u00f6zellikler Soket boyutlar\u0131: 4,5\u00d74,5\u00d76 cm Kablo uzunlu\u011fu: 3,5 m G\u00fc\u00e7: maks 60W [...]","protected":false},"featured_media":7574,"comment_status":"open","ping_status":"closed","template":"","meta":{"_acf_changed":false,"content-type":"","_monsterinsights_skip_tracking":false,"_monsterinsights_sitenote_active":false,"_monsterinsights_sitenote_note":"","_monsterinsights_sitenote_category":0},"product_brand":[],"product_cat":[359,119],"product_tag":[],"class_list":{"0":"post-6555","1":"product","2":"type-product","3":"status-publish","4":"has-post-thumbnail","6":"product_cat-light-heat-humidity","7":"product_cat-formicarium-components","9":"first","10":"instock","11":"taxable","12":"shipping-taxable","13":"purchasable","14":"product-type-simple"},"acf":[],"aioseo_notices":[],"jetpack_sharing_enabled":true,"_links":{"self":[{"href":"https:\/\/antcube.shop\/tr\/wp-json\/wp\/v2\/product\/6555","targetHints":{"allow":["GET"]}}],"collection":[{"href":"https:\/\/antcube.shop\/tr\/wp-json\/wp\/v2\/product"}],"about":[{"href":"https:\/\/antcube.shop\/tr\/wp-json\/wp\/v2\/types\/product"}],"replies":[{"embeddable":true,"href":"https:\/\/antcube.shop\/tr\/wp-json\/wp\/v2\/comments?post=6555"}],"wp:featuredmedia":[{"embeddable":true,"href":"https:\/\/antcube.shop\/tr\/wp-json\/wp\/v2\/media\/7574"}],"wp:attachment":[{"href":"https:\/\/antcube.shop\/tr\/wp-json\/wp\/v2\/media?parent=6555"}],"wp:term":[{"taxonomy":"product_brand","embeddable":true,"href":"https:\/\/antcube.shop\/tr\/wp-json\/wp\/v2\/product_brand?post=6555"},{"taxonomy":"product_cat","embeddable":true,"href":"https:\/\/antcube.shop\/tr\/wp-json\/wp\/v2\/product_cat?post=6555"},{"taxonomy":"product_tag","embeddable":true,"href":"https:\/\/antcube.shop\/tr\/wp-json\/wp\/v2\/product_tag?post=6555"}],"curies":[{"name":"wp","href":"https:\/\/api.w.org\/{rel}","templated":true}]}}