{"id":6388,"date":"2023-10-13T17:39:36","date_gmt":"2023-10-13T15:39:36","guid":{"rendered":"https:\/\/antcube.shop\/product\/kaktus-vuka-holz-klein-15cm\/"},"modified":"2026-01-14T23:42:10","modified_gmt":"2026-01-14T22:42:10","slug":"kaktus-vuka-holz-klein-15cm","status":"publish","type":"product","link":"https:\/\/antcube.shop\/tr\/urun\/kaktus-vuka-holz-klein-15cm\/","title":{"rendered":"Kakt\u00fcs Vuka Ah\u015fap k\u00fc\u00e7\u00fck 15cm"},"content":{"rendered":"<p><strong>Boyut:<\/strong> 15 cm uzunlu\u011funda - \u00d8 yakla\u015f\u0131k 30 - 70 mm<\/p>\n<p><strong>A\u00e7\u0131klama:<\/strong><br \/>\nBu do\u011fal kakt\u00fcs Vuka ah\u015fab\u0131 kumlanm\u0131\u015ft\u0131r ve formikaryumda estetik bir dekorasyon g\u00f6revi g\u00f6r\u00fcr.<br \/>\nBir\u00e7ok k\u00fc\u00e7\u00fck a\u00e7\u0131kl\u0131k nedeniyle bu ah\u015fap, hayvanlar\u0131n\u0131za t\u0131rmanma ve saklanma yeri sunar.<\/p>\n<p>Do\u011fal bir \u00fcr\u00fcn oldu\u011fu i\u00e7in boyut, renk ve \u015fekil de\u011fi\u015fiklik g\u00f6sterebilir.<\/p>","protected":false},"excerpt":{"rendered":"<p><strong>Boyut:<\/strong> 15 cm uzunlu\u011funda - \u00d8 yakla\u015f\u0131k 30 - 70 mm<\/p>","protected":false},"featured_media":6390,"comment_status":"open","ping_status":"closed","template":"","meta":{"_acf_changed":false,"content-type":"","_monsterinsights_skip_tracking":false,"_monsterinsights_sitenote_active":false,"_monsterinsights_sitenote_note":"","_monsterinsights_sitenote_category":0},"product_brand":[],"product_cat":[95,98,99],"product_tag":[],"class_list":{"0":"post-6388","1":"product","2":"type-product","3":"status-publish","4":"has-post-thumbnail","6":"product_cat-accessories-for-ants","7":"product_cat-decoration","8":"product_cat-desert","10":"first","11":"outofstock","12":"taxable","13":"shipping-taxable","14":"purchasable","15":"product-type-simple"},"acf":[],"aioseo_notices":[],"jetpack_sharing_enabled":true,"_links":{"self":[{"href":"https:\/\/antcube.shop\/tr\/wp-json\/wp\/v2\/product\/6388","targetHints":{"allow":["GET"]}}],"collection":[{"href":"https:\/\/antcube.shop\/tr\/wp-json\/wp\/v2\/product"}],"about":[{"href":"https:\/\/antcube.shop\/tr\/wp-json\/wp\/v2\/types\/product"}],"replies":[{"embeddable":true,"href":"https:\/\/antcube.shop\/tr\/wp-json\/wp\/v2\/comments?post=6388"}],"wp:featuredmedia":[{"embeddable":true,"href":"https:\/\/antcube.shop\/tr\/wp-json\/wp\/v2\/media\/6390"}],"wp:attachment":[{"href":"https:\/\/antcube.shop\/tr\/wp-json\/wp\/v2\/media?parent=6388"}],"wp:term":[{"taxonomy":"product_brand","embeddable":true,"href":"https:\/\/antcube.shop\/tr\/wp-json\/wp\/v2\/product_brand?post=6388"},{"taxonomy":"product_cat","embeddable":true,"href":"https:\/\/antcube.shop\/tr\/wp-json\/wp\/v2\/product_cat?post=6388"},{"taxonomy":"product_tag","embeddable":true,"href":"https:\/\/antcube.shop\/tr\/wp-json\/wp\/v2\/product_tag?post=6388"}],"curies":[{"name":"wp","href":"https:\/\/api.w.org\/{rel}","templated":true}]}}