{"id":6377,"date":"2023-10-06T18:09:26","date_gmt":"2023-10-06T16:09:26","guid":{"rendered":"https:\/\/antcube.shop\/product\/bundle-offer-polyrhachis-dives\/"},"modified":"2026-03-27T18:08:09","modified_gmt":"2026-03-27T17:08:09","slug":"bundle-offer-polyrhachis-dives","status":"publish","type":"product","link":"https:\/\/antcube.shop\/tr\/urun\/bundle-offer-polyrhachis-dives\/","title":{"rendered":"Paket Teklif - Polyrhachis dal\u0131\u015flar\u0131"},"content":{"rendered":"<p dir=\"ltr\"><span data-text-color=\"alert\"><strong><span data-text-color=\"secondary\">Polyrhachis dives kar\u0131nca kolonisi (5-10 i\u015f\u00e7i + yavrulu krali\u00e7e), 1x formikaryum taban\u0131, 1x s\u00fcs \u00e7al\u0131s\u0131 ve yuvalama alan\u0131 olarak 1x yuva topu ve daha kolay besleme i\u00e7in 1x manyetik platform i\u00e7eren dokumac\u0131 kar\u0131ncalar i\u00e7in bir ba\u015flang\u0131\u00e7 seti i\u00e7eren paket teklifi.<\/span><br \/>\n<\/strong><\/span><\/p>\n<p><span data-text-color=\"alert\"><strong>Sadece stoklar t\u00fckenene kadar.<\/strong><\/span><\/p>\n<p><strong>Polyrhachis dives kar\u0131nca kolonisi i\u00e7in ihtiyac\u0131n\u0131z olan her \u015fey<\/strong><br \/>\nBu paket, bir Polyrhachis dives kolonisinin ilk birka\u00e7 ay\u0131n\u0131 ba\u015far\u0131yla ge\u00e7irmesi i\u00e7in ihtiyac\u0131n\u0131z olan her \u015feyi i\u00e7erir. Esnek bir \u015fekilde geni\u015fletilebilir ve kar\u0131nca beslemeye yeni ba\u015flayanlar i\u00e7in a\u00e7\u0131k\u00e7a uygundur.<\/p>\n<p><strong>Kar\u0131nca t\u00fcr\u00fc Polyrhachis dalar:<\/strong><br \/>\nPolyrhachis dives Asya ve Avustralya'dan gelir ve biraz daha geni\u015f bir da\u011f\u0131l\u0131m alan\u0131na sahiptir. Bu t\u00fcr\u00fcn karakteristik \u00f6zelli\u011fi, hayvanlar\u0131n siyah-kahverengi g\u00f6vdesi \u00fczerindeki g\u00fcm\u00fc\u015ften alt\u0131n rengine kadar de\u011fi\u015fen renklerdir. Oecophylla'dan biraz daha k\u00fc\u00e7\u00fckt\u00fcrler, genellikle yere yak\u0131n ya\u015farlar ve yuvalar\u0131n\u0131 ta\u015flar veya a\u011fa\u00e7 kabuklar\u0131 \u00fczerine in\u015fa etmeyi severler. Larvalar\u0131n\u0131 yuvay\u0131 e\u011firmek i\u00e7in kullan\u0131rlar, ancak temelde neredeyse ayn\u0131 dokuma tekni\u011fini kullanmalar\u0131na ra\u011fmen bilimsel a\u00e7\u0131dan Oecophylla gibi \"ger\u00e7ek dokumac\u0131 kar\u0131ncalara\" ait de\u011fildirler. Polyrhachis cinsi t\u00fcrler bazen en fazla birka\u00e7 bin hayvandan olu\u015fan olduk\u00e7a k\u00fc\u00e7\u00fck kolonilere sahiptir. Raporlara g\u00f6re, Polyrhachis dives m\u00fckemmel ko\u015fullar alt\u0131nda birka\u00e7 y\u00fcz krali\u00e7e ve birka\u00e7 y\u00fcz bin i\u015f\u00e7iden olu\u015fan koloniler bile olu\u015fturabilir. Ancak, evde tutuldu\u011funda durum b\u00f6yle olmayacakt\u0131r.<\/p>\n<p>Polyrhachis dives poligin\u00f6zd\u00fcr, yani ayn\u0131 anda birka\u00e7 krali\u00e7eye sahip olabilir. Bu, koloni boyutunun \u00e7ok h\u0131zl\u0131 b\u00fcy\u00fcyebilece\u011fi ve \u00e7ok fazla yiyecek ve alana ihtiya\u00e7 duydu\u011fu anlam\u0131na gelir. Bu nedenle formikaryum da geni\u015fletilebilir olmal\u0131d\u0131r. Koloni b\u00fcy\u00fckl\u00fckleri nedeniyle olduk\u00e7a \u00e7eviktirler ve ger\u00e7ek ka\u00e7\u0131\u015f uzmanlar\u0131d\u0131rlar. Bu nedenle iyi bir ka\u00e7\u0131\u015f korumas\u0131 sa\u011flamak i\u00e7in \u00f6zen g\u00f6sterilmelidir.<\/p>\n<p><strong>Polyrhachis dal\u0131\u015flar\u0131 i\u00e7in yuva<\/strong><br \/>\nPolyrhachis dives, formikaryumda kendisine sundu\u011funuz neredeyse her t\u00fcrl\u00fc yap\u0131 malzemesini kabul edecektir. Kum, k\u00fc\u00e7\u00fck hayvan \u00e7\u00f6pleri veya yapraklardan mantar ve tahta par\u00e7alar\u0131na ve k\u00fc\u00e7\u00fck ta\u015flara kadar, evlerinin etraf\u0131ndaki do\u011fan\u0131n sa\u011flad\u0131\u011f\u0131 her \u015feyi yuvalar\u0131na \u00f6rerler. Polyrhachis kolonilerimizi uzun y\u0131llard\u0131r yuva toplar\u0131 ile besliyoruz. Bu sette, yuva topunun do\u011fada oldu\u011fu gibi yerden biraz y\u00fckse\u011fe yerle\u015ftirilebilmesi i\u00e7in bir s\u00fcs \u00e7al\u0131s\u0131 da ekledik.<\/p>\n<p><strong>Polyrhachis dal\u0131\u015flar\u0131 i\u00e7in besin<\/strong><br \/>\nYiyecek olarak bu sete b\u00fct\u00fcn beyazlat\u0131lm\u0131\u015f c\u0131rc\u0131r b\u00f6ceklerimizi ve bal \u00f6z\u00fcm\u00fcz\u00fc dahil ettik. Her ikisi de Polyrhachis dal\u0131\u015flar\u0131 taraf\u0131ndan \u00e7ok iyi kabul edilir ve i\u00e7erdi\u011fi besinler nedeniyle koloninin do\u011fal ve olumlu geli\u015fimini destekler.<\/p>\n<p><strong>Polyrhachis dal\u0131\u015flar\u0131 i\u00e7in en uygun iklim ko\u015fullar\u0131 a\u015fa\u011f\u0131daki gibidir:<\/strong><br \/>\nNem oran\u0131:<br \/>\nArena: 50 - 70% Yuva alan\u0131: 60 - 80%<br \/>\nS\u0131cakl\u0131k:<br \/>\nArena: G\u00fcn boyunca: 28 - 30\u00b0C Gece boyunca: 24 - 28\u00b0C Yuva alan\u0131: 28- 30\u00b0C<\/p>\n<p><strong>\u0130\u00e7erik:<\/strong><\/p>\n<p>1x Polyrhachis dives (2 queens + 26-50 workers + brood)<br \/>\n1x yuva topu do\u011fal 10 cm - kaba<br \/>\n1x ANTCUBE k\u00f6\u015fe platformu 8\u00d78 - m\u0131knat\u0131s<br \/>\n1x Dekoratif \u00e7\u00f6l \u00e7al\u0131s\u0131 30x15cm - koyu kahverengi<br \/>\n1x honeydew kar\u0131\u015f\u0131m\u0131 dolum paketi 10ml<br \/>\n1x Kriket Re\u00e7eli 25g<br \/>\n1x Formikaryum taban\u0131 20\u00d720<\/p>\n<p>1x ANTCUBE - Arena 20x20x40 - Y\u00fcksek<br \/>\n1x kar\u0131nca arenas\u0131 \u00e7er\u00e7evesi 20\u00d720<br \/>\n1x kar\u0131nca arenas\u0131 \u00f6rt\u00fcs\u00fc 20\u00d720<br \/>\nArena kapa\u011f\u0131 i\u00e7in 4x sabitleme noktas\u0131<\/p>\n<p>1x substrat - ya\u011fmur orman\u0131 - 1 kg<br \/>\n1x foto\u011fraf arka duvar\u0131 - ya\u011fmur orman\u0131 - 20\u00d740 - y\u00fcksek<br \/>\nSprey \u015fi\u015fesi p\u00fcsk\u00fcrt\u00fcc\u00fc 0,5 litre - pirin\u00e7 nozul<\/p>\n<p>2x Grid insert acrylic &#8211; 50 mm with sealing ring<br \/>\n2x Grid insert acrylic &#8211; 27 mm with sealing ring<\/p>\n<p>1x yay \u00e7eli\u011fi c\u0131mb\u0131z geni\u015f - yumu\u015fak<br \/>\n1x standart plastik c\u0131mb\u0131z<br \/>\n1x Plastik pipet 3ml<br \/>\n1x Kar\u0131nca Salg\u0131n\u0131 Koruma Ya\u011f\u0131 10ml<br \/>\n1x drinking clear 5ml &#8211; sponge<br \/>\n1x Feeding dish white rectangle &#8211; 3 compartments<br \/>\n1x Drinking trough 2ml &#8211; 360 Degrees<br \/>\n1x El b\u00fcy\u00fcteci - 2x - 30mm<br \/>\n1x k\u00f6p\u00fck silecek 150x18x2,5mm<\/p>\n<p>&nbsp;<\/p>\n<p><strong>A\u00e7\u0131klama Ba\u015flang\u0131\u00e7 seti dokumac\u0131 kar\u0131ncalar:<\/strong><br \/>\nPolyrhachis spec. veya Oecophylla spec. gibi \u00e7e\u015fitli dokumac\u0131 kar\u0131nca t\u00fcrleri i\u00e7in bu geni\u015fletilebilir ba\u015flang\u0131\u00e7 seti, yaln\u0131zca optimum \u015fekilde uyarlanm\u0131\u015f formikaryumu de\u011fil, ayn\u0131 zamanda bu kar\u0131nca t\u00fcrlerini tutmak i\u00e7in uygun aksesuarlar\u0131 da i\u00e7erir. Yakla\u015f\u0131k 500-1000 hayvana kadar olan koloniler i\u00e7in uygundur. Daha b\u00fcy\u00fck koloniler i\u00e7in 30x30x60cm'lik bir formikaryum \u00f6neriyoruz. \"\u015eeffaf 20ml - s\u00fcnger\" suluk su i\u00e7in, \"2ml - 360 derece\" suluk ise bal \u00f6z\u00fc kar\u0131\u015f\u0131m\u0131 i\u00e7in tasarlanm\u0131\u015ft\u0131r.<\/p>\n<p><strong>\u00d6nemli:<\/strong> L\u00fctfen kullanmadan \u00f6nce alt tabakay\u0131 nemlendirin, b\u00f6ylece kar\u0131\u015f\u0131m ba\u011flanabilir ve kar\u0131nca \u00e7iftli\u011finde sa\u011flam bir tutu\u015f geli\u015ftirebilir. Ayr\u0131ca, kuru ve tozlu bir alt tabaka kar\u0131ncalar\u0131n solunum yollar\u0131n\u0131n t\u0131kanmas\u0131na ve en k\u00f6t\u00fc durumda hayvanlar\u0131n bo\u011fulmas\u0131na neden olabilir.<\/p>\n<p><strong>\u00dcretim hakk\u0131nda notlar<\/strong><br \/>\nCam, DIN 1249'a uygun olarak +\/- 1 mm toleransla kesilir. Son derece k\u00fc\u00e7\u00fck kar\u0131nca t\u00fcrleri i\u00e7in ek kopma korumas\u0131 gereklidir.<\/p>\n<p><strong>Beyazlat\u0131lm\u0131\u015f c\u0131rc\u0131r b\u00f6cekleri hakk\u0131nda not:<\/strong><br \/>\nC\u0131rc\u0131r B\u00f6ce\u011fi Re\u00e7elimiz, canl\u0131 b\u00f6cek beslemek zorunda kalmadan kar\u0131ncalar\u0131n\u0131za taze korunmu\u015f proteinli g\u0131da sa\u011flaman\u0131n kolay bir yoludur. \u0130\u00e7erdi\u011fi c\u0131rc\u0131r b\u00f6cekleri (Acheta domesticus) besin de\u011ferlerinin, tat ve aroman\u0131n korunmas\u0131n\u0131 sa\u011flamak i\u00e7in nazik\u00e7e pi\u015firilmi\u015ftir. Ayr\u0131ca b\u00f6ceklerin kitinli kabu\u011fu da bu \u015fekilde yumu\u015fat\u0131larak daha kolay sindirilmesi sa\u011flanm\u0131\u015ft\u0131r. Kolajen proteinlerinin ba\u011flar\u0131 k\u0131r\u0131larak kar\u0131ncalar\u0131n bunlardan daha iyi faydalanmas\u0131 sa\u011flan\u0131r. Konserve Acheta domesticus canl\u0131 c\u0131rc\u0131r b\u00f6ce\u011fi ile ayn\u0131 besin de\u011ferine sahiptir, ancak sindirimi daha kolayd\u0131r.<\/p>\n<p>Beyazlat\u0131lm\u0131\u015f c\u0131rc\u0131r b\u00f6cekleri, canl\u0131 besin gerektiren kar\u0131nca t\u00fcrlerini avlamak i\u00e7in uygun de\u011fildir (\u00f6rne\u011fin Harpegnathos veya Odontomachus gibi ponerinler (b\u00fcy\u00fck kar\u0131ncalar))<\/p>\n<p>Daha fazla avantaj:<br \/>\nAkar i\u00e7ermeme garantisi<br \/>\nPorsiyonlanabilir<br \/>\nSterilize edilmi\u015f ve vakumlanm\u0131\u015f<br \/>\nKatk\u0131 maddesi olmadan<br \/>\nOrganik at\u0131klarla beslenen, s\u00fcrd\u00fcr\u00fclebilir, tamamen organik yeti\u015ftiricilikten elde edilen c\u0131rc\u0131r b\u00f6cekleri<\/p>\n<p><strong>L\u00fctfen unutmay\u0131n:<\/strong><br \/>\nA\u00e7\u0131ld\u0131ktan sonra yakla\u015f\u0131k d\u00f6rt g\u00fcn buzdolab\u0131nda saklanabilir. Dondurulursa daha uzun raf \u00f6mr\u00fc.<\/p>\n<p><strong>Honeydew hakk\u0131nda not:<\/strong><br \/>\n\u0130\u00e7indekiler 10 ml<br \/>\nBu, laboratuvar\u0131m\u0131zda kapsaml\u0131 testlerden sonra rafine etti\u011fimiz ve kar\u0131ncalar taraf\u0131ndan \u00e7ok iyi kabul edilen bir g\u0131da haline getirdi\u011fimiz do\u011fal bir \u00fcr\u00fcnd\u00fcr. Bunun nedeni, i\u015flenmemi\u015f bal \u00f6z\u00fcn\u00fcn konsantre orijinal haliyle kar\u0131ncalar ve metabolizmalar\u0131 taraf\u0131ndan iyi kabul edilmemesidir.<br \/>\nBal \u00f6z\u00fcm\u00fcz Bulgaristan'\u0131n kirlenmemi\u015f vah\u015fi da\u011f ormanlar\u0131ndan toplanm\u0131\u015ft\u0131r. Bal \u00f6z\u00fc sadece yaz aylar\u0131nda yakla\u015f\u0131k iki ay gibi \u00e7ok s\u0131n\u0131rl\u0131 bir s\u00fcre i\u00e7in \u00fcretilir. Bu nedenle \u00e7ok nadir bulunur. Ormanlar\u0131n kendine \u00f6zg\u00fc toprak \u00f6zellikleri ve iklim nedeniyle, temel besinler a\u011fa\u00e7lar\u0131n yapraklar\u0131nda depolan\u0131r ve bunlar yaprak bitleri taraf\u0131ndan emilir. Bu bal \u00f6z\u00fc kar\u0131\u015f\u0131m\u0131n\u0131 kar\u0131ncalar i\u00e7in bu kadar cazip k\u0131lan da budur.<\/p>\n<p><strong>Uygulama:<\/strong><br \/>\nG\u0131da miktar\u0131 yakla\u015f\u0131k 3 g\u00fcn i\u00e7inde t\u00fcketilmelidir.<\/p>\n<p><strong>A\u00e7\u0131klama:<\/strong><br \/>\nBal \u00f6z\u00fc, \u00e7i\u00e7ek bal\u0131ndan farkl\u0131 olarak yaprak bitleri gibi bitkileri emen b\u00f6ceklerin salg\u0131lar\u0131ndan elde edilir. Bal \u00f6z\u00fc, kar\u0131ncalar, ar\u0131lar ve bombus ar\u0131lar\u0131 gibi bir\u00e7ok b\u00f6cek i\u00e7in pop\u00fcler bir besin kayna\u011f\u0131d\u0131r. Ar\u0131lar ve yaban ar\u0131lar\u0131 \u00e7e\u015fitli a\u011fa\u00e7lar\u0131n yapraklar\u0131ndan ya da i\u011fnelerinden bal \u00f6z\u00fcn\u00fc yalarlar. Lasius niger gibi kar\u0131ncalar yaprak bitlerini tam anlam\u0131yla tutar. Hatta onlar\u0131 y\u0131rt\u0131c\u0131lara kar\u015f\u0131 savunur ve taze filizlere ta\u015f\u0131rlar.<\/p>\n<p>Bal \u00f6z\u00fc, biraz farkl\u0131 bile\u015fenleri nedeniyle kar\u0131ncalar aras\u0131nda \u00f6zellikle pop\u00fclerdir. Bal \u00f6z\u00fcndeki ana \u015fekerler sakaroz ve fruktozdur, ancak daha az miktarda maltoz, trehaloz, melezitoz, rafinoz ve di\u011fer oligosakkaritler de bulunur. \u015eeker ve suya ek olarak, bal \u00f6z\u00fc ayr\u0131ca temel amino asitler, mineraller, eser elementler, adenozinler, fosfatlar ve vitaminler gibi di\u011fer bile\u015fenleri de i\u00e7erir.<\/p>\n<p><strong>Kullan:<\/strong><br \/>\nBal yiyen kar\u0131nca t\u00fcrleri (Meliphagidae) i\u00e7in<br \/>\nBu bir ek yemdir<br \/>\nHayvanlara tedarik edildi\u011fi \u015fekilde sunulabilir. \u015eeker konsantrasyonu nem nedeniyle azald\u0131\u011f\u0131ndan ve bir fermantasyon s\u00fcreci ba\u015flad\u0131\u011f\u0131ndan, mama her 3 g\u00fcnde bir de\u011fi\u015ftirilmelidir. Tekrar kullanmadan \u00f6nce besleme kab\u0131n\u0131\/t\u00fcp\u00fcn\u00fc iyice temizleyin.<br \/>\nBir paket a\u00e7\u0131ld\u0131ktan sonra, son kullanma tarihine kadar s\u0131k\u0131ca kapal\u0131 tutulmal\u0131d\u0131r.<br \/>\nBeslenme bilgileri 100 g ba\u015f\u0131na:<br \/>\nyakla\u015f\u0131k 2,7 % ya\u011f<br \/>\nbunun yakla\u015f\u0131k 0,45 %'si doymu\u015ftur.<br \/>\nyakla\u015f\u0131k 95 % karbonhidrat<br \/>\nbunun yakla\u015f\u0131k 'i \u015feker<br \/>\nyakla\u015f\u0131k 2.85% protein<\/p>\n<p>Mineraller (potasyum, kalsiyum, bak\u0131r, demir, sodyum, magnezyum, fosfor, \u00e7inko ve di\u011fer eser elementler) Amino asitler (prolin, l\u00f6sin, fenilalanin, alanin, histidin, izol\u00f6sin, glutamik asit, arginin, aspartik asit vb.) Organik asitler Enzimler (fermentler) Aromalar \u0130nhibinler (antibakteriyel maddeler) \u00c7i\u00e7ekler Polen<\/p>\n<p><strong>Depolama:<\/strong><br \/>\nYemin kalitesinden emin olmak i\u00e7in yem karanl\u0131k ve kuru bir yerde saklanmal\u0131d\u0131r.<\/p>\n<p><strong>Not:<\/strong><br \/>\nBesleme t\u00fcplerinin kullan\u0131m\u0131na ili\u015fkin bilgileri burada bulabilirsiniz: Ba\u011flant\u0131<br \/>\nBal yiyen kar\u0131ncalar i\u00e7in ek yem.<br \/>\nBile\u015fim, analitik bile\u015fenler, son kullanma tarihi ve parti numaras\u0131 i\u00e7in l\u00fctfen prospekt\u00fcse bak\u0131n\u0131z.<\/p>\n<p>Bilgi hatt\u0131 +49 30 439703870<\/p>\n<p>Sorumlu veterinerlik ve g\u0131da m\u00fcfetti\u015fli\u011fi:<br \/>\nSteglitz Veterinerlik Ofisi<br \/>\nK\u00f6nigin-Luise-Str. 92<br \/>\n14195 Berlin<\/p>\n<p><strong>A\u00e7\u0131klama S\u00fcs \u00e7al\u0131lar\u0131<\/strong><\/p>\n<p>Boyut \/ y\u00fckseklik 17 cm ila 19 cm, \u00e7ap ~ 10 cm -12 cm, 30x30x30 cm ve daha y\u00fcksek arenalar i\u00e7in idealdir.<br \/>\nA\u011f\u0131rl\u0131k 50 ile 80 gram aras\u0131nda de\u011fi\u015fmektedir<\/p>\n<p>Do\u011fal olarak kurutulmu\u015f ah\u015fap bir \u00e7al\u0131 ve sentetik re\u00e7ine bir tabandan (taban plakas\u0131) olu\u015fan dekoratif \u00f6\u011fe.<br \/>\nBu s\u00fcs \u00e7al\u0131s\u0131 Almanya'da el yap\u0131m\u0131 olarak \u00fcretilmi\u015ftir ve bu nedenle s\u00fcrd\u00fcr\u00fclebilirlik \u00f6zelli\u011fine sahiptir.<\/p>\n<p><strong>D\u0130KKAT:<\/strong> L\u00fctfen \u00e7ok nemli (60%'den fazla nemli) ortamlara yerle\u015ftirmeyin. \u00c7al\u0131 k\u00fcflenmeye ba\u015flayabilir. \u00c7ok iyi havaland\u0131rma ile \u00e7al\u0131 daha nemli formikaryalara da yerle\u015ftirilebilir.<\/p>\n<p>Baz\u0131 s\u00fcs \u00e7al\u0131lar\u0131 boylar\u0131 nedeniyle formikaryumda kendi ba\u015flar\u0131na durmazlar. Bu durumda, taban\u0131 alt tabaka ile biraz \u00f6rtmek veya \u00fcr\u00fcn\u00fc d\u0131\u015f b\u00f6lmelere yak\u0131n yerle\u015ftirmek yard\u0131mc\u0131 olur.<\/p>\n<p><span data-text-color=\"alert\"><strong>MAKALE I\u0307LE I\u0307LGI\u0307LI\u0307 \u00d6NEMLI\u0307 NOT:<\/strong><\/span><br \/>\nBu do\u011fal bir \u00fcr\u00fcn \/ benzersiz bir \u00f6\u011fe oldu\u011fundan, buradaki resimler ald\u0131\u011f\u0131n\u0131z \u00fcr\u00fcnle tamamen ayn\u0131 de\u011fildir. Mini a\u011fac\u0131n ve ta\u015f oca\u011f\u0131 kayrak taban plakas\u0131n\u0131n boyutunda, \u015feklinde ve renginde sapmalar olabilir. Sadece \u00fcr\u00fcn\u00fcn maksimum y\u00fcksekli\u011fini garanti ediyoruz.<\/p>\n<p>Bu \u00fcr\u00fcn\u00fc sipari\u015f ederek, sat\u0131n alma s\u0131ras\u0131nda \u00fcr\u00fcn\u00fcn boyut, \u015fekil ve renk a\u00e7\u0131s\u0131ndan yukar\u0131da belirtilen olas\u0131 sapmalar\u0131n\u0131 kabul etmi\u015f ve onaylam\u0131\u015f olursunuz.<\/p>","protected":false},"excerpt":{"rendered":"<p>Set 31 par\u00e7adan olu\u015fmaktad\u0131r.<br \/>\nBoyut: <strong>XL<\/strong><\/p>","protected":false},"featured_media":7116,"comment_status":"open","ping_status":"closed","template":"","meta":{"_acf_changed":false,"content-type":"","_monsterinsights_skip_tracking":false,"_monsterinsights_sitenote_active":false,"_monsterinsights_sitenote_note":"","_monsterinsights_sitenote_category":0},"product_brand":[],"product_cat":[355,354,73],"product_tag":[],"class_list":{"0":"post-6377","1":"product","2":"type-product","3":"status-publish","4":"has-post-thumbnail","6":"product_cat-bundle-offers","7":"product_cat-starter-sets-for-weaver-ants","8":"product_cat-starter-sets","10":"first","11":"instock","12":"taxable","13":"shipping-taxable","14":"purchasable","15":"product-type-simple"},"acf":[],"aioseo_notices":[],"jetpack_sharing_enabled":true,"_links":{"self":[{"href":"https:\/\/antcube.shop\/tr\/wp-json\/wp\/v2\/product\/6377","targetHints":{"allow":["GET"]}}],"collection":[{"href":"https:\/\/antcube.shop\/tr\/wp-json\/wp\/v2\/product"}],"about":[{"href":"https:\/\/antcube.shop\/tr\/wp-json\/wp\/v2\/types\/product"}],"replies":[{"embeddable":true,"href":"https:\/\/antcube.shop\/tr\/wp-json\/wp\/v2\/comments?post=6377"}],"wp:featuredmedia":[{"embeddable":true,"href":"https:\/\/antcube.shop\/tr\/wp-json\/wp\/v2\/media\/7116"}],"wp:attachment":[{"href":"https:\/\/antcube.shop\/tr\/wp-json\/wp\/v2\/media?parent=6377"}],"wp:term":[{"taxonomy":"product_brand","embeddable":true,"href":"https:\/\/antcube.shop\/tr\/wp-json\/wp\/v2\/product_brand?post=6377"},{"taxonomy":"product_cat","embeddable":true,"href":"https:\/\/antcube.shop\/tr\/wp-json\/wp\/v2\/product_cat?post=6377"},{"taxonomy":"product_tag","embeddable":true,"href":"https:\/\/antcube.shop\/tr\/wp-json\/wp\/v2\/product_tag?post=6377"}],"curies":[{"name":"wp","href":"https:\/\/api.w.org\/{rel}","templated":true}]}}