{"id":5935,"date":"2023-06-24T12:30:33","date_gmt":"2023-06-24T10:30:33","guid":{"rendered":"https:\/\/antcube.shop\/product\/bundle-offer-messor-angularis\/"},"modified":"2025-10-19T06:01:04","modified_gmt":"2025-10-19T04:01:04","slug":"bundle-offer-messor-angularis","status":"publish","type":"product","link":"https:\/\/antcube.shop\/tr\/urun\/bundle-offer-messor-angularis\/","title":{"rendered":"Bundle Teklifi - Messor arenarius"},"content":{"rendered":"<div class=\"tab-body active\">\n<p><span data-text-color=\"secondary\"><strong>Messor arenarius kar\u0131nca kolonisi (krali\u00e7e + 5-10 i\u015f\u00e7i + kulu\u00e7ka), 3x formikaryum pedli hasat\u00e7\u0131 kar\u0131ncalar L Popcorn i\u00e7in bir ba\u015flang\u0131\u00e7 seti ve \u00f6zel beyazlat\u0131lm\u0131\u015f c\u0131rc\u0131r b\u00f6ceklerimizden (nemli protein) bir kavanoz i\u00e7eren paket teklifi.<\/strong><\/span><\/p>\n<p><span data-text-color=\"alert\"><strong>Sadece stoklar t\u00fckenene kadar.<\/strong><\/span><\/p>\n<p><strong>Messor arenarius'u ba\u015far\u0131l\u0131 bir \u015fekilde tutmak i\u00e7in ihtiyac\u0131n\u0131z olan her \u015fey<\/strong><br \/>\nBu paket, ilk birka\u00e7 ay boyunca bir Messor arenarius kolonisini ba\u015far\u0131l\u0131 bir \u015fekilde tutmak i\u00e7in ihtiyac\u0131n\u0131z olan her \u015feyi i\u00e7erir. Esnek bir \u015fekilde geni\u015fletilebilir ve kar\u0131nca beslemeye ba\u015flamak i\u00e7in idealdir.<\/p>\n<p><strong>Kar\u0131nca t\u00fcr\u00fc: Messor arenarius<\/strong><br \/>\n\"Kumul hasat\u00e7\u0131s\u0131 kar\u0131nca\" olarak da bilinen Messor arenarius, di\u011fer Messor t\u00fcrlerine k\u0131yasla \u00e7ok b\u00fcy\u00fck, granivor bir kar\u0131nca t\u00fcr\u00fcd\u00fcr ve \u00e7o\u011funlukla Kuzey Afrika'n\u0131n kuru ve s\u0131cak b\u00f6lgelerinde bulunur. B\u00fcy\u00fck i\u015f\u00e7ileri 18 mm gibi \u015fa\u015f\u0131rt\u0131c\u0131 bir boyuta ula\u015fabilir. Kuru habitatlara uyum sa\u011flamas\u0131yla bilinir ve ilgin\u00e7 ya\u015fam bi\u00e7imleri ve etkileyici yuva yap\u0131lar\u0131yla bilinen hasat\u00e7\u0131 kar\u0131ncalar olarak adland\u0131r\u0131lan gruba aittir.<\/p>\n<p>G\u00f6rsel olarak Messor arenarius, parlak siyah g\u00f6vdesi ve \u00f6zellikle etkileyici olan g\u00fc\u00e7l\u00fc yap\u0131l\u0131 b\u00fcy\u00fck i\u015f\u00e7i kar\u0131ncalar\u0131 ile \u00f6ne \u00e7\u0131kar. Sa\u011flam do\u011fas\u0131 ve basit bak\u0131m gereksinimleri nedeniyle yeni ba\u015flayanlar i\u00e7in ideal bir t\u00fcrd\u00fcr, ancak etkileyici boyutu nedeniyle ileri d\u00fczey kar\u0131nca bak\u0131c\u0131lar\u0131 i\u00e7in de ilgi \u00e7ekicidir.<\/p>\n<p><strong>Messor arenarius i\u00e7in yiyecek<\/strong><br \/>\nMessor arenarius esas olarak \"kar\u0131nca ekme\u011fi\" yapmak i\u00e7in kulland\u0131\u011f\u0131 tah\u0131llarla beslenir. Ayr\u0131ca koloni tatl\u0131 meyveleri, k\u00fc\u00e7\u00fck b\u00f6cekleri ve proteinli yiyecekleri de kabul eder. Nem ihtiya\u00e7lar\u0131n\u0131n b\u00fcy\u00fck bir k\u0131sm\u0131 tah\u0131llar taraf\u0131ndan kar\u015f\u0131lan\u0131rken, geri kalan\u0131 b\u00f6cekler ve ball\u0131 su gibi sunulan s\u0131v\u0131lar taraf\u0131ndan kar\u015f\u0131lan\u0131r.<\/p>\n<p><strong>Formikaryumda a\u015fa\u011f\u0131daki yemler sa\u011flanmal\u0131d\u0131r:<\/strong><br \/>\nTah\u0131l kar\u0131\u015f\u0131mlar\u0131<br \/>\nK\u00fc\u00e7\u00fck b\u00f6cekler (\u00f6rn. meyve sinekleri)<br \/>\nHer zaman taze su sa\u011flay\u0131n<br \/>\nGerekirse ball\u0131 su (not: kar\u0131ncalar\u0131n d\u00fc\u015fmesini \u00f6nlemek i\u00e7in her zaman a\u00e7\u0131k s\u0131v\u0131lar\u0131n \u00fczerini \u00f6rt\u00fcn).<\/p>\n<p><strong>Messor arenarius i\u00e7in do\u011fru formikaryum<\/strong><br \/>\nT\u00fcm hasat\u00e7\u0131 kar\u0131ncalar gibi Messor arenarius da hem kuru hem de hafif nemli alanlar sunan bir yuvaya ihtiya\u00e7 duyar. Nemli alan kulu\u00e7ka bak\u0131m\u0131 i\u00e7indir, kuru k\u0131s\u0131m ise k\u00fcf olu\u015fumunu \u00f6nlemek i\u00e7in tah\u0131llar\u0131 depolamak i\u00e7in idealdir. Bu nedenle ba\u015flang\u0131\u00e7 setimiz, ilk 1-2 y\u0131l i\u00e7in yeterli olan iki kar\u0131nca \u00e7iftli\u011fi (yuva) i\u00e7erir. Bundan sonra, koloninin b\u00fcy\u00fcmesi i\u00e7in alan yaratmak amac\u0131yla formikaryum geni\u015fletilmelidir.<\/p>\n<p><strong>Messor arenarius i\u00e7in optimum iklim ko\u015fullar\u0131:<\/strong><br \/>\n<strong>Nem oran\u0131:<\/strong><br \/>\nArena: 30-50 %<br \/>\nYuva alan\u0131: 50-70 %<\/p>\n<p><strong>S\u0131cakl\u0131k:<\/strong><br \/>\nArena: 25-30 \u00b0C<br \/>\nYuva alan\u0131: 22-28 \u00b0C<\/p>\n<p><strong>Messor arenarius i\u00e7in yuva malzemesi<\/strong><br \/>\nDigfix \u00f6zellikle Messor arenarius'u tutmak i\u00e7in uygundur. Neme kar\u015f\u0131 dayan\u0131kl\u0131d\u0131r ve kum\/kil kar\u0131\u015f\u0131mlar\u0131nda oldu\u011fu gibi g\u00f6r\u00fcn\u00fcm\u00fc bozan herhangi bir substrat kal\u0131nt\u0131s\u0131 olmadan yuva yap\u0131lar\u0131n\u0131n net bir \u015fekilde g\u00f6r\u00fclmesini sa\u011flar.<\/p>\n<p>B\u00fcy\u00fck i\u015f\u00e7iler zamanla Ytong gibi daha sert malzemeleri de kemirebilece\u011finden, Digfix eklentili cam yuvalar \u00f6neriyoruz. Bu kombinasyon yaln\u0131zca uzun \u00f6m\u00fcrl\u00fcl\u00fck sa\u011flamakla kalmaz, ayn\u0131 zamanda koloniyi g\u00f6zlemlemek ve bak\u0131m\u0131n\u0131 yapmak i\u00e7in de en uygun ko\u015fullar\u0131 sunar.<\/p>\n<p>Bu kurulumla, Messor arenarius'u beslemek i\u00e7in ideal bir temel olu\u015fturabilir ve bu b\u00fcy\u00fcleyici kar\u0131ncalar\u0131 uzun y\u0131llar boyunca g\u00f6zlemleyebilir ve bak\u0131m\u0131n\u0131 yapabilirsiniz.<\/p>\n<p><strong>\u0130\u00e7indekiler:<\/strong><br \/>\n1x Messor arenarius (krali\u00e7e + 1-4 i\u015f\u00e7i + yavru)<br \/>\n1x beyazlat\u0131lm\u0131\u015f kriket 10g<br \/>\n1x tah\u0131l mamas\u0131 min\u00f6r 100g<br \/>\n1x formikaryum pedi - 20x20cm<br \/>\n2x formikaryum pedi - 20x6cm<\/p>\n<p>1x ANTCUBE - arena 20x20x10 - d\u00fcz<br \/>\n1x kar\u0131nca arenas\u0131 \u00e7er\u00e7evesi 20\u00d720<br \/>\n1x kar\u0131nca arenas\u0131 \u00f6rt\u00fcs\u00fc 20\u00d720<br \/>\n4 adet arena kapa\u011f\u0131 i\u00e7in 1x sabitleme noktas\u0131.<br \/>\n2x ANTCUBE - Kar\u0131nca \u00e7iftli\u011fi - M - 20\u00d720 - dik<\/p>\n<p>2x ANTCUBE - Digfix Terra nidum 20\u00d720 - L - bej<br \/>\n1x Patlam\u0131\u015f M\u0131s\u0131r Yuvas\u0131 20\u00d720 - L<br \/>\n1x 1m t\u00fcp \u015feffaf 20\/16 mm<br \/>\n2x ANTCUBE - K\u0131rm\u0131z\u0131 folyo 20\u00d720 - filtre<br \/>\n2x yap\u0131\u015fkanl\u0131 klips - \u015feffaf 2 adet.<br \/>\n1x substrat - \u00e7\u00f6l - 1 kg<\/p>\n<p>2x \u0131zgara ek par\u00e7as\u0131 - 50mm - paslanmaz \u00e7elik<br \/>\n1x \u0131zgara ek par\u00e7as\u0131 - 27mm - paslanmaz \u00e7elik<br \/>\n1x \u0131zgara kapa\u011f\u0131 - 16mm - paslanmaz \u00e7elik<\/p>\n<p>1x tank hortum ba\u011flant\u0131s\u0131 27-14,16,20 mm - \u015feffaf<br \/>\n1x yem da\u011f\u0131t\u0131c\u0131 2ml - dozlanabilir<br \/>\n1x i\u00e7me teknesi \u015feffaf 20ml - s\u00fcnger<br \/>\n1x \u015feffaf kase 1\u00d720 - s\u00fcnger<br \/>\n1x Mini termo higrometre analog - ekran - as\u0131l\u0131<br \/>\n1x Kar\u0131nca ka\u00e7\u0131\u015f koruma ya\u011f\u0131 10ml<br \/>\n1x C\u0131mb\u0131z yay \u00e7eli\u011fi - geni\u015f - yumu\u015fak<br \/>\n1x C\u0131mb\u0131z plastik \u015feffaf<br \/>\n1x plastik pipet 3ml<br \/>\n1x el b\u00fcy\u00fcteci - 2x - 30mm<br \/>\n1x k\u00f6p\u00fck silecek 150x18x2,5mm<br \/>\n1x foto\u011fraf arkas\u0131 - \u00e7\u00f6l - 20\u00d710<\/p>\n<p><strong>A\u00e7\u0131klama Ba\u015flang\u0131\u00e7 Seti:<\/strong><br \/>\nBu ba\u015flang\u0131\u00e7 seti \u00f6zellikle Messor veya Pogonomyrmex cinsi tah\u0131l toplayan kar\u0131nca t\u00fcrleri i\u00e7in uygundur. Patlam\u0131\u015f m\u0131s\u0131r taba\u011f\u0131 bulunan \u00e7iftlik, tohumlar\u0131 ve kar\u0131nca ekme\u011fini saklamak i\u00e7in tasarlanm\u0131\u015ft\u0131r ve bu nedenle kar\u0131ncalar taraf\u0131ndan orada saklanan tohumlar\u0131n \/ tah\u0131llar\u0131n \u00e7imlenmesini veya k\u00fcflenmesini \u00f6nlemek i\u00e7in tamamen kuru kalmal\u0131d\u0131r.<br \/>\n\"Terra nidum\" plakal\u0131 ikinci \u00e7iftlik, kar\u0131nca kolonisi i\u00e7in bir yuvalama ve \u00fcreme alan\u0131 olarak tasarlanm\u0131\u015ft\u0131r. Bu alan her zaman hafif nemli tutulmal\u0131d\u0131r.<br \/>\nFormikaryumunuzu kurarken size daha fazla esneklik sa\u011flamak i\u00e7in patlam\u0131\u015f m\u0131s\u0131r yuvas\u0131 yerine kullanabilece\u011finiz ikinci bir \"Terra nidum\" plakas\u0131 ekledik.<\/p>\n<p><strong>Terra nidum plakas\u0131n\u0131n tan\u0131m\u0131:<\/strong> Kaz\u0131labilir malzemeden yap\u0131lm\u0131\u015f Terra nidum (Latince toprak yuva) plakas\u0131, ANTCUBE kar\u0131nca \u00e7iftliklerimiz i\u00e7in m\u00fckemmel bir uyum sa\u011flar. Hem kuru hem de \u0131slak olarak kullan\u0131labilir. \u00d6zellikle kum ve (\u00f6l\u00fc) ah\u015fapta yuva yapan t\u00fcrler olmak \u00fczere bir\u00e7ok kar\u0131nca t\u00fcr\u00fc i\u00e7in de uygundur. Kum\/kil kar\u0131\u015f\u0131mlar\u0131 veya mantar yuva ekleri yerine kullan\u0131labilir. Bu yuvan\u0131n avantaj\u0131, a\u00e7\u0131k\u00e7a g\u00f6r\u00fclebilen bir renk de\u011fi\u015fikli\u011fi nedeniyle plakan\u0131n nemlenmesinin daha kolay kontrol edilebilmesi ve plakan\u0131n renginin genellikle daha koyu olan kar\u0131nca t\u00fcrlerine s\u00fcper bir kontrast sunmas\u0131d\u0131r. Buna ek olarak, kar\u0131nca \u00e7iftli\u011finin i\u00e7 b\u00f6lmeleri, \u00f6rne\u011fin kum\/kil kar\u0131\u015f\u0131mlar\u0131nda oldu\u011fu gibi alt tabaka ile kirlenmez, bu da yuvan\u0131n m\u00fckemmel bir \u015fekilde g\u00f6r\u00fclmesini sa\u011flar. Yuva malzememiz ayr\u0131ca \u00e7ok daha sa\u011flam bir yap\u0131ya sahiptir, b\u00f6ylece kar\u0131ncalar taraf\u0131ndan kaz\u0131lan t\u00fcneller ve odalar \u00e7\u00f6kmez.<\/p>\n<p><strong>Patlam\u0131\u015f m\u0131s\u0131r yuvas\u0131n\u0131n tan\u0131m\u0131:<\/strong> Prefabrik ge\u00e7itlere ve odalara sahip bu patlam\u0131\u015f m\u0131s\u0131r yuvas\u0131, \u00f6rne\u011fin Messor kar\u0131ncalar\u0131 i\u00e7in oldu\u011fu kadar tah\u0131l toplayan di\u011fer kar\u0131nca t\u00fcrleri i\u00e7in de tah\u0131l ambar\u0131 olarak m\u00fckemmel bir \u015fekilde uygundur. Yuvaya eri\u015fim i\u00e7in bir deli\u011fi vard\u0131r. Patlam\u0131\u015f m\u0131s\u0131r yuvas\u0131 nemi emer ve sonu\u00e7 olarak geni\u015fleyebilir, bu nedenle her zaman kuru tutulmal\u0131d\u0131r. Messor barbarus, ANTCUBE patlam\u0131\u015f m\u0131s\u0131r yuvam\u0131z\u0131 tah\u0131l ambar\u0131 olarak \u00e7ok iyi kabul eder. Zamanla kar\u0131ncalar patlam\u0131\u015f m\u0131s\u0131r yuvas\u0131n\u0131 geni\u015fletmeye ve yuva malzemesini yemeye ba\u015flarlar. Karamelize bal kokar ve bu nedenle \u00e7ok \u00e7ekicidir.<\/p>\n<p>Patlam\u0131\u015f m\u0131s\u0131r yuvas\u0131 yaln\u0131zca yuva alan\u0131nda \u00e7ok az nem gerektiren veya hi\u00e7 nem gerektirmeyen kar\u0131nca t\u00fcrleri i\u00e7in kullan\u0131lmal\u0131d\u0131r.<\/p>\n<p><strong>\u00d6nemli:<\/strong> L\u00fctfen kullanmadan \u00f6nce alt tabakay\u0131 nemlendirin, b\u00f6ylece kar\u0131\u015f\u0131m ba\u011flanabilir ve kar\u0131nca \u00e7iftli\u011finde sa\u011flam bir tutu\u015f geli\u015ftirebilir. Ayr\u0131ca, kuru ve tozlu bir alt tabaka kar\u0131ncalar\u0131n solunum yollar\u0131n\u0131n t\u0131kanmas\u0131na ve en k\u00f6t\u00fc durumda hayvanlar\u0131n bo\u011fulmas\u0131na neden olabilir.<\/p>\n<p><strong>\u00d6neri:<\/strong> Hayvanlar\u0131n arenaya yuva yapamamalar\u0131 ve bunun yerine bu ama\u00e7la sa\u011flanan \u00e7iftli\u011fi kullanmalar\u0131 i\u00e7in 2 mm y\u00fcksekli\u011finde bir alt tabaka tabakas\u0131 \u00f6neriyoruz. Ayr\u0131ca \u00e7iftlikteki yuvalama malzemesinin (kum\/kil, Digfix, vb.) hayvanlar\u0131n kazmas\u0131n\u0131 kolayla\u015ft\u0131rmak i\u00e7in bir yerden hafif\u00e7e delinmesini tavsiye ederiz.<\/p>\n<p><strong>\u00dcretim hakk\u0131nda notlar<\/strong><br \/>\nCam DIN 1249'a g\u00f6re +\/- 1 mm toleransla kesilmi\u015ftir. Son derece k\u00fc\u00e7\u00fck kar\u0131nca t\u00fcrleri i\u00e7in ek ka\u00e7\u0131\u015f korumas\u0131 gereklidir.<\/p>\n<p><strong>\u00c7iftlik hakk\u0131nda notlar<\/strong><br \/>\nHortumlar\u0131 takarken veya \u00e7\u0131kar\u0131rken l\u00fctfen a\u015fa\u011f\u0131dakilere dikkat edin:<br \/>\nHortumun ba\u011flant\u0131 soketine oturtulmas\u0131 \u00e7ok zorsa, soket bir damla patlak koruma ya\u011f\u0131 veya tozuyla hafif\u00e7e ovulmal\u0131d\u0131r. Daha sonra hortum, yukar\u0131 ve a\u015fa\u011f\u0131 hareketlerle soketi zorlamadan b\u00fckme veya vidalama hareketleri kullan\u0131larak sokete itilmelidir. Ayn\u0131 durum hortumlar\u0131 \u00e7iftlik ba\u011flant\u0131 soketinden \u00e7\u0131kar\u0131rken de ge\u00e7erlidir. L\u00fctfen basit\u00e7e \u00e7ekip \u00e7\u0131karmay\u0131n!<\/p>\n<p><strong>Terra nidum hakk\u0131nda not:<\/strong> Do\u011fal renk bej \/ kum rengi ile a\u00e7\u0131k kahverengi aras\u0131nda de\u011fi\u015febilir. Rengin kalite \u00fczerinde hi\u00e7bir etkisi yoktur.<br \/>\n\u00dcretim s\u00fcreci nedeniyle boyutlar +\/- 1 mm farkl\u0131l\u0131k g\u00f6sterebilir<\/p>\n<p><strong>Beyazlat\u0131lm\u0131\u015f c\u0131rc\u0131r b\u00f6cekleri hakk\u0131nda not:<\/strong><br \/>\nC\u0131rc\u0131r B\u00f6ce\u011fi Re\u00e7elimiz, canl\u0131 b\u00f6cek beslemek zorunda kalmadan kar\u0131ncalar\u0131n\u0131za taze korunmu\u015f proteinli g\u0131da sa\u011flaman\u0131n kolay bir yoludur. \u0130\u00e7erdi\u011fi c\u0131rc\u0131r b\u00f6cekleri (Acheta domesticus) besin de\u011ferlerinin, tat ve aroman\u0131n korunmas\u0131n\u0131 sa\u011flamak i\u00e7in nazik\u00e7e pi\u015firilmi\u015ftir. Ayr\u0131ca b\u00f6ceklerin kitinli kabu\u011fu da bu \u015fekilde yumu\u015fat\u0131larak daha kolay sindirilmesi sa\u011flanm\u0131\u015ft\u0131r. Kolajen proteinlerinin ba\u011flar\u0131 k\u0131r\u0131larak kar\u0131ncalar\u0131n bunlardan daha iyi faydalanmas\u0131 sa\u011flan\u0131r. Konserve Acheta domesticus canl\u0131 c\u0131rc\u0131r b\u00f6ce\u011fi ile ayn\u0131 besin de\u011ferine sahiptir, ancak sindirimi daha kolayd\u0131r.<\/p>\n<p>Beyazlat\u0131lm\u0131\u015f c\u0131rc\u0131r b\u00f6cekleri, canl\u0131 besin gerektiren kar\u0131nca t\u00fcrlerini avlamak i\u00e7in uygun de\u011fildir (\u00f6rne\u011fin Harpegnathos veya Odontomachus gibi ponerinler (b\u00fcy\u00fck kar\u0131ncalar))<\/p>\n<p><strong>Daha fazla avantaj:<\/strong><br \/>\nAkar i\u00e7ermeme garantisi<br \/>\nPorsiyonlanabilir<br \/>\nSterilize edilmi\u015f ve vakumlanm\u0131\u015f<br \/>\nKatk\u0131 maddesi olmadan<br \/>\nOrganik at\u0131klarla beslenen, s\u00fcrd\u00fcr\u00fclebilir, tamamen organik yeti\u015ftiricilikten elde edilen c\u0131rc\u0131r b\u00f6cekleri<\/p>\n<p><strong>L\u00fctfen unutmay\u0131n:<\/strong><br \/>\nA\u00e7\u0131ld\u0131ktan sonra yakla\u015f\u0131k d\u00f6rt g\u00fcn buzdolab\u0131nda saklanabilir. Dondurulursa daha uzun raf \u00f6mr\u00fc.<\/p>\n<\/div>","protected":false},"excerpt":{"rendered":"<p>Messor arenarius kar\u0131nca kolonisi (krali\u00e7e + 5-10 i\u015f\u00e7i + kulu\u00e7ka), 3x formikaryum pedli hasat\u00e7\u0131 kar\u0131ncalar L Popcorn i\u00e7in bir ba\u015flang\u0131\u00e7 seti ve \u00f6zel beyazlat\u0131lm\u0131\u015f c\u0131rc\u0131r b\u00f6ceklerimizden (nemli protein) bir kavanoz i\u00e7eren paket teklifi. Sadece stoklar t\u00fckenene kadar. Messor arenarius'u ba\u015far\u0131yla beslemek i\u00e7in ihtiyac\u0131n\u0131z olan her \u015fey Bu paket a\u015fa\u011f\u0131dakiler i\u00e7in ihtiyac\u0131n\u0131z olan her \u015feyi i\u00e7erir","protected":false},"featured_media":10873,"comment_status":"open","ping_status":"closed","template":"","meta":{"_acf_changed":false,"content-type":"","_monsterinsights_skip_tracking":false,"_monsterinsights_sitenote_active":false,"_monsterinsights_sitenote_note":"","_monsterinsights_sitenote_category":0},"product_brand":[],"product_cat":[355,344,353,73],"product_tag":[],"class_list":{"0":"post-5935","1":"product","2":"type-product","3":"status-publish","4":"has-post-thumbnail","6":"product_cat-bundle-offers","7":"product_cat-popcorn","8":"product_cat-starter-sets-for-harvester-ants","9":"product_cat-starter-sets","11":"first","12":"outofstock","13":"taxable","14":"shipping-taxable","15":"purchasable","16":"product-type-simple"},"acf":[],"aioseo_notices":[],"jetpack_sharing_enabled":true,"_links":{"self":[{"href":"https:\/\/antcube.shop\/tr\/wp-json\/wp\/v2\/product\/5935","targetHints":{"allow":["GET"]}}],"collection":[{"href":"https:\/\/antcube.shop\/tr\/wp-json\/wp\/v2\/product"}],"about":[{"href":"https:\/\/antcube.shop\/tr\/wp-json\/wp\/v2\/types\/product"}],"replies":[{"embeddable":true,"href":"https:\/\/antcube.shop\/tr\/wp-json\/wp\/v2\/comments?post=5935"}],"wp:featuredmedia":[{"embeddable":true,"href":"https:\/\/antcube.shop\/tr\/wp-json\/wp\/v2\/media\/10873"}],"wp:attachment":[{"href":"https:\/\/antcube.shop\/tr\/wp-json\/wp\/v2\/media?parent=5935"}],"wp:term":[{"taxonomy":"product_brand","embeddable":true,"href":"https:\/\/antcube.shop\/tr\/wp-json\/wp\/v2\/product_brand?post=5935"},{"taxonomy":"product_cat","embeddable":true,"href":"https:\/\/antcube.shop\/tr\/wp-json\/wp\/v2\/product_cat?post=5935"},{"taxonomy":"product_tag","embeddable":true,"href":"https:\/\/antcube.shop\/tr\/wp-json\/wp\/v2\/product_tag?post=5935"}],"curies":[{"name":"wp","href":"https:\/\/api.w.org\/{rel}","templated":true}]}}