{"id":5934,"date":"2023-06-24T12:30:09","date_gmt":"2023-06-24T10:30:09","guid":{"rendered":"https:\/\/antcube.shop\/product\/antcube-terra-nidum-20x20-l-beige\/"},"modified":"2026-04-13T09:31:07","modified_gmt":"2026-04-13T07:31:07","slug":"antcube-terra-nidum-20x20-l-bej","status":"publish","type":"product","link":"https:\/\/antcube.shop\/tr\/urun\/antcube-terra-nidum-20x20-l-bej\/","title":{"rendered":"ANTCUBE - Digfix Terra nidum 20\u00d720 - L - bej"},"content":{"rendered":"<p><strong>Boyutlar:<\/strong> 183x160x20 mm<\/p>\n<p><strong>Malzeme:<\/strong> re\u00e7ine baz\u0131nda kaz\u0131labilir malzeme.<\/p>\n<p><strong>A\u00e7\u0131klama:<\/strong> Kaz\u0131labilir malzemeden yap\u0131lm\u0131\u015f Terra nidum (lat. toprak yuva) plakas\u0131, ANTCUBE kar\u0131nca \u00e7iftliklerimiz i\u00e7in m\u00fckemmel bir uyum sa\u011flar. Hem kuru hem de \u0131slak olarak kullan\u0131labilir. \u00d6zellikle kumda ve (\u00f6l\u00fc) ah\u015fapta yuva yapan bir\u00e7ok kar\u0131nca t\u00fcr\u00fc i\u00e7in de uygundur. Kum-t\u0131n kar\u0131\u015f\u0131mlar\u0131 veya mantardan yap\u0131lm\u0131\u015f yuva ekleri yerine kullan\u0131labilir. Bu yuvan\u0131n avantaj\u0131, iyi g\u00f6r\u00fclebilen bir renk de\u011fi\u015fikli\u011fi nedeniyle plakan\u0131n \u0131slanmas\u0131n\u0131n kontrol edilmesinin daha kolay olmas\u0131 ve plakan\u0131n renginin genellikle daha koyu olan kar\u0131nca t\u00fcrlerine s\u00fcper bir kontrast sunmas\u0131d\u0131r. Buna ek olarak, kar\u0131nca \u00e7iftli\u011finin i\u00e7 b\u00f6lmeleri, \u00f6rne\u011fin kum-kil kar\u0131\u015f\u0131mlar\u0131nda oldu\u011fu gibi alt tabaka ile kirlenmez, bu da yuvan\u0131n i\u00e7ine m\u00fckemmel bir g\u00f6r\u00fc\u015f sa\u011flar. Yuva malzememiz ayr\u0131ca \u00e7ok daha sa\u011flam bir yap\u0131ya sahiptir, b\u00f6ylece kar\u0131ncalar taraf\u0131ndan kaz\u0131lan ge\u00e7itler ve odalar \u00e7\u00f6kmez.<\/p>\n<p><strong>Not:<\/strong> Do\u011fal renk tonu bej \/ kum ve a\u00e7\u0131k kahverengi aras\u0131nda de\u011fi\u015febilir. Renk tonu kaliteyi etkilemez.<br \/>\n\u00dcretim nedeniyle boyutlar +\/- 1 mm de\u011fi\u015febilir<\/p>","protected":false},"excerpt":{"rendered":"<p>Gr\u00f6\u00dfe: <strong>L<\/strong><\/p>","protected":false},"featured_media":5928,"comment_status":"open","ping_status":"closed","template":"","meta":{"_acf_changed":false,"content-type":"","_monsterinsights_skip_tracking":false,"_monsterinsights_sitenote_active":false,"_monsterinsights_sitenote_note":"","_monsterinsights_sitenote_category":0},"product_brand":[],"product_cat":[257,87,88],"product_tag":[],"class_list":{"0":"post-5934","1":"product","2":"type-product","3":"status-publish","4":"has-post-thumbnail","6":"product_cat-new-innovatve-products","7":"product_cat-nest-insets","8":"product_cat-digfix","10":"first","11":"instock","12":"taxable","13":"shipping-taxable","14":"purchasable","15":"product-type-simple"},"acf":[],"aioseo_notices":[],"jetpack_sharing_enabled":true,"_links":{"self":[{"href":"https:\/\/antcube.shop\/tr\/wp-json\/wp\/v2\/product\/5934","targetHints":{"allow":["GET"]}}],"collection":[{"href":"https:\/\/antcube.shop\/tr\/wp-json\/wp\/v2\/product"}],"about":[{"href":"https:\/\/antcube.shop\/tr\/wp-json\/wp\/v2\/types\/product"}],"replies":[{"embeddable":true,"href":"https:\/\/antcube.shop\/tr\/wp-json\/wp\/v2\/comments?post=5934"}],"wp:featuredmedia":[{"embeddable":true,"href":"https:\/\/antcube.shop\/tr\/wp-json\/wp\/v2\/media\/5928"}],"wp:attachment":[{"href":"https:\/\/antcube.shop\/tr\/wp-json\/wp\/v2\/media?parent=5934"}],"wp:term":[{"taxonomy":"product_brand","embeddable":true,"href":"https:\/\/antcube.shop\/tr\/wp-json\/wp\/v2\/product_brand?post=5934"},{"taxonomy":"product_cat","embeddable":true,"href":"https:\/\/antcube.shop\/tr\/wp-json\/wp\/v2\/product_cat?post=5934"},{"taxonomy":"product_tag","embeddable":true,"href":"https:\/\/antcube.shop\/tr\/wp-json\/wp\/v2\/product_tag?post=5934"}],"curies":[{"name":"wp","href":"https:\/\/api.w.org\/{rel}","templated":true}]}}