{"id":5475,"date":"2023-02-10T13:18:16","date_gmt":"2023-02-10T12:18:16","guid":{"rendered":"https:\/\/antcube.shop\/produkt\/popcorn-nest-20x20-l\/"},"modified":"2026-03-09T17:50:04","modified_gmt":"2026-03-09T16:50:04","slug":"patlamis-misir-yuvasi-20x20-l","status":"publish","type":"product","link":"https:\/\/antcube.shop\/tr\/urun\/patlamis-misir-yuvasi-20x20-l\/","title":{"rendered":"Patlam\u0131\u015f M\u0131s\u0131r Yuvas\u0131 20\u00d720 - L"},"content":{"rendered":"<p><strong>Boyutlar:<\/strong> 184 x 160 x 18 mm<\/p>\n<p><strong>Malzeme:<\/strong> sakkaroz ve protein ile preslenmi\u015f patlam\u0131\u015f m\u0131s\u0131r<\/p>\n<p><strong>Sadece uyuyor<\/strong> kar\u0131nca \u00e7iftliklerimizde <strong>L<\/strong><\/p>\n<p><strong>A\u00e7\u0131klama:<\/strong> Prefabrik ge\u00e7itlere ve odalara sahip bu patlam\u0131\u015f m\u0131s\u0131r yuvas\u0131, \u00f6rne\u011fin Messor kar\u0131ncalar\u0131 ve ayn\u0131 zamanda di\u011fer tah\u0131l toplayan kar\u0131nca t\u00fcrleri i\u00e7in bir tah\u0131l odas\u0131 olarak m\u00fckemmeldir. Yuva giri\u015fi olarak bir deli\u011fi vard\u0131r. Patlam\u0131\u015f m\u0131s\u0131r yuvas\u0131 nemi emer ve sonu\u00e7 olarak geni\u015fleyebilir, bu nedenle<strong> kesinlikle kuru tutulmal\u0131d\u0131r<\/strong>. Messor barbarus, ANTCUBE Patlam\u0131\u015f M\u0131s\u0131r Yuvam\u0131z\u0131 bir tah\u0131l haznesi olarak \u00e7ok iyi kabul eder. Zamanla kar\u0131ncalar patlam\u0131\u015f m\u0131s\u0131r yuvas\u0131n\u0131 geni\u015fletmeye ba\u015flayacak ve yuva malzemesini yiyerek yollar\u0131na devam edeceklerdir.<\/p>\n<p>Patlam\u0131\u015f M\u0131s\u0131r Yuvas\u0131 sadece yuva alan\u0131nda \u00e7ok az veya hi\u00e7 neme ihtiya\u00e7 duymayan kar\u0131nca t\u00fcrleri i\u00e7in kullan\u0131lmal\u0131d\u0131r.<\/p>","protected":false},"excerpt":{"rendered":"<p>Boyutlar: 184 x 160 x 18 mm Malzeme: sakkaroz ve protein ile preslenmi\u015f patlam\u0131\u015f m\u0131s\u0131r Sadece L boyutundaki kar\u0131nca \u00e7iftliklerimize uyar A\u00e7\u0131klama: Prefabrik ge\u00e7itlere ve odalara sahip bu patlam\u0131\u015f m\u0131s\u0131r yuvas\u0131, \u00f6rne\u011fin Messor kar\u0131ncalar\u0131 ve ayn\u0131 zamanda di\u011fer tah\u0131l toplayan kar\u0131nca t\u00fcrleri i\u00e7in bir tah\u0131l odas\u0131 olarak m\u00fckemmeldir. Yuva olarak bir deli\u011fi vard\u0131r","protected":false},"featured_media":5459,"comment_status":"open","ping_status":"closed","template":"","meta":{"_acf_changed":false,"content-type":"","_monsterinsights_skip_tracking":false,"_monsterinsights_sitenote_active":false,"_monsterinsights_sitenote_note":"","_monsterinsights_sitenote_category":0},"product_brand":[],"product_cat":[257,344,87],"product_tag":[],"class_list":{"0":"post-5475","1":"product","2":"type-product","3":"status-publish","4":"has-post-thumbnail","6":"product_cat-new-innovatve-products","7":"product_cat-popcorn","8":"product_cat-nest-insets","10":"first","11":"instock","12":"taxable","13":"shipping-taxable","14":"purchasable","15":"product-type-simple"},"acf":[],"aioseo_notices":[],"jetpack_sharing_enabled":true,"_links":{"self":[{"href":"https:\/\/antcube.shop\/tr\/wp-json\/wp\/v2\/product\/5475","targetHints":{"allow":["GET"]}}],"collection":[{"href":"https:\/\/antcube.shop\/tr\/wp-json\/wp\/v2\/product"}],"about":[{"href":"https:\/\/antcube.shop\/tr\/wp-json\/wp\/v2\/types\/product"}],"replies":[{"embeddable":true,"href":"https:\/\/antcube.shop\/tr\/wp-json\/wp\/v2\/comments?post=5475"}],"wp:featuredmedia":[{"embeddable":true,"href":"https:\/\/antcube.shop\/tr\/wp-json\/wp\/v2\/media\/5459"}],"wp:attachment":[{"href":"https:\/\/antcube.shop\/tr\/wp-json\/wp\/v2\/media?parent=5475"}],"wp:term":[{"taxonomy":"product_brand","embeddable":true,"href":"https:\/\/antcube.shop\/tr\/wp-json\/wp\/v2\/product_brand?post=5475"},{"taxonomy":"product_cat","embeddable":true,"href":"https:\/\/antcube.shop\/tr\/wp-json\/wp\/v2\/product_cat?post=5475"},{"taxonomy":"product_tag","embeddable":true,"href":"https:\/\/antcube.shop\/tr\/wp-json\/wp\/v2\/product_tag?post=5475"}],"curies":[{"name":"wp","href":"https:\/\/api.w.org\/{rel}","templated":true}]}}