{"id":5380,"date":"2023-02-01T17:57:19","date_gmt":"2023-02-01T16:57:19","guid":{"rendered":"https:\/\/antcube.shop\/produkt\/bundle-offer-lasius-niger\/"},"modified":"2026-04-06T14:21:09","modified_gmt":"2026-04-06T12:21:09","slug":"bundle-offer-lasius-niger","status":"publish","type":"product","link":"https:\/\/antcube.shop\/tr\/urun\/bundle-offer-lasius-niger\/","title":{"rendered":"Paket Teklif - Lasius niger"},"content":{"rendered":"<p><span data-text-color=\"secondary\"><strong>Lasius niger kar\u0131nca kolonisi (krali\u00e7e + 26-50 i\u015f\u00e7i + kulu\u00e7ka), ka\u00e7\u0131\u015f koruma \u00e7er\u00e7eveli ba\u015flang\u0131\u00e7 seti Combi M, \u0131zgara eki 50mm, formikaryum taban\u0131 - 20x20cm, \u015feffaf i\u00e7me teknesi 20ml - s\u00fcnger, \u00f6zel b\u00fct\u00fcn beyazlat\u0131lm\u0131\u015f c\u0131rc\u0131r b\u00f6ceklerimizden bir kavanoz 10g (nemli protein) ve bal \u00f6z\u00fc kar\u0131\u015f\u0131m\u0131 dolum paketi 10ml i\u00e7eren paket teklifi.<\/strong><\/span><\/p>\n<p><span data-text-color=\"alert\"><strong>Sadece stoklar t\u00fckenene kadar.<\/strong><\/span><\/p>\n<p><strong>Bir Lasius niger kar\u0131nca kolonisi i\u00e7in ihtiyac\u0131n\u0131z olan her \u015fey<\/strong><br \/>\nBu paket, bir Lasius niger kolonisinin ilk birka\u00e7 ay\u0131n\u0131 ba\u015far\u0131yla ge\u00e7irmesi i\u00e7in ihtiyac\u0131n\u0131z olan her \u015feyi i\u00e7erir. Esnek bir \u015fekilde geni\u015fletilebilir ve kar\u0131nca beslemeye yeni ba\u015flayanlar i\u00e7in a\u00e7\u0131k\u00e7a uygundur.<\/p>\n<p>Kar\u0131nca t\u00fcrleri Lasius niger \"Siyah iz kar\u0131ncas\u0131\" olarak da bilinen Lasius niger, kar\u0131nca beslemeye yeni ba\u015flayanlar i\u00e7in en pop\u00fcler t\u00fcrlerden biridir. K\u00fc\u00e7\u00fck ila orta b\u00fcy\u00fckl\u00fckteki kar\u0131ncalardan biridir ve \u00e7ok tutumludur. Avrupa'da yayg\u0131nd\u0131r, ancak Asya, Afrika ve Kuzey Amerika'da da bulunabilir.<\/p>\n<p><strong>Lasius niger i\u00e7in besin<\/strong><br \/>\nLasius niger vah\u015fi do\u011fada genellikle bitki \u00f6zsuyundan \u00fcretilen bal \u00f6z\u00fcn\u00fc toplamak i\u00e7in yaprak bitlerini tutar. Bunu yaparken onlar\u0131 korur ve hatta gen\u00e7 s\u00fcrg\u00fcnlere ta\u015f\u0131rlar.<br \/>\nFormikaryumda, bir vazoya birka\u00e7 istila edilmi\u015f dal (\u00f6rne\u011fin g\u00fcl, m\u00fcrver, ku\u015f \u00fcz\u00fcm\u00fc) yerle\u015ftirebilir ve hayvanlar\u0131n bunlar\u0131 sa\u011fmas\u0131n\u0131 izleyebilirsiniz. Formikaryumda bal sol\u00fcsyonu ve protein yemi (canl\u0131 k\u00fc\u00e7\u00fck b\u00f6cekler veya kurutulmu\u015f protein yemi) vermek en iyisidir.<\/p>\n<p><strong>Lasius niger'de k\u0131\u015f uykusu<\/strong><br \/>\nLasius niger yakla\u015f\u0131k Ekim sonu ile Mart sonu aras\u0131nda 5-8 derecede k\u0131\u015f uykusuna yatar. Formikaryumda, t\u00fcm formikaryumu serin bir odaya yerle\u015ftirebilir veya (formikaryumda \u00e7\u0131kar\u0131labilir bir yuva par\u00e7as\u0131 varsa) yuva par\u00e7as\u0131n\u0131 \u00f6rne\u011fin buzdolab\u0131na yerle\u015ftirebilirsiniz. Ancak kar\u0131ncalar\u0131n 0 derecenin alt\u0131ndaki s\u0131cakl\u0131klara maruz kalmamas\u0131na dikkat edilmelidir, \u00e7\u00fcnk\u00fc kar\u0131ncalar formikaryumda hi\u00e7bir zaman do\u011fada olduklar\u0131 kadar so\u011fuktan korunamazlar. Lasius niger'i k\u0131\u015f uykusuna yat\u0131rmadan besleyen bak\u0131c\u0131lardan gelen raporlar da vard\u0131r. Ancak bu, koloninin \u00f6mr\u00fcn\u00fcn k\u0131salmas\u0131na veya yavrular\u0131n geli\u015fiminin yava\u015flamas\u0131na neden olabilir. K\u0131\u015f uykusu s\u0131ras\u0131nda hayvanlar\u0131n beslenmesine gerek yoktur veya gerekirse \u00e7ok az beslenirler. Ancak nemi d\u00fczenli olarak kontrol etmeli ve k\u00fcf olu\u015fumuna kar\u015f\u0131 dikkatli olmal\u0131s\u0131n\u0131z!<\/p>\n<p><strong>\u0130\u00e7indekiler:<\/strong><\/p>\n<p>1x Lasius niger (krali\u00e7e + 26-50 i\u015f\u00e7i + kulu\u00e7ka)<br \/>\n1x Kriket Re\u00e7eli 25g<br \/>\n1x Honeydew honey 10ml refill pack<\/p>\n<p>1x ANTCUBE - Arena 20x20x20 - Combi M<br \/>\n1x Kar\u0131nca arenas\u0131 \u00f6rt\u00fcs\u00fc 20\u00d720<br \/>\n4x Arena kapa\u011f\u0131 i\u00e7in sabitleme noktas\u0131<br \/>\n1x Kar\u0131nca arenas\u0131 \u00e7er\u00e7evesi 20\u00d720<br \/>\n1x pad for formicariums &#8211; 20x20cm<\/p>\n<p>2x grid insert &#8211; 50mm<br \/>\n2x grid insert &#8211; 27mm<br \/>\n1x ANTCUBE - Digfix plaka 20\u00d720 - S<br \/>\n1x soil &#8211; Sand-loam red &#8211; 200g<\/p>\n<p>1x Foil thermometer display<br \/>\n1x drinking clear 5ml &#8211; sponge<br \/>\n1x i\u00e7me teknesi 2ml - 360 derece<br \/>\n1x Feeding dish white rectangle &#8211; 3 compartments<br \/>\n1x El b\u00fcy\u00fcteci - 2x - 30mm<br \/>\n1x Transparent plastic tweezers<br \/>\n1x c\u0131mb\u0131z yay \u00e7eli\u011fi - geni\u015f - yumu\u015fak<br \/>\n1x Plastik pipet 3ml<br \/>\n1x kar\u0131nca ka\u00e7\u0131\u015f koruma ya\u011f\u0131 10ml<br \/>\n1x Foam wiper 150x18x2.5mm<\/p>\n<p><strong>A\u00e7\u0131klama:<\/strong><br \/>\nBu Ba\u015flang\u0131\u00e7 Seti - Kombi, toprakta yuva yapan \u00e7o\u011fu kar\u0131nca t\u00fcr\u00fc i\u00e7in uygundur.<br \/>\nSet olduk\u00e7a kompaktt\u0131r ve i\u00e7erdi\u011fi aksesuarlar temel unsurlara indirgenmi\u015ftir.<br \/>\nBu nedenle, kar\u0131nca beslemeye ba\u015flamak i\u00e7in ideal olan y\u00fcksek kaliteli malzemelerden yap\u0131lm\u0131\u015f ucuz bir settir.<br \/>\nBirlikte verilen kum - kil beji substrat, \u00e7o\u011fu toprak yuva kaz\u0131c\u0131 kar\u0131nca t\u00fcr\u00fc taraf\u0131ndan iyi kabul edilir.<\/p>\n<p>Bununla birlikte, arenan\u0131n yuva alan\u0131na ba\u015fka toprak alt tabakalar veya yuvalama ekleri de yerle\u015ftirilebilir.<br \/>\nDi\u011fer faydal\u0131 aksesuarlar \u00f6neriler alt\u0131nda bulunabilir (a\u015fa\u011f\u0131ya bak\u0131n\u0131z).<\/p>\n<p><strong>\u00d6neri:<\/strong> Hayvanlar\u0131n arenaya yuva yapamamalar\u0131 ve bunun yerine bu ama\u00e7la sa\u011flanan \u00e7iftli\u011fi kullanmalar\u0131 i\u00e7in 2 mm y\u00fcksekli\u011finde bir alt tabaka tabakas\u0131 \u00f6neriyoruz. Ayr\u0131ca \u00e7iftlikteki yuvalama malzemesinin (kum\/kil, Digfix, vb.) hayvanlar\u0131n kazmas\u0131n\u0131 kolayla\u015ft\u0131rmak i\u00e7in bir yerden hafif\u00e7e delinmesini tavsiye ederiz.<\/p>\n<p><strong>\u00d6nemli:<\/strong> L\u00fctfen kullanmadan \u00f6nce alt tabakay\u0131 nemlendirin, b\u00f6ylece kar\u0131\u015f\u0131m ba\u011flanabilir ve kar\u0131nca \u00e7iftli\u011finde sa\u011flam bir tutu\u015f geli\u015ftirebilir. Ayr\u0131ca, kuru ve tozlu bir alt tabaka kar\u0131ncalar\u0131n solunum yollar\u0131n\u0131n t\u0131kanmas\u0131na ve en k\u00f6t\u00fc durumda hayvanlar\u0131n bo\u011fulmas\u0131na neden olabilir.<\/p>\n<p><strong>Not:<\/strong><br \/>\nYuva eklerimizi kullan\u0131rken, bunlar\u0131n 8 mm daha dar oldu\u011funu l\u00fctfen unutmay\u0131n, \u00e7\u00fcnk\u00fc bunlar orijinal olarak daha dar kar\u0131nca \u00e7iftliklerimize ve arena eklerimize uyacak \u015fekilde tasarlanm\u0131\u015ft\u0131r! Bu durumda, aradaki bo\u015flu\u011fun s\u0131va veya kil gibi dolgu malzemeleriyle doldurulmas\u0131 gerekecektir.<\/p>\n<p><strong>\u00dcretim hakk\u0131nda notlar<\/strong><br \/>\nCam DIN 1249'a g\u00f6re +\/- 1 mm toleransla kesilmi\u015ftir. Son derece k\u00fc\u00e7\u00fck kar\u0131nca t\u00fcrleri i\u00e7in ek ka\u00e7\u0131\u015f korumas\u0131 gereklidir.<\/p>\n<p><strong>Talimatlar: <\/strong>(S\u00fcr\u00fcm 2023, 2024 i\u00e7in g\u00fcncellenmi\u015f s\u00fcr\u00fcm en ge\u00e7 04\/2024 tarihine kadar haz\u0131r olacakt\u0131r)<strong><br \/>\n<\/strong><\/p>\n<p>- DE<a href=\"https:\/\/www.antstore.net\/shop\/images\/info\/de\/Gebrauchsanweisung%20Starter%20Set%20Combi.pdf\"> Gebrauchsanweisung Ba\u015flang\u0131\u00e7 Seti Combi<\/a> (PDF 7,98 MB)<\/p>\n<p>- EN<a href=\"https:\/\/www.antstore.net\/shop\/images\/info\/en\/Instructions%20for%20use%20-%20Starter%20Set%20Combi.pdf\"> Kullan\u0131m Talimatlar\u0131 - Ba\u015flang\u0131\u00e7 Seti Combi<\/a> (PDF 7,94 MB)<\/p>\n<p>- ES<a href=\"https:\/\/www.antstore.net\/shop\/images\/info\/es\/Manual%20de%20instrucciones%20-%20Set%20de%20inicio%20Combi.pdf\"> Kullan\u0131m k\u0131lavuzu - Set de inicio Combi<\/a> (PDF 7,94 MB)<\/p>\n<p>- FR<a href=\"https:\/\/www.antstore.net\/shop\/images\/info\/fr\/Manuel%20d'instruction%20-%20Kit%20de%20d%C3%A9marrage%20Combi.pdf\"> Kullan\u0131m k\u0131lavuzu - Kombi kurulum kiti<\/a> (PDF 7,95 MB)<\/p>\n<p><strong>Kriket Re\u00e7eli \u00dczerine Notlar:<\/strong><br \/>\nC\u0131rc\u0131r B\u00f6ce\u011fi Re\u00e7elimiz, canl\u0131 b\u00f6cek beslemek zorunda kalmadan kar\u0131ncalar\u0131n\u0131za taze korunmu\u015f proteinli g\u0131da sa\u011flaman\u0131n kolay bir yoludur. \u0130\u00e7erdi\u011fi c\u0131rc\u0131r b\u00f6cekleri (Acheta domesticus) besin de\u011ferlerinin, tat ve aroman\u0131n korunmas\u0131n\u0131 sa\u011flamak i\u00e7in nazik\u00e7e pi\u015firilmi\u015ftir. Ayr\u0131ca b\u00f6ceklerin kitinli kabu\u011fu da bu \u015fekilde yumu\u015fat\u0131larak daha kolay sindirilmesi sa\u011flanm\u0131\u015ft\u0131r. Kolajen proteinlerinin ba\u011flar\u0131 k\u0131r\u0131larak kar\u0131ncalar\u0131n bunlardan daha iyi faydalanmas\u0131 sa\u011flan\u0131r. Konserve Acheta domesticus canl\u0131 c\u0131rc\u0131r b\u00f6ce\u011fi ile ayn\u0131 besin de\u011ferine sahiptir, ancak sindirimi daha kolayd\u0131r.<\/p>\n<p>Cricket Jam, canl\u0131 yiyecek gerektiren kar\u0131nca t\u00fcrlerini avlamak i\u00e7in uygun de\u011fildir (\u00f6rne\u011fin Harpegnathos veya Odontomachus gibi ponerinler (b\u00fcy\u00fck kar\u0131ncalar))<\/p>\n<p><strong>Daha fazla avantaj:<\/strong><br \/>\nAkar i\u00e7ermeme garantisi<br \/>\nPorsiyonlanabilir ve su ile seyreltilebilir<br \/>\nSterilize edilmi\u015f ve vakumlu paketlenmi\u015f<br \/>\nKatk\u0131 maddesi olmadan<br \/>\nOrganik at\u0131klarla beslenen, s\u00fcrd\u00fcr\u00fclebilir, tamamen organik yeti\u015ftiricilikten elde edilen c\u0131rc\u0131r b\u00f6cekleri<\/p>\n<p><strong>Not:<\/strong><br \/>\nA\u00e7\u0131ld\u0131ktan sonra yakla\u015f\u0131k d\u00f6rt g\u00fcn buzdolab\u0131nda saklanabilir. Dondurulursa daha uzun raf \u00f6mr\u00fc.<br \/>\nDikkat: \u00d6nce porsiyonlay\u0131n, sonra dondurun.<\/p>\n<p><strong>Honeydew hakk\u0131nda not:<\/strong><br \/>\n\u0130\u00e7erik 10 ml<br \/>\nBu, laboratuvar\u0131m\u0131zda kapsaml\u0131 testlerden sonra rafine etti\u011fimiz ve kar\u0131ncalar taraf\u0131ndan \u00e7ok iyi kabul edilen bir g\u0131da haline getirdi\u011fimiz do\u011fal bir \u00fcr\u00fcnd\u00fcr. Bunun nedeni, i\u015flenmemi\u015f bal \u00f6z\u00fcn\u00fcn konsantre orijinal haliyle kar\u0131ncalar ve metabolizmalar\u0131 taraf\u0131ndan iyi kabul edilmemesidir.<br \/>\nBal \u00f6z\u00fcm\u00fcz Bulgaristan'\u0131n kirlenmemi\u015f vah\u015fi da\u011f ormanlar\u0131ndan toplanm\u0131\u015ft\u0131r. Bal \u00f6z\u00fc sadece yaz aylar\u0131nda yakla\u015f\u0131k iki ay gibi \u00e7ok s\u0131n\u0131rl\u0131 bir s\u00fcre i\u00e7in \u00fcretilir. Bu nedenle \u00e7ok nadir bulunur. Ormanlar\u0131n kendine \u00f6zg\u00fc toprak \u00f6zellikleri ve iklim nedeniyle, temel besinler a\u011fa\u00e7lar\u0131n yapraklar\u0131nda depolan\u0131r ve bunlar yaprak bitleri taraf\u0131ndan emilir. Bu bal \u00f6z\u00fc kar\u0131\u015f\u0131m\u0131n\u0131 kar\u0131ncalar i\u00e7in bu kadar cazip k\u0131lan da budur.<\/p>\n<p><strong>Uygulama:<\/strong><br \/>\nG\u0131da miktar\u0131 yakla\u015f\u0131k 3 g\u00fcn i\u00e7inde t\u00fcketilmelidir.<\/p>\n<p><strong>A\u00e7\u0131klama:<\/strong><br \/>\nBal \u00f6z\u00fc, \u00e7i\u00e7ek bal\u0131ndan farkl\u0131 olarak yaprak bitleri gibi bitkileri emen b\u00f6ceklerin salg\u0131lar\u0131ndan elde edilir. Bal \u00f6z\u00fc, kar\u0131ncalar, ar\u0131lar ve bombus ar\u0131lar\u0131 gibi bir\u00e7ok b\u00f6cek i\u00e7in pop\u00fcler bir besin kayna\u011f\u0131d\u0131r. Ar\u0131lar ve yaban ar\u0131lar\u0131 \u00e7e\u015fitli a\u011fa\u00e7lar\u0131n yapraklar\u0131ndan ya da i\u011fnelerinden bal \u00f6z\u00fcn\u00fc yalarlar. Lasius niger gibi kar\u0131ncalar yaprak bitlerini tam anlam\u0131yla tutar. Hatta onlar\u0131 y\u0131rt\u0131c\u0131lara kar\u015f\u0131 savunur ve taze filizlere ta\u015f\u0131rlar.<\/p>\n<p>Bal \u00f6z\u00fc, biraz farkl\u0131 bile\u015fenleri nedeniyle kar\u0131ncalar aras\u0131nda \u00f6zellikle pop\u00fclerdir. Bal \u00f6z\u00fcndeki ana \u015fekerler sakaroz ve fruktozdur, ancak daha az miktarda maltoz, trehaloz, melezitoz, rafinoz ve di\u011fer oligosakkaritler de bulunur. \u015eeker ve suya ek olarak, bal \u00f6z\u00fc ayr\u0131ca temel amino asitler, mineraller, eser elementler, adenozinler, fosfatlar ve vitaminler gibi di\u011fer bile\u015fenleri de i\u00e7erir.<\/p>\n<p><strong>Kullan:<\/strong><br \/>\nBal yiyen kar\u0131nca t\u00fcrleri (Meliphagidae) i\u00e7in<br \/>\nBu bir ek yemdir<br \/>\nHayvanlara tedarik edildi\u011fi \u015fekilde sunulabilir. \u015eeker konsantrasyonu nem nedeniyle azald\u0131\u011f\u0131ndan ve bir fermantasyon s\u00fcreci ba\u015flad\u0131\u011f\u0131ndan, mama her 3 g\u00fcnde bir de\u011fi\u015ftirilmelidir. Tekrar kullanmadan \u00f6nce besleme kab\u0131n\u0131\/t\u00fcp\u00fcn\u00fc iyice temizleyin.<br \/>\nPaket a\u00e7\u0131ld\u0131ktan sonra son kullanma tarihine kadar s\u0131k\u0131ca kapal\u0131 tutulmal\u0131d\u0131r.<\/p>\n<p><strong>Beslenme bilgileri 100 g ba\u015f\u0131na:<\/strong><br \/>\nyakla\u015f\u0131k 2,7 % ya\u011f<br \/>\nbunun yakla\u015f\u0131k 0,45 %'si doymu\u015ftur.<br \/>\nyakla\u015f\u0131k 95 % karbonhidrat<br \/>\nbunun yakla\u015f\u0131k 'i \u015feker<br \/>\nyakla\u015f\u0131k 2.85% protein<br \/>\nMineraller (potasyum, kalsiyum, bak\u0131r, demir, sodyum, magnezyum, fosfor, \u00e7inko ve di\u011fer eser elementler) Amino asitler (prolin, l\u00f6sin, fenilalanin, alanin, histidin, izol\u00f6sin, glutamik asit, arginin, aspartik asit vb.) Organik asitler Enzimler (fermentler) Aromalar \u0130nhibinler (antibakteriyel maddeler) \u00c7i\u00e7ekler Polen<\/p>\n<p><strong>Depolama:<\/strong><br \/>\nYemin kalitesinden emin olmak i\u00e7in yem karanl\u0131k ve kuru bir yerde saklanmal\u0131d\u0131r.<\/p>\n<p><strong>Not:<\/strong><br \/>\nBal yiyen kar\u0131ncalar i\u00e7in ek yem.<br \/>\nBile\u015fim, analitik bile\u015fenler, son kullanma tarihi ve parti numaras\u0131 i\u00e7in l\u00fctfen prospekt\u00fcse bak\u0131n\u0131z.<\/p>\n<p>Bilgi hatt\u0131 +49 30 439703870<\/p>\n<p>Sorumlu veterinerlik ve g\u0131da m\u00fcfetti\u015fli\u011fi:<br \/>\nSteglitz Veterinerlik Ofisi<br \/>\nK\u00f6nigin-Luise-Str. 92<br \/>\n14195 Berlin<\/p>","protected":false},"excerpt":{"rendered":"<p>Beden: M<\/p>","protected":false},"featured_media":7115,"comment_status":"open","ping_status":"closed","template":"","meta":{"_acf_changed":false,"content-type":"","_monsterinsights_skip_tracking":false,"_monsterinsights_sitenote_active":false,"_monsterinsights_sitenote_note":"","_monsterinsights_sitenote_category":0},"product_brand":[],"product_cat":[355,73,78],"product_tag":[],"class_list":{"0":"post-5380","1":"product","2":"type-product","3":"status-publish","4":"has-post-thumbnail","6":"product_cat-bundle-offers","7":"product_cat-starter-sets","8":"product_cat-starter-sets-combi","10":"first","11":"instock","12":"taxable","13":"shipping-taxable","14":"purchasable","15":"product-type-simple"},"acf":[],"aioseo_notices":[],"jetpack_sharing_enabled":true,"_links":{"self":[{"href":"https:\/\/antcube.shop\/tr\/wp-json\/wp\/v2\/product\/5380","targetHints":{"allow":["GET"]}}],"collection":[{"href":"https:\/\/antcube.shop\/tr\/wp-json\/wp\/v2\/product"}],"about":[{"href":"https:\/\/antcube.shop\/tr\/wp-json\/wp\/v2\/types\/product"}],"replies":[{"embeddable":true,"href":"https:\/\/antcube.shop\/tr\/wp-json\/wp\/v2\/comments?post=5380"}],"wp:featuredmedia":[{"embeddable":true,"href":"https:\/\/antcube.shop\/tr\/wp-json\/wp\/v2\/media\/7115"}],"wp:attachment":[{"href":"https:\/\/antcube.shop\/tr\/wp-json\/wp\/v2\/media?parent=5380"}],"wp:term":[{"taxonomy":"product_brand","embeddable":true,"href":"https:\/\/antcube.shop\/tr\/wp-json\/wp\/v2\/product_brand?post=5380"},{"taxonomy":"product_cat","embeddable":true,"href":"https:\/\/antcube.shop\/tr\/wp-json\/wp\/v2\/product_cat?post=5380"},{"taxonomy":"product_tag","embeddable":true,"href":"https:\/\/antcube.shop\/tr\/wp-json\/wp\/v2\/product_tag?post=5380"}],"curies":[{"name":"wp","href":"https:\/\/api.w.org\/{rel}","templated":true}]}}