{"id":5379,"date":"2023-02-01T17:48:39","date_gmt":"2023-02-01T16:48:39","guid":{"rendered":"https:\/\/antcube.shop\/produkt\/honigtau-mix-ht-nachfullpack-10ml\/"},"modified":"2026-04-06T15:55:36","modified_gmt":"2026-04-06T13:55:36","slug":"honigtau-mix-ht-nachfullpack-10ml","status":"publish","type":"product","link":"https:\/\/antcube.shop\/tr\/urun\/honigtau-mix-ht-nachfullpack-10ml\/","title":{"rendered":"Honeydew - mix (HT) - dolum paketi 10ml"},"content":{"rendered":"<p><strong>\u0130\u00e7erik:<\/strong> 10 ml<\/p>\n<p>Bu, laboratuvar\u0131m\u0131zda kapsaml\u0131 testlerden sonra rafine etti\u011fimiz ve kar\u0131ncalar taraf\u0131ndan \u00e7ok iyi kabul edilen bir g\u0131da haline getirdi\u011fimiz do\u011fal bir \u00fcr\u00fcnd\u00fcr. Bunun nedeni, i\u015flenmemi\u015f bal \u00f6z\u00fcn\u00fcn konsantre orijinal haliyle kar\u0131ncalar ve metabolizmalar\u0131 taraf\u0131ndan iyi kabul edilmemesidir.<\/p>\n<p>Bal \u00f6z\u00fcm\u00fcz Bulgaristan'\u0131n kirlenmemi\u015f vah\u015fi da\u011f ormanlar\u0131ndan toplanm\u0131\u015ft\u0131r. Bal \u00f6z\u00fc sadece yaz aylar\u0131nda yakla\u015f\u0131k iki ay gibi \u00e7ok s\u0131n\u0131rl\u0131 bir d\u00f6nemde \u00fcretilir. Bu nedenle \u00e7ok nadir bulunur. Ormanlar\u0131n kendine \u00f6zg\u00fc toprak \u00f6zellikleri ve iklim nedeniyle, a\u011fa\u00e7lar\u0131n yapraklar\u0131nda yaprak bitleri taraf\u0131ndan emilen varolu\u015fsal olarak \u00f6nemli besinler depolanm\u0131\u015ft\u0131r. Bu bal \u00f6z\u00fc kar\u0131\u015f\u0131m\u0131n\u0131 kar\u0131ncalar i\u00e7in bu kadar cazip k\u0131lan da budur.<\/p>\n<p><strong>Uygulama:<\/strong><br \/>\nG\u0131da miktar\u0131 yakla\u015f\u0131k 3 g\u00fcn i\u00e7inde t\u00fcketilmelidir.<\/p>\n<p><strong>A\u00e7\u0131klama:<\/strong><br \/>\nBal \u00f6z\u00fc, \u00e7i\u00e7ek bal\u0131ndan farkl\u0131 olarak yaprak bitleri gibi bitki emen b\u00f6ceklerin salg\u0131lar\u0131ndan elde edilir. Bal \u00f6z\u00fc, kar\u0131ncalar, ar\u0131lar ve hatta yaban ar\u0131lar\u0131 gibi bir\u00e7ok b\u00f6ce\u011fin favori besin kayna\u011f\u0131d\u0131r. Ar\u0131lar ve yaban ar\u0131lar\u0131 bal \u00f6z\u00fcn\u00fc farkl\u0131 a\u011fa\u00e7lar\u0131n yapraklar\u0131ndan veya i\u011fnelerinden yalarlar. Lasius niger gibi kar\u0131ncalar yaprak bitlerini d\u00fczenli olarak tutar. Hatta onlar\u0131 y\u0131rt\u0131c\u0131lara kar\u015f\u0131 savunur ve taze filizlere ta\u015f\u0131rlar.<\/p>\n<p>Bal \u00f6z\u00fcn\u00fcn kar\u0131ncalar aras\u0131nda pop\u00fcler olmas\u0131n\u0131n ba\u015fl\u0131ca nedeni biraz farkl\u0131 bile\u015fenleridir. Bal \u00f6z\u00fcndeki ana \u015fekerler sakaroz ve fruktozdur, ancak daha az miktarda maltoz, trehaloz, melezitoz, rafinoz ve di\u011fer oligosakkaritler de mevcuttur. \u015eeker ve suya ek olarak, bal \u00f6z\u00fc ayr\u0131ca varolu\u015fsal olarak \u00f6nemli amino asitler, mineraller, eser elementler, adenozin fosfatlar ve vitaminler gibi di\u011fer bile\u015fenleri de i\u00e7erir.<\/p>\n<p><strong>Kullan\u0131r:<\/strong><br \/>\nBal yiyen kar\u0131nca t\u00fcrleri (Meliphagidae) i\u00e7in.<br \/>\nEk yemdir (tek yem)<br \/>\nHayvanlara teslim edilmi\u015f halde sunulabilir. Nem \u015feker konsantrasyonunu azaltt\u0131\u011f\u0131ndan ve bir fermantasyon s\u00fcreci ba\u015flad\u0131\u011f\u0131ndan, mama her 3 g\u00fcnde bir de\u011fi\u015ftirilmelidir. Tekrar kullanmadan \u00f6nce mama kab\u0131n\u0131\/t\u00fcp\u00fcn\u00fc iyice temizleyin.<br \/>\nA\u00e7\u0131lm\u0131\u015f bir paket, belirtilen tarihe kadar (son kullanma tarihi) s\u0131k\u0131ca kapal\u0131 olarak kullan\u0131lmal\u0131d\u0131r.<\/p>\n<p><strong>Her 100 g i\u00e7in besin de\u011ferleri:<\/strong><br \/>\nyakla\u015f\u0131k 2,7 % ya\u011f<br \/>\ndoymu\u015f yakla\u015f\u0131k 0,45 %<br \/>\nca 95 % karbonhidratlar<br \/>\nbunlar\u0131n \u015fekeri ca. 71%<br \/>\nyakla\u015f\u0131k 2.85% protein<\/p>\n<p>Mineraller (potasyum, kalsiyum, bak\u0131r, demir, sodyum, magnezyum, fosfor, \u00e7inko ve di\u011fer eser elementler) Amino asitler (prolin, l\u00f6sin, fenilalanin, alanin, histidin, izol\u00f6sin, glutamik asit, arginin, aspartik asit vb.) Organik asitler Enzimler (fermentler) Aromalar \u0130nhibinler (antibakteriyel maddeler) \u00c7i\u00e7ekler Polen<\/p>\n<p><strong>Depolama:<\/strong> Yemin kalitesinden emin olmak i\u00e7in karanl\u0131k ve kuru bir yerde saklanmal\u0131d\u0131r.<\/p>\n<p><strong>Dikkat edin:<\/strong><br \/>\nBesleme t\u00fcplerinin nas\u0131l kullan\u0131laca\u011f\u0131na ili\u015fkin bilgileri burada bulabilirsiniz: Ba\u011flant\u0131<br \/>\nBal yiyen kar\u0131ncalar i\u00e7in ek yem.<br \/>\nBile\u015fim, analitik bile\u015fenler, son kullanma tarihi ve lot numaras\u0131 i\u00e7in l\u00fctfen prospekt\u00fcse bak\u0131n\u0131z.<\/p>\n<p>Bilgi Hatt\u0131 +49 30 439703870<\/p>\n<p>Sorumlu veterinerlik ve g\u0131da denetim makam\u0131:<\/p>\n<p>Steglitz Veterinerlik Ofisi<br \/>\nK\u00f6nigin-Luise-Str. 92<br \/>\n14195 Berlin<\/p>\n<p>&nbsp;<\/p>\n<div style=\"width: 1020px;\" class=\"wp-video\"><video class=\"wp-video-shortcode\" id=\"video-5379-1\" width=\"1020\" height=\"1813\" preload=\"metadata\" controls=\"controls\"><source type=\"video\/mp4\" src=\"https:\/\/antcube.shop\/wp-content\/uploads\/2024\/04\/black-ant_ein-shot_aphids-.mp4?_=1\" \/><a href=\"https:\/\/antcube.shop\/wp-content\/uploads\/2024\/04\/black-ant_ein-shot_aphids-.mp4\">https:\/\/antcube.shop\/wp-content\/uploads\/2024\/04\/black-ant_ein-shot_aphids-.mp4<\/a><\/video><\/div>","protected":false},"excerpt":{"rendered":"<p>tamamlay\u0131c\u0131 g\u0131da<\/p>","protected":false},"featured_media":5382,"comment_status":"open","ping_status":"closed","template":"","meta":{"_acf_changed":false,"content-type":"","_monsterinsights_skip_tracking":false,"_monsterinsights_sitenote_active":false,"_monsterinsights_sitenote_note":"","_monsterinsights_sitenote_category":0},"product_brand":[],"product_cat":[257,115,116],"product_tag":[],"class_list":{"0":"post-5379","1":"product","2":"type-product","3":"status-publish","4":"has-post-thumbnail","6":"product_cat-new-innovatve-products","7":"product_cat-food-and-feeding","8":"product_cat-food","10":"first","11":"instock","12":"taxable","13":"shipping-taxable","14":"purchasable","15":"product-type-simple"},"acf":[],"aioseo_notices":[],"jetpack_sharing_enabled":true,"_links":{"self":[{"href":"https:\/\/antcube.shop\/tr\/wp-json\/wp\/v2\/product\/5379","targetHints":{"allow":["GET"]}}],"collection":[{"href":"https:\/\/antcube.shop\/tr\/wp-json\/wp\/v2\/product"}],"about":[{"href":"https:\/\/antcube.shop\/tr\/wp-json\/wp\/v2\/types\/product"}],"replies":[{"embeddable":true,"href":"https:\/\/antcube.shop\/tr\/wp-json\/wp\/v2\/comments?post=5379"}],"wp:featuredmedia":[{"embeddable":true,"href":"https:\/\/antcube.shop\/tr\/wp-json\/wp\/v2\/media\/5382"}],"wp:attachment":[{"href":"https:\/\/antcube.shop\/tr\/wp-json\/wp\/v2\/media?parent=5379"}],"wp:term":[{"taxonomy":"product_brand","embeddable":true,"href":"https:\/\/antcube.shop\/tr\/wp-json\/wp\/v2\/product_brand?post=5379"},{"taxonomy":"product_cat","embeddable":true,"href":"https:\/\/antcube.shop\/tr\/wp-json\/wp\/v2\/product_cat?post=5379"},{"taxonomy":"product_tag","embeddable":true,"href":"https:\/\/antcube.shop\/tr\/wp-json\/wp\/v2\/product_tag?post=5379"}],"curies":[{"name":"wp","href":"https:\/\/api.w.org\/{rel}","templated":true}]}}