{"id":5347,"date":"2023-01-17T17:36:25","date_gmt":"2023-01-17T16:36:25","guid":{"rendered":"https:\/\/antcube.shop\/produkt\/bundle-offer-messor-barbarus\/"},"modified":"2026-04-05T11:28:19","modified_gmt":"2026-04-05T09:28:19","slug":"bundle-offer-messor-barbarus","status":"publish","type":"product","link":"https:\/\/antcube.shop\/tr\/urun\/bundle-offer-messor-barbarus\/","title":{"rendered":"Paket Teklifi - Messor barbarus"},"content":{"rendered":"<p><span data-text-color=\"secondary\"><strong>Messor barbarus kar\u0131nca kolonisi (krali\u00e7e + 11-25 i\u015f\u00e7i + kulu\u00e7ka), Messor spec. i\u00e7in 3x formikaryum matl\u0131 bir ba\u015flang\u0131\u00e7 seti ve bir kavanoz \u00f6zel b\u00fct\u00fcn beyazlat\u0131lm\u0131\u015f c\u0131rc\u0131r b\u00f6ce\u011fi 10g (nemli protein) i\u00e7eren paket teklifi.<\/strong><\/span><\/p>\n<p><span data-text-color=\"alert\"><strong>Sadece stoklar t\u00fckenene kadar.<\/strong><\/span><\/p>\n<p><strong>Bir Messor barbarus kar\u0131nca kolonisi i\u00e7in ihtiyac\u0131n\u0131z olan her \u015fey<\/strong><br \/>\nBu paket, bir Messor barbarus kolonisini ilk birka\u00e7 ay boyunca ba\u015far\u0131yla b\u00fcy\u00fctmek i\u00e7in ihtiyac\u0131n\u0131z olan her \u015feyi i\u00e7erir. Esnek bir \u015fekilde geni\u015fletilebilir ve kar\u0131nca beslemeye yeni ba\u015flayanlar i\u00e7in a\u00e7\u0131k\u00e7a uygundur.<\/p>\n<p><strong>Messor barbarus kar\u0131nca t\u00fcr\u00fc:<\/strong><br \/>\nMessor barbarus, Akdeniz b\u00f6lgesinden belirgin bir \u015fekilde granivor (tah\u0131l yiyen) bir kar\u0131nca t\u00fcr\u00fcd\u00fcr. Hasat\u00e7\u0131 kar\u0131ncalar olarak adland\u0131r\u0131lan gruba aittir ve iklim ve besin a\u00e7\u0131s\u0131ndan nispeten basit gereksinimleri nedeniyle kar\u0131nca bak\u0131c\u0131lar\u0131 i\u00e7in giri\u015f seviyesi t\u00fcrlerden biridir. Rengi ve k\u00fc\u00e7\u00fck, orta ve b\u00fcy\u00fck i\u015f\u00e7ilerden (daha k\u00fc\u00e7\u00fck ve daha b\u00fcy\u00fck) olu\u015fmas\u0131 nedeniyle g\u00f6zlemlemesi \u00e7ok heyecan vericidir.<\/p>\n<p><strong>Messor barbarus i\u00e7in yiyecek<\/strong><br \/>\nMessor barbarus vah\u015fi do\u011fada \u00e7o\u011funlukla tah\u0131l yer ve bunlar\u0131 \"kar\u0131nca ekme\u011fi\" yapmak i\u00e7in kullan\u0131r, ancak tatl\u0131 meyveler ve \u00f6l\u00fc b\u00f6cekler de kolayca kabul edilir. Messor barbarus nem ihtiyac\u0131n\u0131n b\u00fcy\u00fck bir k\u0131sm\u0131n\u0131 tah\u0131llarla, geri kalan\u0131n\u0131 ise b\u00f6ceklerle kar\u015f\u0131lar. Formikaryumda tah\u0131llar ve gerekirse bal, proteinli g\u0131da, \u00e7ok k\u00fc\u00e7\u00fck b\u00f6cekler veya j\u00f6le verilebilir. Ball\u0131 su sadece s\u0131v\u0131 eksikli\u011fi varsa kabul edilir. Messor t\u00fcrleri a\u00e7\u0131k su kaynaklar\u0131na dalma e\u011filiminde oldu\u011fundan, bunlar her zaman ta\u015f veya emici pamukla \u00f6rt\u00fclmelidir.<\/p>\n<p>Messor barbarus yakla\u015f\u0131k Kas\u0131m sonundan \u015eubat sonuna kadar k\u0131\u015f uykusuna yatar. Ancak, \u00f6rne\u011fin Lasius niger'in aksine, bu d\u00f6nem aktivitenin b\u00fcy\u00fck \u00f6l\u00e7\u00fcde azald\u0131\u011f\u0131 bir d\u00f6nemdir. Messor barbarus'un k\u00f6ken ald\u0131\u011f\u0131 b\u00f6lgelerdeki s\u0131cakl\u0131klar k\u0131\u015f\u0131n bile \u00e7ok nadiren daha d\u00fc\u015f\u00fck oldu\u011fundan, k\u0131\u015f uykusu d\u00f6nemi yakla\u015f\u0131k 15\u00b0C'de ge\u00e7irilmelidir. Bu ama\u00e7la kar\u0131ncalar\u0131 \u0131s\u0131t\u0131lmayan bir odaya yerle\u015ftirebilirsiniz. Messor barbarus'u k\u0131\u015f uykusuna yat\u0131rmadan besleyen bak\u0131c\u0131lardan gelen raporlar da vard\u0131r. Ancak bu, koloninin \u00f6mr\u00fcn\u00fcn k\u0131salmas\u0131na veya yavrular\u0131n geli\u015fiminin yava\u015flamas\u0131na neden olabilir. K\u0131\u015f uykusu s\u0131ras\u0131nda hayvanlar\u0131n sadece biraz beslenmesi gerekir. Ancak, nemi d\u00fczenli olarak kontrol etmeli ve k\u00fcf olu\u015fumuna kar\u015f\u0131 dikkatli olmal\u0131s\u0131n\u0131z!<\/p>\n<p><strong>Messor barbarus i\u00e7in formikaryum<\/strong><br \/>\nHasat\u00e7\u0131 kar\u0131ncalar yavrular i\u00e7in hafif nemli bir yuva alan\u0131na ve toplad\u0131klar\u0131 tah\u0131llar\u0131 depolamak i\u00e7in kuru bir yuva alan\u0131na ihtiya\u00e7 duyarlar (kuru, b\u00f6ylece k\u00fcf olu\u015fmaz). Bu, ba\u015flang\u0131\u00e7 setimize dahil olan iki ayr\u0131 yuva ile en iyi \u015fekilde \u00e7al\u0131\u015f\u0131r. Bu en az 1-2 y\u0131l s\u00fcrecektir. Bundan sonra, hem yuva hem de arena alanlar\u0131 geni\u015fletilmelidir.<\/p>\n<p><strong>Messor barbarus i\u00e7in optimum iklim ko\u015fullar\u0131 a\u015fa\u011f\u0131daki gibidir:<\/strong><br \/>\nNem oran\u0131:<br \/>\nArena: 30 - 50% Yuva alan\u0131: 50 - 70%<br \/>\nS\u0131cakl\u0131k:<br \/>\nArena: 25 - 30\u00b0C Yuva alan\u0131: 21 - 26\u00b0C<\/p>\n<p>Digfix \u00fcr\u00fcn\u00fcm\u00fcz en uygun yuva malzemesidir. Neme kar\u015f\u0131 \u00e7ok dayan\u0131kl\u0131d\u0131r ve kum-t\u0131n kar\u0131\u015f\u0131mlar\u0131nda oldu\u011fu gibi yuvan\u0131n ve i\u00e7indeki odac\u0131klar\u0131n ve ge\u00e7itlerin g\u00f6r\u00fcn\u00fcm\u00fcn\u00fcn alt tabaka kal\u0131nt\u0131lar\u0131 taraf\u0131ndan bozulmamas\u0131n\u0131 sa\u011flar. G\u00fc\u00e7l\u00fc \u00e7eneleri sayesinde Binba\u015f\u0131 i\u015f\u00e7iler de Ytong'u zaman i\u00e7inde sorunsuz bir \u015fekilde yiyebilirler. Digfix eklentili cam yuvalar bu nedenle Messor barbarus'u tutman\u0131n en iyi ve en g\u00fcvenli yoludur.<\/p>\n<p><strong>\u0130\u00e7indekiler:<\/strong><\/p>\n<p>1x Messor barbarus (krali\u00e7e + 11-25 i\u015f\u00e7i + kulu\u00e7ka)<br \/>\n1x Kriket Re\u00e7eli 25g<br \/>\n1x Tah\u0131l mamas\u0131 min\u00f6r 100g<br \/>\n1x pad for formicariums &#8211; 20x20cm<br \/>\n2x pad for formicariums &#8211; 20x6cm<\/p>\n<p>1x ANTCUBE - arena 20x20x10 - d\u00fcz<br \/>\n1x kar\u0131nca arenas\u0131 \u00e7er\u00e7evesi 20\u00d720<br \/>\n1x kar\u0131nca arenas\u0131 \u00f6rt\u00fcs\u00fc 20\u00d720<br \/>\nArena kapa\u011f\u0131 i\u00e7in 4x sabitleme noktas\u0131<br \/>\n2x ANTCUBE - Kar\u0131nca \u00e7iftli\u011fi - M - 20\u00d720 - dik<\/p>\n<p>2x ANTCUBE - Digfix plaka 20\u00d720 - M<br \/>\n1x 1m t\u00fcp \u015feffaf 14\/10 mm<br \/>\n2x ANTCUBE - K\u0131rm\u0131z\u0131 folyo 20\u00d720 - filtre<br \/>\n2x yap\u0131\u015fkanl\u0131 kelep\u00e7e - \u015feffaf 2 adet.<br \/>\n1x substrat - \u00e7\u00f6l - 1 kg<\/p>\n<p>2x grid insert &#8211; 50mm<br \/>\n1x grid insert &#8211; 27mm<br \/>\n1x \u0131zgara kapa\u011f\u0131 - 10mm - paslanmaz \u00e7elik<\/p>\n<p>1x tank hortum ba\u011flant\u0131s\u0131 27-14,16,20 mm - \u015feffaf<br \/>\n1x drinking clear 5ml &#8211; sponge<br \/>\n1x Feeding dish white rectangle &#8211; 3 compartments<br \/>\n1x Foil thermometer display<br \/>\n2x Foil thermometer farm<br \/>\n1x Kar\u0131nca ka\u00e7\u0131\u015f koruma ya\u011f\u0131 10ml<br \/>\n1x C\u0131mb\u0131z yay \u00e7eli\u011fi - geni\u015f - yumu\u015fak<br \/>\n1x C\u0131mb\u0131z plastik \u015feffaf<br \/>\n1x plastik pipet 3ml<br \/>\n1x el b\u00fcy\u00fcteci - 2x - 30mm<br \/>\n1x k\u00f6p\u00fck silecek 150x18x2,5mm<br \/>\n1x foto\u011fraf arkas\u0131 - \u00e7\u00f6l - 20\u00d710<\/p>\n<p><strong>A\u00e7\u0131klama Ba\u015flang\u0131\u00e7 Seti:<\/strong><br \/>\nBu ba\u015flang\u0131\u00e7 seti \u00f6zellikle Messor cinsinin \u00e7e\u015fitli t\u00fcrleri i\u00e7in uygundur. \u0130ki \u00e7iftlikten biri tohumlar\u0131 ve kar\u0131nca ekme\u011fini depolamak i\u00e7in tasarlanm\u0131\u015ft\u0131r ve bu nedenle kar\u0131ncalar taraf\u0131ndan depolanan tohumlar\u0131n \/ tah\u0131llar\u0131n \u00e7imlenmesini veya k\u00fcflenmesini \u00f6nlemek i\u00e7in tamamen kuru tutulmal\u0131d\u0131r.<br \/>\n\"Digfix plakalar\u0131\" tamamen \u015feffaf \u00e7iftliklere yerle\u015ftirilebilir. Ancak alternatif olarak, \u00e7iftlikleri doldurmak i\u00e7in \"Toprak - \u00c7\u00f6l\" de kullanabilirsiniz. Gerekirse, kapaktaki 50 mm'lik delikler arac\u0131l\u0131\u011f\u0131yla, \u00f6rne\u011fin ayr\u0131 olarak temin edilebilen sisleyiciler, fanlar veya \u0131\u015f\u0131klar gibi ek mod\u00fcller ba\u011flanabilir. Alternatif olarak, a\u00e7\u0131kl\u0131klar\u0131 kapatmak i\u00e7in uygun \u0131zgara ekleri teslimat kapsam\u0131na dahildir. \u0130stenirse, formikaryum sadece \u00e7\u0131kar\u0131labilir \u00e7er\u00e7eve tak\u0131larak ve kenara kar\u0131nca ka\u00e7\u0131\u015f koruma ya\u011f\u0131 uygulanarak a\u00e7\u0131k olarak da \u00e7al\u0131\u015ft\u0131r\u0131labilir.<\/p>\n<p><strong>\u00d6nemli:<\/strong> L\u00fctfen kullanmadan \u00f6nce alt tabakay\u0131 nemlendirin, b\u00f6ylece kar\u0131\u015f\u0131m kar\u0131nca \u00e7iftli\u011finde yap\u0131\u015fabilir ve sa\u011flam bir tutu\u015f geli\u015ftirebilir. Ayr\u0131ca, alt tabaka \u00e7ok kuru ve tozluysa, kar\u0131ncalar\u0131n solunum yollar\u0131 t\u0131kanabilir ve en k\u00f6t\u00fc durumda hayvanlar bo\u011fulabilir.<\/p>\n<p><strong>\u00d6neri:<\/strong> Hayvanlar\u0131n arenaya yuva yapamamalar\u0131 ve bunun yerine bu ama\u00e7la sa\u011flanan \u00e7iftli\u011fi kullanmalar\u0131 i\u00e7in 2 mm y\u00fcksekli\u011finde bir alt tabaka tabakas\u0131 \u00f6neriyoruz. Ayr\u0131ca \u00e7iftlikteki yuvalama malzemesinin (kum\/kil, Digfix, vb.) hayvanlar\u0131n kazmas\u0131n\u0131 kolayla\u015ft\u0131rmak i\u00e7in bir yerden hafif\u00e7e delinmesini tavsiye ederiz.<\/p>\n<p><strong>\u00dcretim hakk\u0131nda notlar<\/strong><br \/>\nCam DIN 1249'a g\u00f6re +\/- 1 mm toleransla kesilmi\u015ftir. Son derece k\u00fc\u00e7\u00fck kar\u0131nca t\u00fcrleri i\u00e7in ek ka\u00e7\u0131\u015f korumas\u0131 gereklidir.<\/p>\n<p><strong>\u00c7iftlik hakk\u0131nda notlar<\/strong><br \/>\nHortumlar\u0131 takarken veya \u00e7\u0131kar\u0131rken l\u00fctfen a\u015fa\u011f\u0131dakilere dikkat edin:<br \/>\nHortumun ba\u011flant\u0131 soketine oturtulmas\u0131 \u00e7ok zorsa, soket bir damla patlak koruma ya\u011f\u0131 veya tozuyla hafif\u00e7e ovulmal\u0131d\u0131r. Daha sonra hortum, yukar\u0131 ve a\u015fa\u011f\u0131 hareketlerle soketi zorlamadan b\u00fckme veya vidalama hareketleri kullan\u0131larak sokete itilmelidir. Ayn\u0131 durum hortumlar\u0131 \u00e7iftlik ba\u011flant\u0131 soketinden \u00e7\u0131kar\u0131rken de ge\u00e7erlidir. L\u00fctfen basit\u00e7e \u00e7ekip \u00e7\u0131karmay\u0131n!<\/p>\n<p><strong>Digfix hakk\u0131nda not:<\/strong> Do\u011fal renk ye\u015fil\/gri-kahverengi ile toprak-kahverengi aras\u0131nda de\u011fi\u015febilir. Renk tonunun kalite \u00fczerinde hi\u00e7bir etkisi yoktur.<\/p>\n<p><strong>Talimatlar: <\/strong>(S\u00fcr\u00fcm 2023, 2024 i\u00e7in g\u00fcncellenmi\u015f s\u00fcr\u00fcm en ge\u00e7 04\/2024 tarihine kadar haz\u0131r olacakt\u0131r)<br \/>\n<span data-sheets-root=\"1\" data-sheets-value=\"{&quot;1&quot;:2,&quot;2&quot;:&quot;DE Gebrauchsanweisung Starter Set Ernteameisen (PDF 2,50 MB)&quot;}\" data-sheets-userformat=\"{&quot;2&quot;:513,&quot;3&quot;:{&quot;1&quot;:0},&quot;12&quot;:0}\" data-sheets-hyperlink=\"https:\/\/www.antstore.net\/shop\/images\/info\/de\/Gebrauchsanweisung Starter Set Ernteameisen.pdf\" data-sheets-hyperlinkruns=\"{&quot;1&quot;:3,&quot;2&quot;:&quot;https:\/\/www.antstore.net\/shop\/images\/info\/de\/Gebrauchsanweisung Starter Set Ernteameisen.pdf&quot;}\uee10{&quot;1&quot;:46}\"><a class=\"in-cell-link\" href=\"https:\/\/www.antstore.net\/shop\/images\/info\/de\/Gebrauchsanweisung Starter Set Ernteameisen.pdf\" target=\"_blank\" rel=\"noopener\">- DE <\/a><a class=\"in-cell-link\" href=\"https:\/\/www.antstore.net\/shop\/images\/info\/de\/Gebrauchsanweisung Starter Set Ernteameisen.pdf\" target=\"_blank\" rel=\"noopener\">Gebrauchsanweisung Ba\u015flang\u0131\u00e7 Seti Ernteameisen<\/a><a class=\"in-cell-link\" href=\"https:\/\/www.antstore.net\/shop\/images\/info\/de\/Gebrauchsanweisung Starter Set Ernteameisen.pdf\" target=\"_blank\" rel=\"noopener\"> (PDF 2,50 MB)<\/a><\/span><br \/>\n<a href=\"https:\/\/www.antstore.net\/shop\/images\/info\/en\/Instructions%20for%20use%20-%20Starter%20Set%20for%20Harvester%20Ants.pdf\">- TR Kullan\u0131m Talimatlar\u0131 - Bi\u00e7erd\u00f6ver Kar\u0131ncalar\u0131 i\u00e7in Ba\u015flang\u0131\u00e7 Seti (PDF 2,50 MB)<\/a><br \/>\n<a href=\"https:\/\/www.antstore.net\/shop\/images\/info\/es\/Manual%20de%20instrucciones%20-%20Set%20de%20inicio%20para%20las%20hormigas%20de%20la%20cosecha%20_%20messor.pdf\">- ES Manual de instrucciones - Set de inicio para las hormigas de la cosecha _ messor (PDF 2,50 MB)<\/a><br \/>\n<a href=\"https:\/\/www.antstore.net\/shop\/images\/info\/fr\/Manuel%20d'instruction%20-%20Kit%20de%20d%C3%A9marrage%20pour%20les%20fourmis%20moissonneuses_%20Messor.pdf\">- FR Manuel d'instruction - Kit de d\u00e9marrage pour les fourmis moissonneuses_ Messor (PDF 2,50 MB)<\/a><\/p>\n<p><strong>Kriket Re\u00e7eli \u00dczerine Notlar:<\/strong><br \/>\nC\u0131rc\u0131r B\u00f6ce\u011fi Re\u00e7elimiz, canl\u0131 b\u00f6cek beslemek zorunda kalmadan kar\u0131ncalar\u0131n\u0131za taze korunmu\u015f proteinli g\u0131da sa\u011flaman\u0131n kolay bir yoludur. \u0130\u00e7erdi\u011fi c\u0131rc\u0131r b\u00f6cekleri (Acheta domesticus) besin de\u011ferlerinin, tat ve aroman\u0131n korunmas\u0131n\u0131 sa\u011flamak i\u00e7in nazik\u00e7e pi\u015firilmi\u015ftir. Ayr\u0131ca b\u00f6ceklerin kitinli kabu\u011fu da bu \u015fekilde yumu\u015fat\u0131larak daha kolay sindirilmesi sa\u011flanm\u0131\u015ft\u0131r. Kolajen proteinlerinin ba\u011flar\u0131 k\u0131r\u0131larak kar\u0131ncalar\u0131n bunlardan daha iyi faydalanmas\u0131 sa\u011flan\u0131r. Konserve Acheta domesticus canl\u0131 c\u0131rc\u0131r b\u00f6ce\u011fi ile ayn\u0131 besin de\u011ferine sahiptir, ancak sindirimi daha kolayd\u0131r.<\/p>\n<p>Cricket Jam, canl\u0131 yiyecek gerektiren kar\u0131nca t\u00fcrlerini avlamak i\u00e7in uygun de\u011fildir (\u00f6rne\u011fin Harpegnathos veya Odontomachus gibi ponerinler (b\u00fcy\u00fck kar\u0131ncalar))<\/p>\n<p><strong>Daha fazla avantaj:<\/strong><br \/>\nAkar i\u00e7ermeme garantisi<br \/>\nPorsiyonlanabilir ve su ile seyreltilebilir<br \/>\nSterilize edilmi\u015f ve vakumlu paketlenmi\u015f<br \/>\nKatk\u0131 maddesi olmadan<br \/>\nOrganik at\u0131klarla beslenen, s\u00fcrd\u00fcr\u00fclebilir, tamamen organik yeti\u015ftiricilikten elde edilen c\u0131rc\u0131r b\u00f6cekleri<\/p>\n<p><strong>Not:<\/strong><br \/>\nA\u00e7\u0131ld\u0131ktan sonra yakla\u015f\u0131k d\u00f6rt g\u00fcn buzdolab\u0131nda saklanabilir. Dondurulursa daha uzun raf \u00f6mr\u00fc.<br \/>\n<strong>Dikkat:<\/strong> \u00d6nce porsiyonlay\u0131n, sonra dondurun.<\/p>","protected":false},"excerpt":{"rendered":"<p>Set 39 par\u00e7adan olu\u015fmaktad\u0131r<br \/>\nBeden: M<\/p>","protected":false},"featured_media":7113,"comment_status":"open","ping_status":"closed","template":"","meta":{"_acf_changed":false,"content-type":"","_monsterinsights_skip_tracking":false,"_monsterinsights_sitenote_active":false,"_monsterinsights_sitenote_note":"","_monsterinsights_sitenote_category":0},"product_brand":[],"product_cat":[355,353,73],"product_tag":[],"class_list":{"0":"post-5347","1":"product","2":"type-product","3":"status-publish","4":"has-post-thumbnail","6":"product_cat-bundle-offers","7":"product_cat-starter-sets-for-harvester-ants","8":"product_cat-starter-sets","10":"first","11":"instock","12":"taxable","13":"shipping-taxable","14":"purchasable","15":"product-type-simple"},"acf":[],"aioseo_notices":[],"jetpack_sharing_enabled":true,"_links":{"self":[{"href":"https:\/\/antcube.shop\/tr\/wp-json\/wp\/v2\/product\/5347","targetHints":{"allow":["GET"]}}],"collection":[{"href":"https:\/\/antcube.shop\/tr\/wp-json\/wp\/v2\/product"}],"about":[{"href":"https:\/\/antcube.shop\/tr\/wp-json\/wp\/v2\/types\/product"}],"replies":[{"embeddable":true,"href":"https:\/\/antcube.shop\/tr\/wp-json\/wp\/v2\/comments?post=5347"}],"wp:featuredmedia":[{"embeddable":true,"href":"https:\/\/antcube.shop\/tr\/wp-json\/wp\/v2\/media\/7113"}],"wp:attachment":[{"href":"https:\/\/antcube.shop\/tr\/wp-json\/wp\/v2\/media?parent=5347"}],"wp:term":[{"taxonomy":"product_brand","embeddable":true,"href":"https:\/\/antcube.shop\/tr\/wp-json\/wp\/v2\/product_brand?post=5347"},{"taxonomy":"product_cat","embeddable":true,"href":"https:\/\/antcube.shop\/tr\/wp-json\/wp\/v2\/product_cat?post=5347"},{"taxonomy":"product_tag","embeddable":true,"href":"https:\/\/antcube.shop\/tr\/wp-json\/wp\/v2\/product_tag?post=5347"}],"curies":[{"name":"wp","href":"https:\/\/api.w.org\/{rel}","templated":true}]}}