{"id":4873,"date":"2022-12-07T14:03:10","date_gmt":"2022-12-07T13:03:10","guid":{"rendered":"https:\/\/antcube.shop\/produkt\/combi-balkon\/"},"modified":"2026-04-20T09:57:29","modified_gmt":"2026-04-20T07:57:29","slug":"kombi-balkon","status":"publish","type":"product","link":"https:\/\/antcube.shop\/tr\/urun\/kombi-balkon\/","title":{"rendered":"Kombi - Balkon"},"content":{"rendered":"<p style=\"margin-bottom: 0cm;\"><strong>Boyutlar:<\/strong> 19x6x8 cm<\/p>\n<p><strong>Malzeme:<\/strong> PMMA<\/p>\n<p><strong>Renk:<\/strong> kristal berrakl\u0131\u011f\u0131nda, \u015feffaf, yar\u0131 saydam<\/p>\n<p><strong>\u0130\u00e7indekiler:<\/strong><br \/>\n1x taban plakas\u0131<br \/>\n2x tutucu braket<br \/>\n1x dar rampa (k\u00fc\u00e7\u00fck kar\u0131ncalar i\u00e7in)<br \/>\n1x rampa geni\u015fli\u011fi (b\u00fcy\u00fck kar\u0131ncalar i\u00e7in)<\/p>\n<p><strong>Not:<\/strong> Par\u00e7alar bir kit veya tak\u0131labilir sistem olarak tedarik edilir. Yap\u0131\u015ft\u0131rmaya gerek yoktur.<\/p>\n<p><strong>Ba\u011flant\u0131:<\/strong><br \/>\nS, M, L 20x20x20 cm boyutlar\u0131ndaki t\u00fcm Combi arenalara tak\u0131labilir.<\/p>\n<p><strong>A\u00e7\u0131klama:<\/strong> Kombi Balkon basit\u00e7e mevcut Arena Kombi'ye ba\u011flan\u0131r. Balkon bir arena uzant\u0131s\u0131 g\u00f6revi g\u00f6r\u00fcr ve kar\u0131ncalar\u0131n arenan\u0131n \u00fcst yuva alan\u0131ndan yukar\u0131 veya a\u015fa\u011f\u0131 t\u0131rmanmas\u0131n\u0131 kolayla\u015ft\u0131r\u0131r. Lasius niger gibi k\u00fc\u00e7\u00fck kar\u0131nca t\u00fcrleri i\u00e7in dar bir t\u0131rmanma yard\u0131m\u0131 ve Camponotus gibi t\u00fcrler i\u00e7in daha geni\u015f bir t\u0131rmanma yard\u0131m\u0131 vard\u0131r. Y\u00fckseltilmi\u015f platform, kaseler veya suluklar yerle\u015ftirmek i\u00e7in bir beslenme alan\u0131 olarak kullan\u0131labilir. \u00dcst a\u00e7\u0131kl\u0131\u011fa yak\u0131nl\u0131\u011f\u0131 nedeniyle bak\u0131m ve onar\u0131m \u00e7al\u0131\u015fmalar\u0131n\u0131 kolayla\u015ft\u0131r\u0131r ve alt tabakay\u0131 yiyecek kal\u0131nt\u0131lar\u0131ndan uzak tutar. \u015eeffaf malzeme sayesinde Combi Balkon, yuva alan\u0131n\u0131n g\u00f6r\u00fcnt\u00fcs\u00fcn\u00fc engellemeden Combi Arena'ya m\u00fckemmel uyum sa\u011flar ve temizlenmesi de kolayd\u0131r.<\/p>\n<p style=\"margin-bottom: 0cm;\">","protected":false},"excerpt":{"rendered":"<p>Boyutlar: 19x6x8 cm Malzeme: PMMA Renk: kristal berrakl\u0131\u011f\u0131nda, \u015feffaf, yar\u0131 saydam \u0130\u00e7indekiler: 1x taban plakas\u0131 2x tutucu braket 1x rampa dar (k\u00fc\u00e7\u00fck kar\u0131ncalar i\u00e7in) 1x rampa geni\u015f (b\u00fcy\u00fck kar\u0131ncalar i\u00e7in) Not: Par\u00e7alar bir kit veya eklenti sistemi olarak tedarik edilir. Yap\u0131\u015ft\u0131rmaya gerek yoktur. Ba\u011flant\u0131: 20x20x20 cm boyutlar\u0131ndaki t\u00fcm Combi arenalara tak\u0131labilir.","protected":false},"featured_media":4875,"comment_status":"open","ping_status":"closed","template":"","meta":{"_acf_changed":false,"content-type":"","_monsterinsights_skip_tracking":false,"_monsterinsights_sitenote_active":false,"_monsterinsights_sitenote_note":"","_monsterinsights_sitenote_category":0},"product_brand":[],"product_cat":[239],"product_tag":[],"class_list":{"0":"post-4873","1":"product","2":"type-product","3":"status-publish","4":"has-post-thumbnail","6":"product_cat-useful-additions","8":"first","9":"instock","10":"taxable","11":"shipping-taxable","12":"purchasable","13":"product-type-simple"},"acf":[],"aioseo_notices":[],"jetpack_sharing_enabled":true,"_links":{"self":[{"href":"https:\/\/antcube.shop\/tr\/wp-json\/wp\/v2\/product\/4873","targetHints":{"allow":["GET"]}}],"collection":[{"href":"https:\/\/antcube.shop\/tr\/wp-json\/wp\/v2\/product"}],"about":[{"href":"https:\/\/antcube.shop\/tr\/wp-json\/wp\/v2\/types\/product"}],"replies":[{"embeddable":true,"href":"https:\/\/antcube.shop\/tr\/wp-json\/wp\/v2\/comments?post=4873"}],"wp:featuredmedia":[{"embeddable":true,"href":"https:\/\/antcube.shop\/tr\/wp-json\/wp\/v2\/media\/4875"}],"wp:attachment":[{"href":"https:\/\/antcube.shop\/tr\/wp-json\/wp\/v2\/media?parent=4873"}],"wp:term":[{"taxonomy":"product_brand","embeddable":true,"href":"https:\/\/antcube.shop\/tr\/wp-json\/wp\/v2\/product_brand?post=4873"},{"taxonomy":"product_cat","embeddable":true,"href":"https:\/\/antcube.shop\/tr\/wp-json\/wp\/v2\/product_cat?post=4873"},{"taxonomy":"product_tag","embeddable":true,"href":"https:\/\/antcube.shop\/tr\/wp-json\/wp\/v2\/product_tag?post=4873"}],"curies":[{"name":"wp","href":"https:\/\/api.w.org\/{rel}","templated":true}]}}