{"id":4747,"date":"2022-11-14T15:08:27","date_gmt":"2022-11-14T14:08:27","guid":{"rendered":"https:\/\/antcube.shop\/produkt\/beckenverbinder-3-4-beidseitig-fur-bohrung-27-mm\/"},"modified":"2026-03-31T12:29:29","modified_gmt":"2026-03-31T10:29:29","slug":"havza-baglayici-delik-27-mm-icin","status":"publish","type":"product","link":"https:\/\/antcube.shop\/tr\/urun\/havza-baglayici-delik-27-mm-icin\/","title":{"rendered":"Lavabo ba\u011flant\u0131s\u0131 3\/4\u2033 - 27 mm delik i\u00e7in her iki taraf"},"content":{"rendered":"<p><strong>Boyutlar:<\/strong> 27 mm delik i\u00e7in<\/p>\n<p><strong>\u0130\u00e7erik:<\/strong> 1x vida adapt\u00f6r\u00fc (<strong>D\u0130KKAT<\/strong>: Di\u015fli somunlar dahil de\u011fildir, \"\u0130lgili \u00dcr\u00fcnler\" b\u00f6l\u00fcm\u00fcne bak\u0131n\u0131z).<\/p>\n<p><strong>A\u00e7\u0131klama:<\/strong> Bu lavabo ba\u011flant\u0131s\u0131 ile iki lavabo veya XL boyutunda iki \u00e7iftlik birbirine ba\u011flanabilir. Delikler, ba\u011flamak istedi\u011finiz le\u011fenlerde ayn\u0131 y\u00fckseklikte olmal\u0131d\u0131r. Konekt\u00f6r, deliklerin her birine yerle\u015ftirilir ve ayr\u0131 olarak temin edilebilen bir kilit somunu ile vidalan\u0131r. Bu, ba\u011flant\u0131n\u0131n kopmaya kar\u015f\u0131 dayan\u0131kl\u0131 olmas\u0131n\u0131 ve havzalar\u0131 ta\u015f\u0131rken de g\u00fcvenli bir \u015fekilde durmas\u0131n\u0131 sa\u011flar.<\/p>\n<p>&nbsp;<\/p>","protected":false},"excerpt":{"rendered":"<p>Boyutlar: 27 mm delik i\u00e7in \u0130\u00e7erik: 1x vida adapt\u00f6r\u00fc (D\u0130KKAT: Di\u015fli somunlar dahil de\u011fildir, \"\u0130lgili \u00dcr\u00fcnler\" b\u00f6l\u00fcm\u00fcne bak\u0131n). A\u00e7\u0131klama: Bu lavabo ba\u011flant\u0131s\u0131 ile iki lavabo veya XL boyutunda iki \u00e7iftlik birbirine ba\u011flanabilir. Ba\u011flamak istedi\u011finiz le\u011fenlerde delikler ayn\u0131 y\u00fckseklikte olmal\u0131d\u0131r. Bu","protected":false},"featured_media":4755,"comment_status":"open","ping_status":"closed","template":"","meta":{"_acf_changed":false,"content-type":"","_monsterinsights_skip_tracking":false,"_monsterinsights_sitenote_active":false,"_monsterinsights_sitenote_note":"","_monsterinsights_sitenote_category":0},"product_brand":[],"product_cat":[121],"product_tag":[],"class_list":{"0":"post-4747","1":"product","2":"type-product","3":"status-publish","4":"has-post-thumbnail","6":"product_cat-connectors","8":"first","9":"instock","10":"taxable","11":"shipping-taxable","12":"purchasable","13":"product-type-simple"},"acf":[],"aioseo_notices":[],"jetpack_sharing_enabled":true,"_links":{"self":[{"href":"https:\/\/antcube.shop\/tr\/wp-json\/wp\/v2\/product\/4747","targetHints":{"allow":["GET"]}}],"collection":[{"href":"https:\/\/antcube.shop\/tr\/wp-json\/wp\/v2\/product"}],"about":[{"href":"https:\/\/antcube.shop\/tr\/wp-json\/wp\/v2\/types\/product"}],"replies":[{"embeddable":true,"href":"https:\/\/antcube.shop\/tr\/wp-json\/wp\/v2\/comments?post=4747"}],"wp:featuredmedia":[{"embeddable":true,"href":"https:\/\/antcube.shop\/tr\/wp-json\/wp\/v2\/media\/4755"}],"wp:attachment":[{"href":"https:\/\/antcube.shop\/tr\/wp-json\/wp\/v2\/media?parent=4747"}],"wp:term":[{"taxonomy":"product_brand","embeddable":true,"href":"https:\/\/antcube.shop\/tr\/wp-json\/wp\/v2\/product_brand?post=4747"},{"taxonomy":"product_cat","embeddable":true,"href":"https:\/\/antcube.shop\/tr\/wp-json\/wp\/v2\/product_cat?post=4747"},{"taxonomy":"product_tag","embeddable":true,"href":"https:\/\/antcube.shop\/tr\/wp-json\/wp\/v2\/product_tag?post=4747"}],"curies":[{"name":"wp","href":"https:\/\/api.w.org\/{rel}","templated":true}]}}