{"id":4740,"date":"2022-11-14T15:06:17","date_gmt":"2022-11-14T14:06:17","guid":{"rendered":"https:\/\/antcube.shop\/produkt\/klemmhalter-federstahl-fur-20mm\/"},"modified":"2026-03-24T10:55:07","modified_gmt":"2026-03-24T09:55:07","slug":"kelepce-tutucu-yay-celik-20mm-icin","status":"publish","type":"product","link":"https:\/\/antcube.shop\/tr\/urun\/kelepce-tutucu-yay-celik-20mm-icin\/","title":{"rendered":"Kelep\u00e7e tutucu - 20 mm i\u00e7in yay \u00e7eli\u011fi"},"content":{"rendered":"<p><strong>Boyutlar:<\/strong> 1,9\u00d71,0x2,6 cm<\/p>\n<p><strong>Malzeme:<\/strong> yay \u00e7eli\u011fi<\/p>\n<p><strong>Renk:<\/strong> \u00e7elik grisi<\/p>\n<p><strong>\u0130\u00e7erik:<\/strong> 1 adet<\/p>\n<p><strong>A\u00e7\u0131klama:<\/strong><br \/>\nT\u00fcpler ve hortumlar i\u00e7in vidal\u0131 kelep\u00e7e tutucu. 50 mm t\u00fcpler\/hortumlar i\u00e7in uygundur. Vida deli\u011fi 3,5 mm \u00e7ap\u0131ndad\u0131r.<br \/>\n(Vidalar dahil de\u011fildir)<\/p>","protected":false},"excerpt":{"rendered":"<p><span style=\"color: #000000;\">\u00d8 20 mm<\/span><\/p>","protected":false},"featured_media":4784,"comment_status":"open","ping_status":"closed","template":"","meta":{"_acf_changed":false,"content-type":"","_monsterinsights_skip_tracking":false,"_monsterinsights_sitenote_active":false,"_monsterinsights_sitenote_note":"","_monsterinsights_sitenote_category":0},"product_brand":[],"product_cat":[120],"product_tag":[],"class_list":{"0":"post-4740","1":"product","2":"type-product","3":"status-publish","4":"has-post-thumbnail","6":"product_cat-hoses","8":"first","9":"instock","10":"taxable","11":"shipping-taxable","12":"purchasable","13":"product-type-simple"},"acf":[],"aioseo_notices":[],"jetpack_sharing_enabled":true,"_links":{"self":[{"href":"https:\/\/antcube.shop\/tr\/wp-json\/wp\/v2\/product\/4740","targetHints":{"allow":["GET"]}}],"collection":[{"href":"https:\/\/antcube.shop\/tr\/wp-json\/wp\/v2\/product"}],"about":[{"href":"https:\/\/antcube.shop\/tr\/wp-json\/wp\/v2\/types\/product"}],"replies":[{"embeddable":true,"href":"https:\/\/antcube.shop\/tr\/wp-json\/wp\/v2\/comments?post=4740"}],"wp:featuredmedia":[{"embeddable":true,"href":"https:\/\/antcube.shop\/tr\/wp-json\/wp\/v2\/media\/4784"}],"wp:attachment":[{"href":"https:\/\/antcube.shop\/tr\/wp-json\/wp\/v2\/media?parent=4740"}],"wp:term":[{"taxonomy":"product_brand","embeddable":true,"href":"https:\/\/antcube.shop\/tr\/wp-json\/wp\/v2\/product_brand?post=4740"},{"taxonomy":"product_cat","embeddable":true,"href":"https:\/\/antcube.shop\/tr\/wp-json\/wp\/v2\/product_cat?post=4740"},{"taxonomy":"product_tag","embeddable":true,"href":"https:\/\/antcube.shop\/tr\/wp-json\/wp\/v2\/product_tag?post=4740"}],"curies":[{"name":"wp","href":"https:\/\/api.w.org\/{rel}","templated":true}]}}