{"id":4738,"date":"2022-11-14T15:05:46","date_gmt":"2022-11-14T14:05:46","guid":{"rendered":"https:\/\/antcube.shop\/produkt\/formicariendichtung-3-4-zoll-transparent\/"},"modified":"2026-04-08T08:47:40","modified_gmt":"2026-04-08T06:47:40","slug":"formicarium-seal-3-4-inc-seffaf","status":"publish","type":"product","link":"https:\/\/antcube.shop\/tr\/urun\/formicarium-seal-3-4-inc-seffaf\/","title":{"rendered":"Formikaryum contas\u0131 3\/4 in\u00e7 - \u015feffaf"},"content":{"rendered":"<p><strong>\u0130\u00e7erik:<\/strong> 1x s\u0131zd\u0131rmazl\u0131k halkas\u0131<\/p>\n<p><strong>Renk:<\/strong> \u015feffaf, s\u00fctl\u00fc<\/p>\n<p><strong>Malzeme:<\/strong> PE plastik<\/p>\n<p><strong>A\u00e7\u0131klama:<\/strong> Bu s\u0131zd\u0131rmazl\u0131k halkas\u0131 ile, \u00f6rne\u011fin e\u015fle\u015fen vida ba\u011flant\u0131lar\u0131 (3\/4\u2033) daha iyi ve daha s\u0131k\u0131 vidalanabilir.<br \/>\nCam veya akrili\u011fi \u00e7izilmelere kar\u015f\u0131 korursunuz.<\/p>\n<p>&nbsp;<\/p>","protected":false},"excerpt":{"rendered":"<p>\u0130\u00e7erik: 1x s\u0131zd\u0131rmazl\u0131k halkas\u0131 Renk: \u015feffaf, s\u00fctl\u00fc Malzeme: PE plastik A\u00e7\u0131klama: Bu s\u0131zd\u0131rmazl\u0131k halkas\u0131 ile, \u00f6rne\u011fin e\u015fle\u015fen vida ba\u011flant\u0131lar\u0131 (3\/4 \u2033) daha iyi ve daha s\u0131k\u0131 vidalanabilir. Bununla cam veya akrili\u011fi \u00e7izilmelere kar\u015f\u0131 korursunuz. &nbsp;<\/p>","protected":false},"featured_media":4787,"comment_status":"open","ping_status":"closed","template":"","meta":{"_acf_changed":false,"content-type":"","_monsterinsights_skip_tracking":false,"_monsterinsights_sitenote_active":false,"_monsterinsights_sitenote_note":"","_monsterinsights_sitenote_category":0},"product_brand":[],"product_cat":[121],"product_tag":[],"class_list":{"0":"post-4738","1":"product","2":"type-product","3":"status-publish","4":"has-post-thumbnail","6":"product_cat-connectors","8":"first","9":"instock","10":"taxable","11":"shipping-taxable","12":"purchasable","13":"product-type-simple"},"acf":[],"aioseo_notices":[],"jetpack_sharing_enabled":true,"_links":{"self":[{"href":"https:\/\/antcube.shop\/tr\/wp-json\/wp\/v2\/product\/4738","targetHints":{"allow":["GET"]}}],"collection":[{"href":"https:\/\/antcube.shop\/tr\/wp-json\/wp\/v2\/product"}],"about":[{"href":"https:\/\/antcube.shop\/tr\/wp-json\/wp\/v2\/types\/product"}],"replies":[{"embeddable":true,"href":"https:\/\/antcube.shop\/tr\/wp-json\/wp\/v2\/comments?post=4738"}],"wp:featuredmedia":[{"embeddable":true,"href":"https:\/\/antcube.shop\/tr\/wp-json\/wp\/v2\/media\/4787"}],"wp:attachment":[{"href":"https:\/\/antcube.shop\/tr\/wp-json\/wp\/v2\/media?parent=4738"}],"wp:term":[{"taxonomy":"product_brand","embeddable":true,"href":"https:\/\/antcube.shop\/tr\/wp-json\/wp\/v2\/product_brand?post=4738"},{"taxonomy":"product_cat","embeddable":true,"href":"https:\/\/antcube.shop\/tr\/wp-json\/wp\/v2\/product_cat?post=4738"},{"taxonomy":"product_tag","embeddable":true,"href":"https:\/\/antcube.shop\/tr\/wp-json\/wp\/v2\/product_tag?post=4738"}],"curies":[{"name":"wp","href":"https:\/\/api.w.org\/{rel}","templated":true}]}}